{"id":2657,"date":"2022-05-02T18:38:47","date_gmt":"2022-05-02T18:38:47","guid":{"rendered":"https:\/\/decorstone.md\/product\/chisinau-cd-0800\/"},"modified":"2025-09-03T17:47:50","modified_gmt":"2025-09-03T14:47:50","slug":"chisinau","status":"publish","type":"product","link":"https:\/\/decorstone.md\/en\/product\/chisinau\/","title":{"rendered":"Kishinev"},"content":{"rendered":"<p style=\"text-align: justify;\">We could not provide another name for that decorative brick pattern. It is called &quot;Chisinau&quot; because it was created according to the model of the bricks from which most of the architectural monuments of the century were built in the capital. XIX-XX. At that time, almost all constructions were built of brick, the supply even exceeding the demand. The historic center of Chisinau boasts edifices from those times, your houses can boast the same look, reproduced by Luxconstruct through the &quot;Chisinau&quot; brick - a talkative and authentic brick.<\/p>","protected":false},"excerpt":{"rendered":"<p><span style=\"font-weight: 400;\">We could not provide another name for that decorative brick pattern. It is called &quot;Chisinau&quot; because it was created according to the model of the bricks from which most of the architectural monuments of the century were built in the capital. XIX-XX. At that time, almost all constructions were built of brick, the supply even exceeding the demand. The historic center of Chisinau boasts edifices from those times, your houses can boast the same look, reproduced by Luxconstruct through the &quot;Chisinau&quot; brick - a talkative and authentic brick.<\/span><\/p>\n<p>&nbsp;<\/p>\n<p><b>Weight 1 m<\/b><b>2<\/b><b>= 36 kg<\/b><\/p>\n<p><b>One box = 0.65 m<\/b><b>2<\/b><\/p>\n<p><b>No. of stones in a m<\/b><b>2\u00a0<\/b><b>= 42 (large), 37 (small)<\/b><\/p>","protected":false},"featured_media":113,"comment_status":"closed","ping_status":"closed","template":"","meta":{"bwfblock_default_font":"","inline_featured_image":false},"product_cat":[22,317],"product_tag":[],"class_list":{"0":"post-2657","1":"product","2":"type-product","3":"status-publish","4":"has-post-thumbnail","6":"product_cat-caramida-decorativa","7":"product_cat-caramida-si-piatra-decorativa","8":"pa_culori-cd-0800","9":"pa_culori-cd-0801","10":"pa_culori-cd-0802","11":"pa_culori-cd-0803","12":"pa_culori-cd-0804","13":"pa_culori-cd-0821","14":"pa_culori-cd-0822","16":"first","17":"instock","18":"purchasable","19":"product-type-variable"},"acf":[],"yoast_head":"<!-- This site is optimized with the Yoast SEO Premium plugin v22.1 (Yoast SEO v22.1) - https:\/\/yoast.com\/wordpress\/plugins\/seo\/ -->\n<title>C\u0103r\u0103mida decorativ\u0103 Chi\u0219in\u0103u \u2013 Calitate premium inspirat\u0103 din arhitectura Chi\u015fin\u0103ului<\/title>\n<meta name=\"description\" content=\"Alege c\u0103r\u0103mida decorativ\u0103 Chi\u0219in\u0103u, inspirat\u0103 din arhitectura istoric\u0103 a capitalei. Crea\u021bi un design autentic \u0219i durabil cu acest model care reflect\u0103 tradi\u021bia \u0219i elegan\u021ba ora\u0219ului. Disponibil \u00een diverse culori.\" \/>\n<meta name=\"robots\" content=\"index, follow, max-snippet:-1, max-image-preview:large, max-video-preview:-1\" \/>\n<link rel=\"canonical\" href=\"https:\/\/decorstone.md\/en\/product\/chisinau\/\" \/>\n<meta property=\"og:locale\" content=\"en_US\" \/>\n<meta property=\"og:type\" content=\"article\" \/>\n<meta property=\"og:title\" content=\"C\u0103r\u0103mida decorativ\u0103 Chi\u0219in\u0103u \u2013 Calitate premium inspirat\u0103 din arhitectura Chi\u015fin\u0103ului\" \/>\n<meta property=\"og:description\" content=\"Alege c\u0103r\u0103mida decorativ\u0103 Chi\u0219in\u0103u, inspirat\u0103 din arhitectura istoric\u0103 a capitalei. Crea\u021bi un design autentic \u0219i durabil cu acest model care reflect\u0103 tradi\u021bia \u0219i elegan\u021ba ora\u0219ului. Disponibil \u00een diverse culori.\" \/>\n<meta property=\"og:url\" content=\"https:\/\/decorstone.md\/en\/product\/chisinau\/\" \/>\n<meta property=\"og:site_name\" content=\"Mobilier urban\" \/>\n<meta property=\"article:publisher\" content=\"https:\/\/www.facebook.com\/DecorStoneMD\/\" \/>\n<meta property=\"article:modified_time\" content=\"2025-09-03T14:47:50+00:00\" \/>\n<meta property=\"og:image\" content=\"https:\/\/decorstone.md\/wp-content\/uploads\/2024\/06\/CHISINAU-CD-0804.jpg\" \/>\n\t<meta property=\"og:image:width\" content=\"800\" \/>\n\t<meta property=\"og:image:height\" content=\"800\" \/>\n\t<meta property=\"og:image:type\" content=\"image\/jpeg\" \/>\n<meta name=\"twitter:card\" content=\"summary_large_image\" \/>\n<meta name=\"twitter:label1\" content=\"Est. reading time\" \/>\n\t<meta name=\"twitter:data1\" content=\"1 minute\" \/>\n<script type=\"application\/ld+json\" class=\"yoast-schema-graph\">{\"@context\":\"https:\/\/schema.org\",\"@graph\":[{\"@type\":\"WebPage\",\"@id\":\"https:\/\/decorstone.md\/product\/chisinau\/\",\"url\":\"https:\/\/decorstone.md\/product\/chisinau\/\",\"name\":\"C\u0103r\u0103mida decorativ\u0103 Chi\u0219in\u0103u \u2013 Calitate premium inspirat\u0103 din arhitectura Chi\u015fin\u0103ului\",\"isPartOf\":{\"@id\":\"https:\/\/decorstone.md\/#website\"},\"datePublished\":\"2022-05-02T18:38:47+00:00\",\"dateModified\":\"2025-09-03T14:47:50+00:00\",\"description\":\"Alege c\u0103r\u0103mida decorativ\u0103 Chi\u0219in\u0103u, inspirat\u0103 din arhitectura istoric\u0103 a capitalei. Crea\u021bi un design autentic \u0219i durabil cu acest model care reflect\u0103 tradi\u021bia \u0219i elegan\u021ba ora\u0219ului. Disponibil \u00een diverse culori.\",\"breadcrumb\":{\"@id\":\"https:\/\/decorstone.md\/product\/chisinau\/#breadcrumb\"},\"inLanguage\":\"en-US\",\"potentialAction\":[{\"@type\":\"ReadAction\",\"target\":[\"https:\/\/decorstone.md\/product\/chisinau\/\"]}]},{\"@type\":\"BreadcrumbList\",\"@id\":\"https:\/\/decorstone.md\/product\/chisinau\/#breadcrumb\",\"itemListElement\":[{\"@type\":\"ListItem\",\"position\":1,\"name\":\"Produse\",\"item\":\"https:\/\/decorstone.md\/produse\/\"},{\"@type\":\"ListItem\",\"position\":2,\"name\":\"CHI\u015eIN\u0102U\"}]},{\"@type\":\"WebSite\",\"@id\":\"https:\/\/decorstone.md\/#website\",\"url\":\"https:\/\/decorstone.md\/\",\"name\":\"DecorStone - Mobilier Urban \u0219i Pavaje\",\"description\":\"Decorstone\",\"publisher\":{\"@id\":\"https:\/\/decorstone.md\/#organization\"},\"potentialAction\":[{\"@type\":\"SearchAction\",\"target\":{\"@type\":\"EntryPoint\",\"urlTemplate\":\"https:\/\/decorstone.md\/?s={search_term_string}\"},\"query-input\":\"required name=search_term_string\"}],\"inLanguage\":\"en-US\"},{\"@type\":\"Organization\",\"@id\":\"https:\/\/decorstone.md\/#organization\",\"name\":\"DecorStone\",\"url\":\"https:\/\/decorstone.md\/\",\"logo\":{\"@type\":\"ImageObject\",\"inLanguage\":\"en-US\",\"@id\":\"https:\/\/decorstone.md\/#\/schema\/logo\/image\/\",\"url\":\"https:\/\/decorstone.md\/wp-content\/uploads\/2025\/01\/Design-fara-titlu.png\",\"contentUrl\":\"https:\/\/decorstone.md\/wp-content\/uploads\/2025\/01\/Design-fara-titlu.png\",\"width\":2295,\"height\":2295,\"caption\":\"DecorStone\"},\"image\":{\"@id\":\"https:\/\/decorstone.md\/#\/schema\/logo\/image\/\"},\"sameAs\":[\"https:\/\/www.facebook.com\/DecorStoneMD\/\",\"https:\/\/www.instagram.com\/decorstonemd\/\"]}]}<\/script>\n<!-- \/ Yoast SEO Premium plugin. -->","yoast_head_json":{"title":"C\u0103r\u0103mida decorativ\u0103 Chi\u0219in\u0103u \u2013 Calitate premium inspirat\u0103 din arhitectura Chi\u015fin\u0103ului","description":"Alege c\u0103r\u0103mida decorativ\u0103 Chi\u0219in\u0103u, inspirat\u0103 din arhitectura istoric\u0103 a capitalei. Crea\u021bi un design autentic \u0219i durabil cu acest model care reflect\u0103 tradi\u021bia \u0219i elegan\u021ba ora\u0219ului. Disponibil \u00een diverse culori.","robots":{"index":"index","follow":"follow","max-snippet":"max-snippet:-1","max-image-preview":"max-image-preview:large","max-video-preview":"max-video-preview:-1"},"canonical":"https:\/\/decorstone.md\/en\/product\/chisinau\/","og_locale":"en_US","og_type":"article","og_title":"C\u0103r\u0103mida decorativ\u0103 Chi\u0219in\u0103u \u2013 Calitate premium inspirat\u0103 din arhitectura Chi\u015fin\u0103ului","og_description":"Alege c\u0103r\u0103mida decorativ\u0103 Chi\u0219in\u0103u, inspirat\u0103 din arhitectura istoric\u0103 a capitalei. Crea\u021bi un design autentic \u0219i durabil cu acest model care reflect\u0103 tradi\u021bia \u0219i elegan\u021ba ora\u0219ului. Disponibil \u00een diverse culori.","og_url":"https:\/\/decorstone.md\/en\/product\/chisinau\/","og_site_name":"Mobilier urban","article_publisher":"https:\/\/www.facebook.com\/DecorStoneMD\/","article_modified_time":"2025-09-03T14:47:50+00:00","og_image":[{"width":800,"height":800,"url":"https:\/\/decorstone.md\/wp-content\/uploads\/2024\/06\/CHISINAU-CD-0804.jpg","type":"image\/jpeg"}],"twitter_card":"summary_large_image","twitter_misc":{"Est. reading time":"1 minute"},"schema":{"@context":"https:\/\/schema.org","@graph":[{"@type":"WebPage","@id":"https:\/\/decorstone.md\/product\/chisinau\/","url":"https:\/\/decorstone.md\/product\/chisinau\/","name":"C\u0103r\u0103mida decorativ\u0103 Chi\u0219in\u0103u \u2013 Calitate premium inspirat\u0103 din arhitectura Chi\u015fin\u0103ului","isPartOf":{"@id":"https:\/\/decorstone.md\/#website"},"datePublished":"2022-05-02T18:38:47+00:00","dateModified":"2025-09-03T14:47:50+00:00","description":"Alege c\u0103r\u0103mida decorativ\u0103 Chi\u0219in\u0103u, inspirat\u0103 din arhitectura istoric\u0103 a capitalei. Crea\u021bi un design autentic \u0219i durabil cu acest model care reflect\u0103 tradi\u021bia \u0219i elegan\u021ba ora\u0219ului. Disponibil \u00een diverse culori.","breadcrumb":{"@id":"https:\/\/decorstone.md\/product\/chisinau\/#breadcrumb"},"inLanguage":"en-US","potentialAction":[{"@type":"ReadAction","target":["https:\/\/decorstone.md\/product\/chisinau\/"]}]},{"@type":"BreadcrumbList","@id":"https:\/\/decorstone.md\/product\/chisinau\/#breadcrumb","itemListElement":[{"@type":"ListItem","position":1,"name":"Produse","item":"https:\/\/decorstone.md\/produse\/"},{"@type":"ListItem","position":2,"name":"CHI\u015eIN\u0102U"}]},{"@type":"WebSite","@id":"https:\/\/decorstone.md\/#website","url":"https:\/\/decorstone.md\/","name":"DecorStone - Mobilier Urban \u0219i Pavaje","description":"Decorstone","publisher":{"@id":"https:\/\/decorstone.md\/#organization"},"potentialAction":[{"@type":"SearchAction","target":{"@type":"EntryPoint","urlTemplate":"https:\/\/decorstone.md\/?s={search_term_string}"},"query-input":"required name=search_term_string"}],"inLanguage":"en-US"},{"@type":"Organization","@id":"https:\/\/decorstone.md\/#organization","name":"DecorStone","url":"https:\/\/decorstone.md\/","logo":{"@type":"ImageObject","inLanguage":"en-US","@id":"https:\/\/decorstone.md\/#\/schema\/logo\/image\/","url":"https:\/\/decorstone.md\/wp-content\/uploads\/2025\/01\/Design-fara-titlu.png","contentUrl":"https:\/\/decorstone.md\/wp-content\/uploads\/2025\/01\/Design-fara-titlu.png","width":2295,"height":2295,"caption":"DecorStone"},"image":{"@id":"https:\/\/decorstone.md\/#\/schema\/logo\/image\/"},"sameAs":["https:\/\/www.facebook.com\/DecorStoneMD\/","https:\/\/www.instagram.com\/decorstonemd\/"]}]}},"_links":{"self":[{"href":"https:\/\/decorstone.md\/en\/wp-json\/wp\/v2\/product\/2657"}],"collection":[{"href":"https:\/\/decorstone.md\/en\/wp-json\/wp\/v2\/product"}],"about":[{"href":"https:\/\/decorstone.md\/en\/wp-json\/wp\/v2\/types\/product"}],"replies":[{"embeddable":true,"href":"https:\/\/decorstone.md\/en\/wp-json\/wp\/v2\/comments?post=2657"}],"wp:featuredmedia":[{"embeddable":true,"href":"https:\/\/decorstone.md\/en\/wp-json\/wp\/v2\/media\/113"}],"wp:attachment":[{"href":"https:\/\/decorstone.md\/en\/wp-json\/wp\/v2\/media?parent=2657"}],"wp:term":[{"taxonomy":"product_cat","embeddable":true,"href":"https:\/\/decorstone.md\/en\/wp-json\/wp\/v2\/product_cat?post=2657"},{"taxonomy":"product_tag","embeddable":true,"href":"https:\/\/decorstone.md\/en\/wp-json\/wp\/v2\/product_tag?post=2657"}],"curies":[{"name":"wp","href":"https:\/\/api.w.org\/{rel}","templated":true}]}}