{"id":2666,"date":"2022-05-02T18:38:49","date_gmt":"2022-05-02T18:38:49","guid":{"rendered":"https:\/\/decorstone.md\/product\/dacia-cd-0400\/"},"modified":"2025-09-03T12:10:02","modified_gmt":"2025-09-03T09:10:02","slug":"dacia","status":"publish","type":"product","link":"https:\/\/decorstone.md\/en\/product\/dacia\/","title":{"rendered":"DACIA"},"content":{"rendered":"","protected":false},"excerpt":{"rendered":"<p><span style=\"font-weight: 400;\">&quot;Dacia&quot; is the decorative brick with the finest appearance and the smallest mass, being obtained through automated processes. It is always in great demand among customers, due to its accessibility. You can fit it anywhere, both indoors and outdoors.<\/span><\/p>\n<p>&nbsp;<\/p>\n<p><b>Weight 1 m<\/b><b>2<\/b><b>= 15 kg<\/b><\/p>\n<p><b>One box = 1 m<\/b><b>2\u00a0<\/b><\/p>\n<p><b>No. of stones in a m<\/b><b>2 <\/b><b>= 90<\/b><\/p>","protected":false},"featured_media":4015,"comment_status":"closed","ping_status":"closed","template":"","meta":{"bwfblock_default_font":"","inline_featured_image":false},"product_cat":[22,317],"product_tag":[],"class_list":{"0":"post-2666","1":"product","2":"type-product","3":"status-publish","4":"has-post-thumbnail","6":"product_cat-caramida-decorativa","7":"product_cat-caramida-si-piatra-decorativa","8":"pa_culori-cd-0400","9":"pa_culori-cd-0401","10":"pa_culori-cd-0404","11":"pa_culori-cd-0405","12":"pa_culori-cd-0406","14":"first","15":"instock","16":"purchasable","17":"product-type-variable"},"acf":[],"yoast_head":"<!-- This site is optimized with the Yoast SEO Premium plugin v22.1 (Yoast SEO v22.1) - https:\/\/yoast.com\/wordpress\/plugins\/seo\/ -->\n<title>C\u0103r\u0103mida decorativ\u0103 Dacia \u2013 Estetic\u0103 fin\u0103 \u0219i versatil\u0103 pentru orice spa\u021biu<\/title>\n<meta name=\"description\" content=\"Cump\u0103r\u0103 C\u0103r\u0103mida decorativ\u0103 Dacia, cu un design elegant, perfect\u0103 pentru interior \u0219i exterior. Ob\u021binut\u0103 prin procese automatizate, ideal\u0103 pentru amenaj\u0103ri moderne.\" \/>\n<meta name=\"robots\" content=\"index, follow, max-snippet:-1, max-image-preview:large, max-video-preview:-1\" \/>\n<link rel=\"canonical\" href=\"https:\/\/decorstone.md\/en\/product\/dacia\/\" \/>\n<meta property=\"og:locale\" content=\"en_US\" \/>\n<meta property=\"og:type\" content=\"article\" \/>\n<meta property=\"og:title\" content=\"C\u0103r\u0103mida decorativ\u0103 Dacia \u2013 Estetic\u0103 fin\u0103 \u0219i versatil\u0103 pentru orice spa\u021biu\" \/>\n<meta property=\"og:description\" content=\"Cump\u0103r\u0103 C\u0103r\u0103mida decorativ\u0103 Dacia, cu un design elegant, perfect\u0103 pentru interior \u0219i exterior. Ob\u021binut\u0103 prin procese automatizate, ideal\u0103 pentru amenaj\u0103ri moderne.\" \/>\n<meta property=\"og:url\" content=\"https:\/\/decorstone.md\/en\/product\/dacia\/\" \/>\n<meta property=\"og:site_name\" content=\"Mobilier urban\" \/>\n<meta property=\"article:publisher\" content=\"https:\/\/www.facebook.com\/DecorStoneMD\/\" \/>\n<meta property=\"article:modified_time\" content=\"2025-09-03T09:10:02+00:00\" \/>\n<meta property=\"og:image\" content=\"https:\/\/decorstone.md\/wp-content\/uploads\/2022\/05\/DACIA-CD-0400-scaled-e1726149436829.jpg\" \/>\n\t<meta property=\"og:image:width\" content=\"1070\" \/>\n\t<meta property=\"og:image:height\" content=\"938\" \/>\n\t<meta property=\"og:image:type\" content=\"image\/jpeg\" \/>\n<meta name=\"twitter:card\" content=\"summary_large_image\" \/>\n<meta name=\"twitter:label1\" content=\"Est. reading time\" \/>\n\t<meta name=\"twitter:data1\" content=\"1 minute\" \/>\n<script type=\"application\/ld+json\" class=\"yoast-schema-graph\">{\"@context\":\"https:\/\/schema.org\",\"@graph\":[{\"@type\":\"WebPage\",\"@id\":\"https:\/\/decorstone.md\/product\/dacia\/\",\"url\":\"https:\/\/decorstone.md\/product\/dacia\/\",\"name\":\"C\u0103r\u0103mida decorativ\u0103 Dacia \u2013 Estetic\u0103 fin\u0103 \u0219i versatil\u0103 pentru orice spa\u021biu\",\"isPartOf\":{\"@id\":\"https:\/\/decorstone.md\/#website\"},\"datePublished\":\"2022-05-02T18:38:49+00:00\",\"dateModified\":\"2025-09-03T09:10:02+00:00\",\"description\":\"Cump\u0103r\u0103 C\u0103r\u0103mida decorativ\u0103 Dacia, cu un design elegant, perfect\u0103 pentru interior \u0219i exterior. Ob\u021binut\u0103 prin procese automatizate, ideal\u0103 pentru amenaj\u0103ri moderne.\",\"breadcrumb\":{\"@id\":\"https:\/\/decorstone.md\/product\/dacia\/#breadcrumb\"},\"inLanguage\":\"en-US\",\"potentialAction\":[{\"@type\":\"ReadAction\",\"target\":[\"https:\/\/decorstone.md\/product\/dacia\/\"]}]},{\"@type\":\"BreadcrumbList\",\"@id\":\"https:\/\/decorstone.md\/product\/dacia\/#breadcrumb\",\"itemListElement\":[{\"@type\":\"ListItem\",\"position\":1,\"name\":\"Produse\",\"item\":\"https:\/\/decorstone.md\/produse\/\"},{\"@type\":\"ListItem\",\"position\":2,\"name\":\"DACIA\"}]},{\"@type\":\"WebSite\",\"@id\":\"https:\/\/decorstone.md\/#website\",\"url\":\"https:\/\/decorstone.md\/\",\"name\":\"DecorStone - Mobilier Urban \u0219i Pavaje\",\"description\":\"Decorstone\",\"publisher\":{\"@id\":\"https:\/\/decorstone.md\/#organization\"},\"potentialAction\":[{\"@type\":\"SearchAction\",\"target\":{\"@type\":\"EntryPoint\",\"urlTemplate\":\"https:\/\/decorstone.md\/?s={search_term_string}\"},\"query-input\":\"required name=search_term_string\"}],\"inLanguage\":\"en-US\"},{\"@type\":\"Organization\",\"@id\":\"https:\/\/decorstone.md\/#organization\",\"name\":\"DecorStone\",\"url\":\"https:\/\/decorstone.md\/\",\"logo\":{\"@type\":\"ImageObject\",\"inLanguage\":\"en-US\",\"@id\":\"https:\/\/decorstone.md\/#\/schema\/logo\/image\/\",\"url\":\"https:\/\/decorstone.md\/wp-content\/uploads\/2025\/01\/Design-fara-titlu.png\",\"contentUrl\":\"https:\/\/decorstone.md\/wp-content\/uploads\/2025\/01\/Design-fara-titlu.png\",\"width\":2295,\"height\":2295,\"caption\":\"DecorStone\"},\"image\":{\"@id\":\"https:\/\/decorstone.md\/#\/schema\/logo\/image\/\"},\"sameAs\":[\"https:\/\/www.facebook.com\/DecorStoneMD\/\",\"https:\/\/www.instagram.com\/decorstonemd\/\"]}]}<\/script>\n<!-- \/ Yoast SEO Premium plugin. -->","yoast_head_json":{"title":"C\u0103r\u0103mida decorativ\u0103 Dacia \u2013 Estetic\u0103 fin\u0103 \u0219i versatil\u0103 pentru orice spa\u021biu","description":"Cump\u0103r\u0103 C\u0103r\u0103mida decorativ\u0103 Dacia, cu un design elegant, perfect\u0103 pentru interior \u0219i exterior. Ob\u021binut\u0103 prin procese automatizate, ideal\u0103 pentru amenaj\u0103ri moderne.","robots":{"index":"index","follow":"follow","max-snippet":"max-snippet:-1","max-image-preview":"max-image-preview:large","max-video-preview":"max-video-preview:-1"},"canonical":"https:\/\/decorstone.md\/en\/product\/dacia\/","og_locale":"en_US","og_type":"article","og_title":"C\u0103r\u0103mida decorativ\u0103 Dacia \u2013 Estetic\u0103 fin\u0103 \u0219i versatil\u0103 pentru orice spa\u021biu","og_description":"Cump\u0103r\u0103 C\u0103r\u0103mida decorativ\u0103 Dacia, cu un design elegant, perfect\u0103 pentru interior \u0219i exterior. Ob\u021binut\u0103 prin procese automatizate, ideal\u0103 pentru amenaj\u0103ri moderne.","og_url":"https:\/\/decorstone.md\/en\/product\/dacia\/","og_site_name":"Mobilier urban","article_publisher":"https:\/\/www.facebook.com\/DecorStoneMD\/","article_modified_time":"2025-09-03T09:10:02+00:00","og_image":[{"width":1070,"height":938,"url":"https:\/\/decorstone.md\/wp-content\/uploads\/2022\/05\/DACIA-CD-0400-scaled-e1726149436829.jpg","type":"image\/jpeg"}],"twitter_card":"summary_large_image","twitter_misc":{"Est. reading time":"1 minute"},"schema":{"@context":"https:\/\/schema.org","@graph":[{"@type":"WebPage","@id":"https:\/\/decorstone.md\/product\/dacia\/","url":"https:\/\/decorstone.md\/product\/dacia\/","name":"C\u0103r\u0103mida decorativ\u0103 Dacia \u2013 Estetic\u0103 fin\u0103 \u0219i versatil\u0103 pentru orice spa\u021biu","isPartOf":{"@id":"https:\/\/decorstone.md\/#website"},"datePublished":"2022-05-02T18:38:49+00:00","dateModified":"2025-09-03T09:10:02+00:00","description":"Cump\u0103r\u0103 C\u0103r\u0103mida decorativ\u0103 Dacia, cu un design elegant, perfect\u0103 pentru interior \u0219i exterior. Ob\u021binut\u0103 prin procese automatizate, ideal\u0103 pentru amenaj\u0103ri moderne.","breadcrumb":{"@id":"https:\/\/decorstone.md\/product\/dacia\/#breadcrumb"},"inLanguage":"en-US","potentialAction":[{"@type":"ReadAction","target":["https:\/\/decorstone.md\/product\/dacia\/"]}]},{"@type":"BreadcrumbList","@id":"https:\/\/decorstone.md\/product\/dacia\/#breadcrumb","itemListElement":[{"@type":"ListItem","position":1,"name":"Produse","item":"https:\/\/decorstone.md\/produse\/"},{"@type":"ListItem","position":2,"name":"DACIA"}]},{"@type":"WebSite","@id":"https:\/\/decorstone.md\/#website","url":"https:\/\/decorstone.md\/","name":"DecorStone - Mobilier Urban \u0219i Pavaje","description":"Decorstone","publisher":{"@id":"https:\/\/decorstone.md\/#organization"},"potentialAction":[{"@type":"SearchAction","target":{"@type":"EntryPoint","urlTemplate":"https:\/\/decorstone.md\/?s={search_term_string}"},"query-input":"required name=search_term_string"}],"inLanguage":"en-US"},{"@type":"Organization","@id":"https:\/\/decorstone.md\/#organization","name":"DecorStone","url":"https:\/\/decorstone.md\/","logo":{"@type":"ImageObject","inLanguage":"en-US","@id":"https:\/\/decorstone.md\/#\/schema\/logo\/image\/","url":"https:\/\/decorstone.md\/wp-content\/uploads\/2025\/01\/Design-fara-titlu.png","contentUrl":"https:\/\/decorstone.md\/wp-content\/uploads\/2025\/01\/Design-fara-titlu.png","width":2295,"height":2295,"caption":"DecorStone"},"image":{"@id":"https:\/\/decorstone.md\/#\/schema\/logo\/image\/"},"sameAs":["https:\/\/www.facebook.com\/DecorStoneMD\/","https:\/\/www.instagram.com\/decorstonemd\/"]}]}},"_links":{"self":[{"href":"https:\/\/decorstone.md\/en\/wp-json\/wp\/v2\/product\/2666"}],"collection":[{"href":"https:\/\/decorstone.md\/en\/wp-json\/wp\/v2\/product"}],"about":[{"href":"https:\/\/decorstone.md\/en\/wp-json\/wp\/v2\/types\/product"}],"replies":[{"embeddable":true,"href":"https:\/\/decorstone.md\/en\/wp-json\/wp\/v2\/comments?post=2666"}],"wp:featuredmedia":[{"embeddable":true,"href":"https:\/\/decorstone.md\/en\/wp-json\/wp\/v2\/media\/4015"}],"wp:attachment":[{"href":"https:\/\/decorstone.md\/en\/wp-json\/wp\/v2\/media?parent=2666"}],"wp:term":[{"taxonomy":"product_cat","embeddable":true,"href":"https:\/\/decorstone.md\/en\/wp-json\/wp\/v2\/product_cat?post=2666"},{"taxonomy":"product_tag","embeddable":true,"href":"https:\/\/decorstone.md\/en\/wp-json\/wp\/v2\/product_tag?post=2666"}],"curies":[{"name":"wp","href":"https:\/\/api.w.org\/{rel}","templated":true}]}}