{"id":2671,"date":"2022-05-02T18:38:49","date_gmt":"2022-05-02T18:38:49","guid":{"rendered":"https:\/\/decorstone.md\/product\/kiev-cd-0600\/"},"modified":"2025-09-03T17:50:00","modified_gmt":"2025-09-03T14:50:00","slug":"kiev","status":"publish","type":"product","link":"https:\/\/decorstone.md\/en\/product\/kyiv\/","title":{"rendered":"Kyiv"},"content":{"rendered":"","protected":false},"excerpt":{"rendered":"<p><span style=\"font-weight: 400;\">&quot;Kiev&quot; is a decorative brick produced in the style of hand-made brick in the 18th-19th centuries in the Kiev region. All bricks are equal in size, but the color palette is infinite.<\/span><\/p>\n<p>&nbsp;<\/p>\n<p><span style=\"font-weight: 400;\">Weight 1 m<\/span><span style=\"font-weight: 400;\">2<\/span><span style=\"font-weight: 400;\">= 41 kg<\/span><\/p>\n<p><span style=\"font-weight: 400;\">One box = 0.8 m<\/span><span style=\"font-weight: 400;\">2<\/span><\/p>\n<p><span style=\"font-weight: 400;\">No. of stones in a m<\/span><span style=\"font-weight: 400;\">2 <\/span><span style=\"font-weight: 400;\">= 60<\/span><\/p>","protected":false},"featured_media":4172,"comment_status":"closed","ping_status":"closed","template":"","meta":{"bwfblock_default_font":"","inline_featured_image":false},"product_cat":[22,317],"product_tag":[],"class_list":{"0":"post-2671","1":"product","2":"type-product","3":"status-publish","4":"has-post-thumbnail","6":"product_cat-caramida-decorativa","7":"product_cat-caramida-si-piatra-decorativa","8":"pa_culori-cd-0600","9":"pa_culori-cd-0601","10":"pa_culori-cd-0602","11":"pa_culori-cd-0605","12":"pa_culori-cd-0622","14":"first","15":"instock","16":"purchasable","17":"product-type-variable"},"acf":[],"yoast_head":"<!-- This site is optimized with the Yoast SEO Premium plugin v22.1 (Yoast SEO v22.1) - https:\/\/yoast.com\/wordpress\/plugins\/seo\/ -->\n<title>C\u0103r\u0103mida decorativ\u0103 Kiev \u2013 Autenticitate \u0219i elegan\u021b\u0103 inspirat\u0103 din stilul clasic<\/title>\n<meta name=\"description\" content=\"Cump\u0103r\u0103 C\u0103r\u0103mida decorativ\u0103 Kiev, inspirat\u0103 din stilul sec. XVIII-XIX, cu o palet\u0103 de culori unic\u0103. Perfect\u0103 pentru amenaj\u0103ri interioare \u0219i exterioare.\" \/>\n<meta name=\"robots\" content=\"index, follow, max-snippet:-1, max-image-preview:large, max-video-preview:-1\" \/>\n<link rel=\"canonical\" href=\"https:\/\/decorstone.md\/en\/product\/kyiv\/\" \/>\n<meta property=\"og:locale\" content=\"en_US\" \/>\n<meta property=\"og:type\" content=\"article\" \/>\n<meta property=\"og:title\" content=\"C\u0103r\u0103mida decorativ\u0103 Kiev \u2013 Autenticitate \u0219i elegan\u021b\u0103 inspirat\u0103 din stilul clasic\" \/>\n<meta property=\"og:description\" content=\"Cump\u0103r\u0103 C\u0103r\u0103mida decorativ\u0103 Kiev, inspirat\u0103 din stilul sec. XVIII-XIX, cu o palet\u0103 de culori unic\u0103. Perfect\u0103 pentru amenaj\u0103ri interioare \u0219i exterioare.\" \/>\n<meta property=\"og:url\" content=\"https:\/\/decorstone.md\/en\/product\/kyiv\/\" \/>\n<meta property=\"og:site_name\" content=\"Mobilier urban\" \/>\n<meta property=\"article:publisher\" content=\"https:\/\/www.facebook.com\/DecorStoneMD\/\" \/>\n<meta property=\"article:modified_time\" content=\"2025-09-03T14:50:00+00:00\" \/>\n<meta property=\"og:image\" content=\"https:\/\/decorstone.md\/wp-content\/uploads\/2022\/05\/KIEV-CD-0622-scaled.jpg\" \/>\n\t<meta property=\"og:image:width\" content=\"1707\" \/>\n\t<meta property=\"og:image:height\" content=\"2560\" \/>\n\t<meta property=\"og:image:type\" content=\"image\/jpeg\" \/>\n<meta name=\"twitter:card\" content=\"summary_large_image\" \/>\n<meta name=\"twitter:label1\" content=\"Est. reading time\" \/>\n\t<meta name=\"twitter:data1\" content=\"1 minute\" \/>\n<script type=\"application\/ld+json\" class=\"yoast-schema-graph\">{\"@context\":\"https:\/\/schema.org\",\"@graph\":[{\"@type\":\"WebPage\",\"@id\":\"https:\/\/decorstone.md\/product\/kiev\/\",\"url\":\"https:\/\/decorstone.md\/product\/kiev\/\",\"name\":\"C\u0103r\u0103mida decorativ\u0103 Kiev \u2013 Autenticitate \u0219i elegan\u021b\u0103 inspirat\u0103 din stilul clasic\",\"isPartOf\":{\"@id\":\"https:\/\/decorstone.md\/#website\"},\"datePublished\":\"2022-05-02T18:38:49+00:00\",\"dateModified\":\"2025-09-03T14:50:00+00:00\",\"description\":\"Cump\u0103r\u0103 C\u0103r\u0103mida decorativ\u0103 Kiev, inspirat\u0103 din stilul sec. XVIII-XIX, cu o palet\u0103 de culori unic\u0103. Perfect\u0103 pentru amenaj\u0103ri interioare \u0219i exterioare.\",\"breadcrumb\":{\"@id\":\"https:\/\/decorstone.md\/product\/kiev\/#breadcrumb\"},\"inLanguage\":\"en-US\",\"potentialAction\":[{\"@type\":\"ReadAction\",\"target\":[\"https:\/\/decorstone.md\/product\/kiev\/\"]}]},{\"@type\":\"BreadcrumbList\",\"@id\":\"https:\/\/decorstone.md\/product\/kiev\/#breadcrumb\",\"itemListElement\":[{\"@type\":\"ListItem\",\"position\":1,\"name\":\"Produse\",\"item\":\"https:\/\/decorstone.md\/produse\/\"},{\"@type\":\"ListItem\",\"position\":2,\"name\":\"KIEV\"}]},{\"@type\":\"WebSite\",\"@id\":\"https:\/\/decorstone.md\/#website\",\"url\":\"https:\/\/decorstone.md\/\",\"name\":\"DecorStone - Mobilier Urban \u0219i Pavaje\",\"description\":\"Decorstone\",\"publisher\":{\"@id\":\"https:\/\/decorstone.md\/#organization\"},\"potentialAction\":[{\"@type\":\"SearchAction\",\"target\":{\"@type\":\"EntryPoint\",\"urlTemplate\":\"https:\/\/decorstone.md\/?s={search_term_string}\"},\"query-input\":\"required name=search_term_string\"}],\"inLanguage\":\"en-US\"},{\"@type\":\"Organization\",\"@id\":\"https:\/\/decorstone.md\/#organization\",\"name\":\"DecorStone\",\"url\":\"https:\/\/decorstone.md\/\",\"logo\":{\"@type\":\"ImageObject\",\"inLanguage\":\"en-US\",\"@id\":\"https:\/\/decorstone.md\/#\/schema\/logo\/image\/\",\"url\":\"https:\/\/decorstone.md\/wp-content\/uploads\/2025\/01\/Design-fara-titlu.png\",\"contentUrl\":\"https:\/\/decorstone.md\/wp-content\/uploads\/2025\/01\/Design-fara-titlu.png\",\"width\":2295,\"height\":2295,\"caption\":\"DecorStone\"},\"image\":{\"@id\":\"https:\/\/decorstone.md\/#\/schema\/logo\/image\/\"},\"sameAs\":[\"https:\/\/www.facebook.com\/DecorStoneMD\/\",\"https:\/\/www.instagram.com\/decorstonemd\/\"]}]}<\/script>\n<!-- \/ Yoast SEO Premium plugin. -->","yoast_head_json":{"title":"C\u0103r\u0103mida decorativ\u0103 Kiev \u2013 Autenticitate \u0219i elegan\u021b\u0103 inspirat\u0103 din stilul clasic","description":"Cump\u0103r\u0103 C\u0103r\u0103mida decorativ\u0103 Kiev, inspirat\u0103 din stilul sec. XVIII-XIX, cu o palet\u0103 de culori unic\u0103. Perfect\u0103 pentru amenaj\u0103ri interioare \u0219i exterioare.","robots":{"index":"index","follow":"follow","max-snippet":"max-snippet:-1","max-image-preview":"max-image-preview:large","max-video-preview":"max-video-preview:-1"},"canonical":"https:\/\/decorstone.md\/en\/product\/kyiv\/","og_locale":"en_US","og_type":"article","og_title":"C\u0103r\u0103mida decorativ\u0103 Kiev \u2013 Autenticitate \u0219i elegan\u021b\u0103 inspirat\u0103 din stilul clasic","og_description":"Cump\u0103r\u0103 C\u0103r\u0103mida decorativ\u0103 Kiev, inspirat\u0103 din stilul sec. XVIII-XIX, cu o palet\u0103 de culori unic\u0103. Perfect\u0103 pentru amenaj\u0103ri interioare \u0219i exterioare.","og_url":"https:\/\/decorstone.md\/en\/product\/kyiv\/","og_site_name":"Mobilier urban","article_publisher":"https:\/\/www.facebook.com\/DecorStoneMD\/","article_modified_time":"2025-09-03T14:50:00+00:00","og_image":[{"width":1707,"height":2560,"url":"https:\/\/decorstone.md\/wp-content\/uploads\/2022\/05\/KIEV-CD-0622-scaled.jpg","type":"image\/jpeg"}],"twitter_card":"summary_large_image","twitter_misc":{"Est. reading time":"1 minute"},"schema":{"@context":"https:\/\/schema.org","@graph":[{"@type":"WebPage","@id":"https:\/\/decorstone.md\/product\/kiev\/","url":"https:\/\/decorstone.md\/product\/kiev\/","name":"C\u0103r\u0103mida decorativ\u0103 Kiev \u2013 Autenticitate \u0219i elegan\u021b\u0103 inspirat\u0103 din stilul clasic","isPartOf":{"@id":"https:\/\/decorstone.md\/#website"},"datePublished":"2022-05-02T18:38:49+00:00","dateModified":"2025-09-03T14:50:00+00:00","description":"Cump\u0103r\u0103 C\u0103r\u0103mida decorativ\u0103 Kiev, inspirat\u0103 din stilul sec. XVIII-XIX, cu o palet\u0103 de culori unic\u0103. Perfect\u0103 pentru amenaj\u0103ri interioare \u0219i exterioare.","breadcrumb":{"@id":"https:\/\/decorstone.md\/product\/kiev\/#breadcrumb"},"inLanguage":"en-US","potentialAction":[{"@type":"ReadAction","target":["https:\/\/decorstone.md\/product\/kiev\/"]}]},{"@type":"BreadcrumbList","@id":"https:\/\/decorstone.md\/product\/kiev\/#breadcrumb","itemListElement":[{"@type":"ListItem","position":1,"name":"Produse","item":"https:\/\/decorstone.md\/produse\/"},{"@type":"ListItem","position":2,"name":"KIEV"}]},{"@type":"WebSite","@id":"https:\/\/decorstone.md\/#website","url":"https:\/\/decorstone.md\/","name":"DecorStone - Mobilier Urban \u0219i Pavaje","description":"Decorstone","publisher":{"@id":"https:\/\/decorstone.md\/#organization"},"potentialAction":[{"@type":"SearchAction","target":{"@type":"EntryPoint","urlTemplate":"https:\/\/decorstone.md\/?s={search_term_string}"},"query-input":"required name=search_term_string"}],"inLanguage":"en-US"},{"@type":"Organization","@id":"https:\/\/decorstone.md\/#organization","name":"DecorStone","url":"https:\/\/decorstone.md\/","logo":{"@type":"ImageObject","inLanguage":"en-US","@id":"https:\/\/decorstone.md\/#\/schema\/logo\/image\/","url":"https:\/\/decorstone.md\/wp-content\/uploads\/2025\/01\/Design-fara-titlu.png","contentUrl":"https:\/\/decorstone.md\/wp-content\/uploads\/2025\/01\/Design-fara-titlu.png","width":2295,"height":2295,"caption":"DecorStone"},"image":{"@id":"https:\/\/decorstone.md\/#\/schema\/logo\/image\/"},"sameAs":["https:\/\/www.facebook.com\/DecorStoneMD\/","https:\/\/www.instagram.com\/decorstonemd\/"]}]}},"_links":{"self":[{"href":"https:\/\/decorstone.md\/en\/wp-json\/wp\/v2\/product\/2671"}],"collection":[{"href":"https:\/\/decorstone.md\/en\/wp-json\/wp\/v2\/product"}],"about":[{"href":"https:\/\/decorstone.md\/en\/wp-json\/wp\/v2\/types\/product"}],"replies":[{"embeddable":true,"href":"https:\/\/decorstone.md\/en\/wp-json\/wp\/v2\/comments?post=2671"}],"wp:featuredmedia":[{"embeddable":true,"href":"https:\/\/decorstone.md\/en\/wp-json\/wp\/v2\/media\/4172"}],"wp:attachment":[{"href":"https:\/\/decorstone.md\/en\/wp-json\/wp\/v2\/media?parent=2671"}],"wp:term":[{"taxonomy":"product_cat","embeddable":true,"href":"https:\/\/decorstone.md\/en\/wp-json\/wp\/v2\/product_cat?post=2671"},{"taxonomy":"product_tag","embeddable":true,"href":"https:\/\/decorstone.md\/en\/wp-json\/wp\/v2\/product_tag?post=2671"}],"curies":[{"name":"wp","href":"https:\/\/api.w.org\/{rel}","templated":true}]}}