{"id":2680,"date":"2022-05-02T18:38:51","date_gmt":"2022-05-02T18:38:51","guid":{"rendered":"https:\/\/decorstone.md\/product\/noul-neamt-cd-0201\/"},"modified":"2025-09-25T08:51:13","modified_gmt":"2025-09-25T05:51:13","slug":"noul-neamt-cd-0201","status":"publish","type":"product","link":"https:\/\/decorstone.md\/en\/product\/noul-neamt-cd-0201\/","title":{"rendered":"NOUL NEAMT CD-0201"},"content":{"rendered":"","protected":false},"excerpt":{"rendered":"<p><strong>Weight 1 m<sup>2<\/sup>= 21 kg<br \/>\n<\/strong><strong>One box = 1 m<sup>2<br \/>\n<\/sup><\/strong><strong>No. of stones in a m<sup>2 <\/sup>= 45 (large), 40 (small)<\/strong><\/p>\n<p style=\"text-align: justify;\">Named in honor of the Noul Neam\u021b Monastery, this decorative brick model is distinguished by its diverse appearance and play of shades. Each brick has a different face not only by color, but also by shape or texture, the respective decorative brick model being created based on the prototype from Noul Neam\u021b Monastery (one of the bricks made by hand and fired in different ovens by the monks). The first &quot;Noul Neam\u021b&quot; decorative bricks were intended to decorate the walls of the monastery, and the originality and naturalness of the model propelled this brick among the preferences of LuxConstruct customers. Thus, naturally, the decorative brick &quot;Noul Neam\u021b&quot; has become the piece of resistance in many public and private interiors, both on interior and exterior walls.<\/p>","protected":false},"featured_media":151,"comment_status":"closed","ping_status":"closed","template":"","meta":{"bwfblock_default_font":"","inline_featured_image":false},"product_cat":[22],"product_tag":[],"class_list":{"0":"post-2680","1":"product","2":"type-product","3":"status-publish","4":"has-post-thumbnail","6":"product_cat-caramida-decorativa","8":"first","9":"instock","10":"purchasable","11":"product-type-simple"},"acf":[],"yoast_head":"<!-- This site is optimized with the Yoast SEO Premium plugin v22.1 (Yoast SEO v22.1) - https:\/\/yoast.com\/wordpress\/plugins\/seo\/ -->\n<title>NOUL NEAMT CD-0201 - Mobilier urban<\/title>\n<meta name=\"robots\" content=\"index, follow, max-snippet:-1, max-image-preview:large, max-video-preview:-1\" \/>\n<link rel=\"canonical\" href=\"https:\/\/decorstone.md\/en\/product\/noul-neamt-cd-0201\/\" \/>\n<meta property=\"og:locale\" content=\"en_US\" \/>\n<meta property=\"og:type\" content=\"article\" \/>\n<meta property=\"og:title\" content=\"NOUL NEAMT CD-0201 - Mobilier urban\" \/>\n<meta property=\"og:description\" content=\"Greutate 1 m2= 21 kg O cutie = 1 m2 Nr. de pietre \u00eentr-un m2 = 45 (mari), 40 (mici) Numit \u00een cinstea M\u0103n\u0103stirii Noul Neam\u021b, acest model de c\u0103r\u0103mid\u0103 decorativ\u0103 se distinge prin aspect divers \u0219i joc de nuan\u021be. Fiecare c\u0103r\u0103mid\u0103 are o fa\u021b\u0103 diferit\u0103 nu doar prin culoare, dar \u0219i prin form\u0103 sau textur\u0103, respectivul model de c\u0103r\u0103mid\u0103 decorativ\u0103 fiind creat \u00een baza prototipului de la M\u0103n\u0103stirea Noul Neam\u021b (una dintre c\u0103r\u0103mizile realizate manual \u0219i arse \u00een cuptoare diferite de c\u0103tre monahi). Primele c\u0103r\u0103mizi decorative \u201eNoul Neam\u021b\u201d au avut ca destina\u021bie decorarea pere\u021biloer m\u0103n\u0103stirii, iar originalitatea \u0219i naturale\u021bea modelului au propulsat aceast\u0103 c\u0103r\u0103mid\u0103 printre preferin\u021bele clien\u021bilor LuxConstruct. Astfel, \u00een mod firesc, c\u0103r\u0103mida decorativ\u0103 \u201eNoul Neam\u021b\u201d a devenit piesa de rezisten\u021b\u0103 \u00een multe interioare publice \u0219i private, at\u00e2t pe pere\u021bi interiori, c\u00e2t \u0219i exteriori.\" \/>\n<meta property=\"og:url\" content=\"https:\/\/decorstone.md\/en\/product\/noul-neamt-cd-0201\/\" \/>\n<meta property=\"og:site_name\" content=\"Mobilier urban\" \/>\n<meta property=\"article:publisher\" content=\"https:\/\/www.facebook.com\/DecorStoneMD\/\" \/>\n<meta property=\"article:modified_time\" content=\"2025-09-25T05:51:13+00:00\" \/>\n<meta property=\"og:image\" content=\"https:\/\/decorstone.md\/wp-content\/uploads\/2024\/06\/NOUL-NEAMT-CD-0201-NEW.jpg\" \/>\n\t<meta property=\"og:image:width\" content=\"800\" \/>\n\t<meta property=\"og:image:height\" content=\"800\" \/>\n\t<meta property=\"og:image:type\" content=\"image\/jpeg\" \/>\n<meta name=\"twitter:card\" content=\"summary_large_image\" \/>\n<meta name=\"twitter:label1\" content=\"Est. reading time\" \/>\n\t<meta name=\"twitter:data1\" content=\"1 minute\" \/>\n<script type=\"application\/ld+json\" class=\"yoast-schema-graph\">{\"@context\":\"https:\/\/schema.org\",\"@graph\":[{\"@type\":\"WebPage\",\"@id\":\"https:\/\/decorstone.md\/product\/noul-neamt-cd-0201\/\",\"url\":\"https:\/\/decorstone.md\/product\/noul-neamt-cd-0201\/\",\"name\":\"NOUL NEAMT CD-0201 - Mobilier urban\",\"isPartOf\":{\"@id\":\"https:\/\/decorstone.md\/#website\"},\"datePublished\":\"2022-05-02T18:38:51+00:00\",\"dateModified\":\"2025-09-25T05:51:13+00:00\",\"breadcrumb\":{\"@id\":\"https:\/\/decorstone.md\/product\/noul-neamt-cd-0201\/#breadcrumb\"},\"inLanguage\":\"en-US\",\"potentialAction\":[{\"@type\":\"ReadAction\",\"target\":[\"https:\/\/decorstone.md\/product\/noul-neamt-cd-0201\/\"]}]},{\"@type\":\"BreadcrumbList\",\"@id\":\"https:\/\/decorstone.md\/product\/noul-neamt-cd-0201\/#breadcrumb\",\"itemListElement\":[{\"@type\":\"ListItem\",\"position\":1,\"name\":\"Produse\",\"item\":\"https:\/\/decorstone.md\/produse\/\"},{\"@type\":\"ListItem\",\"position\":2,\"name\":\"NOUL NEAMT CD-0201\"}]},{\"@type\":\"WebSite\",\"@id\":\"https:\/\/decorstone.md\/#website\",\"url\":\"https:\/\/decorstone.md\/\",\"name\":\"DecorStone - Mobilier Urban \u0219i Pavaje\",\"description\":\"Decorstone\",\"publisher\":{\"@id\":\"https:\/\/decorstone.md\/#organization\"},\"potentialAction\":[{\"@type\":\"SearchAction\",\"target\":{\"@type\":\"EntryPoint\",\"urlTemplate\":\"https:\/\/decorstone.md\/?s={search_term_string}\"},\"query-input\":\"required name=search_term_string\"}],\"inLanguage\":\"en-US\"},{\"@type\":\"Organization\",\"@id\":\"https:\/\/decorstone.md\/#organization\",\"name\":\"DecorStone\",\"url\":\"https:\/\/decorstone.md\/\",\"logo\":{\"@type\":\"ImageObject\",\"inLanguage\":\"en-US\",\"@id\":\"https:\/\/decorstone.md\/#\/schema\/logo\/image\/\",\"url\":\"https:\/\/decorstone.md\/wp-content\/uploads\/2025\/01\/Design-fara-titlu.png\",\"contentUrl\":\"https:\/\/decorstone.md\/wp-content\/uploads\/2025\/01\/Design-fara-titlu.png\",\"width\":2295,\"height\":2295,\"caption\":\"DecorStone\"},\"image\":{\"@id\":\"https:\/\/decorstone.md\/#\/schema\/logo\/image\/\"},\"sameAs\":[\"https:\/\/www.facebook.com\/DecorStoneMD\/\",\"https:\/\/www.instagram.com\/decorstonemd\/\"]}]}<\/script>\n<!-- \/ Yoast SEO Premium plugin. -->","yoast_head_json":{"title":"NOUL NEAMT CD-0201 - Mobilier urban","robots":{"index":"index","follow":"follow","max-snippet":"max-snippet:-1","max-image-preview":"max-image-preview:large","max-video-preview":"max-video-preview:-1"},"canonical":"https:\/\/decorstone.md\/en\/product\/noul-neamt-cd-0201\/","og_locale":"en_US","og_type":"article","og_title":"NOUL NEAMT CD-0201 - Mobilier urban","og_description":"Greutate 1 m2= 21 kg O cutie = 1 m2 Nr. de pietre \u00eentr-un m2 = 45 (mari), 40 (mici) Numit \u00een cinstea M\u0103n\u0103stirii Noul Neam\u021b, acest model de c\u0103r\u0103mid\u0103 decorativ\u0103 se distinge prin aspect divers \u0219i joc de nuan\u021be. Fiecare c\u0103r\u0103mid\u0103 are o fa\u021b\u0103 diferit\u0103 nu doar prin culoare, dar \u0219i prin form\u0103 sau textur\u0103, respectivul model de c\u0103r\u0103mid\u0103 decorativ\u0103 fiind creat \u00een baza prototipului de la M\u0103n\u0103stirea Noul Neam\u021b (una dintre c\u0103r\u0103mizile realizate manual \u0219i arse \u00een cuptoare diferite de c\u0103tre monahi). Primele c\u0103r\u0103mizi decorative \u201eNoul Neam\u021b\u201d au avut ca destina\u021bie decorarea pere\u021biloer m\u0103n\u0103stirii, iar originalitatea \u0219i naturale\u021bea modelului au propulsat aceast\u0103 c\u0103r\u0103mid\u0103 printre preferin\u021bele clien\u021bilor LuxConstruct. Astfel, \u00een mod firesc, c\u0103r\u0103mida decorativ\u0103 \u201eNoul Neam\u021b\u201d a devenit piesa de rezisten\u021b\u0103 \u00een multe interioare publice \u0219i private, at\u00e2t pe pere\u021bi interiori, c\u00e2t \u0219i exteriori.","og_url":"https:\/\/decorstone.md\/en\/product\/noul-neamt-cd-0201\/","og_site_name":"Mobilier urban","article_publisher":"https:\/\/www.facebook.com\/DecorStoneMD\/","article_modified_time":"2025-09-25T05:51:13+00:00","og_image":[{"width":800,"height":800,"url":"https:\/\/decorstone.md\/wp-content\/uploads\/2024\/06\/NOUL-NEAMT-CD-0201-NEW.jpg","type":"image\/jpeg"}],"twitter_card":"summary_large_image","twitter_misc":{"Est. reading time":"1 minute"},"schema":{"@context":"https:\/\/schema.org","@graph":[{"@type":"WebPage","@id":"https:\/\/decorstone.md\/product\/noul-neamt-cd-0201\/","url":"https:\/\/decorstone.md\/product\/noul-neamt-cd-0201\/","name":"NOUL NEAMT CD-0201 - Mobilier urban","isPartOf":{"@id":"https:\/\/decorstone.md\/#website"},"datePublished":"2022-05-02T18:38:51+00:00","dateModified":"2025-09-25T05:51:13+00:00","breadcrumb":{"@id":"https:\/\/decorstone.md\/product\/noul-neamt-cd-0201\/#breadcrumb"},"inLanguage":"en-US","potentialAction":[{"@type":"ReadAction","target":["https:\/\/decorstone.md\/product\/noul-neamt-cd-0201\/"]}]},{"@type":"BreadcrumbList","@id":"https:\/\/decorstone.md\/product\/noul-neamt-cd-0201\/#breadcrumb","itemListElement":[{"@type":"ListItem","position":1,"name":"Produse","item":"https:\/\/decorstone.md\/produse\/"},{"@type":"ListItem","position":2,"name":"NOUL NEAMT CD-0201"}]},{"@type":"WebSite","@id":"https:\/\/decorstone.md\/#website","url":"https:\/\/decorstone.md\/","name":"DecorStone - Mobilier Urban \u0219i Pavaje","description":"Decorstone","publisher":{"@id":"https:\/\/decorstone.md\/#organization"},"potentialAction":[{"@type":"SearchAction","target":{"@type":"EntryPoint","urlTemplate":"https:\/\/decorstone.md\/?s={search_term_string}"},"query-input":"required name=search_term_string"}],"inLanguage":"en-US"},{"@type":"Organization","@id":"https:\/\/decorstone.md\/#organization","name":"DecorStone","url":"https:\/\/decorstone.md\/","logo":{"@type":"ImageObject","inLanguage":"en-US","@id":"https:\/\/decorstone.md\/#\/schema\/logo\/image\/","url":"https:\/\/decorstone.md\/wp-content\/uploads\/2025\/01\/Design-fara-titlu.png","contentUrl":"https:\/\/decorstone.md\/wp-content\/uploads\/2025\/01\/Design-fara-titlu.png","width":2295,"height":2295,"caption":"DecorStone"},"image":{"@id":"https:\/\/decorstone.md\/#\/schema\/logo\/image\/"},"sameAs":["https:\/\/www.facebook.com\/DecorStoneMD\/","https:\/\/www.instagram.com\/decorstonemd\/"]}]}},"_links":{"self":[{"href":"https:\/\/decorstone.md\/en\/wp-json\/wp\/v2\/product\/2680"}],"collection":[{"href":"https:\/\/decorstone.md\/en\/wp-json\/wp\/v2\/product"}],"about":[{"href":"https:\/\/decorstone.md\/en\/wp-json\/wp\/v2\/types\/product"}],"replies":[{"embeddable":true,"href":"https:\/\/decorstone.md\/en\/wp-json\/wp\/v2\/comments?post=2680"}],"wp:featuredmedia":[{"embeddable":true,"href":"https:\/\/decorstone.md\/en\/wp-json\/wp\/v2\/media\/151"}],"wp:attachment":[{"href":"https:\/\/decorstone.md\/en\/wp-json\/wp\/v2\/media?parent=2680"}],"wp:term":[{"taxonomy":"product_cat","embeddable":true,"href":"https:\/\/decorstone.md\/en\/wp-json\/wp\/v2\/product_cat?post=2680"},{"taxonomy":"product_tag","embeddable":true,"href":"https:\/\/decorstone.md\/en\/wp-json\/wp\/v2\/product_tag?post=2680"}],"curies":[{"name":"wp","href":"https:\/\/api.w.org\/{rel}","templated":true}]}}