{"id":2681,"date":"2022-05-02T18:38:51","date_gmt":"2022-05-02T18:38:51","guid":{"rendered":"https:\/\/decorstone.md\/product\/noul-neamt-cd-0200\/"},"modified":"2025-09-03T12:39:34","modified_gmt":"2025-09-03T09:39:34","slug":"noul-neamt","status":"publish","type":"product","link":"https:\/\/decorstone.md\/en\/product\/the-new-nation\/","title":{"rendered":"THE NEW GERMAN"},"content":{"rendered":"","protected":false},"excerpt":{"rendered":"<p><span style=\"font-weight: 400;\">Named in honor of the Noul Neam\u021b Monastery, this decorative brick model is distinguished by its diverse appearance and play of shades. Each brick has a different face not only by color, but also by shape or texture, the respective decorative brick model being created based on the prototype from Noul Neam\u021b Monastery (one of the bricks made by hand and fired in different ovens by the monks). The first &quot;Noul Neam\u021b&quot; decorative bricks were intended to decorate the walls of the monastery, and the originality and naturalness of the model propelled this brick among the preferences of LuxConstruct customers. Thus, naturally, the decorative brick &quot;Noul Neam\u021b&quot; has become the piece of resistance in many public and private interiors, both on interior and exterior walls.<\/span><\/p>\n<p>&nbsp;<\/p>\n<p><span style=\"font-weight: 400;\">Weight 1 m<\/span><span style=\"font-weight: 400;\">2<\/span><span style=\"font-weight: 400;\">= 21 kg<\/span><\/p>\n<p><span style=\"font-weight: 400;\">One box = 1 m<\/span><span style=\"font-weight: 400;\">2<\/span><\/p>\n<p><span style=\"font-weight: 400;\">No. of stones in a m<\/span><span style=\"font-weight: 400;\">2 <\/span><span style=\"font-weight: 400;\">= 45 (large), 40 (small)<\/span><\/p>","protected":false},"featured_media":4076,"comment_status":"closed","ping_status":"closed","template":"","meta":{"bwfblock_default_font":"","inline_featured_image":false},"product_cat":[22,317],"product_tag":[],"class_list":{"0":"post-2681","1":"product","2":"type-product","3":"status-publish","4":"has-post-thumbnail","6":"product_cat-caramida-decorativa","7":"product_cat-caramida-si-piatra-decorativa","8":"pa_culori-cd-0200","9":"pa_culori-cd-0201","10":"pa_culori-cd-0202","11":"pa_culori-cd-0203","12":"pa_culori-cd-0204","13":"pa_culori-cd-0205","14":"pa_culori-cd-0208","15":"pa_culori-cd-0220","16":"pa_culori-cd-0221","17":"pa_culori-cd-0222","19":"first","20":"instock","21":"purchasable","22":"product-type-variable"},"acf":[],"yoast_head":"<!-- This site is optimized with the Yoast SEO Premium plugin v22.1 (Yoast SEO v22.1) - https:\/\/yoast.com\/wordpress\/plugins\/seo\/ -->\n<title>C\u0103r\u0103mida decorativ\u0103 Noul Neam\u021b \u2013 Design autentic inspirat din M\u0103n\u0103stirea Noul Neam\u021b<\/title>\n<meta name=\"description\" content=\"Cump\u0103r\u0103 c\u0103r\u0103mid\u0103 decorativ\u0103 Noul Neam\u021b, inspirat\u0103 din tradi\u021biile M\u0103n\u0103stirii Noul Neam\u021b. Perfect\u0103 pentru decorarea interiorului \u0219i exteriorului, cu un design distinctiv.\" \/>\n<meta name=\"robots\" content=\"index, follow, max-snippet:-1, max-image-preview:large, max-video-preview:-1\" \/>\n<link rel=\"canonical\" href=\"https:\/\/decorstone.md\/en\/product\/the-new-nation\/\" \/>\n<meta property=\"og:locale\" content=\"en_US\" \/>\n<meta property=\"og:type\" content=\"article\" \/>\n<meta property=\"og:title\" content=\"C\u0103r\u0103mida decorativ\u0103 Noul Neam\u021b \u2013 Design autentic inspirat din M\u0103n\u0103stirea Noul Neam\u021b\" \/>\n<meta property=\"og:description\" content=\"Cump\u0103r\u0103 c\u0103r\u0103mid\u0103 decorativ\u0103 Noul Neam\u021b, inspirat\u0103 din tradi\u021biile M\u0103n\u0103stirii Noul Neam\u021b. Perfect\u0103 pentru decorarea interiorului \u0219i exteriorului, cu un design distinctiv.\" \/>\n<meta property=\"og:url\" content=\"https:\/\/decorstone.md\/en\/product\/the-new-nation\/\" \/>\n<meta property=\"og:site_name\" content=\"Mobilier urban\" \/>\n<meta property=\"article:publisher\" content=\"https:\/\/www.facebook.com\/DecorStoneMD\/\" \/>\n<meta property=\"article:modified_time\" content=\"2025-09-03T09:39:34+00:00\" \/>\n<meta property=\"og:image\" content=\"https:\/\/decorstone.md\/wp-content\/uploads\/2022\/05\/NOUL-NEAMT-CD-0201-NEW-scaled.jpg\" \/>\n\t<meta property=\"og:image:width\" content=\"1707\" \/>\n\t<meta property=\"og:image:height\" content=\"2560\" \/>\n\t<meta property=\"og:image:type\" content=\"image\/jpeg\" \/>\n<meta name=\"twitter:card\" content=\"summary_large_image\" \/>\n<meta name=\"twitter:label1\" content=\"Est. reading time\" \/>\n\t<meta name=\"twitter:data1\" content=\"1 minute\" \/>\n<script type=\"application\/ld+json\" class=\"yoast-schema-graph\">{\"@context\":\"https:\/\/schema.org\",\"@graph\":[{\"@type\":\"WebPage\",\"@id\":\"https:\/\/decorstone.md\/product\/noul-neamt\/\",\"url\":\"https:\/\/decorstone.md\/product\/noul-neamt\/\",\"name\":\"C\u0103r\u0103mida decorativ\u0103 Noul Neam\u021b \u2013 Design autentic inspirat din M\u0103n\u0103stirea Noul Neam\u021b\",\"isPartOf\":{\"@id\":\"https:\/\/decorstone.md\/#website\"},\"datePublished\":\"2022-05-02T18:38:51+00:00\",\"dateModified\":\"2025-09-03T09:39:34+00:00\",\"description\":\"Cump\u0103r\u0103 c\u0103r\u0103mid\u0103 decorativ\u0103 Noul Neam\u021b, inspirat\u0103 din tradi\u021biile M\u0103n\u0103stirii Noul Neam\u021b. Perfect\u0103 pentru decorarea interiorului \u0219i exteriorului, cu un design distinctiv.\",\"breadcrumb\":{\"@id\":\"https:\/\/decorstone.md\/product\/noul-neamt\/#breadcrumb\"},\"inLanguage\":\"en-US\",\"potentialAction\":[{\"@type\":\"ReadAction\",\"target\":[\"https:\/\/decorstone.md\/product\/noul-neamt\/\"]}]},{\"@type\":\"BreadcrumbList\",\"@id\":\"https:\/\/decorstone.md\/product\/noul-neamt\/#breadcrumb\",\"itemListElement\":[{\"@type\":\"ListItem\",\"position\":1,\"name\":\"Produse\",\"item\":\"https:\/\/decorstone.md\/produse\/\"},{\"@type\":\"ListItem\",\"position\":2,\"name\":\"NOUL NEAMT\"}]},{\"@type\":\"WebSite\",\"@id\":\"https:\/\/decorstone.md\/#website\",\"url\":\"https:\/\/decorstone.md\/\",\"name\":\"DecorStone - Mobilier Urban \u0219i Pavaje\",\"description\":\"Decorstone\",\"publisher\":{\"@id\":\"https:\/\/decorstone.md\/#organization\"},\"potentialAction\":[{\"@type\":\"SearchAction\",\"target\":{\"@type\":\"EntryPoint\",\"urlTemplate\":\"https:\/\/decorstone.md\/?s={search_term_string}\"},\"query-input\":\"required name=search_term_string\"}],\"inLanguage\":\"en-US\"},{\"@type\":\"Organization\",\"@id\":\"https:\/\/decorstone.md\/#organization\",\"name\":\"DecorStone\",\"url\":\"https:\/\/decorstone.md\/\",\"logo\":{\"@type\":\"ImageObject\",\"inLanguage\":\"en-US\",\"@id\":\"https:\/\/decorstone.md\/#\/schema\/logo\/image\/\",\"url\":\"https:\/\/decorstone.md\/wp-content\/uploads\/2025\/01\/Design-fara-titlu.png\",\"contentUrl\":\"https:\/\/decorstone.md\/wp-content\/uploads\/2025\/01\/Design-fara-titlu.png\",\"width\":2295,\"height\":2295,\"caption\":\"DecorStone\"},\"image\":{\"@id\":\"https:\/\/decorstone.md\/#\/schema\/logo\/image\/\"},\"sameAs\":[\"https:\/\/www.facebook.com\/DecorStoneMD\/\",\"https:\/\/www.instagram.com\/decorstonemd\/\"]}]}<\/script>\n<!-- \/ Yoast SEO Premium plugin. -->","yoast_head_json":{"title":"C\u0103r\u0103mida decorativ\u0103 Noul Neam\u021b \u2013 Design autentic inspirat din M\u0103n\u0103stirea Noul Neam\u021b","description":"Cump\u0103r\u0103 c\u0103r\u0103mid\u0103 decorativ\u0103 Noul Neam\u021b, inspirat\u0103 din tradi\u021biile M\u0103n\u0103stirii Noul Neam\u021b. Perfect\u0103 pentru decorarea interiorului \u0219i exteriorului, cu un design distinctiv.","robots":{"index":"index","follow":"follow","max-snippet":"max-snippet:-1","max-image-preview":"max-image-preview:large","max-video-preview":"max-video-preview:-1"},"canonical":"https:\/\/decorstone.md\/en\/product\/the-new-nation\/","og_locale":"en_US","og_type":"article","og_title":"C\u0103r\u0103mida decorativ\u0103 Noul Neam\u021b \u2013 Design autentic inspirat din M\u0103n\u0103stirea Noul Neam\u021b","og_description":"Cump\u0103r\u0103 c\u0103r\u0103mid\u0103 decorativ\u0103 Noul Neam\u021b, inspirat\u0103 din tradi\u021biile M\u0103n\u0103stirii Noul Neam\u021b. Perfect\u0103 pentru decorarea interiorului \u0219i exteriorului, cu un design distinctiv.","og_url":"https:\/\/decorstone.md\/en\/product\/the-new-nation\/","og_site_name":"Mobilier urban","article_publisher":"https:\/\/www.facebook.com\/DecorStoneMD\/","article_modified_time":"2025-09-03T09:39:34+00:00","og_image":[{"width":1707,"height":2560,"url":"https:\/\/decorstone.md\/wp-content\/uploads\/2022\/05\/NOUL-NEAMT-CD-0201-NEW-scaled.jpg","type":"image\/jpeg"}],"twitter_card":"summary_large_image","twitter_misc":{"Est. reading time":"1 minute"},"schema":{"@context":"https:\/\/schema.org","@graph":[{"@type":"WebPage","@id":"https:\/\/decorstone.md\/product\/noul-neamt\/","url":"https:\/\/decorstone.md\/product\/noul-neamt\/","name":"C\u0103r\u0103mida decorativ\u0103 Noul Neam\u021b \u2013 Design autentic inspirat din M\u0103n\u0103stirea Noul Neam\u021b","isPartOf":{"@id":"https:\/\/decorstone.md\/#website"},"datePublished":"2022-05-02T18:38:51+00:00","dateModified":"2025-09-03T09:39:34+00:00","description":"Cump\u0103r\u0103 c\u0103r\u0103mid\u0103 decorativ\u0103 Noul Neam\u021b, inspirat\u0103 din tradi\u021biile M\u0103n\u0103stirii Noul Neam\u021b. Perfect\u0103 pentru decorarea interiorului \u0219i exteriorului, cu un design distinctiv.","breadcrumb":{"@id":"https:\/\/decorstone.md\/product\/noul-neamt\/#breadcrumb"},"inLanguage":"en-US","potentialAction":[{"@type":"ReadAction","target":["https:\/\/decorstone.md\/product\/noul-neamt\/"]}]},{"@type":"BreadcrumbList","@id":"https:\/\/decorstone.md\/product\/noul-neamt\/#breadcrumb","itemListElement":[{"@type":"ListItem","position":1,"name":"Produse","item":"https:\/\/decorstone.md\/produse\/"},{"@type":"ListItem","position":2,"name":"NOUL NEAMT"}]},{"@type":"WebSite","@id":"https:\/\/decorstone.md\/#website","url":"https:\/\/decorstone.md\/","name":"DecorStone - Mobilier Urban \u0219i Pavaje","description":"Decorstone","publisher":{"@id":"https:\/\/decorstone.md\/#organization"},"potentialAction":[{"@type":"SearchAction","target":{"@type":"EntryPoint","urlTemplate":"https:\/\/decorstone.md\/?s={search_term_string}"},"query-input":"required name=search_term_string"}],"inLanguage":"en-US"},{"@type":"Organization","@id":"https:\/\/decorstone.md\/#organization","name":"DecorStone","url":"https:\/\/decorstone.md\/","logo":{"@type":"ImageObject","inLanguage":"en-US","@id":"https:\/\/decorstone.md\/#\/schema\/logo\/image\/","url":"https:\/\/decorstone.md\/wp-content\/uploads\/2025\/01\/Design-fara-titlu.png","contentUrl":"https:\/\/decorstone.md\/wp-content\/uploads\/2025\/01\/Design-fara-titlu.png","width":2295,"height":2295,"caption":"DecorStone"},"image":{"@id":"https:\/\/decorstone.md\/#\/schema\/logo\/image\/"},"sameAs":["https:\/\/www.facebook.com\/DecorStoneMD\/","https:\/\/www.instagram.com\/decorstonemd\/"]}]}},"_links":{"self":[{"href":"https:\/\/decorstone.md\/en\/wp-json\/wp\/v2\/product\/2681"}],"collection":[{"href":"https:\/\/decorstone.md\/en\/wp-json\/wp\/v2\/product"}],"about":[{"href":"https:\/\/decorstone.md\/en\/wp-json\/wp\/v2\/types\/product"}],"replies":[{"embeddable":true,"href":"https:\/\/decorstone.md\/en\/wp-json\/wp\/v2\/comments?post=2681"}],"wp:featuredmedia":[{"embeddable":true,"href":"https:\/\/decorstone.md\/en\/wp-json\/wp\/v2\/media\/4076"}],"wp:attachment":[{"href":"https:\/\/decorstone.md\/en\/wp-json\/wp\/v2\/media?parent=2681"}],"wp:term":[{"taxonomy":"product_cat","embeddable":true,"href":"https:\/\/decorstone.md\/en\/wp-json\/wp\/v2\/product_cat?post=2681"},{"taxonomy":"product_tag","embeddable":true,"href":"https:\/\/decorstone.md\/en\/wp-json\/wp\/v2\/product_tag?post=2681"}],"curies":[{"name":"wp","href":"https:\/\/api.w.org\/{rel}","templated":true}]}}