{"id":2687,"date":"2022-05-02T18:39:14","date_gmt":"2022-05-02T18:39:14","guid":{"rendered":"https:\/\/decorstone.md\/product\/praga-veche-cd-0101\/"},"modified":"2025-09-25T08:41:48","modified_gmt":"2025-09-25T05:41:48","slug":"praga-veche-cd-0101","status":"publish","type":"product","link":"https:\/\/decorstone.md\/en\/product\/praga-veche-cd-0101\/","title":{"rendered":"OLD PRAGUE CD-0101"},"content":{"rendered":"","protected":false},"excerpt":{"rendered":"<p><strong>Weight 1 m<sup>2<\/sup>= 25 kg<br \/>\n<\/strong><strong>One box = 1 m<sup>2<br \/>\n<\/sup><\/strong><strong>No. of stones in a m<sup>2 <\/sup>= 58<\/strong><\/p>\n<p style=\"text-align: justify;\">The &quot;Old Prague&quot; pattern, as its name suggests, is the decorative brick inspired by the Czech capital, even more so by the old architecture of the city. The plates do not resemble each other either in shape, structure or thickness. The colors are all different, sometimes even contrasting, and all these qualities, added up, offer the spirit of history and tradition that you can integrate into your home.<\/p>\n<p>&nbsp;<\/p>\n<p>&nbsp;<\/p>","protected":false},"featured_media":165,"comment_status":"closed","ping_status":"closed","template":"","meta":{"bwfblock_default_font":"","inline_featured_image":false},"product_cat":[22],"product_tag":[],"class_list":{"0":"post-2687","1":"product","2":"type-product","3":"status-publish","4":"has-post-thumbnail","6":"product_cat-caramida-decorativa","8":"first","9":"instock","10":"purchasable","11":"product-type-simple"},"acf":[],"yoast_head":"<!-- This site is optimized with the Yoast SEO Premium plugin v22.1 (Yoast SEO v22.1) - https:\/\/yoast.com\/wordpress\/plugins\/seo\/ -->\n<title>PRAGA VECHE CD-0101 - Mobilier urban<\/title>\n<meta name=\"robots\" content=\"index, follow, max-snippet:-1, max-image-preview:large, max-video-preview:-1\" \/>\n<link rel=\"canonical\" href=\"https:\/\/decorstone.md\/en\/product\/praga-veche-cd-0101\/\" \/>\n<meta property=\"og:locale\" content=\"en_US\" \/>\n<meta property=\"og:type\" content=\"article\" \/>\n<meta property=\"og:title\" content=\"PRAGA VECHE CD-0101 - Mobilier urban\" \/>\n<meta property=\"og:description\" content=\"Greutate 1 m2= 25 kg O cutie = 1 m2 Nr. de pietre \u00eentr-un m2 = 58 Modelul \u201ePraga Veche\u201d, precum sugereaz\u0103 \u0219i denumirea lui, este c\u0103r\u0103mida decorativ\u0103 inspirat\u0103 din capitala Cehiei, chiar mai mult, de arhitectura veche a ora\u0219ului. Pl\u0103cile nu se aseam\u0103n\u0103 \u00eentre ele nici prin form\u0103, nici prin structur\u0103 \u0219i nici prin grosime. Culorile sunt toate diferite, pe alocuri contrast\u00e2nd chiar, iar toate aceste calit\u0103\u021bi, \u00eensumate, ofer\u0103 spiritul de istorie \u0219i tradi\u021bie pe care \u00eel po\u021bi integra \u00een casa ta. &nbsp;  &nbsp;\" \/>\n<meta property=\"og:url\" content=\"https:\/\/decorstone.md\/en\/product\/praga-veche-cd-0101\/\" \/>\n<meta property=\"og:site_name\" content=\"Mobilier urban\" \/>\n<meta property=\"article:publisher\" content=\"https:\/\/www.facebook.com\/DecorStoneMD\/\" \/>\n<meta property=\"article:modified_time\" content=\"2025-09-25T05:41:48+00:00\" \/>\n<meta property=\"og:image\" content=\"https:\/\/decorstone.md\/wp-content\/uploads\/2024\/06\/PRAGA-VECHE-CD-0101.jpg\" \/>\n\t<meta property=\"og:image:width\" content=\"800\" \/>\n\t<meta property=\"og:image:height\" content=\"800\" \/>\n\t<meta property=\"og:image:type\" content=\"image\/jpeg\" \/>\n<meta name=\"twitter:card\" content=\"summary_large_image\" \/>\n<meta name=\"twitter:label1\" content=\"Est. reading time\" \/>\n\t<meta name=\"twitter:data1\" content=\"1 minute\" \/>\n<script type=\"application\/ld+json\" class=\"yoast-schema-graph\">{\"@context\":\"https:\/\/schema.org\",\"@graph\":[{\"@type\":\"WebPage\",\"@id\":\"https:\/\/decorstone.md\/product\/praga-veche-cd-0101\/\",\"url\":\"https:\/\/decorstone.md\/product\/praga-veche-cd-0101\/\",\"name\":\"PRAGA VECHE CD-0101 - Mobilier urban\",\"isPartOf\":{\"@id\":\"https:\/\/decorstone.md\/#website\"},\"datePublished\":\"2022-05-02T18:39:14+00:00\",\"dateModified\":\"2025-09-25T05:41:48+00:00\",\"breadcrumb\":{\"@id\":\"https:\/\/decorstone.md\/product\/praga-veche-cd-0101\/#breadcrumb\"},\"inLanguage\":\"en-US\",\"potentialAction\":[{\"@type\":\"ReadAction\",\"target\":[\"https:\/\/decorstone.md\/product\/praga-veche-cd-0101\/\"]}]},{\"@type\":\"BreadcrumbList\",\"@id\":\"https:\/\/decorstone.md\/product\/praga-veche-cd-0101\/#breadcrumb\",\"itemListElement\":[{\"@type\":\"ListItem\",\"position\":1,\"name\":\"Produse\",\"item\":\"https:\/\/decorstone.md\/produse\/\"},{\"@type\":\"ListItem\",\"position\":2,\"name\":\"PRAGA VECHE CD-0101\"}]},{\"@type\":\"WebSite\",\"@id\":\"https:\/\/decorstone.md\/#website\",\"url\":\"https:\/\/decorstone.md\/\",\"name\":\"DecorStone - Mobilier Urban \u0219i Pavaje\",\"description\":\"Decorstone\",\"publisher\":{\"@id\":\"https:\/\/decorstone.md\/#organization\"},\"potentialAction\":[{\"@type\":\"SearchAction\",\"target\":{\"@type\":\"EntryPoint\",\"urlTemplate\":\"https:\/\/decorstone.md\/?s={search_term_string}\"},\"query-input\":\"required name=search_term_string\"}],\"inLanguage\":\"en-US\"},{\"@type\":\"Organization\",\"@id\":\"https:\/\/decorstone.md\/#organization\",\"name\":\"DecorStone\",\"url\":\"https:\/\/decorstone.md\/\",\"logo\":{\"@type\":\"ImageObject\",\"inLanguage\":\"en-US\",\"@id\":\"https:\/\/decorstone.md\/#\/schema\/logo\/image\/\",\"url\":\"https:\/\/decorstone.md\/wp-content\/uploads\/2025\/01\/Design-fara-titlu.png\",\"contentUrl\":\"https:\/\/decorstone.md\/wp-content\/uploads\/2025\/01\/Design-fara-titlu.png\",\"width\":2295,\"height\":2295,\"caption\":\"DecorStone\"},\"image\":{\"@id\":\"https:\/\/decorstone.md\/#\/schema\/logo\/image\/\"},\"sameAs\":[\"https:\/\/www.facebook.com\/DecorStoneMD\/\",\"https:\/\/www.instagram.com\/decorstonemd\/\"]}]}<\/script>\n<!-- \/ Yoast SEO Premium plugin. -->","yoast_head_json":{"title":"PRAGA VECHE CD-0101 - Mobilier urban","robots":{"index":"index","follow":"follow","max-snippet":"max-snippet:-1","max-image-preview":"max-image-preview:large","max-video-preview":"max-video-preview:-1"},"canonical":"https:\/\/decorstone.md\/en\/product\/praga-veche-cd-0101\/","og_locale":"en_US","og_type":"article","og_title":"PRAGA VECHE CD-0101 - Mobilier urban","og_description":"Greutate 1 m2= 25 kg O cutie = 1 m2 Nr. de pietre \u00eentr-un m2 = 58 Modelul \u201ePraga Veche\u201d, precum sugereaz\u0103 \u0219i denumirea lui, este c\u0103r\u0103mida decorativ\u0103 inspirat\u0103 din capitala Cehiei, chiar mai mult, de arhitectura veche a ora\u0219ului. Pl\u0103cile nu se aseam\u0103n\u0103 \u00eentre ele nici prin form\u0103, nici prin structur\u0103 \u0219i nici prin grosime. Culorile sunt toate diferite, pe alocuri contrast\u00e2nd chiar, iar toate aceste calit\u0103\u021bi, \u00eensumate, ofer\u0103 spiritul de istorie \u0219i tradi\u021bie pe care \u00eel po\u021bi integra \u00een casa ta. &nbsp;  &nbsp;","og_url":"https:\/\/decorstone.md\/en\/product\/praga-veche-cd-0101\/","og_site_name":"Mobilier urban","article_publisher":"https:\/\/www.facebook.com\/DecorStoneMD\/","article_modified_time":"2025-09-25T05:41:48+00:00","og_image":[{"width":800,"height":800,"url":"https:\/\/decorstone.md\/wp-content\/uploads\/2024\/06\/PRAGA-VECHE-CD-0101.jpg","type":"image\/jpeg"}],"twitter_card":"summary_large_image","twitter_misc":{"Est. reading time":"1 minute"},"schema":{"@context":"https:\/\/schema.org","@graph":[{"@type":"WebPage","@id":"https:\/\/decorstone.md\/product\/praga-veche-cd-0101\/","url":"https:\/\/decorstone.md\/product\/praga-veche-cd-0101\/","name":"PRAGA VECHE CD-0101 - Mobilier urban","isPartOf":{"@id":"https:\/\/decorstone.md\/#website"},"datePublished":"2022-05-02T18:39:14+00:00","dateModified":"2025-09-25T05:41:48+00:00","breadcrumb":{"@id":"https:\/\/decorstone.md\/product\/praga-veche-cd-0101\/#breadcrumb"},"inLanguage":"en-US","potentialAction":[{"@type":"ReadAction","target":["https:\/\/decorstone.md\/product\/praga-veche-cd-0101\/"]}]},{"@type":"BreadcrumbList","@id":"https:\/\/decorstone.md\/product\/praga-veche-cd-0101\/#breadcrumb","itemListElement":[{"@type":"ListItem","position":1,"name":"Produse","item":"https:\/\/decorstone.md\/produse\/"},{"@type":"ListItem","position":2,"name":"PRAGA VECHE CD-0101"}]},{"@type":"WebSite","@id":"https:\/\/decorstone.md\/#website","url":"https:\/\/decorstone.md\/","name":"DecorStone - Mobilier Urban \u0219i Pavaje","description":"Decorstone","publisher":{"@id":"https:\/\/decorstone.md\/#organization"},"potentialAction":[{"@type":"SearchAction","target":{"@type":"EntryPoint","urlTemplate":"https:\/\/decorstone.md\/?s={search_term_string}"},"query-input":"required name=search_term_string"}],"inLanguage":"en-US"},{"@type":"Organization","@id":"https:\/\/decorstone.md\/#organization","name":"DecorStone","url":"https:\/\/decorstone.md\/","logo":{"@type":"ImageObject","inLanguage":"en-US","@id":"https:\/\/decorstone.md\/#\/schema\/logo\/image\/","url":"https:\/\/decorstone.md\/wp-content\/uploads\/2025\/01\/Design-fara-titlu.png","contentUrl":"https:\/\/decorstone.md\/wp-content\/uploads\/2025\/01\/Design-fara-titlu.png","width":2295,"height":2295,"caption":"DecorStone"},"image":{"@id":"https:\/\/decorstone.md\/#\/schema\/logo\/image\/"},"sameAs":["https:\/\/www.facebook.com\/DecorStoneMD\/","https:\/\/www.instagram.com\/decorstonemd\/"]}]}},"_links":{"self":[{"href":"https:\/\/decorstone.md\/en\/wp-json\/wp\/v2\/product\/2687"}],"collection":[{"href":"https:\/\/decorstone.md\/en\/wp-json\/wp\/v2\/product"}],"about":[{"href":"https:\/\/decorstone.md\/en\/wp-json\/wp\/v2\/types\/product"}],"replies":[{"embeddable":true,"href":"https:\/\/decorstone.md\/en\/wp-json\/wp\/v2\/comments?post=2687"}],"wp:featuredmedia":[{"embeddable":true,"href":"https:\/\/decorstone.md\/en\/wp-json\/wp\/v2\/media\/165"}],"wp:attachment":[{"href":"https:\/\/decorstone.md\/en\/wp-json\/wp\/v2\/media?parent=2687"}],"wp:term":[{"taxonomy":"product_cat","embeddable":true,"href":"https:\/\/decorstone.md\/en\/wp-json\/wp\/v2\/product_cat?post=2687"},{"taxonomy":"product_tag","embeddable":true,"href":"https:\/\/decorstone.md\/en\/wp-json\/wp\/v2\/product_tag?post=2687"}],"curies":[{"name":"wp","href":"https:\/\/api.w.org\/{rel}","templated":true}]}}