{"id":2698,"date":"2022-05-02T18:39:40","date_gmt":"2022-05-02T18:39:40","guid":{"rendered":"https:\/\/decorstone.md\/product\/sofia-cd-0700\/"},"modified":"2025-09-25T10:23:08","modified_gmt":"2025-09-25T07:23:08","slug":"sofia","status":"publish","type":"product","link":"https:\/\/decorstone.md\/en\/product\/sofia\/","title":{"rendered":"SOFIA"},"content":{"rendered":"","protected":false},"excerpt":{"rendered":"<p><span style=\"font-weight: 400;\">Modern constructions and interiors are the perfect place for decorative brick &quot;Sofia&quot;. It comes to complete any design concept and bring an extra charm. It has a uniform, neat and refined appearance. All the bricks are the same size, but the combination of colors makes it stand out completely, conquering for sure.<\/span><\/p>\n<p>&nbsp;<\/p>\n<p><span style=\"font-weight: 400;\">Weight 1 m<\/span><span style=\"font-weight: 400;\">2<\/span><span style=\"font-weight: 400;\">= 22 kg<\/span><\/p>\n<p><span style=\"font-weight: 400;\">One box = 1 m<\/span><span style=\"font-weight: 400;\">2<\/span><\/p>\n<p><span style=\"font-weight: 400;\">No. of stones in a m<\/span><span style=\"font-weight: 400;\">2 <\/span><span style=\"font-weight: 400;\">= 73<\/span><\/p>","protected":false},"featured_media":180,"comment_status":"closed","ping_status":"closed","template":"","meta":{"bwfblock_default_font":"","inline_featured_image":false},"product_cat":[22,317],"product_tag":[],"class_list":{"0":"post-2698","1":"product","2":"type-product","3":"status-publish","4":"has-post-thumbnail","6":"product_cat-caramida-decorativa","7":"product_cat-caramida-si-piatra-decorativa","8":"pa_culori-cd-0700","9":"pa_culori-cd-0701","10":"pa_culori-cd-0702","11":"pa_culori-cd-0703","12":"pa_culori-cd-0704","13":"pa_culori-cd-0705","14":"pa_culori-cd-0720","15":"pa_culori-cd-0721","16":"pa_culori-cd-0722","18":"first","19":"instock","20":"purchasable","21":"product-type-variable"},"acf":[],"yoast_head":"<!-- This site is optimized with the Yoast SEO Premium plugin v22.1 (Yoast SEO v22.1) - https:\/\/yoast.com\/wordpress\/plugins\/seo\/ -->\n<title>C\u0103r\u0103mida decorativ\u0103 Sofia \u2013 Design modern pentru orice interior<\/title>\n<meta name=\"description\" content=\"Cump\u0103r\u0103 c\u0103r\u0103mid\u0103 decorativ\u0103 Sofia, ideal\u0103 pentru orice concept de design interior. Ofer\u0103 un aspect uniform \u0219i rafinat, cu un mix de culori care iese \u00een eviden\u021b\u0103.\" \/>\n<meta name=\"robots\" content=\"index, follow, max-snippet:-1, max-image-preview:large, max-video-preview:-1\" \/>\n<link rel=\"canonical\" href=\"https:\/\/decorstone.md\/en\/product\/sofia\/\" \/>\n<meta property=\"og:locale\" content=\"en_US\" \/>\n<meta property=\"og:type\" content=\"article\" \/>\n<meta property=\"og:title\" content=\"C\u0103r\u0103mida decorativ\u0103 Sofia \u2013 Design modern pentru orice interior\" \/>\n<meta property=\"og:description\" content=\"Cump\u0103r\u0103 c\u0103r\u0103mid\u0103 decorativ\u0103 Sofia, ideal\u0103 pentru orice concept de design interior. Ofer\u0103 un aspect uniform \u0219i rafinat, cu un mix de culori care iese \u00een eviden\u021b\u0103.\" \/>\n<meta property=\"og:url\" content=\"https:\/\/decorstone.md\/en\/product\/sofia\/\" \/>\n<meta property=\"og:site_name\" content=\"Mobilier urban\" \/>\n<meta property=\"article:publisher\" content=\"https:\/\/www.facebook.com\/DecorStoneMD\/\" \/>\n<meta property=\"article:modified_time\" content=\"2025-09-25T07:23:08+00:00\" \/>\n<meta property=\"og:image\" content=\"https:\/\/decorstone.md\/wp-content\/uploads\/2024\/06\/SOFIA-CD-0703.jpg\" \/>\n\t<meta property=\"og:image:width\" content=\"800\" \/>\n\t<meta property=\"og:image:height\" content=\"800\" \/>\n\t<meta property=\"og:image:type\" content=\"image\/jpeg\" \/>\n<meta name=\"twitter:card\" content=\"summary_large_image\" \/>\n<meta name=\"twitter:label1\" content=\"Est. reading time\" \/>\n\t<meta name=\"twitter:data1\" content=\"1 minute\" \/>\n<script type=\"application\/ld+json\" class=\"yoast-schema-graph\">{\"@context\":\"https:\/\/schema.org\",\"@graph\":[{\"@type\":\"WebPage\",\"@id\":\"https:\/\/decorstone.md\/product\/sofia\/\",\"url\":\"https:\/\/decorstone.md\/product\/sofia\/\",\"name\":\"C\u0103r\u0103mida decorativ\u0103 Sofia \u2013 Design modern pentru orice interior\",\"isPartOf\":{\"@id\":\"https:\/\/decorstone.md\/#website\"},\"datePublished\":\"2022-05-02T18:39:40+00:00\",\"dateModified\":\"2025-09-25T07:23:08+00:00\",\"description\":\"Cump\u0103r\u0103 c\u0103r\u0103mid\u0103 decorativ\u0103 Sofia, ideal\u0103 pentru orice concept de design interior. Ofer\u0103 un aspect uniform \u0219i rafinat, cu un mix de culori care iese \u00een eviden\u021b\u0103.\",\"breadcrumb\":{\"@id\":\"https:\/\/decorstone.md\/product\/sofia\/#breadcrumb\"},\"inLanguage\":\"en-US\",\"potentialAction\":[{\"@type\":\"ReadAction\",\"target\":[\"https:\/\/decorstone.md\/product\/sofia\/\"]}]},{\"@type\":\"BreadcrumbList\",\"@id\":\"https:\/\/decorstone.md\/product\/sofia\/#breadcrumb\",\"itemListElement\":[{\"@type\":\"ListItem\",\"position\":1,\"name\":\"Produse\",\"item\":\"https:\/\/decorstone.md\/produse\/\"},{\"@type\":\"ListItem\",\"position\":2,\"name\":\"SOFIA\"}]},{\"@type\":\"WebSite\",\"@id\":\"https:\/\/decorstone.md\/#website\",\"url\":\"https:\/\/decorstone.md\/\",\"name\":\"DecorStone - Mobilier Urban \u0219i Pavaje\",\"description\":\"Decorstone\",\"publisher\":{\"@id\":\"https:\/\/decorstone.md\/#organization\"},\"potentialAction\":[{\"@type\":\"SearchAction\",\"target\":{\"@type\":\"EntryPoint\",\"urlTemplate\":\"https:\/\/decorstone.md\/?s={search_term_string}\"},\"query-input\":\"required name=search_term_string\"}],\"inLanguage\":\"en-US\"},{\"@type\":\"Organization\",\"@id\":\"https:\/\/decorstone.md\/#organization\",\"name\":\"DecorStone\",\"url\":\"https:\/\/decorstone.md\/\",\"logo\":{\"@type\":\"ImageObject\",\"inLanguage\":\"en-US\",\"@id\":\"https:\/\/decorstone.md\/#\/schema\/logo\/image\/\",\"url\":\"https:\/\/decorstone.md\/wp-content\/uploads\/2025\/01\/Design-fara-titlu.png\",\"contentUrl\":\"https:\/\/decorstone.md\/wp-content\/uploads\/2025\/01\/Design-fara-titlu.png\",\"width\":2295,\"height\":2295,\"caption\":\"DecorStone\"},\"image\":{\"@id\":\"https:\/\/decorstone.md\/#\/schema\/logo\/image\/\"},\"sameAs\":[\"https:\/\/www.facebook.com\/DecorStoneMD\/\",\"https:\/\/www.instagram.com\/decorstonemd\/\"]}]}<\/script>\n<!-- \/ Yoast SEO Premium plugin. -->","yoast_head_json":{"title":"C\u0103r\u0103mida decorativ\u0103 Sofia \u2013 Design modern pentru orice interior","description":"Cump\u0103r\u0103 c\u0103r\u0103mid\u0103 decorativ\u0103 Sofia, ideal\u0103 pentru orice concept de design interior. Ofer\u0103 un aspect uniform \u0219i rafinat, cu un mix de culori care iese \u00een eviden\u021b\u0103.","robots":{"index":"index","follow":"follow","max-snippet":"max-snippet:-1","max-image-preview":"max-image-preview:large","max-video-preview":"max-video-preview:-1"},"canonical":"https:\/\/decorstone.md\/en\/product\/sofia\/","og_locale":"en_US","og_type":"article","og_title":"C\u0103r\u0103mida decorativ\u0103 Sofia \u2013 Design modern pentru orice interior","og_description":"Cump\u0103r\u0103 c\u0103r\u0103mid\u0103 decorativ\u0103 Sofia, ideal\u0103 pentru orice concept de design interior. Ofer\u0103 un aspect uniform \u0219i rafinat, cu un mix de culori care iese \u00een eviden\u021b\u0103.","og_url":"https:\/\/decorstone.md\/en\/product\/sofia\/","og_site_name":"Mobilier urban","article_publisher":"https:\/\/www.facebook.com\/DecorStoneMD\/","article_modified_time":"2025-09-25T07:23:08+00:00","og_image":[{"width":800,"height":800,"url":"https:\/\/decorstone.md\/wp-content\/uploads\/2024\/06\/SOFIA-CD-0703.jpg","type":"image\/jpeg"}],"twitter_card":"summary_large_image","twitter_misc":{"Est. reading time":"1 minute"},"schema":{"@context":"https:\/\/schema.org","@graph":[{"@type":"WebPage","@id":"https:\/\/decorstone.md\/product\/sofia\/","url":"https:\/\/decorstone.md\/product\/sofia\/","name":"C\u0103r\u0103mida decorativ\u0103 Sofia \u2013 Design modern pentru orice interior","isPartOf":{"@id":"https:\/\/decorstone.md\/#website"},"datePublished":"2022-05-02T18:39:40+00:00","dateModified":"2025-09-25T07:23:08+00:00","description":"Cump\u0103r\u0103 c\u0103r\u0103mid\u0103 decorativ\u0103 Sofia, ideal\u0103 pentru orice concept de design interior. Ofer\u0103 un aspect uniform \u0219i rafinat, cu un mix de culori care iese \u00een eviden\u021b\u0103.","breadcrumb":{"@id":"https:\/\/decorstone.md\/product\/sofia\/#breadcrumb"},"inLanguage":"en-US","potentialAction":[{"@type":"ReadAction","target":["https:\/\/decorstone.md\/product\/sofia\/"]}]},{"@type":"BreadcrumbList","@id":"https:\/\/decorstone.md\/product\/sofia\/#breadcrumb","itemListElement":[{"@type":"ListItem","position":1,"name":"Produse","item":"https:\/\/decorstone.md\/produse\/"},{"@type":"ListItem","position":2,"name":"SOFIA"}]},{"@type":"WebSite","@id":"https:\/\/decorstone.md\/#website","url":"https:\/\/decorstone.md\/","name":"DecorStone - Mobilier Urban \u0219i Pavaje","description":"Decorstone","publisher":{"@id":"https:\/\/decorstone.md\/#organization"},"potentialAction":[{"@type":"SearchAction","target":{"@type":"EntryPoint","urlTemplate":"https:\/\/decorstone.md\/?s={search_term_string}"},"query-input":"required name=search_term_string"}],"inLanguage":"en-US"},{"@type":"Organization","@id":"https:\/\/decorstone.md\/#organization","name":"DecorStone","url":"https:\/\/decorstone.md\/","logo":{"@type":"ImageObject","inLanguage":"en-US","@id":"https:\/\/decorstone.md\/#\/schema\/logo\/image\/","url":"https:\/\/decorstone.md\/wp-content\/uploads\/2025\/01\/Design-fara-titlu.png","contentUrl":"https:\/\/decorstone.md\/wp-content\/uploads\/2025\/01\/Design-fara-titlu.png","width":2295,"height":2295,"caption":"DecorStone"},"image":{"@id":"https:\/\/decorstone.md\/#\/schema\/logo\/image\/"},"sameAs":["https:\/\/www.facebook.com\/DecorStoneMD\/","https:\/\/www.instagram.com\/decorstonemd\/"]}]}},"_links":{"self":[{"href":"https:\/\/decorstone.md\/en\/wp-json\/wp\/v2\/product\/2698"}],"collection":[{"href":"https:\/\/decorstone.md\/en\/wp-json\/wp\/v2\/product"}],"about":[{"href":"https:\/\/decorstone.md\/en\/wp-json\/wp\/v2\/types\/product"}],"replies":[{"embeddable":true,"href":"https:\/\/decorstone.md\/en\/wp-json\/wp\/v2\/comments?post=2698"}],"wp:featuredmedia":[{"embeddable":true,"href":"https:\/\/decorstone.md\/en\/wp-json\/wp\/v2\/media\/180"}],"wp:attachment":[{"href":"https:\/\/decorstone.md\/en\/wp-json\/wp\/v2\/media?parent=2698"}],"wp:term":[{"taxonomy":"product_cat","embeddable":true,"href":"https:\/\/decorstone.md\/en\/wp-json\/wp\/v2\/product_cat?post=2698"},{"taxonomy":"product_tag","embeddable":true,"href":"https:\/\/decorstone.md\/en\/wp-json\/wp\/v2\/product_tag?post=2698"}],"curies":[{"name":"wp","href":"https:\/\/api.w.org\/{rel}","templated":true}]}}