{"id":2705,"date":"2022-05-02T18:40:07","date_gmt":"2022-05-02T18:40:07","guid":{"rendered":"https:\/\/decorstone.md\/product\/texas-cd-0502\/"},"modified":"2025-09-25T08:44:17","modified_gmt":"2025-09-25T05:44:17","slug":"texas-cd-0502","status":"publish","type":"product","link":"https:\/\/decorstone.md\/en\/product\/texas-cd-0502\/","title":{"rendered":"TEXAS CD-0502"},"content":{"rendered":"","protected":false},"excerpt":{"rendered":"<p style=\"text-align: justify;\"><strong>Weight 1 m<sup>2<\/sup>= 25 kg<br \/>\n<\/strong><strong>One box = 1 m<sup>2<br \/>\n<\/sup><\/strong><strong>No. of stones in a m<sup>2 <\/sup>= 85<\/strong><\/p>\n<p style=\"text-align: justify;\">The &quot;Texas&quot; decorative brick model presents a brick concept widely used by the British and Irish. The &quot;Texas&quot; brick cladding stands out for its unique appearance, but also provides added value to the object&#039;s architecture. The slightly convex shape and the diversity of the structure allow the volumetric visual play, moderated by the sobriety due to the identical sizes of the tiles and the more uniform color than in the case of the other models created by Luxconstruct. &quot;Texas&quot; is a mechanized brick, a brick for the new world, for new styles and approaches to design and architecture.<\/p>","protected":false},"featured_media":200,"comment_status":"closed","ping_status":"closed","template":"","meta":{"bwfblock_default_font":"","inline_featured_image":false},"product_cat":[22],"product_tag":[],"class_list":{"0":"post-2705","1":"product","2":"type-product","3":"status-publish","4":"has-post-thumbnail","6":"product_cat-caramida-decorativa","8":"first","9":"instock","10":"purchasable","11":"product-type-simple"},"acf":[],"yoast_head":"<!-- This site is optimized with the Yoast SEO Premium plugin v22.1 (Yoast SEO v22.1) - https:\/\/yoast.com\/wordpress\/plugins\/seo\/ -->\n<title>TEXAS CD-0502 - Mobilier urban<\/title>\n<meta name=\"robots\" content=\"index, follow, max-snippet:-1, max-image-preview:large, max-video-preview:-1\" \/>\n<link rel=\"canonical\" href=\"https:\/\/decorstone.md\/en\/product\/texas-cd-0502\/\" \/>\n<meta property=\"og:locale\" content=\"en_US\" \/>\n<meta property=\"og:type\" content=\"article\" \/>\n<meta property=\"og:title\" content=\"TEXAS CD-0502 - Mobilier urban\" \/>\n<meta property=\"og:description\" content=\"Greutate 1 m2= 25 kg O cutie = 1 m2 Nr. de pietre \u00eentr-un m2 = 85 Modelul de c\u0103r\u0103mid\u0103 decorativ\u0103 \u201eTexas\u201d prezint\u0103 un concept de c\u0103r\u0103mid\u0103 folosit pe larg de britanici \u0219i irlandezi.Placarea cu c\u0103r\u0103mid\u0103 \u201eTexas\u201d se eviden\u021biaz\u0103 prin aspect inedit, dar \u0219i ofer\u0103 un plus de valoare arhitecturii obiectului. Forma u\u0219or bombat\u0103 \u0219i diversitatea structurii \u00eei permite jocului vizual volumetric, moderat prin sobrietatea ce se datoreaz\u0103 m\u0103rimilor identice ale pl\u0103cilor \u0219i culorii mai uniforme dec\u00e2t \u00een cazul celorlalte modele create de Luxconstruct. \u201eTexas\u201d este o c\u0103r\u0103mid\u0103 ob\u021binut\u0103 mecanizat, o c\u0103r\u0103mid\u0103 pentru lumea nou\u0103, pentru noile stiluri \u0219i abord\u0103ri de design \u0219i arhitectur\u0103.\" \/>\n<meta property=\"og:url\" content=\"https:\/\/decorstone.md\/en\/product\/texas-cd-0502\/\" \/>\n<meta property=\"og:site_name\" content=\"Mobilier urban\" \/>\n<meta property=\"article:publisher\" content=\"https:\/\/www.facebook.com\/DecorStoneMD\/\" \/>\n<meta property=\"article:modified_time\" content=\"2025-09-25T05:44:17+00:00\" \/>\n<meta property=\"og:image\" content=\"https:\/\/decorstone.md\/wp-content\/uploads\/2024\/06\/TEXAS-CD-0502.jpg\" \/>\n\t<meta property=\"og:image:width\" content=\"800\" \/>\n\t<meta property=\"og:image:height\" content=\"800\" \/>\n\t<meta property=\"og:image:type\" content=\"image\/jpeg\" \/>\n<meta name=\"twitter:card\" content=\"summary_large_image\" \/>\n<meta name=\"twitter:label1\" content=\"Est. reading time\" \/>\n\t<meta name=\"twitter:data1\" content=\"1 minute\" \/>\n<script type=\"application\/ld+json\" class=\"yoast-schema-graph\">{\"@context\":\"https:\/\/schema.org\",\"@graph\":[{\"@type\":\"WebPage\",\"@id\":\"https:\/\/decorstone.md\/product\/texas-cd-0502\/\",\"url\":\"https:\/\/decorstone.md\/product\/texas-cd-0502\/\",\"name\":\"TEXAS CD-0502 - Mobilier urban\",\"isPartOf\":{\"@id\":\"https:\/\/decorstone.md\/#website\"},\"datePublished\":\"2022-05-02T18:40:07+00:00\",\"dateModified\":\"2025-09-25T05:44:17+00:00\",\"breadcrumb\":{\"@id\":\"https:\/\/decorstone.md\/product\/texas-cd-0502\/#breadcrumb\"},\"inLanguage\":\"en-US\",\"potentialAction\":[{\"@type\":\"ReadAction\",\"target\":[\"https:\/\/decorstone.md\/product\/texas-cd-0502\/\"]}]},{\"@type\":\"BreadcrumbList\",\"@id\":\"https:\/\/decorstone.md\/product\/texas-cd-0502\/#breadcrumb\",\"itemListElement\":[{\"@type\":\"ListItem\",\"position\":1,\"name\":\"Produse\",\"item\":\"https:\/\/decorstone.md\/produse\/\"},{\"@type\":\"ListItem\",\"position\":2,\"name\":\"TEXAS CD-0502\"}]},{\"@type\":\"WebSite\",\"@id\":\"https:\/\/decorstone.md\/#website\",\"url\":\"https:\/\/decorstone.md\/\",\"name\":\"DecorStone - Mobilier Urban \u0219i Pavaje\",\"description\":\"Decorstone\",\"publisher\":{\"@id\":\"https:\/\/decorstone.md\/#organization\"},\"potentialAction\":[{\"@type\":\"SearchAction\",\"target\":{\"@type\":\"EntryPoint\",\"urlTemplate\":\"https:\/\/decorstone.md\/?s={search_term_string}\"},\"query-input\":\"required name=search_term_string\"}],\"inLanguage\":\"en-US\"},{\"@type\":\"Organization\",\"@id\":\"https:\/\/decorstone.md\/#organization\",\"name\":\"DecorStone\",\"url\":\"https:\/\/decorstone.md\/\",\"logo\":{\"@type\":\"ImageObject\",\"inLanguage\":\"en-US\",\"@id\":\"https:\/\/decorstone.md\/#\/schema\/logo\/image\/\",\"url\":\"https:\/\/decorstone.md\/wp-content\/uploads\/2025\/01\/Design-fara-titlu.png\",\"contentUrl\":\"https:\/\/decorstone.md\/wp-content\/uploads\/2025\/01\/Design-fara-titlu.png\",\"width\":2295,\"height\":2295,\"caption\":\"DecorStone\"},\"image\":{\"@id\":\"https:\/\/decorstone.md\/#\/schema\/logo\/image\/\"},\"sameAs\":[\"https:\/\/www.facebook.com\/DecorStoneMD\/\",\"https:\/\/www.instagram.com\/decorstonemd\/\"]}]}<\/script>\n<!-- \/ Yoast SEO Premium plugin. -->","yoast_head_json":{"title":"TEXAS CD-0502 - Mobilier urban","robots":{"index":"index","follow":"follow","max-snippet":"max-snippet:-1","max-image-preview":"max-image-preview:large","max-video-preview":"max-video-preview:-1"},"canonical":"https:\/\/decorstone.md\/en\/product\/texas-cd-0502\/","og_locale":"en_US","og_type":"article","og_title":"TEXAS CD-0502 - Mobilier urban","og_description":"Greutate 1 m2= 25 kg O cutie = 1 m2 Nr. de pietre \u00eentr-un m2 = 85 Modelul de c\u0103r\u0103mid\u0103 decorativ\u0103 \u201eTexas\u201d prezint\u0103 un concept de c\u0103r\u0103mid\u0103 folosit pe larg de britanici \u0219i irlandezi.Placarea cu c\u0103r\u0103mid\u0103 \u201eTexas\u201d se eviden\u021biaz\u0103 prin aspect inedit, dar \u0219i ofer\u0103 un plus de valoare arhitecturii obiectului. Forma u\u0219or bombat\u0103 \u0219i diversitatea structurii \u00eei permite jocului vizual volumetric, moderat prin sobrietatea ce se datoreaz\u0103 m\u0103rimilor identice ale pl\u0103cilor \u0219i culorii mai uniforme dec\u00e2t \u00een cazul celorlalte modele create de Luxconstruct. \u201eTexas\u201d este o c\u0103r\u0103mid\u0103 ob\u021binut\u0103 mecanizat, o c\u0103r\u0103mid\u0103 pentru lumea nou\u0103, pentru noile stiluri \u0219i abord\u0103ri de design \u0219i arhitectur\u0103.","og_url":"https:\/\/decorstone.md\/en\/product\/texas-cd-0502\/","og_site_name":"Mobilier urban","article_publisher":"https:\/\/www.facebook.com\/DecorStoneMD\/","article_modified_time":"2025-09-25T05:44:17+00:00","og_image":[{"width":800,"height":800,"url":"https:\/\/decorstone.md\/wp-content\/uploads\/2024\/06\/TEXAS-CD-0502.jpg","type":"image\/jpeg"}],"twitter_card":"summary_large_image","twitter_misc":{"Est. reading time":"1 minute"},"schema":{"@context":"https:\/\/schema.org","@graph":[{"@type":"WebPage","@id":"https:\/\/decorstone.md\/product\/texas-cd-0502\/","url":"https:\/\/decorstone.md\/product\/texas-cd-0502\/","name":"TEXAS CD-0502 - Mobilier urban","isPartOf":{"@id":"https:\/\/decorstone.md\/#website"},"datePublished":"2022-05-02T18:40:07+00:00","dateModified":"2025-09-25T05:44:17+00:00","breadcrumb":{"@id":"https:\/\/decorstone.md\/product\/texas-cd-0502\/#breadcrumb"},"inLanguage":"en-US","potentialAction":[{"@type":"ReadAction","target":["https:\/\/decorstone.md\/product\/texas-cd-0502\/"]}]},{"@type":"BreadcrumbList","@id":"https:\/\/decorstone.md\/product\/texas-cd-0502\/#breadcrumb","itemListElement":[{"@type":"ListItem","position":1,"name":"Produse","item":"https:\/\/decorstone.md\/produse\/"},{"@type":"ListItem","position":2,"name":"TEXAS CD-0502"}]},{"@type":"WebSite","@id":"https:\/\/decorstone.md\/#website","url":"https:\/\/decorstone.md\/","name":"DecorStone - Mobilier Urban \u0219i Pavaje","description":"Decorstone","publisher":{"@id":"https:\/\/decorstone.md\/#organization"},"potentialAction":[{"@type":"SearchAction","target":{"@type":"EntryPoint","urlTemplate":"https:\/\/decorstone.md\/?s={search_term_string}"},"query-input":"required name=search_term_string"}],"inLanguage":"en-US"},{"@type":"Organization","@id":"https:\/\/decorstone.md\/#organization","name":"DecorStone","url":"https:\/\/decorstone.md\/","logo":{"@type":"ImageObject","inLanguage":"en-US","@id":"https:\/\/decorstone.md\/#\/schema\/logo\/image\/","url":"https:\/\/decorstone.md\/wp-content\/uploads\/2025\/01\/Design-fara-titlu.png","contentUrl":"https:\/\/decorstone.md\/wp-content\/uploads\/2025\/01\/Design-fara-titlu.png","width":2295,"height":2295,"caption":"DecorStone"},"image":{"@id":"https:\/\/decorstone.md\/#\/schema\/logo\/image\/"},"sameAs":["https:\/\/www.facebook.com\/DecorStoneMD\/","https:\/\/www.instagram.com\/decorstonemd\/"]}]}},"_links":{"self":[{"href":"https:\/\/decorstone.md\/en\/wp-json\/wp\/v2\/product\/2705"}],"collection":[{"href":"https:\/\/decorstone.md\/en\/wp-json\/wp\/v2\/product"}],"about":[{"href":"https:\/\/decorstone.md\/en\/wp-json\/wp\/v2\/types\/product"}],"replies":[{"embeddable":true,"href":"https:\/\/decorstone.md\/en\/wp-json\/wp\/v2\/comments?post=2705"}],"wp:featuredmedia":[{"embeddable":true,"href":"https:\/\/decorstone.md\/en\/wp-json\/wp\/v2\/media\/200"}],"wp:attachment":[{"href":"https:\/\/decorstone.md\/en\/wp-json\/wp\/v2\/media?parent=2705"}],"wp:term":[{"taxonomy":"product_cat","embeddable":true,"href":"https:\/\/decorstone.md\/en\/wp-json\/wp\/v2\/product_cat?post=2705"},{"taxonomy":"product_tag","embeddable":true,"href":"https:\/\/decorstone.md\/en\/wp-json\/wp\/v2\/product_tag?post=2705"}],"curies":[{"name":"wp","href":"https:\/\/api.w.org\/{rel}","templated":true}]}}