{"id":2707,"date":"2022-05-02T18:40:07","date_gmt":"2022-05-02T18:40:07","guid":{"rendered":"https:\/\/decorstone.md\/product\/texas-cd-0500\/"},"modified":"2025-09-03T12:30:59","modified_gmt":"2025-09-03T09:30:59","slug":"texas-cd","status":"publish","type":"product","link":"https:\/\/decorstone.md\/en\/product\/texas-cd\/","title":{"rendered":"TEXAS"},"content":{"rendered":"","protected":false},"excerpt":{"rendered":"<p><span style=\"font-weight: 400;\">The &quot;Texas&quot; decorative brick model presents a brick concept widely used by the British and Irish. The &quot;Texas&quot; brick cladding stands out for its unique appearance, but also provides added value to the object&#039;s architecture. The slightly convex shape and the diversity of the structure allow the volumetric visual play, moderated by the sobriety due to the identical sizes of the tiles and the more uniform color than in the case of the other models created by Luxconstruct. &quot;Texas&quot; is a mechanized brick, a brick for the new world, for new styles and approaches to design and architecture.<\/span><\/p>\n<p><span style=\"font-weight: 400;\">Weight 1 m<\/span><span style=\"font-weight: 400;\">2<\/span><span style=\"font-weight: 400;\">= 25 kg<\/span><\/p>\n<p><span style=\"font-weight: 400;\">One box = 1 m<\/span><span style=\"font-weight: 400;\">2<\/span><\/p>\n<p style=\"text-align: justify;\"><span style=\"font-weight: 400;\">No. of stones in a m<\/span><span style=\"font-weight: 400;\">2 <\/span><span style=\"font-weight: 400;\">= 85<\/span><\/p>","protected":false},"featured_media":4057,"comment_status":"closed","ping_status":"closed","template":"","meta":{"bwfblock_default_font":"","inline_featured_image":false},"product_cat":[22,317],"product_tag":[],"class_list":{"0":"post-2707","1":"product","2":"type-product","3":"status-publish","4":"has-post-thumbnail","6":"product_cat-caramida-decorativa","7":"product_cat-caramida-si-piatra-decorativa","8":"pa_culori-cd-0500","9":"pa_culori-cd-0503","10":"pa_culori-cd-0507","11":"pa_culori-cd-0520","12":"pa_culori-cd-0521","13":"pa_culori-cd-0522","15":"first","16":"instock","17":"purchasable","18":"product-type-variable"},"acf":[],"yoast_head":"<!-- This site is optimized with the Yoast SEO Premium plugin v22.1 (Yoast SEO v22.1) - https:\/\/yoast.com\/wordpress\/plugins\/seo\/ -->\n<title>C\u0103r\u0103mida decorativ\u0103 Texas \u2013 Design sofisticat pentru orice spa\u021biu<\/title>\n<meta name=\"description\" content=\"Cump\u0103r\u0103 c\u0103r\u0103mida decorativ\u0103 Texas, inspirat\u0103 din stilul britanic \u0219i irlandez, pentru a ad\u0103uga un plus de valoare arhitectural\u0103 casei tale. Aspect modern \u0219i structural diversificat.\" \/>\n<meta name=\"robots\" content=\"index, follow, max-snippet:-1, max-image-preview:large, max-video-preview:-1\" \/>\n<link rel=\"canonical\" href=\"https:\/\/decorstone.md\/en\/product\/texas-cd\/\" \/>\n<meta property=\"og:locale\" content=\"en_US\" \/>\n<meta property=\"og:type\" content=\"article\" \/>\n<meta property=\"og:title\" content=\"C\u0103r\u0103mida decorativ\u0103 Texas \u2013 Design sofisticat pentru orice spa\u021biu\" \/>\n<meta property=\"og:description\" content=\"Cump\u0103r\u0103 c\u0103r\u0103mida decorativ\u0103 Texas, inspirat\u0103 din stilul britanic \u0219i irlandez, pentru a ad\u0103uga un plus de valoare arhitectural\u0103 casei tale. Aspect modern \u0219i structural diversificat.\" \/>\n<meta property=\"og:url\" content=\"https:\/\/decorstone.md\/en\/product\/texas-cd\/\" \/>\n<meta property=\"og:site_name\" content=\"Mobilier urban\" \/>\n<meta property=\"article:publisher\" content=\"https:\/\/www.facebook.com\/DecorStoneMD\/\" \/>\n<meta property=\"article:modified_time\" content=\"2025-09-03T09:30:59+00:00\" \/>\n<meta property=\"og:image\" content=\"https:\/\/decorstone.md\/wp-content\/uploads\/2022\/05\/TEXAS-CD-0520-scaled.jpg\" \/>\n\t<meta property=\"og:image:width\" content=\"1707\" \/>\n\t<meta property=\"og:image:height\" content=\"2560\" \/>\n\t<meta property=\"og:image:type\" content=\"image\/jpeg\" \/>\n<meta name=\"twitter:card\" content=\"summary_large_image\" \/>\n<meta name=\"twitter:label1\" content=\"Est. reading time\" \/>\n\t<meta name=\"twitter:data1\" content=\"1 minute\" \/>\n<script type=\"application\/ld+json\" class=\"yoast-schema-graph\">{\"@context\":\"https:\/\/schema.org\",\"@graph\":[{\"@type\":\"WebPage\",\"@id\":\"https:\/\/decorstone.md\/product\/texas-cd\/\",\"url\":\"https:\/\/decorstone.md\/product\/texas-cd\/\",\"name\":\"C\u0103r\u0103mida decorativ\u0103 Texas \u2013 Design sofisticat pentru orice spa\u021biu\",\"isPartOf\":{\"@id\":\"https:\/\/decorstone.md\/#website\"},\"datePublished\":\"2022-05-02T18:40:07+00:00\",\"dateModified\":\"2025-09-03T09:30:59+00:00\",\"description\":\"Cump\u0103r\u0103 c\u0103r\u0103mida decorativ\u0103 Texas, inspirat\u0103 din stilul britanic \u0219i irlandez, pentru a ad\u0103uga un plus de valoare arhitectural\u0103 casei tale. Aspect modern \u0219i structural diversificat.\",\"breadcrumb\":{\"@id\":\"https:\/\/decorstone.md\/product\/texas-cd\/#breadcrumb\"},\"inLanguage\":\"en-US\",\"potentialAction\":[{\"@type\":\"ReadAction\",\"target\":[\"https:\/\/decorstone.md\/product\/texas-cd\/\"]}]},{\"@type\":\"BreadcrumbList\",\"@id\":\"https:\/\/decorstone.md\/product\/texas-cd\/#breadcrumb\",\"itemListElement\":[{\"@type\":\"ListItem\",\"position\":1,\"name\":\"Produse\",\"item\":\"https:\/\/decorstone.md\/produse\/\"},{\"@type\":\"ListItem\",\"position\":2,\"name\":\"TEXAS\"}]},{\"@type\":\"WebSite\",\"@id\":\"https:\/\/decorstone.md\/#website\",\"url\":\"https:\/\/decorstone.md\/\",\"name\":\"DecorStone - Mobilier Urban \u0219i Pavaje\",\"description\":\"Decorstone\",\"publisher\":{\"@id\":\"https:\/\/decorstone.md\/#organization\"},\"potentialAction\":[{\"@type\":\"SearchAction\",\"target\":{\"@type\":\"EntryPoint\",\"urlTemplate\":\"https:\/\/decorstone.md\/?s={search_term_string}\"},\"query-input\":\"required name=search_term_string\"}],\"inLanguage\":\"en-US\"},{\"@type\":\"Organization\",\"@id\":\"https:\/\/decorstone.md\/#organization\",\"name\":\"DecorStone\",\"url\":\"https:\/\/decorstone.md\/\",\"logo\":{\"@type\":\"ImageObject\",\"inLanguage\":\"en-US\",\"@id\":\"https:\/\/decorstone.md\/#\/schema\/logo\/image\/\",\"url\":\"https:\/\/decorstone.md\/wp-content\/uploads\/2025\/01\/Design-fara-titlu.png\",\"contentUrl\":\"https:\/\/decorstone.md\/wp-content\/uploads\/2025\/01\/Design-fara-titlu.png\",\"width\":2295,\"height\":2295,\"caption\":\"DecorStone\"},\"image\":{\"@id\":\"https:\/\/decorstone.md\/#\/schema\/logo\/image\/\"},\"sameAs\":[\"https:\/\/www.facebook.com\/DecorStoneMD\/\",\"https:\/\/www.instagram.com\/decorstonemd\/\"]}]}<\/script>\n<!-- \/ Yoast SEO Premium plugin. -->","yoast_head_json":{"title":"C\u0103r\u0103mida decorativ\u0103 Texas \u2013 Design sofisticat pentru orice spa\u021biu","description":"Cump\u0103r\u0103 c\u0103r\u0103mida decorativ\u0103 Texas, inspirat\u0103 din stilul britanic \u0219i irlandez, pentru a ad\u0103uga un plus de valoare arhitectural\u0103 casei tale. Aspect modern \u0219i structural diversificat.","robots":{"index":"index","follow":"follow","max-snippet":"max-snippet:-1","max-image-preview":"max-image-preview:large","max-video-preview":"max-video-preview:-1"},"canonical":"https:\/\/decorstone.md\/en\/product\/texas-cd\/","og_locale":"en_US","og_type":"article","og_title":"C\u0103r\u0103mida decorativ\u0103 Texas \u2013 Design sofisticat pentru orice spa\u021biu","og_description":"Cump\u0103r\u0103 c\u0103r\u0103mida decorativ\u0103 Texas, inspirat\u0103 din stilul britanic \u0219i irlandez, pentru a ad\u0103uga un plus de valoare arhitectural\u0103 casei tale. Aspect modern \u0219i structural diversificat.","og_url":"https:\/\/decorstone.md\/en\/product\/texas-cd\/","og_site_name":"Mobilier urban","article_publisher":"https:\/\/www.facebook.com\/DecorStoneMD\/","article_modified_time":"2025-09-03T09:30:59+00:00","og_image":[{"width":1707,"height":2560,"url":"https:\/\/decorstone.md\/wp-content\/uploads\/2022\/05\/TEXAS-CD-0520-scaled.jpg","type":"image\/jpeg"}],"twitter_card":"summary_large_image","twitter_misc":{"Est. reading time":"1 minute"},"schema":{"@context":"https:\/\/schema.org","@graph":[{"@type":"WebPage","@id":"https:\/\/decorstone.md\/product\/texas-cd\/","url":"https:\/\/decorstone.md\/product\/texas-cd\/","name":"C\u0103r\u0103mida decorativ\u0103 Texas \u2013 Design sofisticat pentru orice spa\u021biu","isPartOf":{"@id":"https:\/\/decorstone.md\/#website"},"datePublished":"2022-05-02T18:40:07+00:00","dateModified":"2025-09-03T09:30:59+00:00","description":"Cump\u0103r\u0103 c\u0103r\u0103mida decorativ\u0103 Texas, inspirat\u0103 din stilul britanic \u0219i irlandez, pentru a ad\u0103uga un plus de valoare arhitectural\u0103 casei tale. Aspect modern \u0219i structural diversificat.","breadcrumb":{"@id":"https:\/\/decorstone.md\/product\/texas-cd\/#breadcrumb"},"inLanguage":"en-US","potentialAction":[{"@type":"ReadAction","target":["https:\/\/decorstone.md\/product\/texas-cd\/"]}]},{"@type":"BreadcrumbList","@id":"https:\/\/decorstone.md\/product\/texas-cd\/#breadcrumb","itemListElement":[{"@type":"ListItem","position":1,"name":"Produse","item":"https:\/\/decorstone.md\/produse\/"},{"@type":"ListItem","position":2,"name":"TEXAS"}]},{"@type":"WebSite","@id":"https:\/\/decorstone.md\/#website","url":"https:\/\/decorstone.md\/","name":"DecorStone - Mobilier Urban \u0219i Pavaje","description":"Decorstone","publisher":{"@id":"https:\/\/decorstone.md\/#organization"},"potentialAction":[{"@type":"SearchAction","target":{"@type":"EntryPoint","urlTemplate":"https:\/\/decorstone.md\/?s={search_term_string}"},"query-input":"required name=search_term_string"}],"inLanguage":"en-US"},{"@type":"Organization","@id":"https:\/\/decorstone.md\/#organization","name":"DecorStone","url":"https:\/\/decorstone.md\/","logo":{"@type":"ImageObject","inLanguage":"en-US","@id":"https:\/\/decorstone.md\/#\/schema\/logo\/image\/","url":"https:\/\/decorstone.md\/wp-content\/uploads\/2025\/01\/Design-fara-titlu.png","contentUrl":"https:\/\/decorstone.md\/wp-content\/uploads\/2025\/01\/Design-fara-titlu.png","width":2295,"height":2295,"caption":"DecorStone"},"image":{"@id":"https:\/\/decorstone.md\/#\/schema\/logo\/image\/"},"sameAs":["https:\/\/www.facebook.com\/DecorStoneMD\/","https:\/\/www.instagram.com\/decorstonemd\/"]}]}},"_links":{"self":[{"href":"https:\/\/decorstone.md\/en\/wp-json\/wp\/v2\/product\/2707"}],"collection":[{"href":"https:\/\/decorstone.md\/en\/wp-json\/wp\/v2\/product"}],"about":[{"href":"https:\/\/decorstone.md\/en\/wp-json\/wp\/v2\/types\/product"}],"replies":[{"embeddable":true,"href":"https:\/\/decorstone.md\/en\/wp-json\/wp\/v2\/comments?post=2707"}],"wp:featuredmedia":[{"embeddable":true,"href":"https:\/\/decorstone.md\/en\/wp-json\/wp\/v2\/media\/4057"}],"wp:attachment":[{"href":"https:\/\/decorstone.md\/en\/wp-json\/wp\/v2\/media?parent=2707"}],"wp:term":[{"taxonomy":"product_cat","embeddable":true,"href":"https:\/\/decorstone.md\/en\/wp-json\/wp\/v2\/product_cat?post=2707"},{"taxonomy":"product_tag","embeddable":true,"href":"https:\/\/decorstone.md\/en\/wp-json\/wp\/v2\/product_tag?post=2707"}],"curies":[{"name":"wp","href":"https:\/\/api.w.org\/{rel}","templated":true}]}}