{"id":2785,"date":"2022-05-30T08:41:24","date_gmt":"2022-05-30T08:41:24","guid":{"rendered":"https:\/\/decorstone.md\/product\/sfera\/"},"modified":"2024-10-15T15:17:15","modified_gmt":"2024-10-15T12:17:15","slug":"sfera","status":"publish","type":"product","link":"https:\/\/decorstone.md\/en\/product\/sphere\/","title":{"rendered":"Sphere"},"content":{"rendered":"","protected":false},"excerpt":{"rendered":"<p><span style=\"font-weight: 400;\">Ele transform\u0103 o curte sau o teras\u0103 \u00eentr-un loc inedit &#8211; \u00een special modelele albe, amintind de st\u00e2ncile Greciei. Forma lor sferic\u0103 \u0219i aspectul u\u0219or lunecos, ofer\u0103 intens senza\u021bia de fine\u021be. \u0218i dac\u0103 v\u0103 a\u0219tepta\u021bi ca aceste sfere s\u0103 aib\u0103 greutatea unei pietre, s\u0103 \u0219ti\u021bi c\u0103 nu e deloc a\u0219a \u0219i ele pot fi u\u0219or luate \u00een bra\u021be de un copil.<\/span><\/p>","protected":false},"featured_media":3818,"comment_status":"closed","ping_status":"closed","template":"","meta":{"bwfblock_default_font":"","inline_featured_image":false},"product_cat":[33,36,274],"product_tag":[],"class_list":{"0":"post-2785","1":"product","2":"type-product","3":"status-publish","4":"has-post-thumbnail","6":"product_cat-ghivece","7":"product_cat-urban-22","8":"product_cat-delimitatoare-de-acces","9":"pa_culori-antracite","10":"pa_culori-grey","11":"pa_culori-iron-stone","12":"pa_culori-teracota","13":"pa_culori-white-grey","14":"pa_dimensiuni-d200mm","15":"pa_dimensiuni-d300mm","16":"pa_dimensiuni-d400-mm","17":"pa_dimensiuni-d500-mm","18":"pa_dimensiuni-d600mm","20":"first","21":"instock","22":"purchasable","23":"product-type-variable"},"acf":[],"yoast_head":"<!-- This site is optimized with the Yoast SEO Premium plugin v22.1 (Yoast SEO v22.1) - https:\/\/yoast.com\/wordpress\/plugins\/seo\/ -->\n<title>Sfera - Mobilier urban<\/title>\n<meta name=\"robots\" content=\"index, follow, max-snippet:-1, max-image-preview:large, max-video-preview:-1\" \/>\n<link rel=\"canonical\" href=\"https:\/\/decorstone.md\/en\/product\/sphere\/\" \/>\n<meta property=\"og:locale\" content=\"en_US\" \/>\n<meta property=\"og:type\" content=\"article\" \/>\n<meta property=\"og:title\" content=\"Sfera - Mobilier urban\" \/>\n<meta property=\"og:description\" content=\"Ele transform\u0103 o curte sau o teras\u0103 \u00eentr-un loc inedit - \u00een special modelele albe, amintind de st\u00e2ncile Greciei. Forma lor sferic\u0103 \u0219i aspectul u\u0219or lunecos, ofer\u0103 intens senza\u021bia de fine\u021be. \u0218i dac\u0103 v\u0103 a\u0219tepta\u021bi ca aceste sfere s\u0103 aib\u0103 greutatea unei pietre, s\u0103 \u0219ti\u021bi c\u0103 nu e deloc a\u0219a \u0219i ele pot fi u\u0219or luate \u00een bra\u021be de un copil.\" \/>\n<meta property=\"og:url\" content=\"https:\/\/decorstone.md\/en\/product\/sphere\/\" \/>\n<meta property=\"og:site_name\" content=\"Mobilier urban\" \/>\n<meta property=\"article:publisher\" content=\"https:\/\/www.facebook.com\/DecorStoneMD\/\" \/>\n<meta property=\"article:modified_time\" content=\"2024-10-15T12:17:15+00:00\" \/>\n<meta property=\"og:image\" content=\"https:\/\/decorstone.md\/wp-content\/uploads\/2022\/05\/principala1.jpg\" \/>\n\t<meta property=\"og:image:width\" content=\"1920\" \/>\n\t<meta property=\"og:image:height\" content=\"1920\" \/>\n\t<meta property=\"og:image:type\" content=\"image\/jpeg\" \/>\n<meta name=\"twitter:card\" content=\"summary_large_image\" \/>\n<meta name=\"twitter:label1\" content=\"Est. reading time\" \/>\n\t<meta name=\"twitter:data1\" content=\"1 minute\" \/>\n<script type=\"application\/ld+json\" class=\"yoast-schema-graph\">{\"@context\":\"https:\/\/schema.org\",\"@graph\":[{\"@type\":\"WebPage\",\"@id\":\"https:\/\/decorstone.md\/product\/sfera\/\",\"url\":\"https:\/\/decorstone.md\/product\/sfera\/\",\"name\":\"Sfera - Mobilier urban\",\"isPartOf\":{\"@id\":\"https:\/\/decorstone.md\/#website\"},\"datePublished\":\"2022-05-30T08:41:24+00:00\",\"dateModified\":\"2024-10-15T12:17:15+00:00\",\"breadcrumb\":{\"@id\":\"https:\/\/decorstone.md\/product\/sfera\/#breadcrumb\"},\"inLanguage\":\"en-US\",\"potentialAction\":[{\"@type\":\"ReadAction\",\"target\":[\"https:\/\/decorstone.md\/product\/sfera\/\"]}]},{\"@type\":\"BreadcrumbList\",\"@id\":\"https:\/\/decorstone.md\/product\/sfera\/#breadcrumb\",\"itemListElement\":[{\"@type\":\"ListItem\",\"position\":1,\"name\":\"Produse\",\"item\":\"https:\/\/decorstone.md\/produse\/\"},{\"@type\":\"ListItem\",\"position\":2,\"name\":\"Sfera\"}]},{\"@type\":\"WebSite\",\"@id\":\"https:\/\/decorstone.md\/#website\",\"url\":\"https:\/\/decorstone.md\/\",\"name\":\"DecorStone - Mobilier Urban \u0219i Pavaje\",\"description\":\"Decorstone\",\"publisher\":{\"@id\":\"https:\/\/decorstone.md\/#organization\"},\"potentialAction\":[{\"@type\":\"SearchAction\",\"target\":{\"@type\":\"EntryPoint\",\"urlTemplate\":\"https:\/\/decorstone.md\/?s={search_term_string}\"},\"query-input\":\"required name=search_term_string\"}],\"inLanguage\":\"en-US\"},{\"@type\":\"Organization\",\"@id\":\"https:\/\/decorstone.md\/#organization\",\"name\":\"DecorStone\",\"url\":\"https:\/\/decorstone.md\/\",\"logo\":{\"@type\":\"ImageObject\",\"inLanguage\":\"en-US\",\"@id\":\"https:\/\/decorstone.md\/#\/schema\/logo\/image\/\",\"url\":\"https:\/\/decorstone.md\/wp-content\/uploads\/2025\/01\/Design-fara-titlu.png\",\"contentUrl\":\"https:\/\/decorstone.md\/wp-content\/uploads\/2025\/01\/Design-fara-titlu.png\",\"width\":2295,\"height\":2295,\"caption\":\"DecorStone\"},\"image\":{\"@id\":\"https:\/\/decorstone.md\/#\/schema\/logo\/image\/\"},\"sameAs\":[\"https:\/\/www.facebook.com\/DecorStoneMD\/\",\"https:\/\/www.instagram.com\/decorstonemd\/\"]}]}<\/script>\n<!-- \/ Yoast SEO Premium plugin. -->","yoast_head_json":{"title":"Sfera - Mobilier urban","robots":{"index":"index","follow":"follow","max-snippet":"max-snippet:-1","max-image-preview":"max-image-preview:large","max-video-preview":"max-video-preview:-1"},"canonical":"https:\/\/decorstone.md\/en\/product\/sphere\/","og_locale":"en_US","og_type":"article","og_title":"Sfera - Mobilier urban","og_description":"Ele transform\u0103 o curte sau o teras\u0103 \u00eentr-un loc inedit - \u00een special modelele albe, amintind de st\u00e2ncile Greciei. Forma lor sferic\u0103 \u0219i aspectul u\u0219or lunecos, ofer\u0103 intens senza\u021bia de fine\u021be. \u0218i dac\u0103 v\u0103 a\u0219tepta\u021bi ca aceste sfere s\u0103 aib\u0103 greutatea unei pietre, s\u0103 \u0219ti\u021bi c\u0103 nu e deloc a\u0219a \u0219i ele pot fi u\u0219or luate \u00een bra\u021be de un copil.","og_url":"https:\/\/decorstone.md\/en\/product\/sphere\/","og_site_name":"Mobilier urban","article_publisher":"https:\/\/www.facebook.com\/DecorStoneMD\/","article_modified_time":"2024-10-15T12:17:15+00:00","og_image":[{"width":1920,"height":1920,"url":"https:\/\/decorstone.md\/wp-content\/uploads\/2022\/05\/principala1.jpg","type":"image\/jpeg"}],"twitter_card":"summary_large_image","twitter_misc":{"Est. reading time":"1 minute"},"schema":{"@context":"https:\/\/schema.org","@graph":[{"@type":"WebPage","@id":"https:\/\/decorstone.md\/product\/sfera\/","url":"https:\/\/decorstone.md\/product\/sfera\/","name":"Sfera - Mobilier urban","isPartOf":{"@id":"https:\/\/decorstone.md\/#website"},"datePublished":"2022-05-30T08:41:24+00:00","dateModified":"2024-10-15T12:17:15+00:00","breadcrumb":{"@id":"https:\/\/decorstone.md\/product\/sfera\/#breadcrumb"},"inLanguage":"en-US","potentialAction":[{"@type":"ReadAction","target":["https:\/\/decorstone.md\/product\/sfera\/"]}]},{"@type":"BreadcrumbList","@id":"https:\/\/decorstone.md\/product\/sfera\/#breadcrumb","itemListElement":[{"@type":"ListItem","position":1,"name":"Produse","item":"https:\/\/decorstone.md\/produse\/"},{"@type":"ListItem","position":2,"name":"Sfera"}]},{"@type":"WebSite","@id":"https:\/\/decorstone.md\/#website","url":"https:\/\/decorstone.md\/","name":"DecorStone - Mobilier Urban \u0219i Pavaje","description":"Decorstone","publisher":{"@id":"https:\/\/decorstone.md\/#organization"},"potentialAction":[{"@type":"SearchAction","target":{"@type":"EntryPoint","urlTemplate":"https:\/\/decorstone.md\/?s={search_term_string}"},"query-input":"required name=search_term_string"}],"inLanguage":"en-US"},{"@type":"Organization","@id":"https:\/\/decorstone.md\/#organization","name":"DecorStone","url":"https:\/\/decorstone.md\/","logo":{"@type":"ImageObject","inLanguage":"en-US","@id":"https:\/\/decorstone.md\/#\/schema\/logo\/image\/","url":"https:\/\/decorstone.md\/wp-content\/uploads\/2025\/01\/Design-fara-titlu.png","contentUrl":"https:\/\/decorstone.md\/wp-content\/uploads\/2025\/01\/Design-fara-titlu.png","width":2295,"height":2295,"caption":"DecorStone"},"image":{"@id":"https:\/\/decorstone.md\/#\/schema\/logo\/image\/"},"sameAs":["https:\/\/www.facebook.com\/DecorStoneMD\/","https:\/\/www.instagram.com\/decorstonemd\/"]}]}},"_links":{"self":[{"href":"https:\/\/decorstone.md\/en\/wp-json\/wp\/v2\/product\/2785"}],"collection":[{"href":"https:\/\/decorstone.md\/en\/wp-json\/wp\/v2\/product"}],"about":[{"href":"https:\/\/decorstone.md\/en\/wp-json\/wp\/v2\/types\/product"}],"replies":[{"embeddable":true,"href":"https:\/\/decorstone.md\/en\/wp-json\/wp\/v2\/comments?post=2785"}],"wp:featuredmedia":[{"embeddable":true,"href":"https:\/\/decorstone.md\/en\/wp-json\/wp\/v2\/media\/3818"}],"wp:attachment":[{"href":"https:\/\/decorstone.md\/en\/wp-json\/wp\/v2\/media?parent=2785"}],"wp:term":[{"taxonomy":"product_cat","embeddable":true,"href":"https:\/\/decorstone.md\/en\/wp-json\/wp\/v2\/product_cat?post=2785"},{"taxonomy":"product_tag","embeddable":true,"href":"https:\/\/decorstone.md\/en\/wp-json\/wp\/v2\/product_tag?post=2785"}],"curies":[{"name":"wp","href":"https:\/\/api.w.org\/{rel}","templated":true}]}}