{"id":2826,"date":"2022-05-31T21:20:38","date_gmt":"2022-05-31T21:20:38","guid":{"rendered":"https:\/\/decorstone.md\/product\/banca-de-beton-cu-speteaza-din-lemn\/"},"modified":"2025-12-08T10:50:48","modified_gmt":"2025-12-08T08:50:48","slug":"banca-de-beton-cu-speteaza-din-lemn","status":"publish","type":"product","link":"https:\/\/decorstone.md\/en\/product\/concrete-bench-with-wooden-back\/","title":{"rendered":"Concrete bench with wooden backs"},"content":{"rendered":"","protected":false},"excerpt":{"rendered":"<p style=\"text-align: justify;\"><span style=\"font-weight: 400;\">FIBER CEMENT BENCHES WITH BACKS are the optimal option for public spaces, thanks to the convenience offered by the wooden backs. When assembling them, 40mm thick wood is used, which ensures the durability of the product over time. The ergonomic backrest provides optimal support for the back, guaranteeing complete relaxation.<\/span><\/p>","protected":false},"featured_media":341,"comment_status":"closed","ping_status":"closed","template":"","meta":{"bwfblock_default_font":"","inline_featured_image":false},"product_cat":[37,36],"product_tag":[],"class_list":{"0":"post-2826","1":"product","2":"type-product","3":"status-publish","4":"has-post-thumbnail","6":"product_cat-banci","7":"product_cat-urban-22","8":"pa_culori-graphite","9":"pa_culori-natural","10":"pa_dimensiuni-2000mm-x-450mm-x-450mm","12":"first","13":"instock","14":"purchasable","15":"product-type-variable"},"acf":[],"yoast_head":"<!-- This site is optimized with the Yoast SEO Premium plugin v22.1 (Yoast SEO v22.1) - https:\/\/yoast.com\/wordpress\/plugins\/seo\/ -->\n<title>Banc\u0103 de beton cu speteaz\u0103 din lemn - Mobilier urban<\/title>\n<meta name=\"robots\" content=\"index, follow, max-snippet:-1, max-image-preview:large, max-video-preview:-1\" \/>\n<link rel=\"canonical\" href=\"https:\/\/decorstone.md\/en\/product\/concrete-bench-with-wooden-back\/\" \/>\n<meta property=\"og:locale\" content=\"en_US\" \/>\n<meta property=\"og:type\" content=\"article\" \/>\n<meta property=\"og:title\" content=\"Banc\u0103 de beton cu speteaz\u0103 din lemn - Mobilier urban\" \/>\n<meta property=\"og:description\" content=\"B\u0102NCILE DIN FIBROCIMENT CU SPETEAZ\u0102 reprezint\u0103 varianta optim\u0103 pentru spa\u021biul public, datorit\u0103 comodit\u0103\u021bii oferite de speteaza de lemn. La ansamblarea acestora se utilizeaz\u0103 lemn cu grosimea de 40mm, care asigur\u0103 rezisten\u021ba \u00een timp a produsului. Speteaza ergonomic\u0103 ofer\u0103 suport optim pentru spate, garant\u00e2nd relaxare deplin\u0103.\" \/>\n<meta property=\"og:url\" content=\"https:\/\/decorstone.md\/en\/product\/concrete-bench-with-wooden-back\/\" \/>\n<meta property=\"og:site_name\" content=\"Mobilier urban\" \/>\n<meta property=\"article:publisher\" content=\"https:\/\/www.facebook.com\/DecorStoneMD\/\" \/>\n<meta property=\"article:modified_time\" content=\"2025-12-08T08:50:48+00:00\" \/>\n<meta property=\"og:image\" content=\"https:\/\/decorstone.md\/wp-content\/uploads\/2024\/06\/Banca-de-beton-cu-speteaza-din-lemn.jpg\" \/>\n\t<meta property=\"og:image:width\" content=\"600\" \/>\n\t<meta property=\"og:image:height\" content=\"600\" \/>\n\t<meta property=\"og:image:type\" content=\"image\/jpeg\" \/>\n<meta name=\"twitter:card\" content=\"summary_large_image\" \/>\n<meta name=\"twitter:label1\" content=\"Est. reading time\" \/>\n\t<meta name=\"twitter:data1\" content=\"1 minute\" \/>\n<script type=\"application\/ld+json\" class=\"yoast-schema-graph\">{\"@context\":\"https:\/\/schema.org\",\"@graph\":[{\"@type\":\"WebPage\",\"@id\":\"https:\/\/decorstone.md\/product\/banca-de-beton-cu-speteaza-din-lemn\/\",\"url\":\"https:\/\/decorstone.md\/product\/banca-de-beton-cu-speteaza-din-lemn\/\",\"name\":\"Banc\u0103 de beton cu speteaz\u0103 din lemn - Mobilier urban\",\"isPartOf\":{\"@id\":\"https:\/\/decorstone.md\/#website\"},\"datePublished\":\"2022-05-31T21:20:38+00:00\",\"dateModified\":\"2025-12-08T08:50:48+00:00\",\"breadcrumb\":{\"@id\":\"https:\/\/decorstone.md\/product\/banca-de-beton-cu-speteaza-din-lemn\/#breadcrumb\"},\"inLanguage\":\"en-US\",\"potentialAction\":[{\"@type\":\"ReadAction\",\"target\":[\"https:\/\/decorstone.md\/product\/banca-de-beton-cu-speteaza-din-lemn\/\"]}]},{\"@type\":\"BreadcrumbList\",\"@id\":\"https:\/\/decorstone.md\/product\/banca-de-beton-cu-speteaza-din-lemn\/#breadcrumb\",\"itemListElement\":[{\"@type\":\"ListItem\",\"position\":1,\"name\":\"Produse\",\"item\":\"https:\/\/decorstone.md\/produse\/\"},{\"@type\":\"ListItem\",\"position\":2,\"name\":\"Banc\u0103 de beton cu speteaz\u0103 din lemn\"}]},{\"@type\":\"WebSite\",\"@id\":\"https:\/\/decorstone.md\/#website\",\"url\":\"https:\/\/decorstone.md\/\",\"name\":\"DecorStone - Mobilier Urban \u0219i Pavaje\",\"description\":\"Decorstone\",\"publisher\":{\"@id\":\"https:\/\/decorstone.md\/#organization\"},\"potentialAction\":[{\"@type\":\"SearchAction\",\"target\":{\"@type\":\"EntryPoint\",\"urlTemplate\":\"https:\/\/decorstone.md\/?s={search_term_string}\"},\"query-input\":\"required name=search_term_string\"}],\"inLanguage\":\"en-US\"},{\"@type\":\"Organization\",\"@id\":\"https:\/\/decorstone.md\/#organization\",\"name\":\"DecorStone\",\"url\":\"https:\/\/decorstone.md\/\",\"logo\":{\"@type\":\"ImageObject\",\"inLanguage\":\"en-US\",\"@id\":\"https:\/\/decorstone.md\/#\/schema\/logo\/image\/\",\"url\":\"https:\/\/decorstone.md\/wp-content\/uploads\/2025\/01\/Design-fara-titlu.png\",\"contentUrl\":\"https:\/\/decorstone.md\/wp-content\/uploads\/2025\/01\/Design-fara-titlu.png\",\"width\":2295,\"height\":2295,\"caption\":\"DecorStone\"},\"image\":{\"@id\":\"https:\/\/decorstone.md\/#\/schema\/logo\/image\/\"},\"sameAs\":[\"https:\/\/www.facebook.com\/DecorStoneMD\/\",\"https:\/\/www.instagram.com\/decorstonemd\/\"]}]}<\/script>\n<!-- \/ Yoast SEO Premium plugin. -->","yoast_head_json":{"title":"Banc\u0103 de beton cu speteaz\u0103 din lemn - Mobilier urban","robots":{"index":"index","follow":"follow","max-snippet":"max-snippet:-1","max-image-preview":"max-image-preview:large","max-video-preview":"max-video-preview:-1"},"canonical":"https:\/\/decorstone.md\/en\/product\/concrete-bench-with-wooden-back\/","og_locale":"en_US","og_type":"article","og_title":"Banc\u0103 de beton cu speteaz\u0103 din lemn - Mobilier urban","og_description":"B\u0102NCILE DIN FIBROCIMENT CU SPETEAZ\u0102 reprezint\u0103 varianta optim\u0103 pentru spa\u021biul public, datorit\u0103 comodit\u0103\u021bii oferite de speteaza de lemn. La ansamblarea acestora se utilizeaz\u0103 lemn cu grosimea de 40mm, care asigur\u0103 rezisten\u021ba \u00een timp a produsului. Speteaza ergonomic\u0103 ofer\u0103 suport optim pentru spate, garant\u00e2nd relaxare deplin\u0103.","og_url":"https:\/\/decorstone.md\/en\/product\/concrete-bench-with-wooden-back\/","og_site_name":"Mobilier urban","article_publisher":"https:\/\/www.facebook.com\/DecorStoneMD\/","article_modified_time":"2025-12-08T08:50:48+00:00","og_image":[{"width":600,"height":600,"url":"https:\/\/decorstone.md\/wp-content\/uploads\/2024\/06\/Banca-de-beton-cu-speteaza-din-lemn.jpg","type":"image\/jpeg"}],"twitter_card":"summary_large_image","twitter_misc":{"Est. reading time":"1 minute"},"schema":{"@context":"https:\/\/schema.org","@graph":[{"@type":"WebPage","@id":"https:\/\/decorstone.md\/product\/banca-de-beton-cu-speteaza-din-lemn\/","url":"https:\/\/decorstone.md\/product\/banca-de-beton-cu-speteaza-din-lemn\/","name":"Banc\u0103 de beton cu speteaz\u0103 din lemn - Mobilier urban","isPartOf":{"@id":"https:\/\/decorstone.md\/#website"},"datePublished":"2022-05-31T21:20:38+00:00","dateModified":"2025-12-08T08:50:48+00:00","breadcrumb":{"@id":"https:\/\/decorstone.md\/product\/banca-de-beton-cu-speteaza-din-lemn\/#breadcrumb"},"inLanguage":"en-US","potentialAction":[{"@type":"ReadAction","target":["https:\/\/decorstone.md\/product\/banca-de-beton-cu-speteaza-din-lemn\/"]}]},{"@type":"BreadcrumbList","@id":"https:\/\/decorstone.md\/product\/banca-de-beton-cu-speteaza-din-lemn\/#breadcrumb","itemListElement":[{"@type":"ListItem","position":1,"name":"Produse","item":"https:\/\/decorstone.md\/produse\/"},{"@type":"ListItem","position":2,"name":"Banc\u0103 de beton cu speteaz\u0103 din lemn"}]},{"@type":"WebSite","@id":"https:\/\/decorstone.md\/#website","url":"https:\/\/decorstone.md\/","name":"DecorStone - Mobilier Urban \u0219i Pavaje","description":"Decorstone","publisher":{"@id":"https:\/\/decorstone.md\/#organization"},"potentialAction":[{"@type":"SearchAction","target":{"@type":"EntryPoint","urlTemplate":"https:\/\/decorstone.md\/?s={search_term_string}"},"query-input":"required name=search_term_string"}],"inLanguage":"en-US"},{"@type":"Organization","@id":"https:\/\/decorstone.md\/#organization","name":"DecorStone","url":"https:\/\/decorstone.md\/","logo":{"@type":"ImageObject","inLanguage":"en-US","@id":"https:\/\/decorstone.md\/#\/schema\/logo\/image\/","url":"https:\/\/decorstone.md\/wp-content\/uploads\/2025\/01\/Design-fara-titlu.png","contentUrl":"https:\/\/decorstone.md\/wp-content\/uploads\/2025\/01\/Design-fara-titlu.png","width":2295,"height":2295,"caption":"DecorStone"},"image":{"@id":"https:\/\/decorstone.md\/#\/schema\/logo\/image\/"},"sameAs":["https:\/\/www.facebook.com\/DecorStoneMD\/","https:\/\/www.instagram.com\/decorstonemd\/"]}]}},"_links":{"self":[{"href":"https:\/\/decorstone.md\/en\/wp-json\/wp\/v2\/product\/2826"}],"collection":[{"href":"https:\/\/decorstone.md\/en\/wp-json\/wp\/v2\/product"}],"about":[{"href":"https:\/\/decorstone.md\/en\/wp-json\/wp\/v2\/types\/product"}],"replies":[{"embeddable":true,"href":"https:\/\/decorstone.md\/en\/wp-json\/wp\/v2\/comments?post=2826"}],"wp:featuredmedia":[{"embeddable":true,"href":"https:\/\/decorstone.md\/en\/wp-json\/wp\/v2\/media\/341"}],"wp:attachment":[{"href":"https:\/\/decorstone.md\/en\/wp-json\/wp\/v2\/media?parent=2826"}],"wp:term":[{"taxonomy":"product_cat","embeddable":true,"href":"https:\/\/decorstone.md\/en\/wp-json\/wp\/v2\/product_cat?post=2826"},{"taxonomy":"product_tag","embeddable":true,"href":"https:\/\/decorstone.md\/en\/wp-json\/wp\/v2\/product_tag?post=2826"}],"curies":[{"name":"wp","href":"https:\/\/api.w.org\/{rel}","templated":true}]}}