{"id":2830,"date":"2022-05-31T21:55:08","date_gmt":"2022-05-31T21:55:08","guid":{"rendered":"https:\/\/decorstone.md\/product\/banca-de-beton-cu-lemn-fara-speteaza-cu-ghiveci\/"},"modified":"2024-11-01T15:23:36","modified_gmt":"2024-11-01T13:23:36","slug":"banca-de-beton-cu-lemn-fara-speteaza-cu-ghiveci","status":"publish","type":"product","link":"https:\/\/decorstone.md\/en\/product\/concrete-bench-with-wood-without-a-back-with-pots\/","title":{"rendered":"Concrete bench with wood without backsplash with pots"},"content":{"rendered":"","protected":false},"excerpt":{"rendered":"<p><span style=\"font-weight: 400;\">FIBER CEMENT BENCHES WITH POTS are an ideal option for arranging public spaces. It integrates perfectly into various environments, from large urban projects to private gardens. The 400x400x400H\/mm size pot adds extra utility to the bench, as it allows the planting of flowers or ornamental shrubs, bringing nature and color to urban spaces. The solid construction provides excellent stability and the materials used provide durability and resistance over time.<\/span><\/p>","protected":false},"featured_media":347,"comment_status":"closed","ping_status":"closed","template":"","meta":{"bwfblock_default_font":"","inline_featured_image":false},"product_cat":[37,36],"product_tag":[],"class_list":{"0":"post-2830","1":"product","2":"type-product","3":"status-publish","4":"has-post-thumbnail","6":"product_cat-banci","7":"product_cat-urban-22","8":"pa_culori-graphite","9":"pa_culori-natural","10":"pa_dimensiuni-2000mm-x-450mm-x-450mm","12":"first","13":"instock","14":"purchasable","15":"product-type-variable"},"acf":[],"yoast_head":"<!-- This site is optimized with the Yoast SEO Premium plugin v22.1 (Yoast SEO v22.1) - https:\/\/yoast.com\/wordpress\/plugins\/seo\/ -->\n<title>Banc\u0103 de beton cu lemn f\u0103r\u0103 speteaz\u0103 cu ghiveci - Mobilier urban<\/title>\n<meta name=\"robots\" content=\"index, follow, max-snippet:-1, max-image-preview:large, max-video-preview:-1\" \/>\n<link rel=\"canonical\" href=\"https:\/\/decorstone.md\/en\/product\/concrete-bench-with-wood-without-a-back-with-pots\/\" \/>\n<meta property=\"og:locale\" content=\"en_US\" \/>\n<meta property=\"og:type\" content=\"article\" \/>\n<meta property=\"og:title\" content=\"Banc\u0103 de beton cu lemn f\u0103r\u0103 speteaz\u0103 cu ghiveci - Mobilier urban\" \/>\n<meta property=\"og:description\" content=\"B\u0102NCILE DIN FIBROCIMENT CU GHIVECI\u00a0 sunt o op\u021biune ideal\u0103 pentru pentru amenajarea spa\u021biului public. Se integreaz\u0103 perfect \u00een diverse medii, de la proiecte urbane mari p\u00e2n\u0103 la gr\u0103dini private.\u00a0 Ghiveciul de dimensiunea 400x400x400H\/mm adaug\u0103 un plus de utilitate pentru banc\u0103, \u00eentruc\u00e2t permite plantarea de flori sau arbu\u0219ti ornamentali, aduc\u00e2nd natur\u0103 \u0219i culoare \u00een spa\u021biile urbane. Construc\u021bia solid\u0103 ofer\u0103 o stabilitate excelent\u0103, iar materialele utilizate ofer\u0103 durabilitate \u0219i rezisten\u021b\u0103 \u00een timp.\" \/>\n<meta property=\"og:url\" content=\"https:\/\/decorstone.md\/en\/product\/concrete-bench-with-wood-without-a-back-with-pots\/\" \/>\n<meta property=\"og:site_name\" content=\"Mobilier urban\" \/>\n<meta property=\"article:publisher\" content=\"https:\/\/www.facebook.com\/DecorStoneMD\/\" \/>\n<meta property=\"article:modified_time\" content=\"2024-11-01T13:23:36+00:00\" \/>\n<meta property=\"og:image\" content=\"https:\/\/decorstone.md\/wp-content\/uploads\/2024\/06\/Banca-de-beton-cu-lemn-fara-speteaza-cu-ghiveci.jpg\" \/>\n\t<meta property=\"og:image:width\" content=\"600\" \/>\n\t<meta property=\"og:image:height\" content=\"600\" \/>\n\t<meta property=\"og:image:type\" content=\"image\/jpeg\" \/>\n<meta name=\"twitter:card\" content=\"summary_large_image\" \/>\n<meta name=\"twitter:label1\" content=\"Est. reading time\" \/>\n\t<meta name=\"twitter:data1\" content=\"1 minute\" \/>\n<script type=\"application\/ld+json\" class=\"yoast-schema-graph\">{\"@context\":\"https:\/\/schema.org\",\"@graph\":[{\"@type\":\"WebPage\",\"@id\":\"https:\/\/decorstone.md\/product\/banca-de-beton-cu-lemn-fara-speteaza-cu-ghiveci\/\",\"url\":\"https:\/\/decorstone.md\/product\/banca-de-beton-cu-lemn-fara-speteaza-cu-ghiveci\/\",\"name\":\"Banc\u0103 de beton cu lemn f\u0103r\u0103 speteaz\u0103 cu ghiveci - Mobilier urban\",\"isPartOf\":{\"@id\":\"https:\/\/decorstone.md\/#website\"},\"datePublished\":\"2022-05-31T21:55:08+00:00\",\"dateModified\":\"2024-11-01T13:23:36+00:00\",\"breadcrumb\":{\"@id\":\"https:\/\/decorstone.md\/product\/banca-de-beton-cu-lemn-fara-speteaza-cu-ghiveci\/#breadcrumb\"},\"inLanguage\":\"en-US\",\"potentialAction\":[{\"@type\":\"ReadAction\",\"target\":[\"https:\/\/decorstone.md\/product\/banca-de-beton-cu-lemn-fara-speteaza-cu-ghiveci\/\"]}]},{\"@type\":\"BreadcrumbList\",\"@id\":\"https:\/\/decorstone.md\/product\/banca-de-beton-cu-lemn-fara-speteaza-cu-ghiveci\/#breadcrumb\",\"itemListElement\":[{\"@type\":\"ListItem\",\"position\":1,\"name\":\"Produse\",\"item\":\"https:\/\/decorstone.md\/produse\/\"},{\"@type\":\"ListItem\",\"position\":2,\"name\":\"Banc\u0103 de beton cu lemn f\u0103r\u0103 speteaz\u0103 cu ghiveci\"}]},{\"@type\":\"WebSite\",\"@id\":\"https:\/\/decorstone.md\/#website\",\"url\":\"https:\/\/decorstone.md\/\",\"name\":\"DecorStone - Mobilier Urban \u0219i Pavaje\",\"description\":\"Decorstone\",\"publisher\":{\"@id\":\"https:\/\/decorstone.md\/#organization\"},\"potentialAction\":[{\"@type\":\"SearchAction\",\"target\":{\"@type\":\"EntryPoint\",\"urlTemplate\":\"https:\/\/decorstone.md\/?s={search_term_string}\"},\"query-input\":\"required name=search_term_string\"}],\"inLanguage\":\"en-US\"},{\"@type\":\"Organization\",\"@id\":\"https:\/\/decorstone.md\/#organization\",\"name\":\"DecorStone\",\"url\":\"https:\/\/decorstone.md\/\",\"logo\":{\"@type\":\"ImageObject\",\"inLanguage\":\"en-US\",\"@id\":\"https:\/\/decorstone.md\/#\/schema\/logo\/image\/\",\"url\":\"https:\/\/decorstone.md\/wp-content\/uploads\/2025\/01\/Design-fara-titlu.png\",\"contentUrl\":\"https:\/\/decorstone.md\/wp-content\/uploads\/2025\/01\/Design-fara-titlu.png\",\"width\":2295,\"height\":2295,\"caption\":\"DecorStone\"},\"image\":{\"@id\":\"https:\/\/decorstone.md\/#\/schema\/logo\/image\/\"},\"sameAs\":[\"https:\/\/www.facebook.com\/DecorStoneMD\/\",\"https:\/\/www.instagram.com\/decorstonemd\/\"]}]}<\/script>\n<!-- \/ Yoast SEO Premium plugin. -->","yoast_head_json":{"title":"Banc\u0103 de beton cu lemn f\u0103r\u0103 speteaz\u0103 cu ghiveci - Mobilier urban","robots":{"index":"index","follow":"follow","max-snippet":"max-snippet:-1","max-image-preview":"max-image-preview:large","max-video-preview":"max-video-preview:-1"},"canonical":"https:\/\/decorstone.md\/en\/product\/concrete-bench-with-wood-without-a-back-with-pots\/","og_locale":"en_US","og_type":"article","og_title":"Banc\u0103 de beton cu lemn f\u0103r\u0103 speteaz\u0103 cu ghiveci - Mobilier urban","og_description":"B\u0102NCILE DIN FIBROCIMENT CU GHIVECI\u00a0 sunt o op\u021biune ideal\u0103 pentru pentru amenajarea spa\u021biului public. Se integreaz\u0103 perfect \u00een diverse medii, de la proiecte urbane mari p\u00e2n\u0103 la gr\u0103dini private.\u00a0 Ghiveciul de dimensiunea 400x400x400H\/mm adaug\u0103 un plus de utilitate pentru banc\u0103, \u00eentruc\u00e2t permite plantarea de flori sau arbu\u0219ti ornamentali, aduc\u00e2nd natur\u0103 \u0219i culoare \u00een spa\u021biile urbane. Construc\u021bia solid\u0103 ofer\u0103 o stabilitate excelent\u0103, iar materialele utilizate ofer\u0103 durabilitate \u0219i rezisten\u021b\u0103 \u00een timp.","og_url":"https:\/\/decorstone.md\/en\/product\/concrete-bench-with-wood-without-a-back-with-pots\/","og_site_name":"Mobilier urban","article_publisher":"https:\/\/www.facebook.com\/DecorStoneMD\/","article_modified_time":"2024-11-01T13:23:36+00:00","og_image":[{"width":600,"height":600,"url":"https:\/\/decorstone.md\/wp-content\/uploads\/2024\/06\/Banca-de-beton-cu-lemn-fara-speteaza-cu-ghiveci.jpg","type":"image\/jpeg"}],"twitter_card":"summary_large_image","twitter_misc":{"Est. reading time":"1 minute"},"schema":{"@context":"https:\/\/schema.org","@graph":[{"@type":"WebPage","@id":"https:\/\/decorstone.md\/product\/banca-de-beton-cu-lemn-fara-speteaza-cu-ghiveci\/","url":"https:\/\/decorstone.md\/product\/banca-de-beton-cu-lemn-fara-speteaza-cu-ghiveci\/","name":"Banc\u0103 de beton cu lemn f\u0103r\u0103 speteaz\u0103 cu ghiveci - Mobilier urban","isPartOf":{"@id":"https:\/\/decorstone.md\/#website"},"datePublished":"2022-05-31T21:55:08+00:00","dateModified":"2024-11-01T13:23:36+00:00","breadcrumb":{"@id":"https:\/\/decorstone.md\/product\/banca-de-beton-cu-lemn-fara-speteaza-cu-ghiveci\/#breadcrumb"},"inLanguage":"en-US","potentialAction":[{"@type":"ReadAction","target":["https:\/\/decorstone.md\/product\/banca-de-beton-cu-lemn-fara-speteaza-cu-ghiveci\/"]}]},{"@type":"BreadcrumbList","@id":"https:\/\/decorstone.md\/product\/banca-de-beton-cu-lemn-fara-speteaza-cu-ghiveci\/#breadcrumb","itemListElement":[{"@type":"ListItem","position":1,"name":"Produse","item":"https:\/\/decorstone.md\/produse\/"},{"@type":"ListItem","position":2,"name":"Banc\u0103 de beton cu lemn f\u0103r\u0103 speteaz\u0103 cu ghiveci"}]},{"@type":"WebSite","@id":"https:\/\/decorstone.md\/#website","url":"https:\/\/decorstone.md\/","name":"DecorStone - Mobilier Urban \u0219i Pavaje","description":"Decorstone","publisher":{"@id":"https:\/\/decorstone.md\/#organization"},"potentialAction":[{"@type":"SearchAction","target":{"@type":"EntryPoint","urlTemplate":"https:\/\/decorstone.md\/?s={search_term_string}"},"query-input":"required name=search_term_string"}],"inLanguage":"en-US"},{"@type":"Organization","@id":"https:\/\/decorstone.md\/#organization","name":"DecorStone","url":"https:\/\/decorstone.md\/","logo":{"@type":"ImageObject","inLanguage":"en-US","@id":"https:\/\/decorstone.md\/#\/schema\/logo\/image\/","url":"https:\/\/decorstone.md\/wp-content\/uploads\/2025\/01\/Design-fara-titlu.png","contentUrl":"https:\/\/decorstone.md\/wp-content\/uploads\/2025\/01\/Design-fara-titlu.png","width":2295,"height":2295,"caption":"DecorStone"},"image":{"@id":"https:\/\/decorstone.md\/#\/schema\/logo\/image\/"},"sameAs":["https:\/\/www.facebook.com\/DecorStoneMD\/","https:\/\/www.instagram.com\/decorstonemd\/"]}]}},"_links":{"self":[{"href":"https:\/\/decorstone.md\/en\/wp-json\/wp\/v2\/product\/2830"}],"collection":[{"href":"https:\/\/decorstone.md\/en\/wp-json\/wp\/v2\/product"}],"about":[{"href":"https:\/\/decorstone.md\/en\/wp-json\/wp\/v2\/types\/product"}],"replies":[{"embeddable":true,"href":"https:\/\/decorstone.md\/en\/wp-json\/wp\/v2\/comments?post=2830"}],"wp:featuredmedia":[{"embeddable":true,"href":"https:\/\/decorstone.md\/en\/wp-json\/wp\/v2\/media\/347"}],"wp:attachment":[{"href":"https:\/\/decorstone.md\/en\/wp-json\/wp\/v2\/media?parent=2830"}],"wp:term":[{"taxonomy":"product_cat","embeddable":true,"href":"https:\/\/decorstone.md\/en\/wp-json\/wp\/v2\/product_cat?post=2830"},{"taxonomy":"product_tag","embeddable":true,"href":"https:\/\/decorstone.md\/en\/wp-json\/wp\/v2\/product_tag?post=2830"}],"curies":[{"name":"wp","href":"https:\/\/api.w.org\/{rel}","templated":true}]}}