{"id":2836,"date":"2022-05-31T22:09:15","date_gmt":"2022-05-31T22:09:15","guid":{"rendered":"https:\/\/decorstone.md\/product\/be-twin-banca-de-beton-fara-speteaza\/"},"modified":"2025-06-16T11:39:56","modified_gmt":"2025-06-16T08:39:56","slug":"be-twin-banca-de-beton-fara-speteaza","status":"publish","type":"product","link":"https:\/\/decorstone.md\/en\/product\/be-twin-concrete-bench-without-back\/","title":{"rendered":"BE-TWIN Concrete bench without back"},"content":{"rendered":"","protected":false},"excerpt":{"rendered":"<p style=\"text-align: justify;\">BE-TWIN is a collection of urban furniture based on the idea of modularity, twin pieces that mutually connect to form an integrated product. The bench is the central element of the collection and is composed of two identical modules cast in concrete, which are joined by screwing, consolidating into a platform that supports the rest of the wood and metal elements. The duality also refers to the configuration of the pot and the wastebasket, which are similar outputs but with adapted functions.<\/p>","protected":false},"featured_media":5138,"comment_status":"closed","ping_status":"closed","template":"","meta":{"bwfblock_default_font":"","inline_featured_image":false},"product_cat":[37,36],"product_tag":[],"class_list":{"0":"post-2836","1":"product","2":"type-product","3":"status-publish","4":"has-post-thumbnail","6":"product_cat-banci","7":"product_cat-urban-22","8":"pa_culori-graphite","9":"pa_culori-natural","10":"pa_dimensiuni-2000mm-x-450mm-x-450mm","12":"first","13":"instock","14":"sale","15":"purchasable","16":"product-type-variable"},"acf":[],"yoast_head":"<!-- This site is optimized with the Yoast SEO Premium plugin v22.1 (Yoast SEO v22.1) - https:\/\/yoast.com\/wordpress\/plugins\/seo\/ -->\n<title>BE-TWIN Banc\u0103 de beton f\u0103r\u0103 speteaz\u0103 - Mobilier urban<\/title>\n<meta name=\"robots\" content=\"index, follow, max-snippet:-1, max-image-preview:large, max-video-preview:-1\" \/>\n<link rel=\"canonical\" href=\"https:\/\/decorstone.md\/en\/product\/be-twin-concrete-bench-without-back\/\" \/>\n<meta property=\"og:locale\" content=\"en_US\" \/>\n<meta property=\"og:type\" content=\"article\" \/>\n<meta property=\"og:title\" content=\"BE-TWIN Banc\u0103 de beton f\u0103r\u0103 speteaz\u0103 - Mobilier urban\" \/>\n<meta property=\"og:description\" content=\"BE-TWIN este o colec\u021bie de mobilier urban ce are la baz\u0103 ideea de modularitate, piese gemene care conectate reciproc formeaz\u0103 un produs integru. Banca este elementul central al colec\u021biei \u0219i e compus\u0103 din dou\u0103 module identice turnate din beton, care se unesc prin \u00een\u0219urubare, consolid\u00e2ndu-se \u00eentr-o platform\u0103 ce sus\u021bine restul elementelor din lemn \u0219i metal. Dualitatea se refer\u0103 \u0219i la configura\u021bia ghiveciului \u0219i a co\u0219ului de gunoi , care sunt\u00a0 iese similare, dar cu func\u021bii adaptate.\" \/>\n<meta property=\"og:url\" content=\"https:\/\/decorstone.md\/en\/product\/be-twin-concrete-bench-without-back\/\" \/>\n<meta property=\"og:site_name\" content=\"Mobilier urban\" \/>\n<meta property=\"article:publisher\" content=\"https:\/\/www.facebook.com\/DecorStoneMD\/\" \/>\n<meta property=\"article:modified_time\" content=\"2025-06-16T08:39:56+00:00\" \/>\n<meta property=\"og:image\" content=\"https:\/\/decorstone.md\/wp-content\/uploads\/2022\/05\/IMG_2749-scaled.jpg\" \/>\n\t<meta property=\"og:image:width\" content=\"2560\" \/>\n\t<meta property=\"og:image:height\" content=\"1707\" \/>\n\t<meta property=\"og:image:type\" content=\"image\/jpeg\" \/>\n<meta name=\"twitter:card\" content=\"summary_large_image\" \/>\n<meta name=\"twitter:label1\" content=\"Est. reading time\" \/>\n\t<meta name=\"twitter:data1\" content=\"1 minute\" \/>\n<script type=\"application\/ld+json\" class=\"yoast-schema-graph\">{\"@context\":\"https:\/\/schema.org\",\"@graph\":[{\"@type\":\"WebPage\",\"@id\":\"https:\/\/decorstone.md\/product\/be-twin-banca-de-beton-fara-speteaza\/\",\"url\":\"https:\/\/decorstone.md\/product\/be-twin-banca-de-beton-fara-speteaza\/\",\"name\":\"BE-TWIN Banc\u0103 de beton f\u0103r\u0103 speteaz\u0103 - Mobilier urban\",\"isPartOf\":{\"@id\":\"https:\/\/decorstone.md\/#website\"},\"datePublished\":\"2022-05-31T22:09:15+00:00\",\"dateModified\":\"2025-06-16T08:39:56+00:00\",\"breadcrumb\":{\"@id\":\"https:\/\/decorstone.md\/product\/be-twin-banca-de-beton-fara-speteaza\/#breadcrumb\"},\"inLanguage\":\"en-US\",\"potentialAction\":[{\"@type\":\"ReadAction\",\"target\":[\"https:\/\/decorstone.md\/product\/be-twin-banca-de-beton-fara-speteaza\/\"]}]},{\"@type\":\"BreadcrumbList\",\"@id\":\"https:\/\/decorstone.md\/product\/be-twin-banca-de-beton-fara-speteaza\/#breadcrumb\",\"itemListElement\":[{\"@type\":\"ListItem\",\"position\":1,\"name\":\"Produse\",\"item\":\"https:\/\/decorstone.md\/produse\/\"},{\"@type\":\"ListItem\",\"position\":2,\"name\":\"BE-TWIN Banc\u0103 de beton f\u0103r\u0103 speteaz\u0103\"}]},{\"@type\":\"WebSite\",\"@id\":\"https:\/\/decorstone.md\/#website\",\"url\":\"https:\/\/decorstone.md\/\",\"name\":\"DecorStone - Mobilier Urban \u0219i Pavaje\",\"description\":\"Decorstone\",\"publisher\":{\"@id\":\"https:\/\/decorstone.md\/#organization\"},\"potentialAction\":[{\"@type\":\"SearchAction\",\"target\":{\"@type\":\"EntryPoint\",\"urlTemplate\":\"https:\/\/decorstone.md\/?s={search_term_string}\"},\"query-input\":\"required name=search_term_string\"}],\"inLanguage\":\"en-US\"},{\"@type\":\"Organization\",\"@id\":\"https:\/\/decorstone.md\/#organization\",\"name\":\"DecorStone\",\"url\":\"https:\/\/decorstone.md\/\",\"logo\":{\"@type\":\"ImageObject\",\"inLanguage\":\"en-US\",\"@id\":\"https:\/\/decorstone.md\/#\/schema\/logo\/image\/\",\"url\":\"https:\/\/decorstone.md\/wp-content\/uploads\/2025\/01\/Design-fara-titlu.png\",\"contentUrl\":\"https:\/\/decorstone.md\/wp-content\/uploads\/2025\/01\/Design-fara-titlu.png\",\"width\":2295,\"height\":2295,\"caption\":\"DecorStone\"},\"image\":{\"@id\":\"https:\/\/decorstone.md\/#\/schema\/logo\/image\/\"},\"sameAs\":[\"https:\/\/www.facebook.com\/DecorStoneMD\/\",\"https:\/\/www.instagram.com\/decorstonemd\/\"]}]}<\/script>\n<!-- \/ Yoast SEO Premium plugin. -->","yoast_head_json":{"title":"BE-TWIN Banc\u0103 de beton f\u0103r\u0103 speteaz\u0103 - Mobilier urban","robots":{"index":"index","follow":"follow","max-snippet":"max-snippet:-1","max-image-preview":"max-image-preview:large","max-video-preview":"max-video-preview:-1"},"canonical":"https:\/\/decorstone.md\/en\/product\/be-twin-concrete-bench-without-back\/","og_locale":"en_US","og_type":"article","og_title":"BE-TWIN Banc\u0103 de beton f\u0103r\u0103 speteaz\u0103 - Mobilier urban","og_description":"BE-TWIN este o colec\u021bie de mobilier urban ce are la baz\u0103 ideea de modularitate, piese gemene care conectate reciproc formeaz\u0103 un produs integru. Banca este elementul central al colec\u021biei \u0219i e compus\u0103 din dou\u0103 module identice turnate din beton, care se unesc prin \u00een\u0219urubare, consolid\u00e2ndu-se \u00eentr-o platform\u0103 ce sus\u021bine restul elementelor din lemn \u0219i metal. Dualitatea se refer\u0103 \u0219i la configura\u021bia ghiveciului \u0219i a co\u0219ului de gunoi , care sunt\u00a0 iese similare, dar cu func\u021bii adaptate.","og_url":"https:\/\/decorstone.md\/en\/product\/be-twin-concrete-bench-without-back\/","og_site_name":"Mobilier urban","article_publisher":"https:\/\/www.facebook.com\/DecorStoneMD\/","article_modified_time":"2025-06-16T08:39:56+00:00","og_image":[{"width":2560,"height":1707,"url":"https:\/\/decorstone.md\/wp-content\/uploads\/2022\/05\/IMG_2749-scaled.jpg","type":"image\/jpeg"}],"twitter_card":"summary_large_image","twitter_misc":{"Est. reading time":"1 minute"},"schema":{"@context":"https:\/\/schema.org","@graph":[{"@type":"WebPage","@id":"https:\/\/decorstone.md\/product\/be-twin-banca-de-beton-fara-speteaza\/","url":"https:\/\/decorstone.md\/product\/be-twin-banca-de-beton-fara-speteaza\/","name":"BE-TWIN Banc\u0103 de beton f\u0103r\u0103 speteaz\u0103 - Mobilier urban","isPartOf":{"@id":"https:\/\/decorstone.md\/#website"},"datePublished":"2022-05-31T22:09:15+00:00","dateModified":"2025-06-16T08:39:56+00:00","breadcrumb":{"@id":"https:\/\/decorstone.md\/product\/be-twin-banca-de-beton-fara-speteaza\/#breadcrumb"},"inLanguage":"en-US","potentialAction":[{"@type":"ReadAction","target":["https:\/\/decorstone.md\/product\/be-twin-banca-de-beton-fara-speteaza\/"]}]},{"@type":"BreadcrumbList","@id":"https:\/\/decorstone.md\/product\/be-twin-banca-de-beton-fara-speteaza\/#breadcrumb","itemListElement":[{"@type":"ListItem","position":1,"name":"Produse","item":"https:\/\/decorstone.md\/produse\/"},{"@type":"ListItem","position":2,"name":"BE-TWIN Banc\u0103 de beton f\u0103r\u0103 speteaz\u0103"}]},{"@type":"WebSite","@id":"https:\/\/decorstone.md\/#website","url":"https:\/\/decorstone.md\/","name":"DecorStone - Mobilier Urban \u0219i Pavaje","description":"Decorstone","publisher":{"@id":"https:\/\/decorstone.md\/#organization"},"potentialAction":[{"@type":"SearchAction","target":{"@type":"EntryPoint","urlTemplate":"https:\/\/decorstone.md\/?s={search_term_string}"},"query-input":"required name=search_term_string"}],"inLanguage":"en-US"},{"@type":"Organization","@id":"https:\/\/decorstone.md\/#organization","name":"DecorStone","url":"https:\/\/decorstone.md\/","logo":{"@type":"ImageObject","inLanguage":"en-US","@id":"https:\/\/decorstone.md\/#\/schema\/logo\/image\/","url":"https:\/\/decorstone.md\/wp-content\/uploads\/2025\/01\/Design-fara-titlu.png","contentUrl":"https:\/\/decorstone.md\/wp-content\/uploads\/2025\/01\/Design-fara-titlu.png","width":2295,"height":2295,"caption":"DecorStone"},"image":{"@id":"https:\/\/decorstone.md\/#\/schema\/logo\/image\/"},"sameAs":["https:\/\/www.facebook.com\/DecorStoneMD\/","https:\/\/www.instagram.com\/decorstonemd\/"]}]}},"_links":{"self":[{"href":"https:\/\/decorstone.md\/en\/wp-json\/wp\/v2\/product\/2836"}],"collection":[{"href":"https:\/\/decorstone.md\/en\/wp-json\/wp\/v2\/product"}],"about":[{"href":"https:\/\/decorstone.md\/en\/wp-json\/wp\/v2\/types\/product"}],"replies":[{"embeddable":true,"href":"https:\/\/decorstone.md\/en\/wp-json\/wp\/v2\/comments?post=2836"}],"wp:featuredmedia":[{"embeddable":true,"href":"https:\/\/decorstone.md\/en\/wp-json\/wp\/v2\/media\/5138"}],"wp:attachment":[{"href":"https:\/\/decorstone.md\/en\/wp-json\/wp\/v2\/media?parent=2836"}],"wp:term":[{"taxonomy":"product_cat","embeddable":true,"href":"https:\/\/decorstone.md\/en\/wp-json\/wp\/v2\/product_cat?post=2836"},{"taxonomy":"product_tag","embeddable":true,"href":"https:\/\/decorstone.md\/en\/wp-json\/wp\/v2\/product_tag?post=2836"}],"curies":[{"name":"wp","href":"https:\/\/api.w.org\/{rel}","templated":true}]}}