{"id":2838,"date":"2022-05-31T22:11:08","date_gmt":"2022-05-31T22:11:08","guid":{"rendered":"https:\/\/decorstone.md\/product\/cercul-prieteniei\/"},"modified":"2026-01-28T14:17:48","modified_gmt":"2026-01-28T12:17:48","slug":"cercul-prieteniei","status":"publish","type":"product","link":"https:\/\/decorstone.md\/en\/product\/the-circle-of-friendship\/","title":{"rendered":"Circle of Friendship"},"content":{"rendered":"<p data-start=\"123\" data-end=\"352\"><strong data-start=\"123\" data-end=\"144\">CERCUL PRIETENIEI<\/strong> este o banc\u0103 modular\u0103 \u00een stil european, creat\u0103 pentru a pune \u00een valoare spa\u021biile publice moderne. Se integreaz\u0103 armonios \u00een scuaruri, parcuri, g\u0103ri, universit\u0103\u021bi, institu\u021bii publice sau orice spa\u021biu deschis.<\/p>\n<p data-start=\"354\" data-end=\"537\"><strong data-start=\"417\" data-end=\"445\">Elementele modulare<\/strong>\u00a0pot fi configurate \u0219i aranjate \u00een func\u021bie de preferin\u021bele \u0219i necesit\u0103\u021bile clientului.<\/p>\n<p data-start=\"539\" data-end=\"567\">Modulele disponibile includ:<\/p>\n<ul data-start=\"568\" data-end=\"734\">\n<li data-start=\"568\" data-end=\"649\">\n<p data-start=\"570\" data-end=\"649\"><strong data-start=\"570\" data-end=\"589\">banc\u0103 din beton<\/strong>, finisat\u0103 cu <strong data-start=\"603\" data-end=\"648\">lemn de stejar de cea mai \u00eenalt\u0103 calitate<\/strong>;<\/p>\n<\/li>\n<li data-start=\"650\" data-end=\"734\">\n<p data-start=\"652\" data-end=\"734\"><strong data-start=\"652\" data-end=\"673\">ghiveci din beton<\/strong>, ideal pentru integrarea elementelor verzi \u00een spa\u021biul urban.<\/p>\n<\/li>\n<\/ul>\n<p data-start=\"736\" data-end=\"911\">Construit\u0103 din materiale durabile \u0219i cu un design contemporan, <strong data-start=\"799\" data-end=\"820\">Circle of Friendship<\/strong> este solu\u021bia perfect\u0103 pentru amenaj\u0103ri urbane elegante, func\u021bionale \u0219i rezistente \u00een timp.<\/p>","protected":false},"excerpt":{"rendered":"<p style=\"text-align: justify;\"><span style=\"font-weight: 400;\">THE CIRCLE OF FRIENDSHIP is a European-style bench that integrates perfectly into a square, park, train station, university, public institution or any open space. The bench has a total diameter of 3 meters and consists of 8 mini-elements, which can be arranged according to the customer&#039;s wishes. The modules available to the client are: concrete bench covered with the highest quality oak wood or concrete pots. <\/span><\/p>","protected":false},"featured_media":5321,"comment_status":"closed","ping_status":"closed","template":"","meta":{"bwfblock_default_font":"","inline_featured_image":false},"product_cat":[37,36],"product_tag":[527,528],"class_list":{"0":"post-2838","1":"product","2":"type-product","3":"status-publish","4":"has-post-thumbnail","6":"product_cat-banci","7":"product_cat-urban-22","8":"product_tag-banca","9":"product_tag-mobilier-urban","10":"pa_culori-graphite","11":"pa_culori-natural","12":"pa_dimensiuni-1200x450x450h-mm-cu-speteaza","13":"pa_dimensiuni-1200x450x450h-mm-fara-speteaza","14":"pa_dimensiuni-1200x450x450h-mm-ghiveci","16":"first","17":"instock","18":"purchasable","19":"product-type-variable"},"acf":[],"yoast_head":"<!-- This site is optimized with the Yoast SEO Premium plugin v22.1 (Yoast SEO v22.1) - https:\/\/yoast.com\/wordpress\/plugins\/seo\/ -->\n<title>Cercul Prieteniei - Mobilier urban<\/title>\n<meta name=\"description\" content=\"Cercul Prieteniei \u2013 banc\u0103 modular\u0103 cu design european, ideal\u0103 pentru parcuri \u0219i spa\u021bii publice.\" \/>\n<meta name=\"robots\" content=\"index, follow, max-snippet:-1, max-image-preview:large, max-video-preview:-1\" \/>\n<link rel=\"canonical\" href=\"https:\/\/decorstone.md\/en\/product\/the-circle-of-friendship\/\" \/>\n<meta property=\"og:locale\" content=\"en_US\" \/>\n<meta property=\"og:type\" content=\"article\" \/>\n<meta property=\"og:title\" content=\"Cercul Prieteniei - Mobilier urban\" \/>\n<meta property=\"og:description\" content=\"Cercul Prieteniei \u2013 banc\u0103 modular\u0103 cu design european, ideal\u0103 pentru parcuri \u0219i spa\u021bii publice.\" \/>\n<meta property=\"og:url\" content=\"https:\/\/decorstone.md\/en\/product\/the-circle-of-friendship\/\" \/>\n<meta property=\"og:site_name\" content=\"Mobilier urban\" \/>\n<meta property=\"article:publisher\" content=\"https:\/\/www.facebook.com\/DecorStoneMD\/\" \/>\n<meta property=\"article:modified_time\" content=\"2026-01-28T12:17:48+00:00\" \/>\n<meta property=\"og:image\" content=\"https:\/\/decorstone.md\/wp-content\/uploads\/2022\/05\/3._CerculPrieteniei_001_0000-e1769602508292.jpg\" \/>\n\t<meta property=\"og:image:width\" content=\"1800\" \/>\n\t<meta property=\"og:image:height\" content=\"1440\" \/>\n\t<meta property=\"og:image:type\" content=\"image\/jpeg\" \/>\n<meta name=\"twitter:card\" content=\"summary_large_image\" \/>\n<meta name=\"twitter:label1\" content=\"Est. reading time\" \/>\n\t<meta name=\"twitter:data1\" content=\"1 minute\" \/>\n<script type=\"application\/ld+json\" class=\"yoast-schema-graph\">{\"@context\":\"https:\/\/schema.org\",\"@graph\":[{\"@type\":\"WebPage\",\"@id\":\"https:\/\/decorstone.md\/product\/cercul-prieteniei\/\",\"url\":\"https:\/\/decorstone.md\/product\/cercul-prieteniei\/\",\"name\":\"Cercul Prieteniei - Mobilier urban\",\"isPartOf\":{\"@id\":\"https:\/\/decorstone.md\/#website\"},\"datePublished\":\"2022-05-31T22:11:08+00:00\",\"dateModified\":\"2026-01-28T12:17:48+00:00\",\"description\":\"Cercul Prieteniei \u2013 banc\u0103 modular\u0103 cu design european, ideal\u0103 pentru parcuri \u0219i spa\u021bii publice.\",\"breadcrumb\":{\"@id\":\"https:\/\/decorstone.md\/product\/cercul-prieteniei\/#breadcrumb\"},\"inLanguage\":\"en-US\",\"potentialAction\":[{\"@type\":\"ReadAction\",\"target\":[\"https:\/\/decorstone.md\/product\/cercul-prieteniei\/\"]}]},{\"@type\":\"BreadcrumbList\",\"@id\":\"https:\/\/decorstone.md\/product\/cercul-prieteniei\/#breadcrumb\",\"itemListElement\":[{\"@type\":\"ListItem\",\"position\":1,\"name\":\"Produse\",\"item\":\"https:\/\/decorstone.md\/produse\/\"},{\"@type\":\"ListItem\",\"position\":2,\"name\":\"Cercul Prieteniei\"}]},{\"@type\":\"WebSite\",\"@id\":\"https:\/\/decorstone.md\/#website\",\"url\":\"https:\/\/decorstone.md\/\",\"name\":\"DecorStone - Mobilier Urban \u0219i Pavaje\",\"description\":\"Decorstone\",\"publisher\":{\"@id\":\"https:\/\/decorstone.md\/#organization\"},\"potentialAction\":[{\"@type\":\"SearchAction\",\"target\":{\"@type\":\"EntryPoint\",\"urlTemplate\":\"https:\/\/decorstone.md\/?s={search_term_string}\"},\"query-input\":\"required name=search_term_string\"}],\"inLanguage\":\"en-US\"},{\"@type\":\"Organization\",\"@id\":\"https:\/\/decorstone.md\/#organization\",\"name\":\"DecorStone\",\"url\":\"https:\/\/decorstone.md\/\",\"logo\":{\"@type\":\"ImageObject\",\"inLanguage\":\"en-US\",\"@id\":\"https:\/\/decorstone.md\/#\/schema\/logo\/image\/\",\"url\":\"https:\/\/decorstone.md\/wp-content\/uploads\/2025\/01\/Design-fara-titlu.png\",\"contentUrl\":\"https:\/\/decorstone.md\/wp-content\/uploads\/2025\/01\/Design-fara-titlu.png\",\"width\":2295,\"height\":2295,\"caption\":\"DecorStone\"},\"image\":{\"@id\":\"https:\/\/decorstone.md\/#\/schema\/logo\/image\/\"},\"sameAs\":[\"https:\/\/www.facebook.com\/DecorStoneMD\/\",\"https:\/\/www.instagram.com\/decorstonemd\/\"]}]}<\/script>\n<!-- \/ Yoast SEO Premium plugin. -->","yoast_head_json":{"title":"Cercul Prieteniei - Mobilier urban","description":"Cercul Prieteniei \u2013 banc\u0103 modular\u0103 cu design european, ideal\u0103 pentru parcuri \u0219i spa\u021bii publice.","robots":{"index":"index","follow":"follow","max-snippet":"max-snippet:-1","max-image-preview":"max-image-preview:large","max-video-preview":"max-video-preview:-1"},"canonical":"https:\/\/decorstone.md\/en\/product\/the-circle-of-friendship\/","og_locale":"en_US","og_type":"article","og_title":"Cercul Prieteniei - Mobilier urban","og_description":"Cercul Prieteniei \u2013 banc\u0103 modular\u0103 cu design european, ideal\u0103 pentru parcuri \u0219i spa\u021bii publice.","og_url":"https:\/\/decorstone.md\/en\/product\/the-circle-of-friendship\/","og_site_name":"Mobilier urban","article_publisher":"https:\/\/www.facebook.com\/DecorStoneMD\/","article_modified_time":"2026-01-28T12:17:48+00:00","og_image":[{"width":1800,"height":1440,"url":"https:\/\/decorstone.md\/wp-content\/uploads\/2022\/05\/3._CerculPrieteniei_001_0000-e1769602508292.jpg","type":"image\/jpeg"}],"twitter_card":"summary_large_image","twitter_misc":{"Est. reading time":"1 minute"},"schema":{"@context":"https:\/\/schema.org","@graph":[{"@type":"WebPage","@id":"https:\/\/decorstone.md\/product\/cercul-prieteniei\/","url":"https:\/\/decorstone.md\/product\/cercul-prieteniei\/","name":"Cercul Prieteniei - Mobilier urban","isPartOf":{"@id":"https:\/\/decorstone.md\/#website"},"datePublished":"2022-05-31T22:11:08+00:00","dateModified":"2026-01-28T12:17:48+00:00","description":"Cercul Prieteniei \u2013 banc\u0103 modular\u0103 cu design european, ideal\u0103 pentru parcuri \u0219i spa\u021bii publice.","breadcrumb":{"@id":"https:\/\/decorstone.md\/product\/cercul-prieteniei\/#breadcrumb"},"inLanguage":"en-US","potentialAction":[{"@type":"ReadAction","target":["https:\/\/decorstone.md\/product\/cercul-prieteniei\/"]}]},{"@type":"BreadcrumbList","@id":"https:\/\/decorstone.md\/product\/cercul-prieteniei\/#breadcrumb","itemListElement":[{"@type":"ListItem","position":1,"name":"Produse","item":"https:\/\/decorstone.md\/produse\/"},{"@type":"ListItem","position":2,"name":"Cercul Prieteniei"}]},{"@type":"WebSite","@id":"https:\/\/decorstone.md\/#website","url":"https:\/\/decorstone.md\/","name":"DecorStone - Mobilier Urban \u0219i Pavaje","description":"Decorstone","publisher":{"@id":"https:\/\/decorstone.md\/#organization"},"potentialAction":[{"@type":"SearchAction","target":{"@type":"EntryPoint","urlTemplate":"https:\/\/decorstone.md\/?s={search_term_string}"},"query-input":"required name=search_term_string"}],"inLanguage":"en-US"},{"@type":"Organization","@id":"https:\/\/decorstone.md\/#organization","name":"DecorStone","url":"https:\/\/decorstone.md\/","logo":{"@type":"ImageObject","inLanguage":"en-US","@id":"https:\/\/decorstone.md\/#\/schema\/logo\/image\/","url":"https:\/\/decorstone.md\/wp-content\/uploads\/2025\/01\/Design-fara-titlu.png","contentUrl":"https:\/\/decorstone.md\/wp-content\/uploads\/2025\/01\/Design-fara-titlu.png","width":2295,"height":2295,"caption":"DecorStone"},"image":{"@id":"https:\/\/decorstone.md\/#\/schema\/logo\/image\/"},"sameAs":["https:\/\/www.facebook.com\/DecorStoneMD\/","https:\/\/www.instagram.com\/decorstonemd\/"]}]}},"_links":{"self":[{"href":"https:\/\/decorstone.md\/en\/wp-json\/wp\/v2\/product\/2838"}],"collection":[{"href":"https:\/\/decorstone.md\/en\/wp-json\/wp\/v2\/product"}],"about":[{"href":"https:\/\/decorstone.md\/en\/wp-json\/wp\/v2\/types\/product"}],"replies":[{"embeddable":true,"href":"https:\/\/decorstone.md\/en\/wp-json\/wp\/v2\/comments?post=2838"}],"wp:featuredmedia":[{"embeddable":true,"href":"https:\/\/decorstone.md\/en\/wp-json\/wp\/v2\/media\/5321"}],"wp:attachment":[{"href":"https:\/\/decorstone.md\/en\/wp-json\/wp\/v2\/media?parent=2838"}],"wp:term":[{"taxonomy":"product_cat","embeddable":true,"href":"https:\/\/decorstone.md\/en\/wp-json\/wp\/v2\/product_cat?post=2838"},{"taxonomy":"product_tag","embeddable":true,"href":"https:\/\/decorstone.md\/en\/wp-json\/wp\/v2\/product_tag?post=2838"}],"curies":[{"name":"wp","href":"https:\/\/api.w.org\/{rel}","templated":true}]}}