{"id":2840,"date":"2022-05-31T22:49:04","date_gmt":"2022-05-31T22:49:04","guid":{"rendered":"https:\/\/decorstone.md\/product\/urna-din-beton-urban\/"},"modified":"2024-10-17T15:20:14","modified_gmt":"2024-10-17T12:20:14","slug":"urna-din-beton-urban-mica","status":"publish","type":"product","link":"https:\/\/decorstone.md\/en\/product\/small-urban-concrete-urn\/","title":{"rendered":"Small &quot;URBAN&quot; concrete urn"},"content":{"rendered":"","protected":false},"excerpt":{"rendered":"<p><span style=\"font-weight: 400;\">The URBAN 22 concrete urn is a product intended for placement in public spaces: parks, squares, commercial spaces, terraces, restaurants, etc.<\/span><\/p>\n<p><span style=\"font-weight: 400;\">Why DECORSTONE urns are the perfect option for public spaces?<\/span><\/p>\n<ul>\n<li style=\"font-weight: 400;\" aria-level=\"1\"><span style=\"font-weight: 400;\">The best price-quality ratio;<\/span><\/li>\n<li style=\"font-weight: 400;\" aria-level=\"1\"><span style=\"font-weight: 400;\">Resistance to external factors;<\/span><\/li>\n<li style=\"font-weight: 400;\" aria-level=\"1\"><span style=\"font-weight: 400;\">Designed for resistance to hooliganism;<\/span><\/li>\n<li style=\"font-weight: 400;\" aria-level=\"1\"><span style=\"font-weight: 400;\">Easy to maintain;<\/span><\/li>\n<li style=\"font-weight: 400;\" aria-level=\"1\"><span style=\"font-weight: 400;\">Materials of the highest quality;<\/span><\/li>\n<li style=\"font-weight: 400;\" aria-level=\"1\"><span style=\"font-weight: 400;\">Unique product on the market;<\/span><\/li>\n<li style=\"font-weight: 400;\" aria-level=\"1\"><span style=\"font-weight: 400;\">Functional design.<\/span><\/li>\n<\/ul>","protected":false},"featured_media":3712,"comment_status":"closed","ping_status":"closed","template":"","meta":{"bwfblock_default_font":"","inline_featured_image":false},"product_cat":[36,38],"product_tag":[],"class_list":{"0":"post-2840","1":"product","2":"type-product","3":"status-publish","4":"has-post-thumbnail","6":"product_cat-urban-22","7":"product_cat-urne","8":"pa_culori-antracite","9":"pa_dimensiuni-350mm-x-300mm-x-700mm-60l","11":"first","12":"instock","13":"purchasable","14":"product-type-variable"},"acf":[],"yoast_head":"<!-- This site is optimized with the Yoast SEO Premium plugin v22.1 (Yoast SEO v22.1) - https:\/\/yoast.com\/wordpress\/plugins\/seo\/ -->\n<title>Urn\u0103 din beton \u201eURBAN\u201d mic\u0103 - Mobilier urban<\/title>\n<meta name=\"robots\" content=\"index, follow, max-snippet:-1, max-image-preview:large, max-video-preview:-1\" \/>\n<link rel=\"canonical\" href=\"https:\/\/decorstone.md\/en\/product\/small-urban-concrete-urn\/\" \/>\n<meta property=\"og:locale\" content=\"en_US\" \/>\n<meta property=\"og:type\" content=\"article\" \/>\n<meta property=\"og:title\" content=\"Urn\u0103 din beton \u201eURBAN\u201d mic\u0103 - Mobilier urban\" \/>\n<meta property=\"og:description\" content=\"Urna din beton URBAN 22 este un produs destinat amplas\u0103rii \u00een spa\u021biile publice: parcuri, scuare, spa\u021bii comerciale, terase, localuri etc.  De ce urnele DECORSTONE sunt varianta perfect\u0103 pentru spa\u021biul public?   Cel mai bun raport pre\u021b-calitate;  Rezisten\u021b\u0103 la factorii externi;  Proiectat\u0103 pentru rezisten\u021ba la ac\u021biunile de huligalism;  U\u0219or de \u00eentre\u021binut;  Materiale de cea mai \u00eenalt\u0103 calitate;  Produs unic pe pia\u021b\u0103;  Design func\u021bionabil.\" \/>\n<meta property=\"og:url\" content=\"https:\/\/decorstone.md\/en\/product\/small-urban-concrete-urn\/\" \/>\n<meta property=\"og:site_name\" content=\"Mobilier urban\" \/>\n<meta property=\"article:publisher\" content=\"https:\/\/www.facebook.com\/DecorStoneMD\/\" \/>\n<meta property=\"article:modified_time\" content=\"2024-10-17T12:20:14+00:00\" \/>\n<meta property=\"og:image\" content=\"https:\/\/decorstone.md\/wp-content\/uploads\/2022\/05\/1.jpg\" \/>\n\t<meta property=\"og:image:width\" content=\"2560\" \/>\n\t<meta property=\"og:image:height\" content=\"2560\" \/>\n\t<meta property=\"og:image:type\" content=\"image\/jpeg\" \/>\n<meta name=\"twitter:card\" content=\"summary_large_image\" \/>\n<meta name=\"twitter:label1\" content=\"Est. reading time\" \/>\n\t<meta name=\"twitter:data1\" content=\"1 minute\" \/>\n<script type=\"application\/ld+json\" class=\"yoast-schema-graph\">{\"@context\":\"https:\/\/schema.org\",\"@graph\":[{\"@type\":\"WebPage\",\"@id\":\"https:\/\/decorstone.md\/product\/urna-din-beton-urban-mica\/\",\"url\":\"https:\/\/decorstone.md\/product\/urna-din-beton-urban-mica\/\",\"name\":\"Urn\u0103 din beton \u201eURBAN\u201d mic\u0103 - Mobilier urban\",\"isPartOf\":{\"@id\":\"https:\/\/decorstone.md\/#website\"},\"datePublished\":\"2022-05-31T22:49:04+00:00\",\"dateModified\":\"2024-10-17T12:20:14+00:00\",\"breadcrumb\":{\"@id\":\"https:\/\/decorstone.md\/product\/urna-din-beton-urban-mica\/#breadcrumb\"},\"inLanguage\":\"en-US\",\"potentialAction\":[{\"@type\":\"ReadAction\",\"target\":[\"https:\/\/decorstone.md\/product\/urna-din-beton-urban-mica\/\"]}]},{\"@type\":\"BreadcrumbList\",\"@id\":\"https:\/\/decorstone.md\/product\/urna-din-beton-urban-mica\/#breadcrumb\",\"itemListElement\":[{\"@type\":\"ListItem\",\"position\":1,\"name\":\"Produse\",\"item\":\"https:\/\/decorstone.md\/produse\/\"},{\"@type\":\"ListItem\",\"position\":2,\"name\":\"Urn\u0103 din beton \u201eURBAN\u201d mic\u0103\"}]},{\"@type\":\"WebSite\",\"@id\":\"https:\/\/decorstone.md\/#website\",\"url\":\"https:\/\/decorstone.md\/\",\"name\":\"DecorStone - Mobilier Urban \u0219i Pavaje\",\"description\":\"Decorstone\",\"publisher\":{\"@id\":\"https:\/\/decorstone.md\/#organization\"},\"potentialAction\":[{\"@type\":\"SearchAction\",\"target\":{\"@type\":\"EntryPoint\",\"urlTemplate\":\"https:\/\/decorstone.md\/?s={search_term_string}\"},\"query-input\":\"required name=search_term_string\"}],\"inLanguage\":\"en-US\"},{\"@type\":\"Organization\",\"@id\":\"https:\/\/decorstone.md\/#organization\",\"name\":\"DecorStone\",\"url\":\"https:\/\/decorstone.md\/\",\"logo\":{\"@type\":\"ImageObject\",\"inLanguage\":\"en-US\",\"@id\":\"https:\/\/decorstone.md\/#\/schema\/logo\/image\/\",\"url\":\"https:\/\/decorstone.md\/wp-content\/uploads\/2025\/01\/Design-fara-titlu.png\",\"contentUrl\":\"https:\/\/decorstone.md\/wp-content\/uploads\/2025\/01\/Design-fara-titlu.png\",\"width\":2295,\"height\":2295,\"caption\":\"DecorStone\"},\"image\":{\"@id\":\"https:\/\/decorstone.md\/#\/schema\/logo\/image\/\"},\"sameAs\":[\"https:\/\/www.facebook.com\/DecorStoneMD\/\",\"https:\/\/www.instagram.com\/decorstonemd\/\"]}]}<\/script>\n<!-- \/ Yoast SEO Premium plugin. -->","yoast_head_json":{"title":"Urn\u0103 din beton \u201eURBAN\u201d mic\u0103 - Mobilier urban","robots":{"index":"index","follow":"follow","max-snippet":"max-snippet:-1","max-image-preview":"max-image-preview:large","max-video-preview":"max-video-preview:-1"},"canonical":"https:\/\/decorstone.md\/en\/product\/small-urban-concrete-urn\/","og_locale":"en_US","og_type":"article","og_title":"Urn\u0103 din beton \u201eURBAN\u201d mic\u0103 - Mobilier urban","og_description":"Urna din beton URBAN 22 este un produs destinat amplas\u0103rii \u00een spa\u021biile publice: parcuri, scuare, spa\u021bii comerciale, terase, localuri etc.  De ce urnele DECORSTONE sunt varianta perfect\u0103 pentru spa\u021biul public?   Cel mai bun raport pre\u021b-calitate;  Rezisten\u021b\u0103 la factorii externi;  Proiectat\u0103 pentru rezisten\u021ba la ac\u021biunile de huligalism;  U\u0219or de \u00eentre\u021binut;  Materiale de cea mai \u00eenalt\u0103 calitate;  Produs unic pe pia\u021b\u0103;  Design func\u021bionabil.","og_url":"https:\/\/decorstone.md\/en\/product\/small-urban-concrete-urn\/","og_site_name":"Mobilier urban","article_publisher":"https:\/\/www.facebook.com\/DecorStoneMD\/","article_modified_time":"2024-10-17T12:20:14+00:00","og_image":[{"width":2560,"height":2560,"url":"https:\/\/decorstone.md\/wp-content\/uploads\/2022\/05\/1.jpg","type":"image\/jpeg"}],"twitter_card":"summary_large_image","twitter_misc":{"Est. reading time":"1 minute"},"schema":{"@context":"https:\/\/schema.org","@graph":[{"@type":"WebPage","@id":"https:\/\/decorstone.md\/product\/urna-din-beton-urban-mica\/","url":"https:\/\/decorstone.md\/product\/urna-din-beton-urban-mica\/","name":"Urn\u0103 din beton \u201eURBAN\u201d mic\u0103 - Mobilier urban","isPartOf":{"@id":"https:\/\/decorstone.md\/#website"},"datePublished":"2022-05-31T22:49:04+00:00","dateModified":"2024-10-17T12:20:14+00:00","breadcrumb":{"@id":"https:\/\/decorstone.md\/product\/urna-din-beton-urban-mica\/#breadcrumb"},"inLanguage":"en-US","potentialAction":[{"@type":"ReadAction","target":["https:\/\/decorstone.md\/product\/urna-din-beton-urban-mica\/"]}]},{"@type":"BreadcrumbList","@id":"https:\/\/decorstone.md\/product\/urna-din-beton-urban-mica\/#breadcrumb","itemListElement":[{"@type":"ListItem","position":1,"name":"Produse","item":"https:\/\/decorstone.md\/produse\/"},{"@type":"ListItem","position":2,"name":"Urn\u0103 din beton \u201eURBAN\u201d mic\u0103"}]},{"@type":"WebSite","@id":"https:\/\/decorstone.md\/#website","url":"https:\/\/decorstone.md\/","name":"DecorStone - Mobilier Urban \u0219i Pavaje","description":"Decorstone","publisher":{"@id":"https:\/\/decorstone.md\/#organization"},"potentialAction":[{"@type":"SearchAction","target":{"@type":"EntryPoint","urlTemplate":"https:\/\/decorstone.md\/?s={search_term_string}"},"query-input":"required name=search_term_string"}],"inLanguage":"en-US"},{"@type":"Organization","@id":"https:\/\/decorstone.md\/#organization","name":"DecorStone","url":"https:\/\/decorstone.md\/","logo":{"@type":"ImageObject","inLanguage":"en-US","@id":"https:\/\/decorstone.md\/#\/schema\/logo\/image\/","url":"https:\/\/decorstone.md\/wp-content\/uploads\/2025\/01\/Design-fara-titlu.png","contentUrl":"https:\/\/decorstone.md\/wp-content\/uploads\/2025\/01\/Design-fara-titlu.png","width":2295,"height":2295,"caption":"DecorStone"},"image":{"@id":"https:\/\/decorstone.md\/#\/schema\/logo\/image\/"},"sameAs":["https:\/\/www.facebook.com\/DecorStoneMD\/","https:\/\/www.instagram.com\/decorstonemd\/"]}]}},"_links":{"self":[{"href":"https:\/\/decorstone.md\/en\/wp-json\/wp\/v2\/product\/2840"}],"collection":[{"href":"https:\/\/decorstone.md\/en\/wp-json\/wp\/v2\/product"}],"about":[{"href":"https:\/\/decorstone.md\/en\/wp-json\/wp\/v2\/types\/product"}],"replies":[{"embeddable":true,"href":"https:\/\/decorstone.md\/en\/wp-json\/wp\/v2\/comments?post=2840"}],"wp:featuredmedia":[{"embeddable":true,"href":"https:\/\/decorstone.md\/en\/wp-json\/wp\/v2\/media\/3712"}],"wp:attachment":[{"href":"https:\/\/decorstone.md\/en\/wp-json\/wp\/v2\/media?parent=2840"}],"wp:term":[{"taxonomy":"product_cat","embeddable":true,"href":"https:\/\/decorstone.md\/en\/wp-json\/wp\/v2\/product_cat?post=2840"},{"taxonomy":"product_tag","embeddable":true,"href":"https:\/\/decorstone.md\/en\/wp-json\/wp\/v2\/product_tag?post=2840"}],"curies":[{"name":"wp","href":"https:\/\/api.w.org\/{rel}","templated":true}]}}