{"id":2955,"date":"2023-01-10T08:34:50","date_gmt":"2023-01-10T08:34:50","guid":{"rendered":"https:\/\/decorstone.md\/product\/rustic\/"},"modified":"2025-09-25T14:28:33","modified_gmt":"2025-09-25T11:28:33","slug":"rustic","status":"publish","type":"product","link":"https:\/\/decorstone.md\/en\/product\/rustic\/","title":{"rendered":"Rustic"},"content":{"rendered":"","protected":false},"excerpt":{"rendered":"<p><span style=\"font-weight: 400;\">As a model for the Rustic decorative stone, a type of stone from Bulgaria, which has always enjoyed fame and demand, served. If in the case of other stones we intervened with improvements to the structure or appearance, this Bulgarian stone conquered us from the first due to its qualities and beauty, so we reproduced it without any doubt and with maximum accuracy. By choosing the Rustic decorative stone, you give your home an unforgettable look. You can use it to decorate facades, plinths, fences.<\/span><\/p>\n<p>&nbsp;<\/p>\n<p><span style=\"font-weight: 400;\">Characteristics:<\/span><\/p>\n<p><span style=\"font-weight: 400;\">Weight: 1m2=32 kg Dimensions: 10 x 18 cm;<\/span><\/p>\n<p><span style=\"font-weight: 400;\">10 x 26 cm;<\/span><\/p>\n<p><span style=\"font-weight: 400;\">10 x 31 cm.<\/span><\/p>\n<p><span style=\"font-weight: 400;\">Packaging: 0.8 m2\/ 1 box<\/span><\/p>","protected":false},"featured_media":4573,"comment_status":"closed","ping_status":"closed","template":"","meta":{"bwfblock_default_font":"","inline_featured_image":false},"product_cat":[41,317],"product_tag":[],"class_list":{"0":"post-2955","1":"product","2":"type-product","3":"status-publish","4":"has-post-thumbnail","6":"product_cat-piatra-decorativa","7":"product_cat-caramida-si-piatra-decorativa","8":"pa_culori-pd-0202","9":"pa_culori-pd-0203","10":"pa_culori-pd-0204","11":"pa_culori-pd-0205","12":"pa_culori-pd-0206","13":"pa_culori-pd-0207","15":"first","16":"instock","17":"purchasable","18":"product-type-variable"},"acf":[],"yoast_head":"<!-- This site is optimized with the Yoast SEO Premium plugin v22.1 (Yoast SEO v22.1) - https:\/\/yoast.com\/wordpress\/plugins\/seo\/ -->\n<title>Piatr\u0103 decorativ\u0103 Rustic \u2013 Design natural pentru fa\u021bade \u0219i exterior<\/title>\n<meta name=\"description\" content=\"Piatr\u0103 decorativ\u0103 Rustic, inspirat\u0103 din piatra natural\u0103 din Bulgaria, perfect\u0103 pentru fa\u021bade, garduri \u0219i amenaj\u0103ri exterioare. \u00cembun\u0103t\u0103\u021be\u0219te aspectul oric\u0103rui proiect de construc\u021bie.\" \/>\n<meta name=\"robots\" content=\"index, follow, max-snippet:-1, max-image-preview:large, max-video-preview:-1\" \/>\n<link rel=\"canonical\" href=\"https:\/\/decorstone.md\/en\/product\/rustic\/\" \/>\n<meta property=\"og:locale\" content=\"en_US\" \/>\n<meta property=\"og:type\" content=\"article\" \/>\n<meta property=\"og:title\" content=\"Piatr\u0103 decorativ\u0103 Rustic \u2013 Design natural pentru fa\u021bade \u0219i exterior\" \/>\n<meta property=\"og:description\" content=\"Piatr\u0103 decorativ\u0103 Rustic, inspirat\u0103 din piatra natural\u0103 din Bulgaria, perfect\u0103 pentru fa\u021bade, garduri \u0219i amenaj\u0103ri exterioare. \u00cembun\u0103t\u0103\u021be\u0219te aspectul oric\u0103rui proiect de construc\u021bie.\" \/>\n<meta property=\"og:url\" content=\"https:\/\/decorstone.md\/en\/product\/rustic\/\" \/>\n<meta property=\"og:site_name\" content=\"Mobilier urban\" \/>\n<meta property=\"article:publisher\" content=\"https:\/\/www.facebook.com\/DecorStoneMD\/\" \/>\n<meta property=\"article:modified_time\" content=\"2025-09-25T11:28:33+00:00\" \/>\n<meta property=\"og:image\" content=\"https:\/\/decorstone.md\/wp-content\/uploads\/2023\/01\/RUSTIC-PD-0207.jpg\" \/>\n\t<meta property=\"og:image:width\" content=\"1920\" \/>\n\t<meta property=\"og:image:height\" content=\"2157\" \/>\n\t<meta property=\"og:image:type\" content=\"image\/jpeg\" \/>\n<meta name=\"twitter:card\" content=\"summary_large_image\" \/>\n<meta name=\"twitter:label1\" content=\"Est. reading time\" \/>\n\t<meta name=\"twitter:data1\" content=\"1 minute\" \/>\n<script type=\"application\/ld+json\" class=\"yoast-schema-graph\">{\"@context\":\"https:\/\/schema.org\",\"@graph\":[{\"@type\":\"WebPage\",\"@id\":\"https:\/\/decorstone.md\/product\/rustic\/\",\"url\":\"https:\/\/decorstone.md\/product\/rustic\/\",\"name\":\"Piatr\u0103 decorativ\u0103 Rustic \u2013 Design natural pentru fa\u021bade \u0219i exterior\",\"isPartOf\":{\"@id\":\"https:\/\/decorstone.md\/#website\"},\"datePublished\":\"2023-01-10T08:34:50+00:00\",\"dateModified\":\"2025-09-25T11:28:33+00:00\",\"description\":\"Piatr\u0103 decorativ\u0103 Rustic, inspirat\u0103 din piatra natural\u0103 din Bulgaria, perfect\u0103 pentru fa\u021bade, garduri \u0219i amenaj\u0103ri exterioare. \u00cembun\u0103t\u0103\u021be\u0219te aspectul oric\u0103rui proiect de construc\u021bie.\",\"breadcrumb\":{\"@id\":\"https:\/\/decorstone.md\/product\/rustic\/#breadcrumb\"},\"inLanguage\":\"en-US\",\"potentialAction\":[{\"@type\":\"ReadAction\",\"target\":[\"https:\/\/decorstone.md\/product\/rustic\/\"]}]},{\"@type\":\"BreadcrumbList\",\"@id\":\"https:\/\/decorstone.md\/product\/rustic\/#breadcrumb\",\"itemListElement\":[{\"@type\":\"ListItem\",\"position\":1,\"name\":\"Produse\",\"item\":\"https:\/\/decorstone.md\/produse\/\"},{\"@type\":\"ListItem\",\"position\":2,\"name\":\"Rustic\"}]},{\"@type\":\"WebSite\",\"@id\":\"https:\/\/decorstone.md\/#website\",\"url\":\"https:\/\/decorstone.md\/\",\"name\":\"DecorStone - Mobilier Urban \u0219i Pavaje\",\"description\":\"Decorstone\",\"publisher\":{\"@id\":\"https:\/\/decorstone.md\/#organization\"},\"potentialAction\":[{\"@type\":\"SearchAction\",\"target\":{\"@type\":\"EntryPoint\",\"urlTemplate\":\"https:\/\/decorstone.md\/?s={search_term_string}\"},\"query-input\":\"required name=search_term_string\"}],\"inLanguage\":\"en-US\"},{\"@type\":\"Organization\",\"@id\":\"https:\/\/decorstone.md\/#organization\",\"name\":\"DecorStone\",\"url\":\"https:\/\/decorstone.md\/\",\"logo\":{\"@type\":\"ImageObject\",\"inLanguage\":\"en-US\",\"@id\":\"https:\/\/decorstone.md\/#\/schema\/logo\/image\/\",\"url\":\"https:\/\/decorstone.md\/wp-content\/uploads\/2025\/01\/Design-fara-titlu.png\",\"contentUrl\":\"https:\/\/decorstone.md\/wp-content\/uploads\/2025\/01\/Design-fara-titlu.png\",\"width\":2295,\"height\":2295,\"caption\":\"DecorStone\"},\"image\":{\"@id\":\"https:\/\/decorstone.md\/#\/schema\/logo\/image\/\"},\"sameAs\":[\"https:\/\/www.facebook.com\/DecorStoneMD\/\",\"https:\/\/www.instagram.com\/decorstonemd\/\"]}]}<\/script>\n<!-- \/ Yoast SEO Premium plugin. -->","yoast_head_json":{"title":"Piatr\u0103 decorativ\u0103 Rustic \u2013 Design natural pentru fa\u021bade \u0219i exterior","description":"Piatr\u0103 decorativ\u0103 Rustic, inspirat\u0103 din piatra natural\u0103 din Bulgaria, perfect\u0103 pentru fa\u021bade, garduri \u0219i amenaj\u0103ri exterioare. \u00cembun\u0103t\u0103\u021be\u0219te aspectul oric\u0103rui proiect de construc\u021bie.","robots":{"index":"index","follow":"follow","max-snippet":"max-snippet:-1","max-image-preview":"max-image-preview:large","max-video-preview":"max-video-preview:-1"},"canonical":"https:\/\/decorstone.md\/en\/product\/rustic\/","og_locale":"en_US","og_type":"article","og_title":"Piatr\u0103 decorativ\u0103 Rustic \u2013 Design natural pentru fa\u021bade \u0219i exterior","og_description":"Piatr\u0103 decorativ\u0103 Rustic, inspirat\u0103 din piatra natural\u0103 din Bulgaria, perfect\u0103 pentru fa\u021bade, garduri \u0219i amenaj\u0103ri exterioare. \u00cembun\u0103t\u0103\u021be\u0219te aspectul oric\u0103rui proiect de construc\u021bie.","og_url":"https:\/\/decorstone.md\/en\/product\/rustic\/","og_site_name":"Mobilier urban","article_publisher":"https:\/\/www.facebook.com\/DecorStoneMD\/","article_modified_time":"2025-09-25T11:28:33+00:00","og_image":[{"width":1920,"height":2157,"url":"https:\/\/decorstone.md\/wp-content\/uploads\/2023\/01\/RUSTIC-PD-0207.jpg","type":"image\/jpeg"}],"twitter_card":"summary_large_image","twitter_misc":{"Est. reading time":"1 minute"},"schema":{"@context":"https:\/\/schema.org","@graph":[{"@type":"WebPage","@id":"https:\/\/decorstone.md\/product\/rustic\/","url":"https:\/\/decorstone.md\/product\/rustic\/","name":"Piatr\u0103 decorativ\u0103 Rustic \u2013 Design natural pentru fa\u021bade \u0219i exterior","isPartOf":{"@id":"https:\/\/decorstone.md\/#website"},"datePublished":"2023-01-10T08:34:50+00:00","dateModified":"2025-09-25T11:28:33+00:00","description":"Piatr\u0103 decorativ\u0103 Rustic, inspirat\u0103 din piatra natural\u0103 din Bulgaria, perfect\u0103 pentru fa\u021bade, garduri \u0219i amenaj\u0103ri exterioare. \u00cembun\u0103t\u0103\u021be\u0219te aspectul oric\u0103rui proiect de construc\u021bie.","breadcrumb":{"@id":"https:\/\/decorstone.md\/product\/rustic\/#breadcrumb"},"inLanguage":"en-US","potentialAction":[{"@type":"ReadAction","target":["https:\/\/decorstone.md\/product\/rustic\/"]}]},{"@type":"BreadcrumbList","@id":"https:\/\/decorstone.md\/product\/rustic\/#breadcrumb","itemListElement":[{"@type":"ListItem","position":1,"name":"Produse","item":"https:\/\/decorstone.md\/produse\/"},{"@type":"ListItem","position":2,"name":"Rustic"}]},{"@type":"WebSite","@id":"https:\/\/decorstone.md\/#website","url":"https:\/\/decorstone.md\/","name":"DecorStone - Mobilier Urban \u0219i Pavaje","description":"Decorstone","publisher":{"@id":"https:\/\/decorstone.md\/#organization"},"potentialAction":[{"@type":"SearchAction","target":{"@type":"EntryPoint","urlTemplate":"https:\/\/decorstone.md\/?s={search_term_string}"},"query-input":"required name=search_term_string"}],"inLanguage":"en-US"},{"@type":"Organization","@id":"https:\/\/decorstone.md\/#organization","name":"DecorStone","url":"https:\/\/decorstone.md\/","logo":{"@type":"ImageObject","inLanguage":"en-US","@id":"https:\/\/decorstone.md\/#\/schema\/logo\/image\/","url":"https:\/\/decorstone.md\/wp-content\/uploads\/2025\/01\/Design-fara-titlu.png","contentUrl":"https:\/\/decorstone.md\/wp-content\/uploads\/2025\/01\/Design-fara-titlu.png","width":2295,"height":2295,"caption":"DecorStone"},"image":{"@id":"https:\/\/decorstone.md\/#\/schema\/logo\/image\/"},"sameAs":["https:\/\/www.facebook.com\/DecorStoneMD\/","https:\/\/www.instagram.com\/decorstonemd\/"]}]}},"_links":{"self":[{"href":"https:\/\/decorstone.md\/en\/wp-json\/wp\/v2\/product\/2955"}],"collection":[{"href":"https:\/\/decorstone.md\/en\/wp-json\/wp\/v2\/product"}],"about":[{"href":"https:\/\/decorstone.md\/en\/wp-json\/wp\/v2\/types\/product"}],"replies":[{"embeddable":true,"href":"https:\/\/decorstone.md\/en\/wp-json\/wp\/v2\/comments?post=2955"}],"wp:featuredmedia":[{"embeddable":true,"href":"https:\/\/decorstone.md\/en\/wp-json\/wp\/v2\/media\/4573"}],"wp:attachment":[{"href":"https:\/\/decorstone.md\/en\/wp-json\/wp\/v2\/media?parent=2955"}],"wp:term":[{"taxonomy":"product_cat","embeddable":true,"href":"https:\/\/decorstone.md\/en\/wp-json\/wp\/v2\/product_cat?post=2955"},{"taxonomy":"product_tag","embeddable":true,"href":"https:\/\/decorstone.md\/en\/wp-json\/wp\/v2\/product_tag?post=2955"}],"curies":[{"name":"wp","href":"https:\/\/api.w.org\/{rel}","templated":true}]}}