{"id":2957,"date":"2023-01-10T08:36:57","date_gmt":"2023-01-10T08:36:57","guid":{"rendered":"https:\/\/decorstone.md\/product\/carpatin\/"},"modified":"2025-09-03T18:09:22","modified_gmt":"2025-09-03T15:09:22","slug":"carpatin","status":"publish","type":"product","link":"https:\/\/decorstone.md\/en\/product\/carpathian\/","title":{"rendered":"Carpathian"},"content":{"rendered":"","protected":false},"excerpt":{"rendered":"<p><span style=\"font-weight: 400;\">The Carpatin model has an identical structure to natural stone, only with varying sizes, colors and weight, so that it can be found in any desired style.<\/span><\/p>\n<p>&nbsp;<\/p>\n<p><span style=\"font-weight: 400;\">Characteristics:<\/span><\/p>\n<p>&nbsp;<\/p>\n<p><span style=\"font-weight: 400;\">Weight: 1m2=22 kg Dimensions: 10 x 10 cm;<\/span><\/p>\n<p><span style=\"font-weight: 400;\">10 x 20 cm;<\/span><\/p>\n<p><span style=\"font-weight: 400;\">20 x 20 cm;<\/span><\/p>\n<p><span style=\"font-weight: 400;\">20 x 40 cm.<\/span><\/p>\n<p><span style=\"font-weight: 400;\">Packaging: 1 m2\/ 1 box<\/span><\/p>","protected":false},"featured_media":4558,"comment_status":"closed","ping_status":"closed","template":"","meta":{"bwfblock_default_font":"","inline_featured_image":false},"product_cat":[41,317],"product_tag":[],"class_list":{"0":"post-2957","1":"product","2":"type-product","3":"status-publish","4":"has-post-thumbnail","6":"product_cat-piatra-decorativa","7":"product_cat-caramida-si-piatra-decorativa","8":"pa_culori-pd-0801","9":"pa_culori-pd-0802","10":"pa_culori-pd-0803","12":"first","13":"instock","14":"purchasable","15":"product-type-variable"},"acf":[],"yoast_head":"<!-- This site is optimized with the Yoast SEO Premium plugin v22.1 (Yoast SEO v22.1) - https:\/\/yoast.com\/wordpress\/plugins\/seo\/ -->\n<title>Piatra decorativ\u0103 Carpatin \u2013 Structur\u0103 natural\u0103 \u0219i dimensiuni variate pentru orice proiect<\/title>\n<meta name=\"description\" content=\"Piatra decorativ\u0103 Carpatin, cu structura sa natural\u0103, adaug\u0103 un aspect autentic. Disponibil\u0103 \u00een dimensiuni variate, pentru orice tip de proiect interior sau exterior.\" \/>\n<meta name=\"robots\" content=\"index, follow, max-snippet:-1, max-image-preview:large, max-video-preview:-1\" \/>\n<link rel=\"canonical\" href=\"https:\/\/decorstone.md\/en\/product\/carpathian\/\" \/>\n<meta property=\"og:locale\" content=\"en_US\" \/>\n<meta property=\"og:type\" content=\"article\" \/>\n<meta property=\"og:title\" content=\"Piatra decorativ\u0103 Carpatin \u2013 Structur\u0103 natural\u0103 \u0219i dimensiuni variate pentru orice proiect\" \/>\n<meta property=\"og:description\" content=\"Piatra decorativ\u0103 Carpatin, cu structura sa natural\u0103, adaug\u0103 un aspect autentic. Disponibil\u0103 \u00een dimensiuni variate, pentru orice tip de proiect interior sau exterior.\" \/>\n<meta property=\"og:url\" content=\"https:\/\/decorstone.md\/en\/product\/carpathian\/\" \/>\n<meta property=\"og:site_name\" content=\"Mobilier urban\" \/>\n<meta property=\"article:publisher\" content=\"https:\/\/www.facebook.com\/DecorStoneMD\/\" \/>\n<meta property=\"article:modified_time\" content=\"2025-09-03T15:09:22+00:00\" \/>\n<meta property=\"og:image\" content=\"https:\/\/decorstone.md\/wp-content\/uploads\/2023\/01\/CARPATIN-PD-0801-1.jpg\" \/>\n\t<meta property=\"og:image:width\" content=\"1920\" \/>\n\t<meta property=\"og:image:height\" content=\"2086\" \/>\n\t<meta property=\"og:image:type\" content=\"image\/jpeg\" \/>\n<meta name=\"twitter:card\" content=\"summary_large_image\" \/>\n<meta name=\"twitter:label1\" content=\"Est. reading time\" \/>\n\t<meta name=\"twitter:data1\" content=\"1 minute\" \/>\n<script type=\"application\/ld+json\" class=\"yoast-schema-graph\">{\"@context\":\"https:\/\/schema.org\",\"@graph\":[{\"@type\":\"WebPage\",\"@id\":\"https:\/\/decorstone.md\/product\/carpatin\/\",\"url\":\"https:\/\/decorstone.md\/product\/carpatin\/\",\"name\":\"Piatra decorativ\u0103 Carpatin \u2013 Structur\u0103 natural\u0103 \u0219i dimensiuni variate pentru orice proiect\",\"isPartOf\":{\"@id\":\"https:\/\/decorstone.md\/#website\"},\"datePublished\":\"2023-01-10T08:36:57+00:00\",\"dateModified\":\"2025-09-03T15:09:22+00:00\",\"description\":\"Piatra decorativ\u0103 Carpatin, cu structura sa natural\u0103, adaug\u0103 un aspect autentic. Disponibil\u0103 \u00een dimensiuni variate, pentru orice tip de proiect interior sau exterior.\",\"breadcrumb\":{\"@id\":\"https:\/\/decorstone.md\/product\/carpatin\/#breadcrumb\"},\"inLanguage\":\"en-US\",\"potentialAction\":[{\"@type\":\"ReadAction\",\"target\":[\"https:\/\/decorstone.md\/product\/carpatin\/\"]}]},{\"@type\":\"BreadcrumbList\",\"@id\":\"https:\/\/decorstone.md\/product\/carpatin\/#breadcrumb\",\"itemListElement\":[{\"@type\":\"ListItem\",\"position\":1,\"name\":\"Produse\",\"item\":\"https:\/\/decorstone.md\/produse\/\"},{\"@type\":\"ListItem\",\"position\":2,\"name\":\"Carpatin\"}]},{\"@type\":\"WebSite\",\"@id\":\"https:\/\/decorstone.md\/#website\",\"url\":\"https:\/\/decorstone.md\/\",\"name\":\"DecorStone - Mobilier Urban \u0219i Pavaje\",\"description\":\"Decorstone\",\"publisher\":{\"@id\":\"https:\/\/decorstone.md\/#organization\"},\"potentialAction\":[{\"@type\":\"SearchAction\",\"target\":{\"@type\":\"EntryPoint\",\"urlTemplate\":\"https:\/\/decorstone.md\/?s={search_term_string}\"},\"query-input\":\"required name=search_term_string\"}],\"inLanguage\":\"en-US\"},{\"@type\":\"Organization\",\"@id\":\"https:\/\/decorstone.md\/#organization\",\"name\":\"DecorStone\",\"url\":\"https:\/\/decorstone.md\/\",\"logo\":{\"@type\":\"ImageObject\",\"inLanguage\":\"en-US\",\"@id\":\"https:\/\/decorstone.md\/#\/schema\/logo\/image\/\",\"url\":\"https:\/\/decorstone.md\/wp-content\/uploads\/2025\/01\/Design-fara-titlu.png\",\"contentUrl\":\"https:\/\/decorstone.md\/wp-content\/uploads\/2025\/01\/Design-fara-titlu.png\",\"width\":2295,\"height\":2295,\"caption\":\"DecorStone\"},\"image\":{\"@id\":\"https:\/\/decorstone.md\/#\/schema\/logo\/image\/\"},\"sameAs\":[\"https:\/\/www.facebook.com\/DecorStoneMD\/\",\"https:\/\/www.instagram.com\/decorstonemd\/\"]}]}<\/script>\n<!-- \/ Yoast SEO Premium plugin. -->","yoast_head_json":{"title":"Piatra decorativ\u0103 Carpatin \u2013 Structur\u0103 natural\u0103 \u0219i dimensiuni variate pentru orice proiect","description":"Piatra decorativ\u0103 Carpatin, cu structura sa natural\u0103, adaug\u0103 un aspect autentic. Disponibil\u0103 \u00een dimensiuni variate, pentru orice tip de proiect interior sau exterior.","robots":{"index":"index","follow":"follow","max-snippet":"max-snippet:-1","max-image-preview":"max-image-preview:large","max-video-preview":"max-video-preview:-1"},"canonical":"https:\/\/decorstone.md\/en\/product\/carpathian\/","og_locale":"en_US","og_type":"article","og_title":"Piatra decorativ\u0103 Carpatin \u2013 Structur\u0103 natural\u0103 \u0219i dimensiuni variate pentru orice proiect","og_description":"Piatra decorativ\u0103 Carpatin, cu structura sa natural\u0103, adaug\u0103 un aspect autentic. Disponibil\u0103 \u00een dimensiuni variate, pentru orice tip de proiect interior sau exterior.","og_url":"https:\/\/decorstone.md\/en\/product\/carpathian\/","og_site_name":"Mobilier urban","article_publisher":"https:\/\/www.facebook.com\/DecorStoneMD\/","article_modified_time":"2025-09-03T15:09:22+00:00","og_image":[{"width":1920,"height":2086,"url":"https:\/\/decorstone.md\/wp-content\/uploads\/2023\/01\/CARPATIN-PD-0801-1.jpg","type":"image\/jpeg"}],"twitter_card":"summary_large_image","twitter_misc":{"Est. reading time":"1 minute"},"schema":{"@context":"https:\/\/schema.org","@graph":[{"@type":"WebPage","@id":"https:\/\/decorstone.md\/product\/carpatin\/","url":"https:\/\/decorstone.md\/product\/carpatin\/","name":"Piatra decorativ\u0103 Carpatin \u2013 Structur\u0103 natural\u0103 \u0219i dimensiuni variate pentru orice proiect","isPartOf":{"@id":"https:\/\/decorstone.md\/#website"},"datePublished":"2023-01-10T08:36:57+00:00","dateModified":"2025-09-03T15:09:22+00:00","description":"Piatra decorativ\u0103 Carpatin, cu structura sa natural\u0103, adaug\u0103 un aspect autentic. Disponibil\u0103 \u00een dimensiuni variate, pentru orice tip de proiect interior sau exterior.","breadcrumb":{"@id":"https:\/\/decorstone.md\/product\/carpatin\/#breadcrumb"},"inLanguage":"en-US","potentialAction":[{"@type":"ReadAction","target":["https:\/\/decorstone.md\/product\/carpatin\/"]}]},{"@type":"BreadcrumbList","@id":"https:\/\/decorstone.md\/product\/carpatin\/#breadcrumb","itemListElement":[{"@type":"ListItem","position":1,"name":"Produse","item":"https:\/\/decorstone.md\/produse\/"},{"@type":"ListItem","position":2,"name":"Carpatin"}]},{"@type":"WebSite","@id":"https:\/\/decorstone.md\/#website","url":"https:\/\/decorstone.md\/","name":"DecorStone - Mobilier Urban \u0219i Pavaje","description":"Decorstone","publisher":{"@id":"https:\/\/decorstone.md\/#organization"},"potentialAction":[{"@type":"SearchAction","target":{"@type":"EntryPoint","urlTemplate":"https:\/\/decorstone.md\/?s={search_term_string}"},"query-input":"required name=search_term_string"}],"inLanguage":"en-US"},{"@type":"Organization","@id":"https:\/\/decorstone.md\/#organization","name":"DecorStone","url":"https:\/\/decorstone.md\/","logo":{"@type":"ImageObject","inLanguage":"en-US","@id":"https:\/\/decorstone.md\/#\/schema\/logo\/image\/","url":"https:\/\/decorstone.md\/wp-content\/uploads\/2025\/01\/Design-fara-titlu.png","contentUrl":"https:\/\/decorstone.md\/wp-content\/uploads\/2025\/01\/Design-fara-titlu.png","width":2295,"height":2295,"caption":"DecorStone"},"image":{"@id":"https:\/\/decorstone.md\/#\/schema\/logo\/image\/"},"sameAs":["https:\/\/www.facebook.com\/DecorStoneMD\/","https:\/\/www.instagram.com\/decorstonemd\/"]}]}},"_links":{"self":[{"href":"https:\/\/decorstone.md\/en\/wp-json\/wp\/v2\/product\/2957"}],"collection":[{"href":"https:\/\/decorstone.md\/en\/wp-json\/wp\/v2\/product"}],"about":[{"href":"https:\/\/decorstone.md\/en\/wp-json\/wp\/v2\/types\/product"}],"replies":[{"embeddable":true,"href":"https:\/\/decorstone.md\/en\/wp-json\/wp\/v2\/comments?post=2957"}],"wp:featuredmedia":[{"embeddable":true,"href":"https:\/\/decorstone.md\/en\/wp-json\/wp\/v2\/media\/4558"}],"wp:attachment":[{"href":"https:\/\/decorstone.md\/en\/wp-json\/wp\/v2\/media?parent=2957"}],"wp:term":[{"taxonomy":"product_cat","embeddable":true,"href":"https:\/\/decorstone.md\/en\/wp-json\/wp\/v2\/product_cat?post=2957"},{"taxonomy":"product_tag","embeddable":true,"href":"https:\/\/decorstone.md\/en\/wp-json\/wp\/v2\/product_tag?post=2957"}],"curies":[{"name":"wp","href":"https:\/\/api.w.org\/{rel}","templated":true}]}}