{"id":2958,"date":"2023-01-10T08:38:00","date_gmt":"2023-01-10T08:38:00","guid":{"rendered":"https:\/\/decorstone.md\/product\/gotic\/"},"modified":"2025-09-12T17:19:47","modified_gmt":"2025-09-12T14:19:47","slug":"gotic","status":"publish","type":"product","link":"https:\/\/decorstone.md\/en\/product\/gothic\/","title":{"rendered":"Gothic"},"content":{"rendered":"","protected":false},"excerpt":{"rendered":"<p><span style=\"font-weight: 400;\">Gothic is the decorative stone modeled after a stone from the highlands of Great Britain, which is quarried and used in masonry to this day. We were impressed by the texture that the stone slabs create when they are next to each other, and we wanted to bring this beauty to Moldova, to decorate not only facades, but also interiors.<\/span><\/p>\n<p>&nbsp;<\/p>\n<p><span style=\"font-weight: 400;\">Characteristics:<\/span><\/p>\n<p><span style=\"font-weight: 400;\">Weight: 1m2= 34 kg<\/span><\/p>\n<p><span style=\"font-weight: 400;\">Packaging: Pallet<\/span><\/p>","protected":false},"featured_media":4583,"comment_status":"closed","ping_status":"closed","template":"","meta":{"bwfblock_default_font":"","inline_featured_image":false},"product_cat":[41,317],"product_tag":[],"class_list":{"0":"post-2958","1":"product","2":"type-product","3":"status-publish","4":"has-post-thumbnail","6":"product_cat-piatra-decorativa","7":"product_cat-caramida-si-piatra-decorativa","8":"pa_culori-pd-1201","9":"pa_culori-pd-1202","10":"pa_culori-pd-1203","11":"pa_culori-pd-1204","13":"first","14":"instock","15":"purchasable","16":"product-type-variable"},"acf":[],"yoast_head":"<!-- This site is optimized with the Yoast SEO Premium plugin v22.1 (Yoast SEO v22.1) - https:\/\/yoast.com\/wordpress\/plugins\/seo\/ -->\n<title>Piatr\u0103 decorativ\u0103 Gotic \u2013 Design natural inspirat din Marea Britanie<\/title>\n<meta name=\"description\" content=\"Piatr\u0103 decorativ\u0103 Gotic, inspirat\u0103 din pietrele din Marea Britanie, adaug\u0103 elegan\u021b\u0103 at\u00e2t pentru fa\u021bade, c\u00e2t \u0219i pentru interior. Alege un stil rafinat pentru orice spa\u021biu.\" \/>\n<meta name=\"robots\" content=\"index, follow, max-snippet:-1, max-image-preview:large, max-video-preview:-1\" \/>\n<link rel=\"canonical\" href=\"https:\/\/decorstone.md\/en\/product\/gothic\/\" \/>\n<meta property=\"og:locale\" content=\"en_US\" \/>\n<meta property=\"og:type\" content=\"article\" \/>\n<meta property=\"og:title\" content=\"Piatr\u0103 decorativ\u0103 Gotic \u2013 Design natural inspirat din Marea Britanie\" \/>\n<meta property=\"og:description\" content=\"Piatr\u0103 decorativ\u0103 Gotic, inspirat\u0103 din pietrele din Marea Britanie, adaug\u0103 elegan\u021b\u0103 at\u00e2t pentru fa\u021bade, c\u00e2t \u0219i pentru interior. Alege un stil rafinat pentru orice spa\u021biu.\" \/>\n<meta property=\"og:url\" content=\"https:\/\/decorstone.md\/en\/product\/gothic\/\" \/>\n<meta property=\"og:site_name\" content=\"Mobilier urban\" \/>\n<meta property=\"article:publisher\" content=\"https:\/\/www.facebook.com\/DecorStoneMD\/\" \/>\n<meta property=\"article:modified_time\" content=\"2025-09-12T14:19:47+00:00\" \/>\n<meta property=\"og:image\" content=\"https:\/\/decorstone.md\/wp-content\/uploads\/2023\/01\/GOTIC-PD-1201.jpg\" \/>\n\t<meta property=\"og:image:width\" content=\"1920\" \/>\n\t<meta property=\"og:image:height\" content=\"2168\" \/>\n\t<meta property=\"og:image:type\" content=\"image\/jpeg\" \/>\n<meta name=\"twitter:card\" content=\"summary_large_image\" \/>\n<meta name=\"twitter:label1\" content=\"Est. reading time\" \/>\n\t<meta name=\"twitter:data1\" content=\"1 minute\" \/>\n<script type=\"application\/ld+json\" class=\"yoast-schema-graph\">{\"@context\":\"https:\/\/schema.org\",\"@graph\":[{\"@type\":\"WebPage\",\"@id\":\"https:\/\/decorstone.md\/product\/gotic\/\",\"url\":\"https:\/\/decorstone.md\/product\/gotic\/\",\"name\":\"Piatr\u0103 decorativ\u0103 Gotic \u2013 Design natural inspirat din Marea Britanie\",\"isPartOf\":{\"@id\":\"https:\/\/decorstone.md\/#website\"},\"datePublished\":\"2023-01-10T08:38:00+00:00\",\"dateModified\":\"2025-09-12T14:19:47+00:00\",\"description\":\"Piatr\u0103 decorativ\u0103 Gotic, inspirat\u0103 din pietrele din Marea Britanie, adaug\u0103 elegan\u021b\u0103 at\u00e2t pentru fa\u021bade, c\u00e2t \u0219i pentru interior. Alege un stil rafinat pentru orice spa\u021biu.\",\"breadcrumb\":{\"@id\":\"https:\/\/decorstone.md\/product\/gotic\/#breadcrumb\"},\"inLanguage\":\"en-US\",\"potentialAction\":[{\"@type\":\"ReadAction\",\"target\":[\"https:\/\/decorstone.md\/product\/gotic\/\"]}]},{\"@type\":\"BreadcrumbList\",\"@id\":\"https:\/\/decorstone.md\/product\/gotic\/#breadcrumb\",\"itemListElement\":[{\"@type\":\"ListItem\",\"position\":1,\"name\":\"Produse\",\"item\":\"https:\/\/decorstone.md\/produse\/\"},{\"@type\":\"ListItem\",\"position\":2,\"name\":\"Gotic\"}]},{\"@type\":\"WebSite\",\"@id\":\"https:\/\/decorstone.md\/#website\",\"url\":\"https:\/\/decorstone.md\/\",\"name\":\"DecorStone - Mobilier Urban \u0219i Pavaje\",\"description\":\"Decorstone\",\"publisher\":{\"@id\":\"https:\/\/decorstone.md\/#organization\"},\"potentialAction\":[{\"@type\":\"SearchAction\",\"target\":{\"@type\":\"EntryPoint\",\"urlTemplate\":\"https:\/\/decorstone.md\/?s={search_term_string}\"},\"query-input\":\"required name=search_term_string\"}],\"inLanguage\":\"en-US\"},{\"@type\":\"Organization\",\"@id\":\"https:\/\/decorstone.md\/#organization\",\"name\":\"DecorStone\",\"url\":\"https:\/\/decorstone.md\/\",\"logo\":{\"@type\":\"ImageObject\",\"inLanguage\":\"en-US\",\"@id\":\"https:\/\/decorstone.md\/#\/schema\/logo\/image\/\",\"url\":\"https:\/\/decorstone.md\/wp-content\/uploads\/2025\/01\/Design-fara-titlu.png\",\"contentUrl\":\"https:\/\/decorstone.md\/wp-content\/uploads\/2025\/01\/Design-fara-titlu.png\",\"width\":2295,\"height\":2295,\"caption\":\"DecorStone\"},\"image\":{\"@id\":\"https:\/\/decorstone.md\/#\/schema\/logo\/image\/\"},\"sameAs\":[\"https:\/\/www.facebook.com\/DecorStoneMD\/\",\"https:\/\/www.instagram.com\/decorstonemd\/\"]}]}<\/script>\n<!-- \/ Yoast SEO Premium plugin. -->","yoast_head_json":{"title":"Piatr\u0103 decorativ\u0103 Gotic \u2013 Design natural inspirat din Marea Britanie","description":"Piatr\u0103 decorativ\u0103 Gotic, inspirat\u0103 din pietrele din Marea Britanie, adaug\u0103 elegan\u021b\u0103 at\u00e2t pentru fa\u021bade, c\u00e2t \u0219i pentru interior. Alege un stil rafinat pentru orice spa\u021biu.","robots":{"index":"index","follow":"follow","max-snippet":"max-snippet:-1","max-image-preview":"max-image-preview:large","max-video-preview":"max-video-preview:-1"},"canonical":"https:\/\/decorstone.md\/en\/product\/gothic\/","og_locale":"en_US","og_type":"article","og_title":"Piatr\u0103 decorativ\u0103 Gotic \u2013 Design natural inspirat din Marea Britanie","og_description":"Piatr\u0103 decorativ\u0103 Gotic, inspirat\u0103 din pietrele din Marea Britanie, adaug\u0103 elegan\u021b\u0103 at\u00e2t pentru fa\u021bade, c\u00e2t \u0219i pentru interior. Alege un stil rafinat pentru orice spa\u021biu.","og_url":"https:\/\/decorstone.md\/en\/product\/gothic\/","og_site_name":"Mobilier urban","article_publisher":"https:\/\/www.facebook.com\/DecorStoneMD\/","article_modified_time":"2025-09-12T14:19:47+00:00","og_image":[{"width":1920,"height":2168,"url":"https:\/\/decorstone.md\/wp-content\/uploads\/2023\/01\/GOTIC-PD-1201.jpg","type":"image\/jpeg"}],"twitter_card":"summary_large_image","twitter_misc":{"Est. reading time":"1 minute"},"schema":{"@context":"https:\/\/schema.org","@graph":[{"@type":"WebPage","@id":"https:\/\/decorstone.md\/product\/gotic\/","url":"https:\/\/decorstone.md\/product\/gotic\/","name":"Piatr\u0103 decorativ\u0103 Gotic \u2013 Design natural inspirat din Marea Britanie","isPartOf":{"@id":"https:\/\/decorstone.md\/#website"},"datePublished":"2023-01-10T08:38:00+00:00","dateModified":"2025-09-12T14:19:47+00:00","description":"Piatr\u0103 decorativ\u0103 Gotic, inspirat\u0103 din pietrele din Marea Britanie, adaug\u0103 elegan\u021b\u0103 at\u00e2t pentru fa\u021bade, c\u00e2t \u0219i pentru interior. Alege un stil rafinat pentru orice spa\u021biu.","breadcrumb":{"@id":"https:\/\/decorstone.md\/product\/gotic\/#breadcrumb"},"inLanguage":"en-US","potentialAction":[{"@type":"ReadAction","target":["https:\/\/decorstone.md\/product\/gotic\/"]}]},{"@type":"BreadcrumbList","@id":"https:\/\/decorstone.md\/product\/gotic\/#breadcrumb","itemListElement":[{"@type":"ListItem","position":1,"name":"Produse","item":"https:\/\/decorstone.md\/produse\/"},{"@type":"ListItem","position":2,"name":"Gotic"}]},{"@type":"WebSite","@id":"https:\/\/decorstone.md\/#website","url":"https:\/\/decorstone.md\/","name":"DecorStone - Mobilier Urban \u0219i Pavaje","description":"Decorstone","publisher":{"@id":"https:\/\/decorstone.md\/#organization"},"potentialAction":[{"@type":"SearchAction","target":{"@type":"EntryPoint","urlTemplate":"https:\/\/decorstone.md\/?s={search_term_string}"},"query-input":"required name=search_term_string"}],"inLanguage":"en-US"},{"@type":"Organization","@id":"https:\/\/decorstone.md\/#organization","name":"DecorStone","url":"https:\/\/decorstone.md\/","logo":{"@type":"ImageObject","inLanguage":"en-US","@id":"https:\/\/decorstone.md\/#\/schema\/logo\/image\/","url":"https:\/\/decorstone.md\/wp-content\/uploads\/2025\/01\/Design-fara-titlu.png","contentUrl":"https:\/\/decorstone.md\/wp-content\/uploads\/2025\/01\/Design-fara-titlu.png","width":2295,"height":2295,"caption":"DecorStone"},"image":{"@id":"https:\/\/decorstone.md\/#\/schema\/logo\/image\/"},"sameAs":["https:\/\/www.facebook.com\/DecorStoneMD\/","https:\/\/www.instagram.com\/decorstonemd\/"]}]}},"_links":{"self":[{"href":"https:\/\/decorstone.md\/en\/wp-json\/wp\/v2\/product\/2958"}],"collection":[{"href":"https:\/\/decorstone.md\/en\/wp-json\/wp\/v2\/product"}],"about":[{"href":"https:\/\/decorstone.md\/en\/wp-json\/wp\/v2\/types\/product"}],"replies":[{"embeddable":true,"href":"https:\/\/decorstone.md\/en\/wp-json\/wp\/v2\/comments?post=2958"}],"wp:featuredmedia":[{"embeddable":true,"href":"https:\/\/decorstone.md\/en\/wp-json\/wp\/v2\/media\/4583"}],"wp:attachment":[{"href":"https:\/\/decorstone.md\/en\/wp-json\/wp\/v2\/media?parent=2958"}],"wp:term":[{"taxonomy":"product_cat","embeddable":true,"href":"https:\/\/decorstone.md\/en\/wp-json\/wp\/v2\/product_cat?post=2958"},{"taxonomy":"product_tag","embeddable":true,"href":"https:\/\/decorstone.md\/en\/wp-json\/wp\/v2\/product_tag?post=2958"}],"curies":[{"name":"wp","href":"https:\/\/api.w.org\/{rel}","templated":true}]}}