{"id":2996,"date":"2023-06-01T10:32:35","date_gmt":"2023-06-01T10:32:35","guid":{"rendered":"https:\/\/decorstone.md\/product\/charlie\/"},"modified":"2026-02-06T11:05:17","modified_gmt":"2026-02-06T09:05:17","slug":"charlie","status":"publish","type":"product","link":"https:\/\/decorstone.md\/en\/product\/charlie\/","title":{"rendered":"Titanium"},"content":{"rendered":"","protected":false},"excerpt":{"rendered":"<p><span style=\"font-weight: 400;\">CHARLIE is the pot that can be integrated into any setting, from an office table to a living room, restaurant or other large spaces. Its minimalist design and varied colors, from pristine white to elegant black and other bold shades, make it easy to integrate into any decor, complementing and accentuating the personal style of your space.<\/span><\/p>","protected":false},"featured_media":5083,"comment_status":"closed","ping_status":"closed","template":"","meta":{"bwfblock_default_font":"","inline_featured_image":false},"product_cat":[33,312],"product_tag":[],"class_list":{"0":"post-2996","1":"product","2":"type-product","3":"status-publish","4":"has-post-thumbnail","6":"product_cat-ghivece","7":"product_cat-moderne","8":"pa_culori-black-washed","9":"pa_culori-chocolate-washed","10":"pa_culori-metalic-gold","11":"pa_culori-white-washed","12":"pa_dimensiuni-l-d250mm-h240mm","13":"pa_dimensiuni-m-d180mm-h175mm","14":"pa_dimensiuni-s-d150mm-h145mm","15":"pa_dimensiuni-xl-d320mm-h310mm","16":"pa_dimensiuni-xxl-d440mm-h430mm","17":"pa_dimensiuni-xxs-d106mm-h100mm","19":"first","20":"instock","21":"sale","22":"purchasable","23":"product-type-variable"},"acf":[],"yoast_head":"<!-- This site is optimized with the Yoast SEO Premium plugin v22.1 (Yoast SEO v22.1) - https:\/\/yoast.com\/wordpress\/plugins\/seo\/ -->\n<title>Titan - Mobilier urban<\/title>\n<meta name=\"robots\" content=\"index, follow, max-snippet:-1, max-image-preview:large, max-video-preview:-1\" \/>\n<link rel=\"canonical\" href=\"https:\/\/decorstone.md\/en\/product\/charlie\/\" \/>\n<meta property=\"og:locale\" content=\"en_US\" \/>\n<meta property=\"og:type\" content=\"article\" \/>\n<meta property=\"og:title\" content=\"Titan - Mobilier urban\" \/>\n<meta property=\"og:description\" content=\"CHARLIE este ghiveciul care poate fi integrat \u00een orice decor, de la o mas\u0103 de birou p\u00e2n\u0103 la un salon, restaurant sau alte spa\u021bii largi. Designul s\u0103u minimalist \u0219i culorile variate, de la alb imaculat la negru elegant \u0219i alte nuan\u021be \u00eendr\u0103zne\u021be, \u00eel fac u\u0219or de integrat \u00een orice decor, complet\u00e2nd \u0219i accentu\u00e2nd stilul personal al spa\u021biului dvs.\" \/>\n<meta property=\"og:url\" content=\"https:\/\/decorstone.md\/en\/product\/charlie\/\" \/>\n<meta property=\"og:site_name\" content=\"Mobilier urban\" \/>\n<meta property=\"article:publisher\" content=\"https:\/\/www.facebook.com\/DecorStoneMD\/\" \/>\n<meta property=\"article:modified_time\" content=\"2026-02-06T09:05:17+00:00\" \/>\n<meta property=\"og:image\" content=\"https:\/\/decorstone.md\/wp-content\/uploads\/2023\/06\/galerie-2-1-1.jpg\" \/>\n\t<meta property=\"og:image:width\" content=\"1920\" \/>\n\t<meta property=\"og:image:height\" content=\"1920\" \/>\n\t<meta property=\"og:image:type\" content=\"image\/jpeg\" \/>\n<meta name=\"twitter:card\" content=\"summary_large_image\" \/>\n<meta name=\"twitter:label1\" content=\"Est. reading time\" \/>\n\t<meta name=\"twitter:data1\" content=\"1 minute\" \/>\n<script type=\"application\/ld+json\" class=\"yoast-schema-graph\">{\"@context\":\"https:\/\/schema.org\",\"@graph\":[{\"@type\":\"WebPage\",\"@id\":\"https:\/\/decorstone.md\/product\/charlie\/\",\"url\":\"https:\/\/decorstone.md\/product\/charlie\/\",\"name\":\"Titan - Mobilier urban\",\"isPartOf\":{\"@id\":\"https:\/\/decorstone.md\/#website\"},\"datePublished\":\"2023-06-01T10:32:35+00:00\",\"dateModified\":\"2026-02-06T09:05:17+00:00\",\"breadcrumb\":{\"@id\":\"https:\/\/decorstone.md\/product\/charlie\/#breadcrumb\"},\"inLanguage\":\"en-US\",\"potentialAction\":[{\"@type\":\"ReadAction\",\"target\":[\"https:\/\/decorstone.md\/product\/charlie\/\"]}]},{\"@type\":\"BreadcrumbList\",\"@id\":\"https:\/\/decorstone.md\/product\/charlie\/#breadcrumb\",\"itemListElement\":[{\"@type\":\"ListItem\",\"position\":1,\"name\":\"Produse\",\"item\":\"https:\/\/decorstone.md\/produse\/\"},{\"@type\":\"ListItem\",\"position\":2,\"name\":\"Titan\"}]},{\"@type\":\"WebSite\",\"@id\":\"https:\/\/decorstone.md\/#website\",\"url\":\"https:\/\/decorstone.md\/\",\"name\":\"DecorStone - Mobilier Urban \u0219i Pavaje\",\"description\":\"Decorstone\",\"publisher\":{\"@id\":\"https:\/\/decorstone.md\/#organization\"},\"potentialAction\":[{\"@type\":\"SearchAction\",\"target\":{\"@type\":\"EntryPoint\",\"urlTemplate\":\"https:\/\/decorstone.md\/?s={search_term_string}\"},\"query-input\":\"required name=search_term_string\"}],\"inLanguage\":\"en-US\"},{\"@type\":\"Organization\",\"@id\":\"https:\/\/decorstone.md\/#organization\",\"name\":\"DecorStone\",\"url\":\"https:\/\/decorstone.md\/\",\"logo\":{\"@type\":\"ImageObject\",\"inLanguage\":\"en-US\",\"@id\":\"https:\/\/decorstone.md\/#\/schema\/logo\/image\/\",\"url\":\"https:\/\/decorstone.md\/wp-content\/uploads\/2025\/01\/Design-fara-titlu.png\",\"contentUrl\":\"https:\/\/decorstone.md\/wp-content\/uploads\/2025\/01\/Design-fara-titlu.png\",\"width\":2295,\"height\":2295,\"caption\":\"DecorStone\"},\"image\":{\"@id\":\"https:\/\/decorstone.md\/#\/schema\/logo\/image\/\"},\"sameAs\":[\"https:\/\/www.facebook.com\/DecorStoneMD\/\",\"https:\/\/www.instagram.com\/decorstonemd\/\"]}]}<\/script>\n<!-- \/ Yoast SEO Premium plugin. -->","yoast_head_json":{"title":"Titan - Mobilier urban","robots":{"index":"index","follow":"follow","max-snippet":"max-snippet:-1","max-image-preview":"max-image-preview:large","max-video-preview":"max-video-preview:-1"},"canonical":"https:\/\/decorstone.md\/en\/product\/charlie\/","og_locale":"en_US","og_type":"article","og_title":"Titan - Mobilier urban","og_description":"CHARLIE este ghiveciul care poate fi integrat \u00een orice decor, de la o mas\u0103 de birou p\u00e2n\u0103 la un salon, restaurant sau alte spa\u021bii largi. Designul s\u0103u minimalist \u0219i culorile variate, de la alb imaculat la negru elegant \u0219i alte nuan\u021be \u00eendr\u0103zne\u021be, \u00eel fac u\u0219or de integrat \u00een orice decor, complet\u00e2nd \u0219i accentu\u00e2nd stilul personal al spa\u021biului dvs.","og_url":"https:\/\/decorstone.md\/en\/product\/charlie\/","og_site_name":"Mobilier urban","article_publisher":"https:\/\/www.facebook.com\/DecorStoneMD\/","article_modified_time":"2026-02-06T09:05:17+00:00","og_image":[{"width":1920,"height":1920,"url":"https:\/\/decorstone.md\/wp-content\/uploads\/2023\/06\/galerie-2-1-1.jpg","type":"image\/jpeg"}],"twitter_card":"summary_large_image","twitter_misc":{"Est. reading time":"1 minute"},"schema":{"@context":"https:\/\/schema.org","@graph":[{"@type":"WebPage","@id":"https:\/\/decorstone.md\/product\/charlie\/","url":"https:\/\/decorstone.md\/product\/charlie\/","name":"Titan - Mobilier urban","isPartOf":{"@id":"https:\/\/decorstone.md\/#website"},"datePublished":"2023-06-01T10:32:35+00:00","dateModified":"2026-02-06T09:05:17+00:00","breadcrumb":{"@id":"https:\/\/decorstone.md\/product\/charlie\/#breadcrumb"},"inLanguage":"en-US","potentialAction":[{"@type":"ReadAction","target":["https:\/\/decorstone.md\/product\/charlie\/"]}]},{"@type":"BreadcrumbList","@id":"https:\/\/decorstone.md\/product\/charlie\/#breadcrumb","itemListElement":[{"@type":"ListItem","position":1,"name":"Produse","item":"https:\/\/decorstone.md\/produse\/"},{"@type":"ListItem","position":2,"name":"Titan"}]},{"@type":"WebSite","@id":"https:\/\/decorstone.md\/#website","url":"https:\/\/decorstone.md\/","name":"DecorStone - Mobilier Urban \u0219i Pavaje","description":"Decorstone","publisher":{"@id":"https:\/\/decorstone.md\/#organization"},"potentialAction":[{"@type":"SearchAction","target":{"@type":"EntryPoint","urlTemplate":"https:\/\/decorstone.md\/?s={search_term_string}"},"query-input":"required name=search_term_string"}],"inLanguage":"en-US"},{"@type":"Organization","@id":"https:\/\/decorstone.md\/#organization","name":"DecorStone","url":"https:\/\/decorstone.md\/","logo":{"@type":"ImageObject","inLanguage":"en-US","@id":"https:\/\/decorstone.md\/#\/schema\/logo\/image\/","url":"https:\/\/decorstone.md\/wp-content\/uploads\/2025\/01\/Design-fara-titlu.png","contentUrl":"https:\/\/decorstone.md\/wp-content\/uploads\/2025\/01\/Design-fara-titlu.png","width":2295,"height":2295,"caption":"DecorStone"},"image":{"@id":"https:\/\/decorstone.md\/#\/schema\/logo\/image\/"},"sameAs":["https:\/\/www.facebook.com\/DecorStoneMD\/","https:\/\/www.instagram.com\/decorstonemd\/"]}]}},"_links":{"self":[{"href":"https:\/\/decorstone.md\/en\/wp-json\/wp\/v2\/product\/2996"}],"collection":[{"href":"https:\/\/decorstone.md\/en\/wp-json\/wp\/v2\/product"}],"about":[{"href":"https:\/\/decorstone.md\/en\/wp-json\/wp\/v2\/types\/product"}],"replies":[{"embeddable":true,"href":"https:\/\/decorstone.md\/en\/wp-json\/wp\/v2\/comments?post=2996"}],"wp:featuredmedia":[{"embeddable":true,"href":"https:\/\/decorstone.md\/en\/wp-json\/wp\/v2\/media\/5083"}],"wp:attachment":[{"href":"https:\/\/decorstone.md\/en\/wp-json\/wp\/v2\/media?parent=2996"}],"wp:term":[{"taxonomy":"product_cat","embeddable":true,"href":"https:\/\/decorstone.md\/en\/wp-json\/wp\/v2\/product_cat?post=2996"},{"taxonomy":"product_tag","embeddable":true,"href":"https:\/\/decorstone.md\/en\/wp-json\/wp\/v2\/product_tag?post=2996"}],"curies":[{"name":"wp","href":"https:\/\/api.w.org\/{rel}","templated":true}]}}