{"id":3060,"date":"2023-06-02T20:19:26","date_gmt":"2023-06-02T20:19:26","guid":{"rendered":"https:\/\/decorstone.md\/product\/pax\/"},"modified":"2026-01-15T12:48:39","modified_gmt":"2026-01-15T10:48:39","slug":"ghiveci-din-beton-puck","status":"publish","type":"product","link":"https:\/\/decorstone.md\/en\/product\/pax\/","title":{"rendered":"Ghiveci din beton Puck"},"content":{"rendered":"<p data-start=\"186\" data-end=\"548\">Ghiveciul <strong data-start=\"196\" data-end=\"204\">Puck<\/strong> este un <strong data-start=\"213\" data-end=\"240\">vas decorativ din beton<\/strong>, robust \u0219i elegant, conceput pentru a ad\u0103uga stil \u0219i func\u021bionalitate \u00een <strong data-start=\"313\" data-end=\"354\">gr\u0103dini, terase sau spa\u021bii interioare<\/strong>. Forma sa compact\u0103 \u0219i modern\u0103 \u00eel face potrivit pentru <strong data-start=\"409\" data-end=\"445\">plante ornamentale mici \u0219i medii<\/strong>, iar betonul de calitate superioar\u0103 asigur\u0103 <strong data-start=\"490\" data-end=\"545\">durabilitate \u0219i rezisten\u021b\u0103 la intemperii \u0219i raze UV<\/strong>.<\/p>\n<p data-start=\"550\" data-end=\"582\"><strong data-start=\"550\" data-end=\"580\">Caracteristici principale:<\/strong><\/p>\n<ul data-start=\"583\" data-end=\"821\">\n<li data-start=\"583\" data-end=\"614\">\n<p data-start=\"585\" data-end=\"614\"><strong data-start=\"585\" data-end=\"598\">Material:<\/strong> beton durabil<\/p>\n<\/li>\n<li data-start=\"615\" data-end=\"658\">\n<p data-start=\"617\" data-end=\"658\"><strong data-start=\"617\" data-end=\"627\">Form\u0103:<\/strong> compact\u0103, modern\u0103 \u0219i stabil\u0103<\/p>\n<\/li>\n<li data-start=\"659\" data-end=\"698\">\n<p data-start=\"661\" data-end=\"698\"><strong data-start=\"661\" data-end=\"675\">Utilizare:<\/strong> interior \u0219i exterior<\/p>\n<\/li>\n<li data-start=\"699\" data-end=\"746\">\n<p data-start=\"701\" data-end=\"746\"><strong data-start=\"701\" data-end=\"716\">Dimensions:<\/strong> diverse op\u021biuni disponibile<\/p>\n<\/li>\n<li data-start=\"747\" data-end=\"783\">\n<p data-start=\"749\" data-end=\"783\"><strong data-start=\"749\" data-end=\"765\">\u00centre\u021binere:<\/strong> u\u0219or de cur\u0103\u021bat<\/p>\n<\/li>\n<li data-start=\"784\" data-end=\"821\">\n<p data-start=\"786\" data-end=\"821\"><strong data-start=\"786\" data-end=\"796\">Marc\u0103:<\/strong> Decorstone, seria Puck<\/p>\n<\/li>\n<\/ul>","protected":false},"excerpt":{"rendered":"<p><span style=\"font-weight: 400;\">Ghiveci din beton Puck este un ghiveci de tip atemporal. Datorit\u0103 formei, ofer\u0103 stabilitate \u0219i face posibil\u0103 cre\u0219terea plantelor \u00eenalte. Acest tip de ghiveci ofer\u0103 prioritate simplit\u0103\u021bii,f\u0103c\u00e2ndu-l potrivit pentru orice cadru. Materialul durabil \u00eel face potrivit at\u00e2t pentru interior, c\u00e2t \u0219i pentru exterior. Versatilitatea sa \u00eel face un element de accent ideal pentru a aduce un plus de stil \u0219i personalitate \u00een orice \u00eemprejurare.<\/span><\/p>","protected":false},"featured_media":5294,"comment_status":"closed","ping_status":"closed","template":"","meta":{"bwfblock_default_font":"","inline_featured_image":false},"product_cat":[33,312],"product_tag":[497,496,498,495],"class_list":{"0":"post-3060","1":"product","2":"type-product","3":"status-publish","4":"has-post-thumbnail","6":"product_cat-ghivece","7":"product_cat-moderne","8":"product_tag-beton","9":"product_tag-ghiveci","10":"product_tag-jardiniera","11":"product_tag-puck","12":"pa_culori-antracite","13":"pa_culori-grey","14":"pa_culori-white-grey","15":"pa_dimensiuni-l-d560mm-h565mm","16":"pa_dimensiuni-m-d450mm-h460mm","17":"pa_dimensiuni-xl-d660mm-h670mm","19":"first","20":"instock","21":"purchasable","22":"product-type-variable"},"acf":[],"yoast_head":"<!-- This site is optimized with the Yoast SEO Premium plugin v22.1 (Yoast SEO v22.1) - https:\/\/yoast.com\/wordpress\/plugins\/seo\/ -->\n<title>Ghiveci din beton Puck - Mobilier urban<\/title>\n<meta name=\"description\" content=\"Ghiveci din beton Puck, compact \u0219i modern, perfect pentru gr\u0103dini, terase \u0219i spa\u021bii interioare elegante. Jardiniera moderna Rezistenta \u0219i durabila.\" \/>\n<meta name=\"robots\" content=\"index, follow, max-snippet:-1, max-image-preview:large, max-video-preview:-1\" \/>\n<link rel=\"canonical\" href=\"https:\/\/decorstone.md\/en\/product\/pax\/\" \/>\n<meta property=\"og:locale\" content=\"en_US\" \/>\n<meta property=\"og:type\" content=\"article\" \/>\n<meta property=\"og:title\" content=\"Ghiveci din beton Puck - Mobilier urban\" \/>\n<meta property=\"og:description\" content=\"Ghiveci din beton Puck, compact \u0219i modern, perfect pentru gr\u0103dini, terase \u0219i spa\u021bii interioare elegante. Jardiniera moderna Rezistenta \u0219i durabila.\" \/>\n<meta property=\"og:url\" content=\"https:\/\/decorstone.md\/en\/product\/pax\/\" \/>\n<meta property=\"og:site_name\" content=\"Mobilier urban\" \/>\n<meta property=\"article:publisher\" content=\"https:\/\/www.facebook.com\/DecorStoneMD\/\" \/>\n<meta property=\"article:modified_time\" content=\"2026-01-15T10:48:39+00:00\" \/>\n<meta property=\"og:image\" content=\"https:\/\/decorstone.md\/wp-content\/uploads\/2023\/06\/Puck-Toate.jpg\" \/>\n\t<meta property=\"og:image:width\" content=\"1800\" \/>\n\t<meta property=\"og:image:height\" content=\"1440\" \/>\n\t<meta property=\"og:image:type\" content=\"image\/jpeg\" \/>\n<meta name=\"twitter:card\" content=\"summary_large_image\" \/>\n<meta name=\"twitter:label1\" content=\"Est. reading time\" \/>\n\t<meta name=\"twitter:data1\" content=\"1 minute\" \/>\n<script type=\"application\/ld+json\" class=\"yoast-schema-graph\">{\"@context\":\"https:\/\/schema.org\",\"@graph\":[{\"@type\":\"WebPage\",\"@id\":\"https:\/\/decorstone.md\/product\/ghiveci-din-beton-puck\/\",\"url\":\"https:\/\/decorstone.md\/product\/ghiveci-din-beton-puck\/\",\"name\":\"Ghiveci din beton Puck - Mobilier urban\",\"isPartOf\":{\"@id\":\"https:\/\/decorstone.md\/#website\"},\"datePublished\":\"2023-06-02T20:19:26+00:00\",\"dateModified\":\"2026-01-15T10:48:39+00:00\",\"description\":\"Ghiveci din beton Puck, compact \u0219i modern, perfect pentru gr\u0103dini, terase \u0219i spa\u021bii interioare elegante. Jardiniera moderna Rezistenta \u0219i durabila.\",\"breadcrumb\":{\"@id\":\"https:\/\/decorstone.md\/product\/ghiveci-din-beton-puck\/#breadcrumb\"},\"inLanguage\":\"en-US\",\"potentialAction\":[{\"@type\":\"ReadAction\",\"target\":[\"https:\/\/decorstone.md\/product\/ghiveci-din-beton-puck\/\"]}]},{\"@type\":\"BreadcrumbList\",\"@id\":\"https:\/\/decorstone.md\/product\/ghiveci-din-beton-puck\/#breadcrumb\",\"itemListElement\":[{\"@type\":\"ListItem\",\"position\":1,\"name\":\"Produse\",\"item\":\"https:\/\/decorstone.md\/produse\/\"},{\"@type\":\"ListItem\",\"position\":2,\"name\":\"Ghiveci din beton Puck\"}]},{\"@type\":\"WebSite\",\"@id\":\"https:\/\/decorstone.md\/#website\",\"url\":\"https:\/\/decorstone.md\/\",\"name\":\"DecorStone - Mobilier Urban \u0219i Pavaje\",\"description\":\"Decorstone\",\"publisher\":{\"@id\":\"https:\/\/decorstone.md\/#organization\"},\"potentialAction\":[{\"@type\":\"SearchAction\",\"target\":{\"@type\":\"EntryPoint\",\"urlTemplate\":\"https:\/\/decorstone.md\/?s={search_term_string}\"},\"query-input\":\"required name=search_term_string\"}],\"inLanguage\":\"en-US\"},{\"@type\":\"Organization\",\"@id\":\"https:\/\/decorstone.md\/#organization\",\"name\":\"DecorStone\",\"url\":\"https:\/\/decorstone.md\/\",\"logo\":{\"@type\":\"ImageObject\",\"inLanguage\":\"en-US\",\"@id\":\"https:\/\/decorstone.md\/#\/schema\/logo\/image\/\",\"url\":\"https:\/\/decorstone.md\/wp-content\/uploads\/2025\/01\/Design-fara-titlu.png\",\"contentUrl\":\"https:\/\/decorstone.md\/wp-content\/uploads\/2025\/01\/Design-fara-titlu.png\",\"width\":2295,\"height\":2295,\"caption\":\"DecorStone\"},\"image\":{\"@id\":\"https:\/\/decorstone.md\/#\/schema\/logo\/image\/\"},\"sameAs\":[\"https:\/\/www.facebook.com\/DecorStoneMD\/\",\"https:\/\/www.instagram.com\/decorstonemd\/\"]}]}<\/script>\n<!-- \/ Yoast SEO Premium plugin. -->","yoast_head_json":{"title":"Ghiveci din beton Puck - Mobilier urban","description":"Ghiveci din beton Puck, compact \u0219i modern, perfect pentru gr\u0103dini, terase \u0219i spa\u021bii interioare elegante. Jardiniera moderna Rezistenta \u0219i durabila.","robots":{"index":"index","follow":"follow","max-snippet":"max-snippet:-1","max-image-preview":"max-image-preview:large","max-video-preview":"max-video-preview:-1"},"canonical":"https:\/\/decorstone.md\/en\/product\/pax\/","og_locale":"en_US","og_type":"article","og_title":"Ghiveci din beton Puck - Mobilier urban","og_description":"Ghiveci din beton Puck, compact \u0219i modern, perfect pentru gr\u0103dini, terase \u0219i spa\u021bii interioare elegante. Jardiniera moderna Rezistenta \u0219i durabila.","og_url":"https:\/\/decorstone.md\/en\/product\/pax\/","og_site_name":"Mobilier urban","article_publisher":"https:\/\/www.facebook.com\/DecorStoneMD\/","article_modified_time":"2026-01-15T10:48:39+00:00","og_image":[{"width":1800,"height":1440,"url":"https:\/\/decorstone.md\/wp-content\/uploads\/2023\/06\/Puck-Toate.jpg","type":"image\/jpeg"}],"twitter_card":"summary_large_image","twitter_misc":{"Est. reading time":"1 minute"},"schema":{"@context":"https:\/\/schema.org","@graph":[{"@type":"WebPage","@id":"https:\/\/decorstone.md\/product\/ghiveci-din-beton-puck\/","url":"https:\/\/decorstone.md\/product\/ghiveci-din-beton-puck\/","name":"Ghiveci din beton Puck - Mobilier urban","isPartOf":{"@id":"https:\/\/decorstone.md\/#website"},"datePublished":"2023-06-02T20:19:26+00:00","dateModified":"2026-01-15T10:48:39+00:00","description":"Ghiveci din beton Puck, compact \u0219i modern, perfect pentru gr\u0103dini, terase \u0219i spa\u021bii interioare elegante. Jardiniera moderna Rezistenta \u0219i durabila.","breadcrumb":{"@id":"https:\/\/decorstone.md\/product\/ghiveci-din-beton-puck\/#breadcrumb"},"inLanguage":"en-US","potentialAction":[{"@type":"ReadAction","target":["https:\/\/decorstone.md\/product\/ghiveci-din-beton-puck\/"]}]},{"@type":"BreadcrumbList","@id":"https:\/\/decorstone.md\/product\/ghiveci-din-beton-puck\/#breadcrumb","itemListElement":[{"@type":"ListItem","position":1,"name":"Produse","item":"https:\/\/decorstone.md\/produse\/"},{"@type":"ListItem","position":2,"name":"Ghiveci din beton Puck"}]},{"@type":"WebSite","@id":"https:\/\/decorstone.md\/#website","url":"https:\/\/decorstone.md\/","name":"DecorStone - Mobilier Urban \u0219i Pavaje","description":"Decorstone","publisher":{"@id":"https:\/\/decorstone.md\/#organization"},"potentialAction":[{"@type":"SearchAction","target":{"@type":"EntryPoint","urlTemplate":"https:\/\/decorstone.md\/?s={search_term_string}"},"query-input":"required name=search_term_string"}],"inLanguage":"en-US"},{"@type":"Organization","@id":"https:\/\/decorstone.md\/#organization","name":"DecorStone","url":"https:\/\/decorstone.md\/","logo":{"@type":"ImageObject","inLanguage":"en-US","@id":"https:\/\/decorstone.md\/#\/schema\/logo\/image\/","url":"https:\/\/decorstone.md\/wp-content\/uploads\/2025\/01\/Design-fara-titlu.png","contentUrl":"https:\/\/decorstone.md\/wp-content\/uploads\/2025\/01\/Design-fara-titlu.png","width":2295,"height":2295,"caption":"DecorStone"},"image":{"@id":"https:\/\/decorstone.md\/#\/schema\/logo\/image\/"},"sameAs":["https:\/\/www.facebook.com\/DecorStoneMD\/","https:\/\/www.instagram.com\/decorstonemd\/"]}]}},"_links":{"self":[{"href":"https:\/\/decorstone.md\/en\/wp-json\/wp\/v2\/product\/3060"}],"collection":[{"href":"https:\/\/decorstone.md\/en\/wp-json\/wp\/v2\/product"}],"about":[{"href":"https:\/\/decorstone.md\/en\/wp-json\/wp\/v2\/types\/product"}],"replies":[{"embeddable":true,"href":"https:\/\/decorstone.md\/en\/wp-json\/wp\/v2\/comments?post=3060"}],"wp:featuredmedia":[{"embeddable":true,"href":"https:\/\/decorstone.md\/en\/wp-json\/wp\/v2\/media\/5294"}],"wp:attachment":[{"href":"https:\/\/decorstone.md\/en\/wp-json\/wp\/v2\/media?parent=3060"}],"wp:term":[{"taxonomy":"product_cat","embeddable":true,"href":"https:\/\/decorstone.md\/en\/wp-json\/wp\/v2\/product_cat?post=3060"},{"taxonomy":"product_tag","embeddable":true,"href":"https:\/\/decorstone.md\/en\/wp-json\/wp\/v2\/product_tag?post=3060"}],"curies":[{"name":"wp","href":"https:\/\/api.w.org\/{rel}","templated":true}]}}