{"id":3078,"date":"2023-06-15T08:53:50","date_gmt":"2023-06-15T08:53:50","guid":{"rendered":"https:\/\/decorstone.md\/product\/solutie-anti-mucegai-fungi-clean\/"},"modified":"2024-06-20T18:45:33","modified_gmt":"2024-06-20T15:45:33","slug":"solutie-anti-mucegai-fungi-clean","status":"publish","type":"product","link":"https:\/\/decorstone.md\/en\/product\/fungi-clean-anti-mould-solution\/","title":{"rendered":"Anti-mold solution 1:1 FUNGI CLEAN"},"content":{"rendered":"<p>PROSEPT FUNGI CLEAN is an effective solution for removing mold, fungi, moss, algae, mold, soap and other deep-rooted dirt from ceramic tiles and joints, wallpaper, plastic, wood, concrete, plasterboard, painted surfaces, artificial stone and natural, plinth, borders, monuments, etc. It has a disinfecting effect, blocks the development of mold and microorganisms and removes odors. It is used for cleaning the interior and exterior walls of buildings, bathrooms, showers, effectively cleans wooden surfaces in bathrooms and saunas, removes mold and odors from basements. The concentrate must be diluted with water in a 1:1 ratio.<\/p>\n<p>1. Mold Removal: Apply to the surface with a sprayer or sponge. Let it act for a few hours. Rinse with water or wipe with a damp sponge.<\/p>\n<p>2. Removal of mosses and lichens: in abundance, until completely absorbed, apply directly to the affected areas, after a few days remove the residue with a brush or scraper.3. Tile cleaning, showers: apply to the surface with the sprayer. Let it act for a few hours. Rinse with water.<\/p>\n<p>4. Cleaning wood in saunas, baths, washing: apply to the surface, leave for a few hours, then wipe with a damp sponge. You should refrain from using the premises for 3-4 days until complete decomposition and neutralization of the active ingredients of the drug.<\/p>","protected":false},"excerpt":{"rendered":"<p>PROSEPT FUNGI CLEAN este un solutie eficient pentru \u00eendep\u0103rtarea mucegaiului, ciupercilor, mu\u0219chilor, algelor, mucegaiului, s\u0103punului \u0219i a altor murd\u0103rie ad\u00e2nc \u00eenr\u0103d\u0103cinate de pe pl\u0103ci \u0219i rosturi ceramice, tapet, plastic, lemn, beton, gips-carton, suprafe\u021be vopsite, piatr\u0103 artificial\u0103 \u0219i natural\u0103, soclu , borduri, monumente etc. Are efect dezinfectant, blocheaz\u0103 dezvoltarea mucegaiului \u0219i a microorganismelor \u0219i \u00eendep\u0103rteaz\u0103 mirosurile. [&hellip;]<\/p>","protected":false},"featured_media":697,"comment_status":"closed","ping_status":"closed","template":"","meta":{"bwfblock_default_font":"","inline_featured_image":false},"product_cat":[53],"product_tag":[61,62,58],"class_list":{"0":"post-3078","1":"product","2":"type-product","3":"status-publish","4":"has-post-thumbnail","6":"product_cat-recomandari-pentru-fatade","7":"product_tag-anti-mucegai","8":"product_tag-curatare","9":"product_tag-prosept","10":"pa_dimensiuni-1-l","11":"pa_dimensiuni-5-l","13":"first","14":"instock","15":"purchasable","16":"product-type-variable"},"acf":[],"yoast_head":"<!-- This site is optimized with the Yoast SEO Premium plugin v22.1 (Yoast SEO v22.1) - https:\/\/yoast.com\/wordpress\/plugins\/seo\/ -->\n<title>Solu\u021bie anti-mucegai 1:1 FUNGI CLEAN - Mobilier urban<\/title>\n<meta name=\"robots\" content=\"index, follow, max-snippet:-1, max-image-preview:large, max-video-preview:-1\" \/>\n<link rel=\"canonical\" href=\"https:\/\/decorstone.md\/en\/product\/fungi-clean-anti-mould-solution\/\" \/>\n<meta property=\"og:locale\" content=\"en_US\" \/>\n<meta property=\"og:type\" content=\"article\" \/>\n<meta property=\"og:title\" content=\"Solu\u021bie anti-mucegai 1:1 FUNGI CLEAN - Mobilier urban\" \/>\n<meta property=\"og:description\" content=\"PROSEPT FUNGI CLEAN este un solutie eficient pentru \u00eendep\u0103rtarea mucegaiului, ciupercilor, mu\u0219chilor, algelor, mucegaiului, s\u0103punului \u0219i a altor murd\u0103rie ad\u00e2nc \u00eenr\u0103d\u0103cinate de pe pl\u0103ci \u0219i rosturi ceramice, tapet, plastic, lemn, beton, gips-carton, suprafe\u021be vopsite, piatr\u0103 artificial\u0103 \u0219i natural\u0103, soclu , borduri, monumente etc. Are efect dezinfectant, blocheaz\u0103 dezvoltarea mucegaiului \u0219i a microorganismelor \u0219i \u00eendep\u0103rteaz\u0103 mirosurile. [&hellip;]\" \/>\n<meta property=\"og:url\" content=\"https:\/\/decorstone.md\/en\/product\/fungi-clean-anti-mould-solution\/\" \/>\n<meta property=\"og:site_name\" content=\"Mobilier urban\" \/>\n<meta property=\"article:publisher\" content=\"https:\/\/www.facebook.com\/DecorStoneMD\/\" \/>\n<meta property=\"article:modified_time\" content=\"2024-06-20T15:45:33+00:00\" \/>\n<meta property=\"og:image\" content=\"https:\/\/decorstone.md\/wp-content\/uploads\/2024\/06\/solutie-antimucegai-prosept-fungi-clean.png\" \/>\n\t<meta property=\"og:image:width\" content=\"1080\" \/>\n\t<meta property=\"og:image:height\" content=\"1080\" \/>\n\t<meta property=\"og:image:type\" content=\"image\/png\" \/>\n<meta name=\"twitter:card\" content=\"summary_large_image\" \/>\n<meta name=\"twitter:label1\" content=\"Est. reading time\" \/>\n\t<meta name=\"twitter:data1\" content=\"2 minutes\" \/>\n<script type=\"application\/ld+json\" class=\"yoast-schema-graph\">{\"@context\":\"https:\/\/schema.org\",\"@graph\":[{\"@type\":\"WebPage\",\"@id\":\"https:\/\/decorstone.md\/product\/solutie-anti-mucegai-fungi-clean\/\",\"url\":\"https:\/\/decorstone.md\/product\/solutie-anti-mucegai-fungi-clean\/\",\"name\":\"Solu\u021bie anti-mucegai 1:1 FUNGI CLEAN - Mobilier urban\",\"isPartOf\":{\"@id\":\"https:\/\/decorstone.md\/#website\"},\"datePublished\":\"2023-06-15T08:53:50+00:00\",\"dateModified\":\"2024-06-20T15:45:33+00:00\",\"breadcrumb\":{\"@id\":\"https:\/\/decorstone.md\/product\/solutie-anti-mucegai-fungi-clean\/#breadcrumb\"},\"inLanguage\":\"en-US\",\"potentialAction\":[{\"@type\":\"ReadAction\",\"target\":[\"https:\/\/decorstone.md\/product\/solutie-anti-mucegai-fungi-clean\/\"]}]},{\"@type\":\"BreadcrumbList\",\"@id\":\"https:\/\/decorstone.md\/product\/solutie-anti-mucegai-fungi-clean\/#breadcrumb\",\"itemListElement\":[{\"@type\":\"ListItem\",\"position\":1,\"name\":\"Produse\",\"item\":\"https:\/\/decorstone.md\/produse\/\"},{\"@type\":\"ListItem\",\"position\":2,\"name\":\"Solu\u021bie anti-mucegai 1:1 FUNGI CLEAN\"}]},{\"@type\":\"WebSite\",\"@id\":\"https:\/\/decorstone.md\/#website\",\"url\":\"https:\/\/decorstone.md\/\",\"name\":\"DecorStone - Mobilier Urban \u0219i Pavaje\",\"description\":\"Decorstone\",\"publisher\":{\"@id\":\"https:\/\/decorstone.md\/#organization\"},\"potentialAction\":[{\"@type\":\"SearchAction\",\"target\":{\"@type\":\"EntryPoint\",\"urlTemplate\":\"https:\/\/decorstone.md\/?s={search_term_string}\"},\"query-input\":\"required name=search_term_string\"}],\"inLanguage\":\"en-US\"},{\"@type\":\"Organization\",\"@id\":\"https:\/\/decorstone.md\/#organization\",\"name\":\"DecorStone\",\"url\":\"https:\/\/decorstone.md\/\",\"logo\":{\"@type\":\"ImageObject\",\"inLanguage\":\"en-US\",\"@id\":\"https:\/\/decorstone.md\/#\/schema\/logo\/image\/\",\"url\":\"https:\/\/decorstone.md\/wp-content\/uploads\/2025\/01\/Design-fara-titlu.png\",\"contentUrl\":\"https:\/\/decorstone.md\/wp-content\/uploads\/2025\/01\/Design-fara-titlu.png\",\"width\":2295,\"height\":2295,\"caption\":\"DecorStone\"},\"image\":{\"@id\":\"https:\/\/decorstone.md\/#\/schema\/logo\/image\/\"},\"sameAs\":[\"https:\/\/www.facebook.com\/DecorStoneMD\/\",\"https:\/\/www.instagram.com\/decorstonemd\/\"]}]}<\/script>\n<!-- \/ Yoast SEO Premium plugin. -->","yoast_head_json":{"title":"Solu\u021bie anti-mucegai 1:1 FUNGI CLEAN - Mobilier urban","robots":{"index":"index","follow":"follow","max-snippet":"max-snippet:-1","max-image-preview":"max-image-preview:large","max-video-preview":"max-video-preview:-1"},"canonical":"https:\/\/decorstone.md\/en\/product\/fungi-clean-anti-mould-solution\/","og_locale":"en_US","og_type":"article","og_title":"Solu\u021bie anti-mucegai 1:1 FUNGI CLEAN - Mobilier urban","og_description":"PROSEPT FUNGI CLEAN este un solutie eficient pentru \u00eendep\u0103rtarea mucegaiului, ciupercilor, mu\u0219chilor, algelor, mucegaiului, s\u0103punului \u0219i a altor murd\u0103rie ad\u00e2nc \u00eenr\u0103d\u0103cinate de pe pl\u0103ci \u0219i rosturi ceramice, tapet, plastic, lemn, beton, gips-carton, suprafe\u021be vopsite, piatr\u0103 artificial\u0103 \u0219i natural\u0103, soclu , borduri, monumente etc. Are efect dezinfectant, blocheaz\u0103 dezvoltarea mucegaiului \u0219i a microorganismelor \u0219i \u00eendep\u0103rteaz\u0103 mirosurile. [&hellip;]","og_url":"https:\/\/decorstone.md\/en\/product\/fungi-clean-anti-mould-solution\/","og_site_name":"Mobilier urban","article_publisher":"https:\/\/www.facebook.com\/DecorStoneMD\/","article_modified_time":"2024-06-20T15:45:33+00:00","og_image":[{"width":1080,"height":1080,"url":"https:\/\/decorstone.md\/wp-content\/uploads\/2024\/06\/solutie-antimucegai-prosept-fungi-clean.png","type":"image\/png"}],"twitter_card":"summary_large_image","twitter_misc":{"Est. reading time":"2 minutes"},"schema":{"@context":"https:\/\/schema.org","@graph":[{"@type":"WebPage","@id":"https:\/\/decorstone.md\/product\/solutie-anti-mucegai-fungi-clean\/","url":"https:\/\/decorstone.md\/product\/solutie-anti-mucegai-fungi-clean\/","name":"Solu\u021bie anti-mucegai 1:1 FUNGI CLEAN - Mobilier urban","isPartOf":{"@id":"https:\/\/decorstone.md\/#website"},"datePublished":"2023-06-15T08:53:50+00:00","dateModified":"2024-06-20T15:45:33+00:00","breadcrumb":{"@id":"https:\/\/decorstone.md\/product\/solutie-anti-mucegai-fungi-clean\/#breadcrumb"},"inLanguage":"en-US","potentialAction":[{"@type":"ReadAction","target":["https:\/\/decorstone.md\/product\/solutie-anti-mucegai-fungi-clean\/"]}]},{"@type":"BreadcrumbList","@id":"https:\/\/decorstone.md\/product\/solutie-anti-mucegai-fungi-clean\/#breadcrumb","itemListElement":[{"@type":"ListItem","position":1,"name":"Produse","item":"https:\/\/decorstone.md\/produse\/"},{"@type":"ListItem","position":2,"name":"Solu\u021bie anti-mucegai 1:1 FUNGI CLEAN"}]},{"@type":"WebSite","@id":"https:\/\/decorstone.md\/#website","url":"https:\/\/decorstone.md\/","name":"DecorStone - Mobilier Urban \u0219i Pavaje","description":"Decorstone","publisher":{"@id":"https:\/\/decorstone.md\/#organization"},"potentialAction":[{"@type":"SearchAction","target":{"@type":"EntryPoint","urlTemplate":"https:\/\/decorstone.md\/?s={search_term_string}"},"query-input":"required name=search_term_string"}],"inLanguage":"en-US"},{"@type":"Organization","@id":"https:\/\/decorstone.md\/#organization","name":"DecorStone","url":"https:\/\/decorstone.md\/","logo":{"@type":"ImageObject","inLanguage":"en-US","@id":"https:\/\/decorstone.md\/#\/schema\/logo\/image\/","url":"https:\/\/decorstone.md\/wp-content\/uploads\/2025\/01\/Design-fara-titlu.png","contentUrl":"https:\/\/decorstone.md\/wp-content\/uploads\/2025\/01\/Design-fara-titlu.png","width":2295,"height":2295,"caption":"DecorStone"},"image":{"@id":"https:\/\/decorstone.md\/#\/schema\/logo\/image\/"},"sameAs":["https:\/\/www.facebook.com\/DecorStoneMD\/","https:\/\/www.instagram.com\/decorstonemd\/"]}]}},"_links":{"self":[{"href":"https:\/\/decorstone.md\/en\/wp-json\/wp\/v2\/product\/3078"}],"collection":[{"href":"https:\/\/decorstone.md\/en\/wp-json\/wp\/v2\/product"}],"about":[{"href":"https:\/\/decorstone.md\/en\/wp-json\/wp\/v2\/types\/product"}],"replies":[{"embeddable":true,"href":"https:\/\/decorstone.md\/en\/wp-json\/wp\/v2\/comments?post=3078"}],"wp:featuredmedia":[{"embeddable":true,"href":"https:\/\/decorstone.md\/en\/wp-json\/wp\/v2\/media\/697"}],"wp:attachment":[{"href":"https:\/\/decorstone.md\/en\/wp-json\/wp\/v2\/media?parent=3078"}],"wp:term":[{"taxonomy":"product_cat","embeddable":true,"href":"https:\/\/decorstone.md\/en\/wp-json\/wp\/v2\/product_cat?post=3078"},{"taxonomy":"product_tag","embeddable":true,"href":"https:\/\/decorstone.md\/en\/wp-json\/wp\/v2\/product_tag?post=3078"}],"curies":[{"name":"wp","href":"https:\/\/api.w.org\/{rel}","templated":true}]}}