{"id":3093,"date":"2023-06-15T12:27:13","date_gmt":"2023-06-15T12:27:13","guid":{"rendered":"https:\/\/decorstone.md\/product\/solutie-curatire-suprafete-de-beton-5l\/"},"modified":"2024-07-17T01:03:02","modified_gmt":"2024-07-16T22:03:02","slug":"solutie-curatire-suprafete-de-beton-5l","status":"publish","type":"product","link":"https:\/\/decorstone.md\/en\/product\/concrete-surface-cleaning-solution-5l\/","title":{"rendered":"Concrete surface cleaning solution DUTY HARD PLUS, 5L"},"content":{"rendered":"<p>Alkaline concentrate with low foam for cleaning facades of buildings and structures, various building structures, underground passages, road surfaces, etc. It dissolves quickly in water, degreases and cleans surfaces well. Removes soot, soot, dust, oil stains, as well as atmospheric and soil pollution from any type of surface. Effective in water of any hardness and temperature.<\/p>\n<p><strong>Aplication domain:<\/strong> the product is used for washing the facades of buildings and structures of commercial and business centers, catering organizations, medical, educational and other institutions, sports and recreational and cultural and leisure facilities, industrial enterprises, hotels and railway stations, on all types of transport , various road surfaces and in everyday life.<\/p>","protected":false},"excerpt":{"rendered":"<p>Concentrat alcalin cu spum\u0103 sc\u0103zut\u0103 pentru cur\u0103\u021barea fa\u021badelor cl\u0103dirilor \u0219i structurilor, diferitelor structuri de cl\u0103diri, pasaje subterane, suprafe\u021be de drum etc. Se dizolv\u0103 rapid \u00een ap\u0103, degreseaz\u0103 \u0219i cur\u0103\u021b\u0103 bine suprafe\u021bele. \u00cendep\u0103rteaz\u0103 funinginea, funinginea, praful, petele de ulei, precum \u0219i poluarea atmosferic\u0103 \u0219i a solului de pe orice tip de suprafa\u021b\u0103. Eficient \u00een ap\u0103 de [&hellip;]<\/p>","protected":false},"featured_media":727,"comment_status":"closed","ping_status":"closed","template":"","meta":{"bwfblock_default_font":"","inline_featured_image":false},"product_cat":[341,53],"product_tag":[70,72,58,73,68],"class_list":{"0":"post-3093","1":"product","2":"type-product","3":"status-publish","4":"has-post-thumbnail","6":"product_cat-altele","7":"product_cat-recomandari-pentru-fatade","8":"product_tag-concentrat","9":"product_tag-curatire","10":"product_tag-prosept","11":"product_tag-solutie","12":"product_tag-solutie-curatare","14":"first","15":"instock","16":"purchasable","17":"product-type-simple"},"acf":[],"yoast_head":"<!-- This site is optimized with the Yoast SEO Premium plugin v22.1 (Yoast SEO v22.1) - https:\/\/yoast.com\/wordpress\/plugins\/seo\/ -->\n<title>Solu\u021bie cur\u0103\u021bire suprafe\u021be de beton DUTY HARD PLUS, 5L - Mobilier urban<\/title>\n<meta name=\"robots\" content=\"index, follow, max-snippet:-1, max-image-preview:large, max-video-preview:-1\" \/>\n<link rel=\"canonical\" href=\"https:\/\/decorstone.md\/en\/product\/concrete-surface-cleaning-solution-5l\/\" \/>\n<meta property=\"og:locale\" content=\"en_US\" \/>\n<meta property=\"og:type\" content=\"article\" \/>\n<meta property=\"og:title\" content=\"Solu\u021bie cur\u0103\u021bire suprafe\u021be de beton DUTY HARD PLUS, 5L - Mobilier urban\" \/>\n<meta property=\"og:description\" content=\"Concentrat alcalin cu spum\u0103 sc\u0103zut\u0103 pentru cur\u0103\u021barea fa\u021badelor cl\u0103dirilor \u0219i structurilor, diferitelor structuri de cl\u0103diri, pasaje subterane, suprafe\u021be de drum etc. Se dizolv\u0103 rapid \u00een ap\u0103, degreseaz\u0103 \u0219i cur\u0103\u021b\u0103 bine suprafe\u021bele. \u00cendep\u0103rteaz\u0103 funinginea, funinginea, praful, petele de ulei, precum \u0219i poluarea atmosferic\u0103 \u0219i a solului de pe orice tip de suprafa\u021b\u0103. Eficient \u00een ap\u0103 de [&hellip;]\" \/>\n<meta property=\"og:url\" content=\"https:\/\/decorstone.md\/en\/product\/concrete-surface-cleaning-solution-5l\/\" \/>\n<meta property=\"og:site_name\" content=\"Mobilier urban\" \/>\n<meta property=\"article:publisher\" content=\"https:\/\/www.facebook.com\/DecorStoneMD\/\" \/>\n<meta property=\"article:modified_time\" content=\"2024-07-16T22:03:02+00:00\" \/>\n<meta property=\"og:image\" content=\"https:\/\/decorstone.md\/wp-content\/uploads\/2024\/06\/duty-hard-plus-prosept.png\" \/>\n\t<meta property=\"og:image:width\" content=\"1000\" \/>\n\t<meta property=\"og:image:height\" content=\"1000\" \/>\n\t<meta property=\"og:image:type\" content=\"image\/png\" \/>\n<meta name=\"twitter:card\" content=\"summary_large_image\" \/>\n<meta name=\"twitter:label1\" content=\"Est. reading time\" \/>\n\t<meta name=\"twitter:data1\" content=\"1 minute\" \/>\n<script type=\"application\/ld+json\" class=\"yoast-schema-graph\">{\"@context\":\"https:\/\/schema.org\",\"@graph\":[{\"@type\":\"WebPage\",\"@id\":\"https:\/\/decorstone.md\/product\/solutie-curatire-suprafete-de-beton-5l\/\",\"url\":\"https:\/\/decorstone.md\/product\/solutie-curatire-suprafete-de-beton-5l\/\",\"name\":\"Solu\u021bie cur\u0103\u021bire suprafe\u021be de beton DUTY HARD PLUS, 5L - Mobilier urban\",\"isPartOf\":{\"@id\":\"https:\/\/decorstone.md\/#website\"},\"datePublished\":\"2023-06-15T12:27:13+00:00\",\"dateModified\":\"2024-07-16T22:03:02+00:00\",\"breadcrumb\":{\"@id\":\"https:\/\/decorstone.md\/product\/solutie-curatire-suprafete-de-beton-5l\/#breadcrumb\"},\"inLanguage\":\"en-US\",\"potentialAction\":[{\"@type\":\"ReadAction\",\"target\":[\"https:\/\/decorstone.md\/product\/solutie-curatire-suprafete-de-beton-5l\/\"]}]},{\"@type\":\"BreadcrumbList\",\"@id\":\"https:\/\/decorstone.md\/product\/solutie-curatire-suprafete-de-beton-5l\/#breadcrumb\",\"itemListElement\":[{\"@type\":\"ListItem\",\"position\":1,\"name\":\"Produse\",\"item\":\"https:\/\/decorstone.md\/produse\/\"},{\"@type\":\"ListItem\",\"position\":2,\"name\":\"Solu\u021bie cur\u0103\u021bire suprafe\u021be de beton DUTY HARD PLUS, 5L\"}]},{\"@type\":\"WebSite\",\"@id\":\"https:\/\/decorstone.md\/#website\",\"url\":\"https:\/\/decorstone.md\/\",\"name\":\"DecorStone - Mobilier Urban \u0219i Pavaje\",\"description\":\"Decorstone\",\"publisher\":{\"@id\":\"https:\/\/decorstone.md\/#organization\"},\"potentialAction\":[{\"@type\":\"SearchAction\",\"target\":{\"@type\":\"EntryPoint\",\"urlTemplate\":\"https:\/\/decorstone.md\/?s={search_term_string}\"},\"query-input\":\"required name=search_term_string\"}],\"inLanguage\":\"en-US\"},{\"@type\":\"Organization\",\"@id\":\"https:\/\/decorstone.md\/#organization\",\"name\":\"DecorStone\",\"url\":\"https:\/\/decorstone.md\/\",\"logo\":{\"@type\":\"ImageObject\",\"inLanguage\":\"en-US\",\"@id\":\"https:\/\/decorstone.md\/#\/schema\/logo\/image\/\",\"url\":\"https:\/\/decorstone.md\/wp-content\/uploads\/2025\/01\/Design-fara-titlu.png\",\"contentUrl\":\"https:\/\/decorstone.md\/wp-content\/uploads\/2025\/01\/Design-fara-titlu.png\",\"width\":2295,\"height\":2295,\"caption\":\"DecorStone\"},\"image\":{\"@id\":\"https:\/\/decorstone.md\/#\/schema\/logo\/image\/\"},\"sameAs\":[\"https:\/\/www.facebook.com\/DecorStoneMD\/\",\"https:\/\/www.instagram.com\/decorstonemd\/\"]}]}<\/script>\n<!-- \/ Yoast SEO Premium plugin. -->","yoast_head_json":{"title":"Solu\u021bie cur\u0103\u021bire suprafe\u021be de beton DUTY HARD PLUS, 5L - Mobilier urban","robots":{"index":"index","follow":"follow","max-snippet":"max-snippet:-1","max-image-preview":"max-image-preview:large","max-video-preview":"max-video-preview:-1"},"canonical":"https:\/\/decorstone.md\/en\/product\/concrete-surface-cleaning-solution-5l\/","og_locale":"en_US","og_type":"article","og_title":"Solu\u021bie cur\u0103\u021bire suprafe\u021be de beton DUTY HARD PLUS, 5L - Mobilier urban","og_description":"Concentrat alcalin cu spum\u0103 sc\u0103zut\u0103 pentru cur\u0103\u021barea fa\u021badelor cl\u0103dirilor \u0219i structurilor, diferitelor structuri de cl\u0103diri, pasaje subterane, suprafe\u021be de drum etc. Se dizolv\u0103 rapid \u00een ap\u0103, degreseaz\u0103 \u0219i cur\u0103\u021b\u0103 bine suprafe\u021bele. \u00cendep\u0103rteaz\u0103 funinginea, funinginea, praful, petele de ulei, precum \u0219i poluarea atmosferic\u0103 \u0219i a solului de pe orice tip de suprafa\u021b\u0103. Eficient \u00een ap\u0103 de [&hellip;]","og_url":"https:\/\/decorstone.md\/en\/product\/concrete-surface-cleaning-solution-5l\/","og_site_name":"Mobilier urban","article_publisher":"https:\/\/www.facebook.com\/DecorStoneMD\/","article_modified_time":"2024-07-16T22:03:02+00:00","og_image":[{"width":1000,"height":1000,"url":"https:\/\/decorstone.md\/wp-content\/uploads\/2024\/06\/duty-hard-plus-prosept.png","type":"image\/png"}],"twitter_card":"summary_large_image","twitter_misc":{"Est. reading time":"1 minute"},"schema":{"@context":"https:\/\/schema.org","@graph":[{"@type":"WebPage","@id":"https:\/\/decorstone.md\/product\/solutie-curatire-suprafete-de-beton-5l\/","url":"https:\/\/decorstone.md\/product\/solutie-curatire-suprafete-de-beton-5l\/","name":"Solu\u021bie cur\u0103\u021bire suprafe\u021be de beton DUTY HARD PLUS, 5L - Mobilier urban","isPartOf":{"@id":"https:\/\/decorstone.md\/#website"},"datePublished":"2023-06-15T12:27:13+00:00","dateModified":"2024-07-16T22:03:02+00:00","breadcrumb":{"@id":"https:\/\/decorstone.md\/product\/solutie-curatire-suprafete-de-beton-5l\/#breadcrumb"},"inLanguage":"en-US","potentialAction":[{"@type":"ReadAction","target":["https:\/\/decorstone.md\/product\/solutie-curatire-suprafete-de-beton-5l\/"]}]},{"@type":"BreadcrumbList","@id":"https:\/\/decorstone.md\/product\/solutie-curatire-suprafete-de-beton-5l\/#breadcrumb","itemListElement":[{"@type":"ListItem","position":1,"name":"Produse","item":"https:\/\/decorstone.md\/produse\/"},{"@type":"ListItem","position":2,"name":"Solu\u021bie cur\u0103\u021bire suprafe\u021be de beton DUTY HARD PLUS, 5L"}]},{"@type":"WebSite","@id":"https:\/\/decorstone.md\/#website","url":"https:\/\/decorstone.md\/","name":"DecorStone - Mobilier Urban \u0219i Pavaje","description":"Decorstone","publisher":{"@id":"https:\/\/decorstone.md\/#organization"},"potentialAction":[{"@type":"SearchAction","target":{"@type":"EntryPoint","urlTemplate":"https:\/\/decorstone.md\/?s={search_term_string}"},"query-input":"required name=search_term_string"}],"inLanguage":"en-US"},{"@type":"Organization","@id":"https:\/\/decorstone.md\/#organization","name":"DecorStone","url":"https:\/\/decorstone.md\/","logo":{"@type":"ImageObject","inLanguage":"en-US","@id":"https:\/\/decorstone.md\/#\/schema\/logo\/image\/","url":"https:\/\/decorstone.md\/wp-content\/uploads\/2025\/01\/Design-fara-titlu.png","contentUrl":"https:\/\/decorstone.md\/wp-content\/uploads\/2025\/01\/Design-fara-titlu.png","width":2295,"height":2295,"caption":"DecorStone"},"image":{"@id":"https:\/\/decorstone.md\/#\/schema\/logo\/image\/"},"sameAs":["https:\/\/www.facebook.com\/DecorStoneMD\/","https:\/\/www.instagram.com\/decorstonemd\/"]}]}},"_links":{"self":[{"href":"https:\/\/decorstone.md\/en\/wp-json\/wp\/v2\/product\/3093"}],"collection":[{"href":"https:\/\/decorstone.md\/en\/wp-json\/wp\/v2\/product"}],"about":[{"href":"https:\/\/decorstone.md\/en\/wp-json\/wp\/v2\/types\/product"}],"replies":[{"embeddable":true,"href":"https:\/\/decorstone.md\/en\/wp-json\/wp\/v2\/comments?post=3093"}],"wp:featuredmedia":[{"embeddable":true,"href":"https:\/\/decorstone.md\/en\/wp-json\/wp\/v2\/media\/727"}],"wp:attachment":[{"href":"https:\/\/decorstone.md\/en\/wp-json\/wp\/v2\/media?parent=3093"}],"wp:term":[{"taxonomy":"product_cat","embeddable":true,"href":"https:\/\/decorstone.md\/en\/wp-json\/wp\/v2\/product_cat?post=3093"},{"taxonomy":"product_tag","embeddable":true,"href":"https:\/\/decorstone.md\/en\/wp-json\/wp\/v2\/product_tag?post=3093"}],"curies":[{"name":"wp","href":"https:\/\/api.w.org\/{rel}","templated":true}]}}