{"id":3111,"date":"2023-07-04T14:01:11","date_gmt":"2023-07-04T14:01:11","guid":{"rendered":"https:\/\/decorstone.md\/product\/city-brick-cd-1501\/"},"modified":"2026-01-16T12:12:58","modified_gmt":"2026-01-16T10:12:58","slug":"city-brick","status":"publish","type":"product","link":"https:\/\/decorstone.md\/en\/product\/city-brick\/","title":{"rendered":"CITY BRICK"},"content":{"rendered":"<h3 data-start=\"143\" data-end=\"190\">C\u0103r\u0103mid\u0103 decorativ\u0103 City Brick \u2013 DECORSTONE<\/h3>\n<p data-start=\"192\" data-end=\"460\">Descoper\u0103 <strong data-start=\"202\" data-end=\"236\">C\u0103r\u0103mida decorativ\u0103 City Brick<\/strong> de la DECORSTONE, un model ultramodern inspirat din stilul scandinav. Designul s\u0103u minimalist, dar impun\u0103tor, este ideal pentru <strong data-start=\"365\" data-end=\"380\">fa\u021bade mari<\/strong>, aduc\u00e2nd un aspect elegant \u0219i contemporan spa\u021biilor interioare \u0219i exterioare.<\/p>\n<p data-start=\"462\" data-end=\"488\"><strong data-start=\"462\" data-end=\"486\">Avantaje principale:<\/strong><\/p>\n<ul data-start=\"489\" data-end=\"715\">\n<li data-start=\"489\" data-end=\"537\">\n<p data-start=\"491\" data-end=\"537\">Design modern, inspirat din stilul scandinav<\/p>\n<\/li>\n<li data-start=\"538\" data-end=\"576\">\n<p data-start=\"540\" data-end=\"576\">Ideal pentru fa\u021bade \u0219i pere\u021bi mari<\/p>\n<\/li>\n<li data-start=\"577\" data-end=\"626\">\n<p data-start=\"579\" data-end=\"626\">Efect vizual impun\u0103tor cu detalii minimaliste<\/p>\n<\/li>\n<li data-start=\"627\" data-end=\"661\">\n<p data-start=\"629\" data-end=\"661\">U\u0219or de instalat \u0219i \u00eentre\u021binut<\/p>\n<\/li>\n<li data-start=\"662\" data-end=\"715\">\n<p data-start=\"664\" data-end=\"715\">Perfect pentru amenaj\u0103ri interioare \u0219i exterioare<\/p>\n<\/li>\n<\/ul>\n<p data-start=\"717\" data-end=\"876\">C\u0103r\u0103mida decorativ\u0103 <strong data-start=\"737\" data-end=\"751\">City Brick<\/strong> combin\u0103 estetica sofisticat\u0103 cu func\u021bionalitatea, oferind un produs de calitate superioar\u0103 pentru orice proiect de design.<\/p>","protected":false},"excerpt":{"rendered":"<p><span style=\"font-weight: 400;\">CITY BRICK is an ultramodern model, inspired by the Scandinavian areas. The simplicity of this brick makes it suitable for large facades. Get an imposing effect, but with minimal details by choosing the CITY BRICK model.<\/span><\/p>","protected":false},"featured_media":4179,"comment_status":"closed","ping_status":"closed","template":"","meta":{"bwfblock_default_font":"","inline_featured_image":false},"product_cat":[22,317],"product_tag":[],"class_list":{"0":"post-3111","1":"product","2":"type-product","3":"status-publish","4":"has-post-thumbnail","6":"product_cat-caramida-decorativa","7":"product_cat-caramida-si-piatra-decorativa","8":"pa_culori-cd-1501","9":"pa_culori-cd-1523","10":"pa_culori-cd-1524","11":"pa_culori-cd-1525","13":"first","14":"instock","15":"purchasable","16":"product-type-variable"},"acf":[],"yoast_head":"<!-- This site is optimized with the Yoast SEO Premium plugin v22.1 (Yoast SEO v22.1) - https:\/\/yoast.com\/wordpress\/plugins\/seo\/ -->\n<title>C\u0103r\u0103mid\u0103 decorativ\u0103 City Brick, marca Decorstone<\/title>\n<meta name=\"description\" content=\"Descoper\u0103 C\u0103r\u0103mida decorativ\u0103 City Brick, un model ultramodern inspirat din stilul scandinav. Perfect pentru fa\u021badele mari, acest model adaug\u0103 un efect impun\u0103tor cu detalii minime.\" \/>\n<meta name=\"robots\" content=\"index, follow, max-snippet:-1, max-image-preview:large, max-video-preview:-1\" \/>\n<link rel=\"canonical\" href=\"https:\/\/decorstone.md\/en\/product\/city-brick\/\" \/>\n<meta property=\"og:locale\" content=\"en_US\" \/>\n<meta property=\"og:type\" content=\"article\" \/>\n<meta property=\"og:title\" content=\"C\u0103r\u0103mid\u0103 decorativ\u0103 City Brick, marca Decorstone\" \/>\n<meta property=\"og:description\" content=\"Descoper\u0103 C\u0103r\u0103mida decorativ\u0103 City Brick, un model ultramodern inspirat din stilul scandinav. Perfect pentru fa\u021badele mari, acest model adaug\u0103 un efect impun\u0103tor cu detalii minime.\" \/>\n<meta property=\"og:url\" content=\"https:\/\/decorstone.md\/en\/product\/city-brick\/\" \/>\n<meta property=\"og:site_name\" content=\"Mobilier urban\" \/>\n<meta property=\"article:publisher\" content=\"https:\/\/www.facebook.com\/DecorStoneMD\/\" \/>\n<meta property=\"article:modified_time\" content=\"2026-01-16T10:12:58+00:00\" \/>\n<meta property=\"og:image\" content=\"https:\/\/decorstone.md\/wp-content\/uploads\/2023\/07\/CITY-BRICK-CD-1524-scaled.jpg\" \/>\n\t<meta property=\"og:image:width\" content=\"1704\" \/>\n\t<meta property=\"og:image:height\" content=\"2560\" \/>\n\t<meta property=\"og:image:type\" content=\"image\/jpeg\" \/>\n<meta name=\"twitter:card\" content=\"summary_large_image\" \/>\n<meta name=\"twitter:label1\" content=\"Est. reading time\" \/>\n\t<meta name=\"twitter:data1\" content=\"1 minute\" \/>\n<script type=\"application\/ld+json\" class=\"yoast-schema-graph\">{\"@context\":\"https:\/\/schema.org\",\"@graph\":[{\"@type\":\"WebPage\",\"@id\":\"https:\/\/decorstone.md\/product\/city-brick\/\",\"url\":\"https:\/\/decorstone.md\/product\/city-brick\/\",\"name\":\"C\u0103r\u0103mid\u0103 decorativ\u0103 City Brick, marca Decorstone\",\"isPartOf\":{\"@id\":\"https:\/\/decorstone.md\/#website\"},\"datePublished\":\"2023-07-04T14:01:11+00:00\",\"dateModified\":\"2026-01-16T10:12:58+00:00\",\"description\":\"Descoper\u0103 C\u0103r\u0103mida decorativ\u0103 City Brick, un model ultramodern inspirat din stilul scandinav. Perfect pentru fa\u021badele mari, acest model adaug\u0103 un efect impun\u0103tor cu detalii minime.\",\"breadcrumb\":{\"@id\":\"https:\/\/decorstone.md\/product\/city-brick\/#breadcrumb\"},\"inLanguage\":\"en-US\",\"potentialAction\":[{\"@type\":\"ReadAction\",\"target\":[\"https:\/\/decorstone.md\/product\/city-brick\/\"]}]},{\"@type\":\"BreadcrumbList\",\"@id\":\"https:\/\/decorstone.md\/product\/city-brick\/#breadcrumb\",\"itemListElement\":[{\"@type\":\"ListItem\",\"position\":1,\"name\":\"Produse\",\"item\":\"https:\/\/decorstone.md\/produse\/\"},{\"@type\":\"ListItem\",\"position\":2,\"name\":\"CITY BRICK\"}]},{\"@type\":\"WebSite\",\"@id\":\"https:\/\/decorstone.md\/#website\",\"url\":\"https:\/\/decorstone.md\/\",\"name\":\"DecorStone - Mobilier Urban \u0219i Pavaje\",\"description\":\"Decorstone\",\"publisher\":{\"@id\":\"https:\/\/decorstone.md\/#organization\"},\"potentialAction\":[{\"@type\":\"SearchAction\",\"target\":{\"@type\":\"EntryPoint\",\"urlTemplate\":\"https:\/\/decorstone.md\/?s={search_term_string}\"},\"query-input\":\"required name=search_term_string\"}],\"inLanguage\":\"en-US\"},{\"@type\":\"Organization\",\"@id\":\"https:\/\/decorstone.md\/#organization\",\"name\":\"DecorStone\",\"url\":\"https:\/\/decorstone.md\/\",\"logo\":{\"@type\":\"ImageObject\",\"inLanguage\":\"en-US\",\"@id\":\"https:\/\/decorstone.md\/#\/schema\/logo\/image\/\",\"url\":\"https:\/\/decorstone.md\/wp-content\/uploads\/2025\/01\/Design-fara-titlu.png\",\"contentUrl\":\"https:\/\/decorstone.md\/wp-content\/uploads\/2025\/01\/Design-fara-titlu.png\",\"width\":2295,\"height\":2295,\"caption\":\"DecorStone\"},\"image\":{\"@id\":\"https:\/\/decorstone.md\/#\/schema\/logo\/image\/\"},\"sameAs\":[\"https:\/\/www.facebook.com\/DecorStoneMD\/\",\"https:\/\/www.instagram.com\/decorstonemd\/\"]}]}<\/script>\n<!-- \/ Yoast SEO Premium plugin. -->","yoast_head_json":{"title":"C\u0103r\u0103mid\u0103 decorativ\u0103 City Brick, marca Decorstone","description":"Descoper\u0103 C\u0103r\u0103mida decorativ\u0103 City Brick, un model ultramodern inspirat din stilul scandinav. Perfect pentru fa\u021badele mari, acest model adaug\u0103 un efect impun\u0103tor cu detalii minime.","robots":{"index":"index","follow":"follow","max-snippet":"max-snippet:-1","max-image-preview":"max-image-preview:large","max-video-preview":"max-video-preview:-1"},"canonical":"https:\/\/decorstone.md\/en\/product\/city-brick\/","og_locale":"en_US","og_type":"article","og_title":"C\u0103r\u0103mid\u0103 decorativ\u0103 City Brick, marca Decorstone","og_description":"Descoper\u0103 C\u0103r\u0103mida decorativ\u0103 City Brick, un model ultramodern inspirat din stilul scandinav. Perfect pentru fa\u021badele mari, acest model adaug\u0103 un efect impun\u0103tor cu detalii minime.","og_url":"https:\/\/decorstone.md\/en\/product\/city-brick\/","og_site_name":"Mobilier urban","article_publisher":"https:\/\/www.facebook.com\/DecorStoneMD\/","article_modified_time":"2026-01-16T10:12:58+00:00","og_image":[{"width":1704,"height":2560,"url":"https:\/\/decorstone.md\/wp-content\/uploads\/2023\/07\/CITY-BRICK-CD-1524-scaled.jpg","type":"image\/jpeg"}],"twitter_card":"summary_large_image","twitter_misc":{"Est. reading time":"1 minute"},"schema":{"@context":"https:\/\/schema.org","@graph":[{"@type":"WebPage","@id":"https:\/\/decorstone.md\/product\/city-brick\/","url":"https:\/\/decorstone.md\/product\/city-brick\/","name":"C\u0103r\u0103mid\u0103 decorativ\u0103 City Brick, marca Decorstone","isPartOf":{"@id":"https:\/\/decorstone.md\/#website"},"datePublished":"2023-07-04T14:01:11+00:00","dateModified":"2026-01-16T10:12:58+00:00","description":"Descoper\u0103 C\u0103r\u0103mida decorativ\u0103 City Brick, un model ultramodern inspirat din stilul scandinav. Perfect pentru fa\u021badele mari, acest model adaug\u0103 un efect impun\u0103tor cu detalii minime.","breadcrumb":{"@id":"https:\/\/decorstone.md\/product\/city-brick\/#breadcrumb"},"inLanguage":"en-US","potentialAction":[{"@type":"ReadAction","target":["https:\/\/decorstone.md\/product\/city-brick\/"]}]},{"@type":"BreadcrumbList","@id":"https:\/\/decorstone.md\/product\/city-brick\/#breadcrumb","itemListElement":[{"@type":"ListItem","position":1,"name":"Produse","item":"https:\/\/decorstone.md\/produse\/"},{"@type":"ListItem","position":2,"name":"CITY BRICK"}]},{"@type":"WebSite","@id":"https:\/\/decorstone.md\/#website","url":"https:\/\/decorstone.md\/","name":"DecorStone - Mobilier Urban \u0219i Pavaje","description":"Decorstone","publisher":{"@id":"https:\/\/decorstone.md\/#organization"},"potentialAction":[{"@type":"SearchAction","target":{"@type":"EntryPoint","urlTemplate":"https:\/\/decorstone.md\/?s={search_term_string}"},"query-input":"required name=search_term_string"}],"inLanguage":"en-US"},{"@type":"Organization","@id":"https:\/\/decorstone.md\/#organization","name":"DecorStone","url":"https:\/\/decorstone.md\/","logo":{"@type":"ImageObject","inLanguage":"en-US","@id":"https:\/\/decorstone.md\/#\/schema\/logo\/image\/","url":"https:\/\/decorstone.md\/wp-content\/uploads\/2025\/01\/Design-fara-titlu.png","contentUrl":"https:\/\/decorstone.md\/wp-content\/uploads\/2025\/01\/Design-fara-titlu.png","width":2295,"height":2295,"caption":"DecorStone"},"image":{"@id":"https:\/\/decorstone.md\/#\/schema\/logo\/image\/"},"sameAs":["https:\/\/www.facebook.com\/DecorStoneMD\/","https:\/\/www.instagram.com\/decorstonemd\/"]}]}},"_links":{"self":[{"href":"https:\/\/decorstone.md\/en\/wp-json\/wp\/v2\/product\/3111"}],"collection":[{"href":"https:\/\/decorstone.md\/en\/wp-json\/wp\/v2\/product"}],"about":[{"href":"https:\/\/decorstone.md\/en\/wp-json\/wp\/v2\/types\/product"}],"replies":[{"embeddable":true,"href":"https:\/\/decorstone.md\/en\/wp-json\/wp\/v2\/comments?post=3111"}],"wp:featuredmedia":[{"embeddable":true,"href":"https:\/\/decorstone.md\/en\/wp-json\/wp\/v2\/media\/4179"}],"wp:attachment":[{"href":"https:\/\/decorstone.md\/en\/wp-json\/wp\/v2\/media?parent=3111"}],"wp:term":[{"taxonomy":"product_cat","embeddable":true,"href":"https:\/\/decorstone.md\/en\/wp-json\/wp\/v2\/product_cat?post=3111"},{"taxonomy":"product_tag","embeddable":true,"href":"https:\/\/decorstone.md\/en\/wp-json\/wp\/v2\/product_tag?post=3111"}],"curies":[{"name":"wp","href":"https:\/\/api.w.org\/{rel}","templated":true}]}}