{"id":3118,"date":"2023-07-27T08:32:15","date_gmt":"2023-07-27T08:32:15","guid":{"rendered":"https:\/\/decorstone.md\/product\/luxury-pd-1420\/"},"modified":"2025-09-03T18:05:52","modified_gmt":"2025-09-03T15:05:52","slug":"luxury","status":"publish","type":"product","link":"https:\/\/decorstone.md\/en\/product\/luxury\/","title":{"rendered":"LUXURY"},"content":{"rendered":"<p>&nbsp;<\/p>\n<p>&nbsp;<\/p>","protected":false},"excerpt":{"rendered":"<p><span style=\"font-weight: 400;\">The newest and most modern stone model, Luxury, is characterized by simplicity, minimalism and elegance. With increased durability, it is a model that fits ideally on large facades, giving them originality and sobriety.<\/span><\/p>\n<p>&nbsp;<\/p>\n<p><span style=\"font-weight: 400;\">Characteristics:<\/span><\/p>\n<p><span style=\"font-weight: 400;\">Weight:<\/span><\/p>\n<p><span style=\"font-weight: 400;\">1m 2 34 kg<\/span><\/p>\n<p><span style=\"font-weight: 400;\">Packaging: 1<\/span><\/p>\n<p><span style=\"font-weight: 400;\">m 2 1 box<\/span><\/p>","protected":false},"featured_media":4257,"comment_status":"closed","ping_status":"closed","template":"","meta":{"bwfblock_default_font":"","inline_featured_image":false},"product_cat":[41,317],"product_tag":[],"class_list":{"0":"post-3118","1":"product","2":"type-product","3":"status-publish","4":"has-post-thumbnail","6":"product_cat-piatra-decorativa","7":"product_cat-caramida-si-piatra-decorativa","8":"pa_culori-pd-1420","9":"pa_culori-pd-1422","10":"pa_culori-pd-1423","11":"pa_culori-pd-1424","13":"first","14":"instock","15":"purchasable","16":"product-type-variable"},"acf":[],"yoast_head":"<!-- This site is optimized with the Yoast SEO Premium plugin v22.1 (Yoast SEO v22.1) - https:\/\/yoast.com\/wordpress\/plugins\/seo\/ -->\n<title>Piatr\u0103 decorativ\u0103 Luxury \u2013 Design modern \u0219i elegant pentru fa\u021bade<\/title>\n<meta name=\"description\" content=\"Piatr\u0103 decorativ\u0103 Luxury, perfect\u0103 pentru fa\u021bade de mari dimensiuni, oferind un aspect minimalist \u0219i elegant. Ideal\u0103 pentru un stil rafinat \u0219i durabil.\" \/>\n<meta name=\"robots\" content=\"index, follow, max-snippet:-1, max-image-preview:large, max-video-preview:-1\" \/>\n<link rel=\"canonical\" href=\"https:\/\/decorstone.md\/en\/product\/luxury\/\" \/>\n<meta property=\"og:locale\" content=\"en_US\" \/>\n<meta property=\"og:type\" content=\"article\" \/>\n<meta property=\"og:title\" content=\"Piatr\u0103 decorativ\u0103 Luxury \u2013 Design modern \u0219i elegant pentru fa\u021bade\" \/>\n<meta property=\"og:description\" content=\"Piatr\u0103 decorativ\u0103 Luxury, perfect\u0103 pentru fa\u021bade de mari dimensiuni, oferind un aspect minimalist \u0219i elegant. Ideal\u0103 pentru un stil rafinat \u0219i durabil.\" \/>\n<meta property=\"og:url\" content=\"https:\/\/decorstone.md\/en\/product\/luxury\/\" \/>\n<meta property=\"og:site_name\" content=\"Mobilier urban\" \/>\n<meta property=\"article:publisher\" content=\"https:\/\/www.facebook.com\/DecorStoneMD\/\" \/>\n<meta property=\"article:modified_time\" content=\"2025-09-03T15:05:52+00:00\" \/>\n<meta property=\"og:image\" content=\"https:\/\/decorstone.md\/wp-content\/uploads\/2023\/07\/JPG_6598-scaled.jpg\" \/>\n\t<meta property=\"og:image:width\" content=\"1704\" \/>\n\t<meta property=\"og:image:height\" content=\"2560\" \/>\n\t<meta property=\"og:image:type\" content=\"image\/jpeg\" \/>\n<meta name=\"twitter:card\" content=\"summary_large_image\" \/>\n<meta name=\"twitter:label1\" content=\"Est. reading time\" \/>\n\t<meta name=\"twitter:data1\" content=\"1 minute\" \/>\n<script type=\"application\/ld+json\" class=\"yoast-schema-graph\">{\"@context\":\"https:\/\/schema.org\",\"@graph\":[{\"@type\":\"WebPage\",\"@id\":\"https:\/\/decorstone.md\/product\/luxury\/\",\"url\":\"https:\/\/decorstone.md\/product\/luxury\/\",\"name\":\"Piatr\u0103 decorativ\u0103 Luxury \u2013 Design modern \u0219i elegant pentru fa\u021bade\",\"isPartOf\":{\"@id\":\"https:\/\/decorstone.md\/#website\"},\"datePublished\":\"2023-07-27T08:32:15+00:00\",\"dateModified\":\"2025-09-03T15:05:52+00:00\",\"description\":\"Piatr\u0103 decorativ\u0103 Luxury, perfect\u0103 pentru fa\u021bade de mari dimensiuni, oferind un aspect minimalist \u0219i elegant. Ideal\u0103 pentru un stil rafinat \u0219i durabil.\",\"breadcrumb\":{\"@id\":\"https:\/\/decorstone.md\/product\/luxury\/#breadcrumb\"},\"inLanguage\":\"en-US\",\"potentialAction\":[{\"@type\":\"ReadAction\",\"target\":[\"https:\/\/decorstone.md\/product\/luxury\/\"]}]},{\"@type\":\"BreadcrumbList\",\"@id\":\"https:\/\/decorstone.md\/product\/luxury\/#breadcrumb\",\"itemListElement\":[{\"@type\":\"ListItem\",\"position\":1,\"name\":\"Produse\",\"item\":\"https:\/\/decorstone.md\/produse\/\"},{\"@type\":\"ListItem\",\"position\":2,\"name\":\"LUXURY\"}]},{\"@type\":\"WebSite\",\"@id\":\"https:\/\/decorstone.md\/#website\",\"url\":\"https:\/\/decorstone.md\/\",\"name\":\"DecorStone - Mobilier Urban \u0219i Pavaje\",\"description\":\"Decorstone\",\"publisher\":{\"@id\":\"https:\/\/decorstone.md\/#organization\"},\"potentialAction\":[{\"@type\":\"SearchAction\",\"target\":{\"@type\":\"EntryPoint\",\"urlTemplate\":\"https:\/\/decorstone.md\/?s={search_term_string}\"},\"query-input\":\"required name=search_term_string\"}],\"inLanguage\":\"en-US\"},{\"@type\":\"Organization\",\"@id\":\"https:\/\/decorstone.md\/#organization\",\"name\":\"DecorStone\",\"url\":\"https:\/\/decorstone.md\/\",\"logo\":{\"@type\":\"ImageObject\",\"inLanguage\":\"en-US\",\"@id\":\"https:\/\/decorstone.md\/#\/schema\/logo\/image\/\",\"url\":\"https:\/\/decorstone.md\/wp-content\/uploads\/2025\/01\/Design-fara-titlu.png\",\"contentUrl\":\"https:\/\/decorstone.md\/wp-content\/uploads\/2025\/01\/Design-fara-titlu.png\",\"width\":2295,\"height\":2295,\"caption\":\"DecorStone\"},\"image\":{\"@id\":\"https:\/\/decorstone.md\/#\/schema\/logo\/image\/\"},\"sameAs\":[\"https:\/\/www.facebook.com\/DecorStoneMD\/\",\"https:\/\/www.instagram.com\/decorstonemd\/\"]}]}<\/script>\n<!-- \/ Yoast SEO Premium plugin. -->","yoast_head_json":{"title":"Piatr\u0103 decorativ\u0103 Luxury \u2013 Design modern \u0219i elegant pentru fa\u021bade","description":"Piatr\u0103 decorativ\u0103 Luxury, perfect\u0103 pentru fa\u021bade de mari dimensiuni, oferind un aspect minimalist \u0219i elegant. Ideal\u0103 pentru un stil rafinat \u0219i durabil.","robots":{"index":"index","follow":"follow","max-snippet":"max-snippet:-1","max-image-preview":"max-image-preview:large","max-video-preview":"max-video-preview:-1"},"canonical":"https:\/\/decorstone.md\/en\/product\/luxury\/","og_locale":"en_US","og_type":"article","og_title":"Piatr\u0103 decorativ\u0103 Luxury \u2013 Design modern \u0219i elegant pentru fa\u021bade","og_description":"Piatr\u0103 decorativ\u0103 Luxury, perfect\u0103 pentru fa\u021bade de mari dimensiuni, oferind un aspect minimalist \u0219i elegant. Ideal\u0103 pentru un stil rafinat \u0219i durabil.","og_url":"https:\/\/decorstone.md\/en\/product\/luxury\/","og_site_name":"Mobilier urban","article_publisher":"https:\/\/www.facebook.com\/DecorStoneMD\/","article_modified_time":"2025-09-03T15:05:52+00:00","og_image":[{"width":1704,"height":2560,"url":"https:\/\/decorstone.md\/wp-content\/uploads\/2023\/07\/JPG_6598-scaled.jpg","type":"image\/jpeg"}],"twitter_card":"summary_large_image","twitter_misc":{"Est. reading time":"1 minute"},"schema":{"@context":"https:\/\/schema.org","@graph":[{"@type":"WebPage","@id":"https:\/\/decorstone.md\/product\/luxury\/","url":"https:\/\/decorstone.md\/product\/luxury\/","name":"Piatr\u0103 decorativ\u0103 Luxury \u2013 Design modern \u0219i elegant pentru fa\u021bade","isPartOf":{"@id":"https:\/\/decorstone.md\/#website"},"datePublished":"2023-07-27T08:32:15+00:00","dateModified":"2025-09-03T15:05:52+00:00","description":"Piatr\u0103 decorativ\u0103 Luxury, perfect\u0103 pentru fa\u021bade de mari dimensiuni, oferind un aspect minimalist \u0219i elegant. Ideal\u0103 pentru un stil rafinat \u0219i durabil.","breadcrumb":{"@id":"https:\/\/decorstone.md\/product\/luxury\/#breadcrumb"},"inLanguage":"en-US","potentialAction":[{"@type":"ReadAction","target":["https:\/\/decorstone.md\/product\/luxury\/"]}]},{"@type":"BreadcrumbList","@id":"https:\/\/decorstone.md\/product\/luxury\/#breadcrumb","itemListElement":[{"@type":"ListItem","position":1,"name":"Produse","item":"https:\/\/decorstone.md\/produse\/"},{"@type":"ListItem","position":2,"name":"LUXURY"}]},{"@type":"WebSite","@id":"https:\/\/decorstone.md\/#website","url":"https:\/\/decorstone.md\/","name":"DecorStone - Mobilier Urban \u0219i Pavaje","description":"Decorstone","publisher":{"@id":"https:\/\/decorstone.md\/#organization"},"potentialAction":[{"@type":"SearchAction","target":{"@type":"EntryPoint","urlTemplate":"https:\/\/decorstone.md\/?s={search_term_string}"},"query-input":"required name=search_term_string"}],"inLanguage":"en-US"},{"@type":"Organization","@id":"https:\/\/decorstone.md\/#organization","name":"DecorStone","url":"https:\/\/decorstone.md\/","logo":{"@type":"ImageObject","inLanguage":"en-US","@id":"https:\/\/decorstone.md\/#\/schema\/logo\/image\/","url":"https:\/\/decorstone.md\/wp-content\/uploads\/2025\/01\/Design-fara-titlu.png","contentUrl":"https:\/\/decorstone.md\/wp-content\/uploads\/2025\/01\/Design-fara-titlu.png","width":2295,"height":2295,"caption":"DecorStone"},"image":{"@id":"https:\/\/decorstone.md\/#\/schema\/logo\/image\/"},"sameAs":["https:\/\/www.facebook.com\/DecorStoneMD\/","https:\/\/www.instagram.com\/decorstonemd\/"]}]}},"_links":{"self":[{"href":"https:\/\/decorstone.md\/en\/wp-json\/wp\/v2\/product\/3118"}],"collection":[{"href":"https:\/\/decorstone.md\/en\/wp-json\/wp\/v2\/product"}],"about":[{"href":"https:\/\/decorstone.md\/en\/wp-json\/wp\/v2\/types\/product"}],"replies":[{"embeddable":true,"href":"https:\/\/decorstone.md\/en\/wp-json\/wp\/v2\/comments?post=3118"}],"wp:featuredmedia":[{"embeddable":true,"href":"https:\/\/decorstone.md\/en\/wp-json\/wp\/v2\/media\/4257"}],"wp:attachment":[{"href":"https:\/\/decorstone.md\/en\/wp-json\/wp\/v2\/media?parent=3118"}],"wp:term":[{"taxonomy":"product_cat","embeddable":true,"href":"https:\/\/decorstone.md\/en\/wp-json\/wp\/v2\/product_cat?post=3118"},{"taxonomy":"product_tag","embeddable":true,"href":"https:\/\/decorstone.md\/en\/wp-json\/wp\/v2\/product_tag?post=3118"}],"curies":[{"name":"wp","href":"https:\/\/api.w.org\/{rel}","templated":true}]}}