{"id":3660,"date":"2024-07-11T17:01:46","date_gmt":"2024-07-11T14:01:46","guid":{"rendered":"https:\/\/decorstone.md\/?post_type=product&#038;p=3660"},"modified":"2025-09-12T17:38:45","modified_gmt":"2025-09-12T14:38:45","slug":"banca-cu-masa-de-sah","status":"publish","type":"product","link":"https:\/\/decorstone.md\/en\/product\/bench-with-chess-table\/","title":{"rendered":"Bench with chess table"},"content":{"rendered":"<p>L: 190cm<br \/>\nB:148cm<br \/>\nH:74cm<\/p>\n<p>Weight:<br \/>\n450kg<\/p>","protected":false},"excerpt":{"rendered":"<p><span style=\"font-weight: 400;\">The chess table is the ideal option for setting up recreation spaces in parks or other outdoor areas. The set includes a concrete table and two chairs, with a length of 1900mm, which makes it perfect for public spaces. The table is multifunctional, with great resistance, thanks to natural aggregates of marble or granite and high quality wood. It offers multiple game options such as chess, checkers or backgammon, making it perfect for parks, playgrounds, resorts and gardens.<\/span><\/p>","protected":false},"featured_media":3661,"comment_status":"closed","ping_status":"closed","template":"","meta":{"bwfblock_default_font":"","inline_featured_image":false},"product_cat":[37,36],"product_tag":[],"class_list":{"0":"post-3660","1":"product","2":"type-product","3":"status-publish","4":"has-post-thumbnail","6":"product_cat-banci","7":"product_cat-urban-22","9":"first","10":"instock","11":"shipping-taxable","12":"purchasable","13":"product-type-simple"},"acf":[],"yoast_head":"<!-- This site is optimized with the Yoast SEO Premium plugin v22.1 (Yoast SEO v22.1) - https:\/\/yoast.com\/wordpress\/plugins\/seo\/ -->\n<title>Banc\u0103 cu mas\u0103 de \u0219ah - Mobilier urban<\/title>\n<meta name=\"robots\" content=\"index, follow, max-snippet:-1, max-image-preview:large, max-video-preview:-1\" \/>\n<link rel=\"canonical\" href=\"https:\/\/decorstone.md\/en\/product\/bench-with-chess-table\/\" \/>\n<meta property=\"og:locale\" content=\"en_US\" \/>\n<meta property=\"og:type\" content=\"article\" \/>\n<meta property=\"og:title\" content=\"Banc\u0103 cu mas\u0103 de \u0219ah - Mobilier urban\" \/>\n<meta property=\"og:description\" content=\"Masa de \u0219ah reprezint\u0103 varianta ideal\u0103 pentru amenajarea spa\u021biilor de recreere \u00een parcuri sau alte teritorii \u00een aer liber. Setul cuprinde o mas\u0103 din beton \u0219i dou\u0103 scaune,\u00a0 cu lungimea de 1900mm, ceea ce o face perfect\u0103 pentru spa\u021biile publice. Masa este multifunc\u021bional\u0103, cu o rezisten\u021b\u0103 deosebit\u0103, datorit\u0103 agregatelor naturale de marmur\u0103 sau granit \u0219i lemn de calitate superioar\u0103. Ofer\u0103 mai multe op\u021biuni de joc, precum ar fi \u0219ah, dame sau narde, f\u0103c\u00e2ndu-l perfect pentru parcuri, locuri de joac\u0103, sta\u021biuni \u0219i gr\u0103dini.\" \/>\n<meta property=\"og:url\" content=\"https:\/\/decorstone.md\/en\/product\/bench-with-chess-table\/\" \/>\n<meta property=\"og:site_name\" content=\"Mobilier urban\" \/>\n<meta property=\"article:publisher\" content=\"https:\/\/www.facebook.com\/DecorStoneMD\/\" \/>\n<meta property=\"article:modified_time\" content=\"2025-09-12T14:38:45+00:00\" \/>\n<meta property=\"og:image\" content=\"https:\/\/decorstone.md\/wp-content\/uploads\/2024\/07\/1-min-scaled.jpg\" \/>\n\t<meta property=\"og:image:width\" content=\"2560\" \/>\n\t<meta property=\"og:image:height\" content=\"2560\" \/>\n\t<meta property=\"og:image:type\" content=\"image\/jpeg\" \/>\n<meta name=\"twitter:card\" content=\"summary_large_image\" \/>\n<meta name=\"twitter:label1\" content=\"Est. reading time\" \/>\n\t<meta name=\"twitter:data1\" content=\"1 minute\" \/>\n<script type=\"application\/ld+json\" class=\"yoast-schema-graph\">{\"@context\":\"https:\/\/schema.org\",\"@graph\":[{\"@type\":\"WebPage\",\"@id\":\"https:\/\/decorstone.md\/product\/banca-cu-masa-de-sah\/\",\"url\":\"https:\/\/decorstone.md\/product\/banca-cu-masa-de-sah\/\",\"name\":\"Banc\u0103 cu mas\u0103 de \u0219ah - Mobilier urban\",\"isPartOf\":{\"@id\":\"https:\/\/decorstone.md\/#website\"},\"datePublished\":\"2024-07-11T14:01:46+00:00\",\"dateModified\":\"2025-09-12T14:38:45+00:00\",\"breadcrumb\":{\"@id\":\"https:\/\/decorstone.md\/product\/banca-cu-masa-de-sah\/#breadcrumb\"},\"inLanguage\":\"en-US\",\"potentialAction\":[{\"@type\":\"ReadAction\",\"target\":[\"https:\/\/decorstone.md\/product\/banca-cu-masa-de-sah\/\"]}]},{\"@type\":\"BreadcrumbList\",\"@id\":\"https:\/\/decorstone.md\/product\/banca-cu-masa-de-sah\/#breadcrumb\",\"itemListElement\":[{\"@type\":\"ListItem\",\"position\":1,\"name\":\"Produse\",\"item\":\"https:\/\/decorstone.md\/produse\/\"},{\"@type\":\"ListItem\",\"position\":2,\"name\":\"Banc\u0103 cu mas\u0103 de \u0219ah\"}]},{\"@type\":\"WebSite\",\"@id\":\"https:\/\/decorstone.md\/#website\",\"url\":\"https:\/\/decorstone.md\/\",\"name\":\"DecorStone - Mobilier Urban \u0219i Pavaje\",\"description\":\"Decorstone\",\"publisher\":{\"@id\":\"https:\/\/decorstone.md\/#organization\"},\"potentialAction\":[{\"@type\":\"SearchAction\",\"target\":{\"@type\":\"EntryPoint\",\"urlTemplate\":\"https:\/\/decorstone.md\/?s={search_term_string}\"},\"query-input\":\"required name=search_term_string\"}],\"inLanguage\":\"en-US\"},{\"@type\":\"Organization\",\"@id\":\"https:\/\/decorstone.md\/#organization\",\"name\":\"DecorStone\",\"url\":\"https:\/\/decorstone.md\/\",\"logo\":{\"@type\":\"ImageObject\",\"inLanguage\":\"en-US\",\"@id\":\"https:\/\/decorstone.md\/#\/schema\/logo\/image\/\",\"url\":\"https:\/\/decorstone.md\/wp-content\/uploads\/2025\/01\/Design-fara-titlu.png\",\"contentUrl\":\"https:\/\/decorstone.md\/wp-content\/uploads\/2025\/01\/Design-fara-titlu.png\",\"width\":2295,\"height\":2295,\"caption\":\"DecorStone\"},\"image\":{\"@id\":\"https:\/\/decorstone.md\/#\/schema\/logo\/image\/\"},\"sameAs\":[\"https:\/\/www.facebook.com\/DecorStoneMD\/\",\"https:\/\/www.instagram.com\/decorstonemd\/\"]}]}<\/script>\n<!-- \/ Yoast SEO Premium plugin. -->","yoast_head_json":{"title":"Banc\u0103 cu mas\u0103 de \u0219ah - Mobilier urban","robots":{"index":"index","follow":"follow","max-snippet":"max-snippet:-1","max-image-preview":"max-image-preview:large","max-video-preview":"max-video-preview:-1"},"canonical":"https:\/\/decorstone.md\/en\/product\/bench-with-chess-table\/","og_locale":"en_US","og_type":"article","og_title":"Banc\u0103 cu mas\u0103 de \u0219ah - Mobilier urban","og_description":"Masa de \u0219ah reprezint\u0103 varianta ideal\u0103 pentru amenajarea spa\u021biilor de recreere \u00een parcuri sau alte teritorii \u00een aer liber. Setul cuprinde o mas\u0103 din beton \u0219i dou\u0103 scaune,\u00a0 cu lungimea de 1900mm, ceea ce o face perfect\u0103 pentru spa\u021biile publice. Masa este multifunc\u021bional\u0103, cu o rezisten\u021b\u0103 deosebit\u0103, datorit\u0103 agregatelor naturale de marmur\u0103 sau granit \u0219i lemn de calitate superioar\u0103. Ofer\u0103 mai multe op\u021biuni de joc, precum ar fi \u0219ah, dame sau narde, f\u0103c\u00e2ndu-l perfect pentru parcuri, locuri de joac\u0103, sta\u021biuni \u0219i gr\u0103dini.","og_url":"https:\/\/decorstone.md\/en\/product\/bench-with-chess-table\/","og_site_name":"Mobilier urban","article_publisher":"https:\/\/www.facebook.com\/DecorStoneMD\/","article_modified_time":"2025-09-12T14:38:45+00:00","og_image":[{"width":2560,"height":2560,"url":"https:\/\/decorstone.md\/wp-content\/uploads\/2024\/07\/1-min-scaled.jpg","type":"image\/jpeg"}],"twitter_card":"summary_large_image","twitter_misc":{"Est. reading time":"1 minute"},"schema":{"@context":"https:\/\/schema.org","@graph":[{"@type":"WebPage","@id":"https:\/\/decorstone.md\/product\/banca-cu-masa-de-sah\/","url":"https:\/\/decorstone.md\/product\/banca-cu-masa-de-sah\/","name":"Banc\u0103 cu mas\u0103 de \u0219ah - Mobilier urban","isPartOf":{"@id":"https:\/\/decorstone.md\/#website"},"datePublished":"2024-07-11T14:01:46+00:00","dateModified":"2025-09-12T14:38:45+00:00","breadcrumb":{"@id":"https:\/\/decorstone.md\/product\/banca-cu-masa-de-sah\/#breadcrumb"},"inLanguage":"en-US","potentialAction":[{"@type":"ReadAction","target":["https:\/\/decorstone.md\/product\/banca-cu-masa-de-sah\/"]}]},{"@type":"BreadcrumbList","@id":"https:\/\/decorstone.md\/product\/banca-cu-masa-de-sah\/#breadcrumb","itemListElement":[{"@type":"ListItem","position":1,"name":"Produse","item":"https:\/\/decorstone.md\/produse\/"},{"@type":"ListItem","position":2,"name":"Banc\u0103 cu mas\u0103 de \u0219ah"}]},{"@type":"WebSite","@id":"https:\/\/decorstone.md\/#website","url":"https:\/\/decorstone.md\/","name":"DecorStone - Mobilier Urban \u0219i Pavaje","description":"Decorstone","publisher":{"@id":"https:\/\/decorstone.md\/#organization"},"potentialAction":[{"@type":"SearchAction","target":{"@type":"EntryPoint","urlTemplate":"https:\/\/decorstone.md\/?s={search_term_string}"},"query-input":"required name=search_term_string"}],"inLanguage":"en-US"},{"@type":"Organization","@id":"https:\/\/decorstone.md\/#organization","name":"DecorStone","url":"https:\/\/decorstone.md\/","logo":{"@type":"ImageObject","inLanguage":"en-US","@id":"https:\/\/decorstone.md\/#\/schema\/logo\/image\/","url":"https:\/\/decorstone.md\/wp-content\/uploads\/2025\/01\/Design-fara-titlu.png","contentUrl":"https:\/\/decorstone.md\/wp-content\/uploads\/2025\/01\/Design-fara-titlu.png","width":2295,"height":2295,"caption":"DecorStone"},"image":{"@id":"https:\/\/decorstone.md\/#\/schema\/logo\/image\/"},"sameAs":["https:\/\/www.facebook.com\/DecorStoneMD\/","https:\/\/www.instagram.com\/decorstonemd\/"]}]}},"_links":{"self":[{"href":"https:\/\/decorstone.md\/en\/wp-json\/wp\/v2\/product\/3660"}],"collection":[{"href":"https:\/\/decorstone.md\/en\/wp-json\/wp\/v2\/product"}],"about":[{"href":"https:\/\/decorstone.md\/en\/wp-json\/wp\/v2\/types\/product"}],"replies":[{"embeddable":true,"href":"https:\/\/decorstone.md\/en\/wp-json\/wp\/v2\/comments?post=3660"}],"wp:featuredmedia":[{"embeddable":true,"href":"https:\/\/decorstone.md\/en\/wp-json\/wp\/v2\/media\/3661"}],"wp:attachment":[{"href":"https:\/\/decorstone.md\/en\/wp-json\/wp\/v2\/media?parent=3660"}],"wp:term":[{"taxonomy":"product_cat","embeddable":true,"href":"https:\/\/decorstone.md\/en\/wp-json\/wp\/v2\/product_cat?post=3660"},{"taxonomy":"product_tag","embeddable":true,"href":"https:\/\/decorstone.md\/en\/wp-json\/wp\/v2\/product_tag?post=3660"}],"curies":[{"name":"wp","href":"https:\/\/api.w.org\/{rel}","templated":true}]}}