{"id":3820,"date":"2024-07-16T11:48:52","date_gmt":"2024-07-16T08:48:52","guid":{"rendered":"https:\/\/decorstone.md\/?post_type=product&#038;p=3820"},"modified":"2026-01-15T12:28:46","modified_gmt":"2026-01-15T10:28:46","slug":"semisfera-din-beton-delimitatoare-de-acces","status":"publish","type":"product","link":"https:\/\/decorstone.md\/en\/product\/hemisphere\/","title":{"rendered":"Delimitator de  acces"},"content":{"rendered":"<h3 data-start=\"750\" data-end=\"783\"><strong data-start=\"754\" data-end=\"783\">Caracteristici principale<\/strong><\/h3>\n<ul data-start=\"784\" data-end=\"1119\">\n<li data-start=\"784\" data-end=\"828\">\n<p data-start=\"786\" data-end=\"828\"><strong data-start=\"786\" data-end=\"799\">Material:<\/strong> beton rezistent \u0219i durabil<\/p>\n<\/li>\n<li data-start=\"829\" data-end=\"874\">\n<p data-start=\"831\" data-end=\"874\"><strong data-start=\"831\" data-end=\"841\">Form\u0103:<\/strong> semisferic\u0103, stabil\u0103 \u0219i sigur\u0103<\/p>\n<\/li>\n<li data-start=\"875\" data-end=\"932\">\n<p data-start=\"877\" data-end=\"932\"><strong data-start=\"877\" data-end=\"904\">Dimensiuni disponibile:<\/strong> 400 mm \u0219i 500 mm diametru<\/p>\n<\/li>\n<li data-start=\"933\" data-end=\"1016\">\n<p data-start=\"935\" data-end=\"1016\"><strong data-start=\"935\" data-end=\"949\">Utilizare:<\/strong> blocare acces auto \u00een zone reziden\u021biale, parcuri, spa\u021bii private<\/p>\n<\/li>\n<li data-start=\"1017\" data-end=\"1079\">\n<p data-start=\"1019\" data-end=\"1079\"><strong data-start=\"1019\" data-end=\"1035\">\u00centre\u021binere:<\/strong> u\u0219or de cur\u0103\u021bat, rezistent\u0103 la intemperii<\/p>\n<\/li>\n<li data-start=\"1080\" data-end=\"1119\">\n<p data-start=\"1082\" data-end=\"1119\"><strong data-start=\"1082\" data-end=\"1092\">Marc\u0103:<\/strong> Decorstone, serie Semisfera<\/p>\n<\/li>\n<\/ul>","protected":false},"excerpt":{"rendered":"<p><span style=\"font-weight: 400;\">Delimitator de acces, numita \u0219i Semisfera din beton este disponibil\u0103 \u00een 2 dimensiuni: diametrul de 400 \u0219i 500 mm. Este un element de rezisten\u021b\u0103 superioar\u0103, care blocheaz\u0103 accesul autovehiculelor \u00een zonele reziden\u021biale, zone de parc sau zone private.<\/span><\/p>","protected":false},"featured_media":4699,"comment_status":"closed","ping_status":"closed","template":"","meta":{"bwfblock_default_font":"","inline_featured_image":false},"product_cat":[36,274],"product_tag":[],"class_list":{"0":"post-3820","1":"product","2":"type-product","3":"status-publish","4":"has-post-thumbnail","6":"product_cat-urban-22","7":"product_cat-delimitatoare-de-acces","8":"pa_culori-antracite","9":"pa_culori-grey","10":"pa_culori-white-grey","11":"pa_dimensiuni-d400mm","12":"pa_dimensiuni-d500mm","14":"first","15":"instock","16":"shipping-taxable","17":"purchasable","18":"product-type-variable"},"acf":[],"yoast_head":"<!-- This site is optimized with the Yoast SEO Premium plugin v22.1 (Yoast SEO v22.1) - https:\/\/yoast.com\/wordpress\/plugins\/seo\/ -->\n<title>Delimitator de acces - Mobilier urban<\/title>\n<meta name=\"description\" content=\"Delimitator de acces Sphera din beton, rezistent \u0219i durabil, bloc\u00e2nd autovehiculele \u00een parcuri, zone reziden\u021biale \u0219i spa\u021bii private.\" \/>\n<meta name=\"robots\" content=\"index, follow, max-snippet:-1, max-image-preview:large, max-video-preview:-1\" \/>\n<link rel=\"canonical\" href=\"https:\/\/decorstone.md\/en\/product\/hemisphere\/\" \/>\n<meta property=\"og:locale\" content=\"en_US\" \/>\n<meta property=\"og:type\" content=\"article\" \/>\n<meta property=\"og:title\" content=\"Delimitator de acces - Mobilier urban\" \/>\n<meta property=\"og:description\" content=\"Delimitator de acces Sphera din beton, rezistent \u0219i durabil, bloc\u00e2nd autovehiculele \u00een parcuri, zone reziden\u021biale \u0219i spa\u021bii private.\" \/>\n<meta property=\"og:url\" content=\"https:\/\/decorstone.md\/en\/product\/hemisphere\/\" \/>\n<meta property=\"og:site_name\" content=\"Mobilier urban\" \/>\n<meta property=\"article:publisher\" content=\"https:\/\/www.facebook.com\/DecorStoneMD\/\" \/>\n<meta property=\"article:modified_time\" content=\"2026-01-15T10:28:46+00:00\" \/>\n<meta property=\"og:image\" content=\"https:\/\/decorstone.md\/wp-content\/uploads\/2024\/07\/prdus3-copy.jpg\" \/>\n\t<meta property=\"og:image:width\" content=\"640\" \/>\n\t<meta property=\"og:image:height\" content=\"640\" \/>\n\t<meta property=\"og:image:type\" content=\"image\/jpeg\" \/>\n<meta name=\"twitter:card\" content=\"summary_large_image\" \/>\n<meta name=\"twitter:label1\" content=\"Est. reading time\" \/>\n\t<meta name=\"twitter:data1\" content=\"1 minute\" \/>\n<script type=\"application\/ld+json\" class=\"yoast-schema-graph\">{\"@context\":\"https:\/\/schema.org\",\"@graph\":[{\"@type\":\"WebPage\",\"@id\":\"https:\/\/decorstone.md\/product\/semisfera-din-beton-delimitatoare-de-acces\/\",\"url\":\"https:\/\/decorstone.md\/product\/semisfera-din-beton-delimitatoare-de-acces\/\",\"name\":\"Delimitator de acces - Mobilier urban\",\"isPartOf\":{\"@id\":\"https:\/\/decorstone.md\/#website\"},\"datePublished\":\"2024-07-16T08:48:52+00:00\",\"dateModified\":\"2026-01-15T10:28:46+00:00\",\"description\":\"Delimitator de acces Sphera din beton, rezistent \u0219i durabil, bloc\u00e2nd autovehiculele \u00een parcuri, zone reziden\u021biale \u0219i spa\u021bii private.\",\"breadcrumb\":{\"@id\":\"https:\/\/decorstone.md\/product\/semisfera-din-beton-delimitatoare-de-acces\/#breadcrumb\"},\"inLanguage\":\"en-US\",\"potentialAction\":[{\"@type\":\"ReadAction\",\"target\":[\"https:\/\/decorstone.md\/product\/semisfera-din-beton-delimitatoare-de-acces\/\"]}]},{\"@type\":\"BreadcrumbList\",\"@id\":\"https:\/\/decorstone.md\/product\/semisfera-din-beton-delimitatoare-de-acces\/#breadcrumb\",\"itemListElement\":[{\"@type\":\"ListItem\",\"position\":1,\"name\":\"Produse\",\"item\":\"https:\/\/decorstone.md\/produse\/\"},{\"@type\":\"ListItem\",\"position\":2,\"name\":\"Delimitator de acces\"}]},{\"@type\":\"WebSite\",\"@id\":\"https:\/\/decorstone.md\/#website\",\"url\":\"https:\/\/decorstone.md\/\",\"name\":\"DecorStone - Mobilier Urban \u0219i Pavaje\",\"description\":\"Decorstone\",\"publisher\":{\"@id\":\"https:\/\/decorstone.md\/#organization\"},\"potentialAction\":[{\"@type\":\"SearchAction\",\"target\":{\"@type\":\"EntryPoint\",\"urlTemplate\":\"https:\/\/decorstone.md\/?s={search_term_string}\"},\"query-input\":\"required name=search_term_string\"}],\"inLanguage\":\"en-US\"},{\"@type\":\"Organization\",\"@id\":\"https:\/\/decorstone.md\/#organization\",\"name\":\"DecorStone\",\"url\":\"https:\/\/decorstone.md\/\",\"logo\":{\"@type\":\"ImageObject\",\"inLanguage\":\"en-US\",\"@id\":\"https:\/\/decorstone.md\/#\/schema\/logo\/image\/\",\"url\":\"https:\/\/decorstone.md\/wp-content\/uploads\/2025\/01\/Design-fara-titlu.png\",\"contentUrl\":\"https:\/\/decorstone.md\/wp-content\/uploads\/2025\/01\/Design-fara-titlu.png\",\"width\":2295,\"height\":2295,\"caption\":\"DecorStone\"},\"image\":{\"@id\":\"https:\/\/decorstone.md\/#\/schema\/logo\/image\/\"},\"sameAs\":[\"https:\/\/www.facebook.com\/DecorStoneMD\/\",\"https:\/\/www.instagram.com\/decorstonemd\/\"]}]}<\/script>\n<!-- \/ Yoast SEO Premium plugin. -->","yoast_head_json":{"title":"Delimitator de acces - Mobilier urban","description":"Delimitator de acces Sphera din beton, rezistent \u0219i durabil, bloc\u00e2nd autovehiculele \u00een parcuri, zone reziden\u021biale \u0219i spa\u021bii private.","robots":{"index":"index","follow":"follow","max-snippet":"max-snippet:-1","max-image-preview":"max-image-preview:large","max-video-preview":"max-video-preview:-1"},"canonical":"https:\/\/decorstone.md\/en\/product\/hemisphere\/","og_locale":"en_US","og_type":"article","og_title":"Delimitator de acces - Mobilier urban","og_description":"Delimitator de acces Sphera din beton, rezistent \u0219i durabil, bloc\u00e2nd autovehiculele \u00een parcuri, zone reziden\u021biale \u0219i spa\u021bii private.","og_url":"https:\/\/decorstone.md\/en\/product\/hemisphere\/","og_site_name":"Mobilier urban","article_publisher":"https:\/\/www.facebook.com\/DecorStoneMD\/","article_modified_time":"2026-01-15T10:28:46+00:00","og_image":[{"width":640,"height":640,"url":"https:\/\/decorstone.md\/wp-content\/uploads\/2024\/07\/prdus3-copy.jpg","type":"image\/jpeg"}],"twitter_card":"summary_large_image","twitter_misc":{"Est. reading time":"1 minute"},"schema":{"@context":"https:\/\/schema.org","@graph":[{"@type":"WebPage","@id":"https:\/\/decorstone.md\/product\/semisfera-din-beton-delimitatoare-de-acces\/","url":"https:\/\/decorstone.md\/product\/semisfera-din-beton-delimitatoare-de-acces\/","name":"Delimitator de acces - Mobilier urban","isPartOf":{"@id":"https:\/\/decorstone.md\/#website"},"datePublished":"2024-07-16T08:48:52+00:00","dateModified":"2026-01-15T10:28:46+00:00","description":"Delimitator de acces Sphera din beton, rezistent \u0219i durabil, bloc\u00e2nd autovehiculele \u00een parcuri, zone reziden\u021biale \u0219i spa\u021bii private.","breadcrumb":{"@id":"https:\/\/decorstone.md\/product\/semisfera-din-beton-delimitatoare-de-acces\/#breadcrumb"},"inLanguage":"en-US","potentialAction":[{"@type":"ReadAction","target":["https:\/\/decorstone.md\/product\/semisfera-din-beton-delimitatoare-de-acces\/"]}]},{"@type":"BreadcrumbList","@id":"https:\/\/decorstone.md\/product\/semisfera-din-beton-delimitatoare-de-acces\/#breadcrumb","itemListElement":[{"@type":"ListItem","position":1,"name":"Produse","item":"https:\/\/decorstone.md\/produse\/"},{"@type":"ListItem","position":2,"name":"Delimitator de acces"}]},{"@type":"WebSite","@id":"https:\/\/decorstone.md\/#website","url":"https:\/\/decorstone.md\/","name":"DecorStone - Mobilier Urban \u0219i Pavaje","description":"Decorstone","publisher":{"@id":"https:\/\/decorstone.md\/#organization"},"potentialAction":[{"@type":"SearchAction","target":{"@type":"EntryPoint","urlTemplate":"https:\/\/decorstone.md\/?s={search_term_string}"},"query-input":"required name=search_term_string"}],"inLanguage":"en-US"},{"@type":"Organization","@id":"https:\/\/decorstone.md\/#organization","name":"DecorStone","url":"https:\/\/decorstone.md\/","logo":{"@type":"ImageObject","inLanguage":"en-US","@id":"https:\/\/decorstone.md\/#\/schema\/logo\/image\/","url":"https:\/\/decorstone.md\/wp-content\/uploads\/2025\/01\/Design-fara-titlu.png","contentUrl":"https:\/\/decorstone.md\/wp-content\/uploads\/2025\/01\/Design-fara-titlu.png","width":2295,"height":2295,"caption":"DecorStone"},"image":{"@id":"https:\/\/decorstone.md\/#\/schema\/logo\/image\/"},"sameAs":["https:\/\/www.facebook.com\/DecorStoneMD\/","https:\/\/www.instagram.com\/decorstonemd\/"]}]}},"_links":{"self":[{"href":"https:\/\/decorstone.md\/en\/wp-json\/wp\/v2\/product\/3820"}],"collection":[{"href":"https:\/\/decorstone.md\/en\/wp-json\/wp\/v2\/product"}],"about":[{"href":"https:\/\/decorstone.md\/en\/wp-json\/wp\/v2\/types\/product"}],"replies":[{"embeddable":true,"href":"https:\/\/decorstone.md\/en\/wp-json\/wp\/v2\/comments?post=3820"}],"wp:featuredmedia":[{"embeddable":true,"href":"https:\/\/decorstone.md\/en\/wp-json\/wp\/v2\/media\/4699"}],"wp:attachment":[{"href":"https:\/\/decorstone.md\/en\/wp-json\/wp\/v2\/media?parent=3820"}],"wp:term":[{"taxonomy":"product_cat","embeddable":true,"href":"https:\/\/decorstone.md\/en\/wp-json\/wp\/v2\/product_cat?post=3820"},{"taxonomy":"product_tag","embeddable":true,"href":"https:\/\/decorstone.md\/en\/wp-json\/wp\/v2\/product_tag?post=3820"}],"curies":[{"name":"wp","href":"https:\/\/api.w.org\/{rel}","templated":true}]}}