{"id":3851,"date":"2024-07-16T12:28:04","date_gmt":"2024-07-16T09:28:04","guid":{"rendered":"https:\/\/decorstone.md\/?post_type=product&#038;p=3851"},"modified":"2026-01-19T11:53:06","modified_gmt":"2026-01-19T09:53:06","slug":"calypso","status":"publish","type":"product","link":"https:\/\/decorstone.md\/en\/product\/patt-high\/","title":{"rendered":"Ghivece Calypso"},"content":{"rendered":"<p data-start=\"117\" data-end=\"197\">Descoper\u0103 farmecul colec\u021biei <strong data-start=\"146\" data-end=\"159\">Calypso<\/strong>, elegant\u0103, inovativ\u0103 \u0219i atemporal\u0103.<\/p>\n<p data-start=\"199\" data-end=\"276\">Dungile fine eviden\u021biaz\u0103 ghivecele \u0219i adaug\u0103 personalitate oric\u0103rui spa\u021biu.<\/p>\n<p data-start=\"278\" data-end=\"361\">Sunt potrivite at\u00e2t pentru amenaj\u0103rile interioare, c\u00e2t \u0219i pentru cele exterioare.<\/p>\n<p data-start=\"363\" data-end=\"435\">Designul clasic men\u021bine modelul actual \u0219i apreciat pe termen \u00eendelungat.<\/p>","protected":false},"excerpt":{"rendered":"<p><span style=\"font-weight: 400;\">Descoper\u0103 farmecul colec\u021biei Calypso &#8211; elegant\u0103, inovativ\u0103 \u0219i atemporal\u0103. Dungile fine fac ghivecele s\u0103 ias\u0103 \u00een eviden\u021b\u0103 \u00een orice spa\u021biu, fie la interior sau la exterior. Modelul este clasic, ceea ce \u00eel face actual pe o perioad\u0103 \u00eendelungat\u0103 de timp.<\/span><\/p>","protected":false},"featured_media":3852,"comment_status":"closed","ping_status":"closed","template":"","meta":{"bwfblock_default_font":"","inline_featured_image":false},"product_cat":[33,312],"product_tag":[518,517,505,519,515,496,506,508,510],"class_list":{"0":"post-3851","1":"product","2":"type-product","3":"status-publish","4":"has-post-thumbnail","6":"product_cat-ghivece","7":"product_cat-moderne","8":"product_tag-amenajari-eterioare","9":"product_tag-amenajari-interioare","10":"product_tag-argila","11":"product_tag-calypso","12":"product_tag-ghivece-beton","13":"product_tag-ghiveci","14":"product_tag-plante","15":"product_tag-plastic-flexibil-pentru-ghivece","16":"product_tag-plastic-pot","17":"pa_culori-white-stripe","18":"pa_dimensiuni-m-d440mm-h660mm","19":"pa_dimensiuni-s-d290mm-h430mm-2","21":"first","22":"instock","23":"shipping-taxable","24":"purchasable","25":"product-type-variable"},"acf":[],"yoast_head":"<!-- This site is optimized with the Yoast SEO Premium plugin v22.1 (Yoast SEO v22.1) - https:\/\/yoast.com\/wordpress\/plugins\/seo\/ -->\n<title>Ghivece Calypso - Mobilier urban<\/title>\n<meta name=\"description\" content=\"Ghivece CALYPSO cu design elegant \u0219i versatil, ideale pentru interior \u0219i exterior. Rezistente, durabile \u0219i u\u0219or de integrat.\" \/>\n<meta name=\"robots\" content=\"index, follow, max-snippet:-1, max-image-preview:large, max-video-preview:-1\" \/>\n<link rel=\"canonical\" href=\"https:\/\/decorstone.md\/en\/product\/patt-high\/\" \/>\n<meta property=\"og:locale\" content=\"en_US\" \/>\n<meta property=\"og:type\" content=\"article\" \/>\n<meta property=\"og:title\" content=\"Ghivece Calypso - Mobilier urban\" \/>\n<meta property=\"og:description\" content=\"Ghivece CALYPSO cu design elegant \u0219i versatil, ideale pentru interior \u0219i exterior. Rezistente, durabile \u0219i u\u0219or de integrat.\" \/>\n<meta property=\"og:url\" content=\"https:\/\/decorstone.md\/en\/product\/patt-high\/\" \/>\n<meta property=\"og:site_name\" content=\"Mobilier urban\" \/>\n<meta property=\"article:publisher\" content=\"https:\/\/www.facebook.com\/DecorStoneMD\/\" \/>\n<meta property=\"article:modified_time\" content=\"2026-01-19T09:53:06+00:00\" \/>\n<meta property=\"og:image\" content=\"https:\/\/decorstone.md\/wp-content\/uploads\/2024\/07\/P3028-66-266-scaled.jpg\" \/>\n\t<meta property=\"og:image:width\" content=\"1708\" \/>\n\t<meta property=\"og:image:height\" content=\"2560\" \/>\n\t<meta property=\"og:image:type\" content=\"image\/jpeg\" \/>\n<meta name=\"twitter:card\" content=\"summary_large_image\" \/>\n<meta name=\"twitter:label1\" content=\"Est. reading time\" \/>\n\t<meta name=\"twitter:data1\" content=\"1 minute\" \/>\n<script type=\"application\/ld+json\" class=\"yoast-schema-graph\">{\"@context\":\"https:\/\/schema.org\",\"@graph\":[{\"@type\":\"WebPage\",\"@id\":\"https:\/\/decorstone.md\/product\/calypso\/\",\"url\":\"https:\/\/decorstone.md\/product\/calypso\/\",\"name\":\"Ghivece Calypso - Mobilier urban\",\"isPartOf\":{\"@id\":\"https:\/\/decorstone.md\/#website\"},\"datePublished\":\"2024-07-16T09:28:04+00:00\",\"dateModified\":\"2026-01-19T09:53:06+00:00\",\"description\":\"Ghivece CALYPSO cu design elegant \u0219i versatil, ideale pentru interior \u0219i exterior. Rezistente, durabile \u0219i u\u0219or de integrat.\",\"breadcrumb\":{\"@id\":\"https:\/\/decorstone.md\/product\/calypso\/#breadcrumb\"},\"inLanguage\":\"en-US\",\"potentialAction\":[{\"@type\":\"ReadAction\",\"target\":[\"https:\/\/decorstone.md\/product\/calypso\/\"]}]},{\"@type\":\"BreadcrumbList\",\"@id\":\"https:\/\/decorstone.md\/product\/calypso\/#breadcrumb\",\"itemListElement\":[{\"@type\":\"ListItem\",\"position\":1,\"name\":\"Produse\",\"item\":\"https:\/\/decorstone.md\/produse\/\"},{\"@type\":\"ListItem\",\"position\":2,\"name\":\"Ghivece Calypso\"}]},{\"@type\":\"WebSite\",\"@id\":\"https:\/\/decorstone.md\/#website\",\"url\":\"https:\/\/decorstone.md\/\",\"name\":\"DecorStone - Mobilier Urban \u0219i Pavaje\",\"description\":\"Decorstone\",\"publisher\":{\"@id\":\"https:\/\/decorstone.md\/#organization\"},\"potentialAction\":[{\"@type\":\"SearchAction\",\"target\":{\"@type\":\"EntryPoint\",\"urlTemplate\":\"https:\/\/decorstone.md\/?s={search_term_string}\"},\"query-input\":\"required name=search_term_string\"}],\"inLanguage\":\"en-US\"},{\"@type\":\"Organization\",\"@id\":\"https:\/\/decorstone.md\/#organization\",\"name\":\"DecorStone\",\"url\":\"https:\/\/decorstone.md\/\",\"logo\":{\"@type\":\"ImageObject\",\"inLanguage\":\"en-US\",\"@id\":\"https:\/\/decorstone.md\/#\/schema\/logo\/image\/\",\"url\":\"https:\/\/decorstone.md\/wp-content\/uploads\/2025\/01\/Design-fara-titlu.png\",\"contentUrl\":\"https:\/\/decorstone.md\/wp-content\/uploads\/2025\/01\/Design-fara-titlu.png\",\"width\":2295,\"height\":2295,\"caption\":\"DecorStone\"},\"image\":{\"@id\":\"https:\/\/decorstone.md\/#\/schema\/logo\/image\/\"},\"sameAs\":[\"https:\/\/www.facebook.com\/DecorStoneMD\/\",\"https:\/\/www.instagram.com\/decorstonemd\/\"]}]}<\/script>\n<!-- \/ Yoast SEO Premium plugin. -->","yoast_head_json":{"title":"Ghivece Calypso - Mobilier urban","description":"Ghivece CALYPSO cu design elegant \u0219i versatil, ideale pentru interior \u0219i exterior. Rezistente, durabile \u0219i u\u0219or de integrat.","robots":{"index":"index","follow":"follow","max-snippet":"max-snippet:-1","max-image-preview":"max-image-preview:large","max-video-preview":"max-video-preview:-1"},"canonical":"https:\/\/decorstone.md\/en\/product\/patt-high\/","og_locale":"en_US","og_type":"article","og_title":"Ghivece Calypso - Mobilier urban","og_description":"Ghivece CALYPSO cu design elegant \u0219i versatil, ideale pentru interior \u0219i exterior. Rezistente, durabile \u0219i u\u0219or de integrat.","og_url":"https:\/\/decorstone.md\/en\/product\/patt-high\/","og_site_name":"Mobilier urban","article_publisher":"https:\/\/www.facebook.com\/DecorStoneMD\/","article_modified_time":"2026-01-19T09:53:06+00:00","og_image":[{"width":1708,"height":2560,"url":"https:\/\/decorstone.md\/wp-content\/uploads\/2024\/07\/P3028-66-266-scaled.jpg","type":"image\/jpeg"}],"twitter_card":"summary_large_image","twitter_misc":{"Est. reading time":"1 minute"},"schema":{"@context":"https:\/\/schema.org","@graph":[{"@type":"WebPage","@id":"https:\/\/decorstone.md\/product\/calypso\/","url":"https:\/\/decorstone.md\/product\/calypso\/","name":"Ghivece Calypso - Mobilier urban","isPartOf":{"@id":"https:\/\/decorstone.md\/#website"},"datePublished":"2024-07-16T09:28:04+00:00","dateModified":"2026-01-19T09:53:06+00:00","description":"Ghivece CALYPSO cu design elegant \u0219i versatil, ideale pentru interior \u0219i exterior. Rezistente, durabile \u0219i u\u0219or de integrat.","breadcrumb":{"@id":"https:\/\/decorstone.md\/product\/calypso\/#breadcrumb"},"inLanguage":"en-US","potentialAction":[{"@type":"ReadAction","target":["https:\/\/decorstone.md\/product\/calypso\/"]}]},{"@type":"BreadcrumbList","@id":"https:\/\/decorstone.md\/product\/calypso\/#breadcrumb","itemListElement":[{"@type":"ListItem","position":1,"name":"Produse","item":"https:\/\/decorstone.md\/produse\/"},{"@type":"ListItem","position":2,"name":"Ghivece Calypso"}]},{"@type":"WebSite","@id":"https:\/\/decorstone.md\/#website","url":"https:\/\/decorstone.md\/","name":"DecorStone - Mobilier Urban \u0219i Pavaje","description":"Decorstone","publisher":{"@id":"https:\/\/decorstone.md\/#organization"},"potentialAction":[{"@type":"SearchAction","target":{"@type":"EntryPoint","urlTemplate":"https:\/\/decorstone.md\/?s={search_term_string}"},"query-input":"required name=search_term_string"}],"inLanguage":"en-US"},{"@type":"Organization","@id":"https:\/\/decorstone.md\/#organization","name":"DecorStone","url":"https:\/\/decorstone.md\/","logo":{"@type":"ImageObject","inLanguage":"en-US","@id":"https:\/\/decorstone.md\/#\/schema\/logo\/image\/","url":"https:\/\/decorstone.md\/wp-content\/uploads\/2025\/01\/Design-fara-titlu.png","contentUrl":"https:\/\/decorstone.md\/wp-content\/uploads\/2025\/01\/Design-fara-titlu.png","width":2295,"height":2295,"caption":"DecorStone"},"image":{"@id":"https:\/\/decorstone.md\/#\/schema\/logo\/image\/"},"sameAs":["https:\/\/www.facebook.com\/DecorStoneMD\/","https:\/\/www.instagram.com\/decorstonemd\/"]}]}},"_links":{"self":[{"href":"https:\/\/decorstone.md\/en\/wp-json\/wp\/v2\/product\/3851"}],"collection":[{"href":"https:\/\/decorstone.md\/en\/wp-json\/wp\/v2\/product"}],"about":[{"href":"https:\/\/decorstone.md\/en\/wp-json\/wp\/v2\/types\/product"}],"replies":[{"embeddable":true,"href":"https:\/\/decorstone.md\/en\/wp-json\/wp\/v2\/comments?post=3851"}],"wp:featuredmedia":[{"embeddable":true,"href":"https:\/\/decorstone.md\/en\/wp-json\/wp\/v2\/media\/3852"}],"wp:attachment":[{"href":"https:\/\/decorstone.md\/en\/wp-json\/wp\/v2\/media?parent=3851"}],"wp:term":[{"taxonomy":"product_cat","embeddable":true,"href":"https:\/\/decorstone.md\/en\/wp-json\/wp\/v2\/product_cat?post=3851"},{"taxonomy":"product_tag","embeddable":true,"href":"https:\/\/decorstone.md\/en\/wp-json\/wp\/v2\/product_tag?post=3851"}],"curies":[{"name":"wp","href":"https:\/\/api.w.org\/{rel}","templated":true}]}}