{"id":4351,"date":"2024-07-18T17:06:17","date_gmt":"2024-07-18T14:06:17","guid":{"rendered":"https:\/\/decorstone.md\/?post_type=product&#038;p=4351"},"modified":"2026-01-15T14:34:34","modified_gmt":"2026-01-15T12:34:34","slug":"urban-24-exclusiv","status":"publish","type":"product","link":"https:\/\/decorstone.md\/en\/product\/urban-24-exclusively\/","title":{"rendered":"URBAN 24 Exclusiv"},"content":{"rendered":"<p><span style=\"font-weight: 400;\">URBAN 24 este cel mai nou model elaborat, ca urmare a studiului tendin\u021belor europene. Este disponibil\u0103 at\u00e2t din pietri\u0219 de marmur\u0103, pentru proiecte exclusiviste.<\/span><\/p>","protected":false},"excerpt":{"rendered":"<p><span style=\"font-weight: 400;\">URBAN 24 este cel mai nou model elaborat, ca urmare a studiului tendin\u021belor europene. Este disponibil\u0103 at\u00e2t din pietri\u0219 de marmur\u0103, pentru proiecte exclusiviste.<\/span><\/p>\n<p><strong>Why DECORSTONE urns are the perfect option for public spaces?<\/strong><\/p>\n<ul>\n<li style=\"font-weight: 400;\" aria-level=\"1\"><span style=\"font-weight: 400;\">The best price-quality ratio;<\/span><\/li>\n<li style=\"font-weight: 400;\" aria-level=\"1\"><span style=\"font-weight: 400;\">Resistance to external factors;<\/span><\/li>\n<li style=\"font-weight: 400;\" aria-level=\"1\"><span style=\"font-weight: 400;\">Designed for resistance to hooliganism;<\/span><\/li>\n<li style=\"font-weight: 400;\" aria-level=\"1\"><span style=\"font-weight: 400;\">Easy to maintain;<\/span><\/li>\n<li style=\"font-weight: 400;\" aria-level=\"1\"><span style=\"font-weight: 400;\">Materials of the highest quality;<\/span><\/li>\n<li style=\"font-weight: 400;\" aria-level=\"1\"><span style=\"font-weight: 400;\">Unique product on the market;<\/span><\/li>\n<li style=\"font-weight: 400;\" aria-level=\"1\"><span style=\"font-weight: 400;\">Functional design.<\/span><\/li>\n<\/ul>","protected":false},"featured_media":5297,"comment_status":"closed","ping_status":"closed","template":"","meta":{"bwfblock_default_font":"","inline_featured_image":false},"product_cat":[36,38],"product_tag":[503,501,502,500,499],"class_list":{"0":"post-4351","1":"product","2":"type-product","3":"status-publish","4":"has-post-thumbnail","6":"product_cat-urban-22","7":"product_cat-urne","8":"product_tag-design-functionabil","9":"product_tag-produs-unic-pe-piata","10":"product_tag-rezistenta-la-factorii-externi","11":"product_tag-urban","12":"product_tag-urna","13":"pa_culori-white-grey","14":"pa_dimensiuni-400x400x850h-mm-50l","16":"first","17":"instock","18":"shipping-taxable","19":"purchasable","20":"product-type-variable","21":"has-default-attributes"},"acf":[],"yoast_head":"<!-- This site is optimized with the Yoast SEO Premium plugin v22.1 (Yoast SEO v22.1) - https:\/\/yoast.com\/wordpress\/plugins\/seo\/ -->\n<title>URBAN 24 Exclusiv - Mobilier urban<\/title>\n<meta name=\"description\" content=\"URBAN 24 \u2013 urn\u0103 urban\u0103 , inspirat\u0103 din tendin\u021bele europene, realizat\u0103 din pietri\u0219 de marmur\u0103 sau fibrociment. Rezistent\u0103, antivandal \u0219i u\u0219or de \u00eentre\u021binut.\" \/>\n<meta name=\"robots\" content=\"index, follow, max-snippet:-1, max-image-preview:large, max-video-preview:-1\" \/>\n<link rel=\"canonical\" href=\"https:\/\/decorstone.md\/en\/product\/urban-24-exclusively\/\" \/>\n<meta property=\"og:locale\" content=\"en_US\" \/>\n<meta property=\"og:type\" content=\"article\" \/>\n<meta property=\"og:title\" content=\"URBAN 24 Exclusiv - Mobilier urban\" \/>\n<meta property=\"og:description\" content=\"URBAN 24 \u2013 urn\u0103 urban\u0103 , inspirat\u0103 din tendin\u021bele europene, realizat\u0103 din pietri\u0219 de marmur\u0103 sau fibrociment. Rezistent\u0103, antivandal \u0219i u\u0219or de \u00eentre\u021binut.\" \/>\n<meta property=\"og:url\" content=\"https:\/\/decorstone.md\/en\/product\/urban-24-exclusively\/\" \/>\n<meta property=\"og:site_name\" content=\"Mobilier urban\" \/>\n<meta property=\"article:publisher\" content=\"https:\/\/www.facebook.com\/DecorStoneMD\/\" \/>\n<meta property=\"article:modified_time\" content=\"2026-01-15T12:34:34+00:00\" \/>\n<meta property=\"og:image\" content=\"https:\/\/decorstone.md\/wp-content\/uploads\/2024\/07\/3._UBRAN_24_001_0000.jpg\" \/>\n\t<meta property=\"og:image:width\" content=\"1800\" \/>\n\t<meta property=\"og:image:height\" content=\"1440\" \/>\n\t<meta property=\"og:image:type\" content=\"image\/jpeg\" \/>\n<meta name=\"twitter:card\" content=\"summary_large_image\" \/>\n<meta name=\"twitter:label1\" content=\"Est. reading time\" \/>\n\t<meta name=\"twitter:data1\" content=\"1 minute\" \/>\n<script type=\"application\/ld+json\" class=\"yoast-schema-graph\">{\"@context\":\"https:\/\/schema.org\",\"@graph\":[{\"@type\":\"WebPage\",\"@id\":\"https:\/\/decorstone.md\/product\/urban-24-exclusiv\/\",\"url\":\"https:\/\/decorstone.md\/product\/urban-24-exclusiv\/\",\"name\":\"URBAN 24 Exclusiv - Mobilier urban\",\"isPartOf\":{\"@id\":\"https:\/\/decorstone.md\/#website\"},\"datePublished\":\"2024-07-18T14:06:17+00:00\",\"dateModified\":\"2026-01-15T12:34:34+00:00\",\"description\":\"URBAN 24 \u2013 urn\u0103 urban\u0103 , inspirat\u0103 din tendin\u021bele europene, realizat\u0103 din pietri\u0219 de marmur\u0103 sau fibrociment. Rezistent\u0103, antivandal \u0219i u\u0219or de \u00eentre\u021binut.\",\"breadcrumb\":{\"@id\":\"https:\/\/decorstone.md\/product\/urban-24-exclusiv\/#breadcrumb\"},\"inLanguage\":\"en-US\",\"potentialAction\":[{\"@type\":\"ReadAction\",\"target\":[\"https:\/\/decorstone.md\/product\/urban-24-exclusiv\/\"]}]},{\"@type\":\"BreadcrumbList\",\"@id\":\"https:\/\/decorstone.md\/product\/urban-24-exclusiv\/#breadcrumb\",\"itemListElement\":[{\"@type\":\"ListItem\",\"position\":1,\"name\":\"Produse\",\"item\":\"https:\/\/decorstone.md\/produse\/\"},{\"@type\":\"ListItem\",\"position\":2,\"name\":\"URBAN 24 Exclusiv\"}]},{\"@type\":\"WebSite\",\"@id\":\"https:\/\/decorstone.md\/#website\",\"url\":\"https:\/\/decorstone.md\/\",\"name\":\"DecorStone - Mobilier Urban \u0219i Pavaje\",\"description\":\"Decorstone\",\"publisher\":{\"@id\":\"https:\/\/decorstone.md\/#organization\"},\"potentialAction\":[{\"@type\":\"SearchAction\",\"target\":{\"@type\":\"EntryPoint\",\"urlTemplate\":\"https:\/\/decorstone.md\/?s={search_term_string}\"},\"query-input\":\"required name=search_term_string\"}],\"inLanguage\":\"en-US\"},{\"@type\":\"Organization\",\"@id\":\"https:\/\/decorstone.md\/#organization\",\"name\":\"DecorStone\",\"url\":\"https:\/\/decorstone.md\/\",\"logo\":{\"@type\":\"ImageObject\",\"inLanguage\":\"en-US\",\"@id\":\"https:\/\/decorstone.md\/#\/schema\/logo\/image\/\",\"url\":\"https:\/\/decorstone.md\/wp-content\/uploads\/2025\/01\/Design-fara-titlu.png\",\"contentUrl\":\"https:\/\/decorstone.md\/wp-content\/uploads\/2025\/01\/Design-fara-titlu.png\",\"width\":2295,\"height\":2295,\"caption\":\"DecorStone\"},\"image\":{\"@id\":\"https:\/\/decorstone.md\/#\/schema\/logo\/image\/\"},\"sameAs\":[\"https:\/\/www.facebook.com\/DecorStoneMD\/\",\"https:\/\/www.instagram.com\/decorstonemd\/\"]}]}<\/script>\n<!-- \/ Yoast SEO Premium plugin. -->","yoast_head_json":{"title":"URBAN 24 Exclusiv - Mobilier urban","description":"URBAN 24 \u2013 urn\u0103 urban\u0103 , inspirat\u0103 din tendin\u021bele europene, realizat\u0103 din pietri\u0219 de marmur\u0103 sau fibrociment. Rezistent\u0103, antivandal \u0219i u\u0219or de \u00eentre\u021binut.","robots":{"index":"index","follow":"follow","max-snippet":"max-snippet:-1","max-image-preview":"max-image-preview:large","max-video-preview":"max-video-preview:-1"},"canonical":"https:\/\/decorstone.md\/en\/product\/urban-24-exclusively\/","og_locale":"en_US","og_type":"article","og_title":"URBAN 24 Exclusiv - Mobilier urban","og_description":"URBAN 24 \u2013 urn\u0103 urban\u0103 , inspirat\u0103 din tendin\u021bele europene, realizat\u0103 din pietri\u0219 de marmur\u0103 sau fibrociment. Rezistent\u0103, antivandal \u0219i u\u0219or de \u00eentre\u021binut.","og_url":"https:\/\/decorstone.md\/en\/product\/urban-24-exclusively\/","og_site_name":"Mobilier urban","article_publisher":"https:\/\/www.facebook.com\/DecorStoneMD\/","article_modified_time":"2026-01-15T12:34:34+00:00","og_image":[{"width":1800,"height":1440,"url":"https:\/\/decorstone.md\/wp-content\/uploads\/2024\/07\/3._UBRAN_24_001_0000.jpg","type":"image\/jpeg"}],"twitter_card":"summary_large_image","twitter_misc":{"Est. reading time":"1 minute"},"schema":{"@context":"https:\/\/schema.org","@graph":[{"@type":"WebPage","@id":"https:\/\/decorstone.md\/product\/urban-24-exclusiv\/","url":"https:\/\/decorstone.md\/product\/urban-24-exclusiv\/","name":"URBAN 24 Exclusiv - Mobilier urban","isPartOf":{"@id":"https:\/\/decorstone.md\/#website"},"datePublished":"2024-07-18T14:06:17+00:00","dateModified":"2026-01-15T12:34:34+00:00","description":"URBAN 24 \u2013 urn\u0103 urban\u0103 , inspirat\u0103 din tendin\u021bele europene, realizat\u0103 din pietri\u0219 de marmur\u0103 sau fibrociment. Rezistent\u0103, antivandal \u0219i u\u0219or de \u00eentre\u021binut.","breadcrumb":{"@id":"https:\/\/decorstone.md\/product\/urban-24-exclusiv\/#breadcrumb"},"inLanguage":"en-US","potentialAction":[{"@type":"ReadAction","target":["https:\/\/decorstone.md\/product\/urban-24-exclusiv\/"]}]},{"@type":"BreadcrumbList","@id":"https:\/\/decorstone.md\/product\/urban-24-exclusiv\/#breadcrumb","itemListElement":[{"@type":"ListItem","position":1,"name":"Produse","item":"https:\/\/decorstone.md\/produse\/"},{"@type":"ListItem","position":2,"name":"URBAN 24 Exclusiv"}]},{"@type":"WebSite","@id":"https:\/\/decorstone.md\/#website","url":"https:\/\/decorstone.md\/","name":"DecorStone - Mobilier Urban \u0219i Pavaje","description":"Decorstone","publisher":{"@id":"https:\/\/decorstone.md\/#organization"},"potentialAction":[{"@type":"SearchAction","target":{"@type":"EntryPoint","urlTemplate":"https:\/\/decorstone.md\/?s={search_term_string}"},"query-input":"required name=search_term_string"}],"inLanguage":"en-US"},{"@type":"Organization","@id":"https:\/\/decorstone.md\/#organization","name":"DecorStone","url":"https:\/\/decorstone.md\/","logo":{"@type":"ImageObject","inLanguage":"en-US","@id":"https:\/\/decorstone.md\/#\/schema\/logo\/image\/","url":"https:\/\/decorstone.md\/wp-content\/uploads\/2025\/01\/Design-fara-titlu.png","contentUrl":"https:\/\/decorstone.md\/wp-content\/uploads\/2025\/01\/Design-fara-titlu.png","width":2295,"height":2295,"caption":"DecorStone"},"image":{"@id":"https:\/\/decorstone.md\/#\/schema\/logo\/image\/"},"sameAs":["https:\/\/www.facebook.com\/DecorStoneMD\/","https:\/\/www.instagram.com\/decorstonemd\/"]}]}},"_links":{"self":[{"href":"https:\/\/decorstone.md\/en\/wp-json\/wp\/v2\/product\/4351"}],"collection":[{"href":"https:\/\/decorstone.md\/en\/wp-json\/wp\/v2\/product"}],"about":[{"href":"https:\/\/decorstone.md\/en\/wp-json\/wp\/v2\/types\/product"}],"replies":[{"embeddable":true,"href":"https:\/\/decorstone.md\/en\/wp-json\/wp\/v2\/comments?post=4351"}],"wp:featuredmedia":[{"embeddable":true,"href":"https:\/\/decorstone.md\/en\/wp-json\/wp\/v2\/media\/5297"}],"wp:attachment":[{"href":"https:\/\/decorstone.md\/en\/wp-json\/wp\/v2\/media?parent=4351"}],"wp:term":[{"taxonomy":"product_cat","embeddable":true,"href":"https:\/\/decorstone.md\/en\/wp-json\/wp\/v2\/product_cat?post=4351"},{"taxonomy":"product_tag","embeddable":true,"href":"https:\/\/decorstone.md\/en\/wp-json\/wp\/v2\/product_tag?post=4351"}],"curies":[{"name":"wp","href":"https:\/\/api.w.org\/{rel}","templated":true}]}}