{"id":4354,"date":"2024-07-22T13:16:18","date_gmt":"2024-07-22T10:16:18","guid":{"rendered":"https:\/\/decorstone.md\/?post_type=product&#038;p=4354"},"modified":"2026-01-16T11:30:53","modified_gmt":"2026-01-16T09:30:53","slug":"rax-white-stripped","status":"publish","type":"product","link":"https:\/\/decorstone.md\/en\/product\/pax-white-stripped\/","title":{"rendered":"Rax"},"content":{"rendered":"<h3 data-start=\"177\" data-end=\"213\">Ghiveci din beton \u2013 Colec\u021bia RAX<\/h3>\n<p data-start=\"215\" data-end=\"431\">Colec\u021bia <strong data-start=\"224\" data-end=\"231\">RAX<\/strong> este un ghiveci din beton cu design atemporal, creat pentru a se integra u\u0219or \u00een orice tip de amenajare. Forma sa ofer\u0103 stabilitate sporit\u0103, fiind ideal\u0103 pentru plante \u00eenalte sau cu dezvoltare ampl\u0103.<\/p>\n<p data-start=\"433\" data-end=\"587\">Ghiveciul pune accent pe simplitate \u0219i func\u021bionalitate, ceea ce \u00eel face potrivit at\u00e2t pentru spa\u021bii private, c\u00e2t \u0219i pentru proiecte comerciale sau urbane.<\/p>\n<p data-start=\"589\" data-end=\"613\"><strong data-start=\"589\" data-end=\"613\">Avantaje principale:<\/strong><\/p>\n<ul data-start=\"614\" data-end=\"797\">\n<li data-start=\"614\" data-end=\"648\">\n<p data-start=\"616\" data-end=\"648\">design atemporal \u0219i minimalist<\/p>\n<\/li>\n<li data-start=\"649\" data-end=\"694\">\n<p data-start=\"651\" data-end=\"694\">stabilitate ridicat\u0103 pentru plante \u00eenalte<\/p>\n<\/li>\n<li data-start=\"695\" data-end=\"728\">\n<p data-start=\"697\" data-end=\"728\">material durabil \u0219i rezistent<\/p>\n<\/li>\n<li data-start=\"729\" data-end=\"766\">\n<p data-start=\"731\" data-end=\"766\">utilizare la interior \u0219i exterior<\/p>\n<\/li>\n<li data-start=\"767\" data-end=\"797\">\n<p data-start=\"769\" data-end=\"797\">element decorativ versatil<\/p>\n<\/li>\n<\/ul>\n<p data-start=\"799\" data-end=\"1001\">Datorit\u0103 aspectului s\u0103u echilibrat, ghiveciul din beton RAX poate fi folosit ca punct de accent \u00een gr\u0103dini, terase, spa\u021bii HORECA sau interioare moderne, ad\u0103ug\u00e2nd stil \u0219i personalitate oric\u0103rui ambient.<\/p>","protected":false},"excerpt":{"rendered":"<p><span style=\"font-weight: 400;\">Colec\u021bia RAX,\u00a0 este un ghiveci de tip atemporal. Datorit\u0103 formei, ofer\u0103 stabilitate \u0219i face posibil\u0103 cre\u0219terea plantelor \u00eenalte. Acest tip de ghiveci ofer\u0103 prioritate simplit\u0103\u021bii,f\u0103c\u00e2ndu-l potrivit pentru orice cadru. Materialul durabil \u00eel face potrivit at\u00e2t pentru interior, c\u00e2t \u0219i pentru exterior. Versatilitatea sa \u00eel face un element de accent ideal pentru a aduce un plus de stil \u0219i personalitate \u00een orice \u00eemprejurare.<\/span><\/p>","protected":false},"featured_media":4717,"comment_status":"closed","ping_status":"closed","template":"","meta":{"bwfblock_default_font":"","inline_featured_image":false},"product_cat":[33,312],"product_tag":[],"class_list":{"0":"post-4354","1":"product","2":"type-product","3":"status-publish","4":"has-post-thumbnail","6":"product_cat-ghivece","7":"product_cat-moderne","8":"pa_culori-white-stripe","9":"pa_dimensiuni-l-d545mm-h485mm","10":"pa_dimensiuni-m-d400mm-h360mm","11":"pa_dimensiuni-s-d285mm-h260mm","13":"first","14":"instock","15":"purchasable","16":"product-type-variable"},"acf":[],"yoast_head":"<!-- This site is optimized with the Yoast SEO Premium plugin v22.1 (Yoast SEO v22.1) - https:\/\/yoast.com\/wordpress\/plugins\/seo\/ -->\n<title>Rax - Mobilier urban<\/title>\n<meta name=\"description\" content=\"Colec\u021bia RAX \u2013 ghiveci din beton cu form\u0103 stabil\u0103 \u0219i design minimalist, ideal pentru plante \u00eenalte. Recomandat pentru spa\u021bii interioare \u0219i exterioare.\" \/>\n<meta name=\"robots\" content=\"index, follow, max-snippet:-1, max-image-preview:large, max-video-preview:-1\" \/>\n<link rel=\"canonical\" href=\"https:\/\/decorstone.md\/en\/product\/pax-white-stripped\/\" \/>\n<meta property=\"og:locale\" content=\"en_US\" \/>\n<meta property=\"og:type\" content=\"article\" \/>\n<meta property=\"og:title\" content=\"Rax - Mobilier urban\" \/>\n<meta property=\"og:description\" content=\"Colec\u021bia RAX \u2013 ghiveci din beton cu form\u0103 stabil\u0103 \u0219i design minimalist, ideal pentru plante \u00eenalte. Recomandat pentru spa\u021bii interioare \u0219i exterioare.\" \/>\n<meta property=\"og:url\" content=\"https:\/\/decorstone.md\/en\/product\/pax-white-stripped\/\" \/>\n<meta property=\"og:site_name\" content=\"Mobilier urban\" \/>\n<meta property=\"article:publisher\" content=\"https:\/\/www.facebook.com\/DecorStoneMD\/\" \/>\n<meta property=\"article:modified_time\" content=\"2026-01-16T09:30:53+00:00\" \/>\n<meta property=\"og:image\" content=\"https:\/\/decorstone.md\/wp-content\/uploads\/2024\/07\/JPG_6871.jpg\" \/>\n\t<meta property=\"og:image:width\" content=\"1363\" \/>\n\t<meta property=\"og:image:height\" content=\"1704\" \/>\n\t<meta property=\"og:image:type\" content=\"image\/jpeg\" \/>\n<meta name=\"twitter:card\" content=\"summary_large_image\" \/>\n<meta name=\"twitter:label1\" content=\"Est. reading time\" \/>\n\t<meta name=\"twitter:data1\" content=\"1 minute\" \/>\n<script type=\"application\/ld+json\" class=\"yoast-schema-graph\">{\"@context\":\"https:\/\/schema.org\",\"@graph\":[{\"@type\":\"WebPage\",\"@id\":\"https:\/\/decorstone.md\/product\/rax-white-stripped\/\",\"url\":\"https:\/\/decorstone.md\/product\/rax-white-stripped\/\",\"name\":\"Rax - Mobilier urban\",\"isPartOf\":{\"@id\":\"https:\/\/decorstone.md\/#website\"},\"datePublished\":\"2024-07-22T10:16:18+00:00\",\"dateModified\":\"2026-01-16T09:30:53+00:00\",\"description\":\"Colec\u021bia RAX \u2013 ghiveci din beton cu form\u0103 stabil\u0103 \u0219i design minimalist, ideal pentru plante \u00eenalte. Recomandat pentru spa\u021bii interioare \u0219i exterioare.\",\"breadcrumb\":{\"@id\":\"https:\/\/decorstone.md\/product\/rax-white-stripped\/#breadcrumb\"},\"inLanguage\":\"en-US\",\"potentialAction\":[{\"@type\":\"ReadAction\",\"target\":[\"https:\/\/decorstone.md\/product\/rax-white-stripped\/\"]}]},{\"@type\":\"BreadcrumbList\",\"@id\":\"https:\/\/decorstone.md\/product\/rax-white-stripped\/#breadcrumb\",\"itemListElement\":[{\"@type\":\"ListItem\",\"position\":1,\"name\":\"Produse\",\"item\":\"https:\/\/decorstone.md\/produse\/\"},{\"@type\":\"ListItem\",\"position\":2,\"name\":\"Rax\"}]},{\"@type\":\"WebSite\",\"@id\":\"https:\/\/decorstone.md\/#website\",\"url\":\"https:\/\/decorstone.md\/\",\"name\":\"DecorStone - Mobilier Urban \u0219i Pavaje\",\"description\":\"Decorstone\",\"publisher\":{\"@id\":\"https:\/\/decorstone.md\/#organization\"},\"potentialAction\":[{\"@type\":\"SearchAction\",\"target\":{\"@type\":\"EntryPoint\",\"urlTemplate\":\"https:\/\/decorstone.md\/?s={search_term_string}\"},\"query-input\":\"required name=search_term_string\"}],\"inLanguage\":\"en-US\"},{\"@type\":\"Organization\",\"@id\":\"https:\/\/decorstone.md\/#organization\",\"name\":\"DecorStone\",\"url\":\"https:\/\/decorstone.md\/\",\"logo\":{\"@type\":\"ImageObject\",\"inLanguage\":\"en-US\",\"@id\":\"https:\/\/decorstone.md\/#\/schema\/logo\/image\/\",\"url\":\"https:\/\/decorstone.md\/wp-content\/uploads\/2025\/01\/Design-fara-titlu.png\",\"contentUrl\":\"https:\/\/decorstone.md\/wp-content\/uploads\/2025\/01\/Design-fara-titlu.png\",\"width\":2295,\"height\":2295,\"caption\":\"DecorStone\"},\"image\":{\"@id\":\"https:\/\/decorstone.md\/#\/schema\/logo\/image\/\"},\"sameAs\":[\"https:\/\/www.facebook.com\/DecorStoneMD\/\",\"https:\/\/www.instagram.com\/decorstonemd\/\"]}]}<\/script>\n<!-- \/ Yoast SEO Premium plugin. -->","yoast_head_json":{"title":"Rax - Mobilier urban","description":"Colec\u021bia RAX \u2013 ghiveci din beton cu form\u0103 stabil\u0103 \u0219i design minimalist, ideal pentru plante \u00eenalte. Recomandat pentru spa\u021bii interioare \u0219i exterioare.","robots":{"index":"index","follow":"follow","max-snippet":"max-snippet:-1","max-image-preview":"max-image-preview:large","max-video-preview":"max-video-preview:-1"},"canonical":"https:\/\/decorstone.md\/en\/product\/pax-white-stripped\/","og_locale":"en_US","og_type":"article","og_title":"Rax - Mobilier urban","og_description":"Colec\u021bia RAX \u2013 ghiveci din beton cu form\u0103 stabil\u0103 \u0219i design minimalist, ideal pentru plante \u00eenalte. Recomandat pentru spa\u021bii interioare \u0219i exterioare.","og_url":"https:\/\/decorstone.md\/en\/product\/pax-white-stripped\/","og_site_name":"Mobilier urban","article_publisher":"https:\/\/www.facebook.com\/DecorStoneMD\/","article_modified_time":"2026-01-16T09:30:53+00:00","og_image":[{"width":1363,"height":1704,"url":"https:\/\/decorstone.md\/wp-content\/uploads\/2024\/07\/JPG_6871.jpg","type":"image\/jpeg"}],"twitter_card":"summary_large_image","twitter_misc":{"Est. reading time":"1 minute"},"schema":{"@context":"https:\/\/schema.org","@graph":[{"@type":"WebPage","@id":"https:\/\/decorstone.md\/product\/rax-white-stripped\/","url":"https:\/\/decorstone.md\/product\/rax-white-stripped\/","name":"Rax - Mobilier urban","isPartOf":{"@id":"https:\/\/decorstone.md\/#website"},"datePublished":"2024-07-22T10:16:18+00:00","dateModified":"2026-01-16T09:30:53+00:00","description":"Colec\u021bia RAX \u2013 ghiveci din beton cu form\u0103 stabil\u0103 \u0219i design minimalist, ideal pentru plante \u00eenalte. Recomandat pentru spa\u021bii interioare \u0219i exterioare.","breadcrumb":{"@id":"https:\/\/decorstone.md\/product\/rax-white-stripped\/#breadcrumb"},"inLanguage":"en-US","potentialAction":[{"@type":"ReadAction","target":["https:\/\/decorstone.md\/product\/rax-white-stripped\/"]}]},{"@type":"BreadcrumbList","@id":"https:\/\/decorstone.md\/product\/rax-white-stripped\/#breadcrumb","itemListElement":[{"@type":"ListItem","position":1,"name":"Produse","item":"https:\/\/decorstone.md\/produse\/"},{"@type":"ListItem","position":2,"name":"Rax"}]},{"@type":"WebSite","@id":"https:\/\/decorstone.md\/#website","url":"https:\/\/decorstone.md\/","name":"DecorStone - Mobilier Urban \u0219i Pavaje","description":"Decorstone","publisher":{"@id":"https:\/\/decorstone.md\/#organization"},"potentialAction":[{"@type":"SearchAction","target":{"@type":"EntryPoint","urlTemplate":"https:\/\/decorstone.md\/?s={search_term_string}"},"query-input":"required name=search_term_string"}],"inLanguage":"en-US"},{"@type":"Organization","@id":"https:\/\/decorstone.md\/#organization","name":"DecorStone","url":"https:\/\/decorstone.md\/","logo":{"@type":"ImageObject","inLanguage":"en-US","@id":"https:\/\/decorstone.md\/#\/schema\/logo\/image\/","url":"https:\/\/decorstone.md\/wp-content\/uploads\/2025\/01\/Design-fara-titlu.png","contentUrl":"https:\/\/decorstone.md\/wp-content\/uploads\/2025\/01\/Design-fara-titlu.png","width":2295,"height":2295,"caption":"DecorStone"},"image":{"@id":"https:\/\/decorstone.md\/#\/schema\/logo\/image\/"},"sameAs":["https:\/\/www.facebook.com\/DecorStoneMD\/","https:\/\/www.instagram.com\/decorstonemd\/"]}]}},"_links":{"self":[{"href":"https:\/\/decorstone.md\/en\/wp-json\/wp\/v2\/product\/4354"}],"collection":[{"href":"https:\/\/decorstone.md\/en\/wp-json\/wp\/v2\/product"}],"about":[{"href":"https:\/\/decorstone.md\/en\/wp-json\/wp\/v2\/types\/product"}],"replies":[{"embeddable":true,"href":"https:\/\/decorstone.md\/en\/wp-json\/wp\/v2\/comments?post=4354"}],"wp:featuredmedia":[{"embeddable":true,"href":"https:\/\/decorstone.md\/en\/wp-json\/wp\/v2\/media\/4717"}],"wp:attachment":[{"href":"https:\/\/decorstone.md\/en\/wp-json\/wp\/v2\/media?parent=4354"}],"wp:term":[{"taxonomy":"product_cat","embeddable":true,"href":"https:\/\/decorstone.md\/en\/wp-json\/wp\/v2\/product_cat?post=4354"},{"taxonomy":"product_tag","embeddable":true,"href":"https:\/\/decorstone.md\/en\/wp-json\/wp\/v2\/product_tag?post=4354"}],"curies":[{"name":"wp","href":"https:\/\/api.w.org\/{rel}","templated":true}]}}