{"id":2672,"date":"2022-05-02T18:38:49","date_gmt":"2022-05-02T18:38:49","guid":{"rendered":"https:\/\/decorstone.md\/product\/manuc-bei\/"},"modified":"2025-09-25T08:35:46","modified_gmt":"2025-09-25T05:35:46","slug":"manuc-bei","status":"publish","type":"product","link":"https:\/\/decorstone.md\/ru\/product\/\u0442\u044b-\u043f\u044c\u0435\u0448\u044c\/","title":{"rendered":"\u041c\u0430\u043d\u0443\u043a \u0411\u0435\u0439"},"content":{"rendered":"","protected":false},"excerpt":{"rendered":"<p><strong>\u0412\u0435\u0441 1 \u043c<sup>2<\/sup>= 33 \u043a\u0433<\/strong><br \/>\n<strong>\u041e\u0434\u043d\u0430 \u043a\u043e\u0440\u043e\u0431\u043a\u0430 = 0,7 \u043c.<sup>2<br \/>\n<\/sup>\u041d\u0435\u0442. \u043a\u0430\u043c\u043d\u0435\u0439 \u0432 \u043c<sup>2 <\/sup>= 64<\/strong><\/p>\n<p style=\"text-align: justify;\">\u0414\u0435\u043a\u043e\u0440\u0430\u0442\u0438\u0432\u043d\u044b\u0439 \u043a\u0438\u0440\u043f\u0438\u0447 \u00ab\u041c\u0430\u043d\u0443\u043a \u0411\u0435\u0439\u00bb \u0432\u0434\u043e\u0445\u043d\u043e\u0432\u043b\u0435\u043d \u043e\u0440\u0438\u0433\u0438\u043d\u0430\u043b\u044c\u043d\u044b\u043c\u0438 \u0444\u043e\u0440\u043c\u0430\u043c\u0438, \u043a\u043e\u0442\u043e\u0440\u044b\u0435 \u0438\u0441\u043f\u043e\u043b\u044c\u0437\u043e\u0432\u0430\u043b\u0438\u0441\u044c \u043f\u0440\u0438 \u0441\u0442\u0440\u043e\u0438\u0442\u0435\u043b\u044c\u0441\u0442\u0432\u0435 \u043e\u0434\u043d\u043e\u0438\u043c\u0435\u043d\u043d\u043e\u0433\u043e \u043e\u0441\u043e\u0431\u043d\u044f\u043a\u0430 \u0432 \u0425\u044b\u043d\u0447\u0435\u0448\u0442\u044c, \u0420\u0435\u0441\u043f\u0443\u0431\u043b\u0438\u043a\u0430 \u041c\u043e\u043b\u0434\u043e\u0432\u0430. \u042d\u0442\u043e \u043a\u0438\u0440\u043f\u0438\u0447\u043d\u044b\u0439 \u0443\u0437\u043e\u0440 \u0441 \u0441\u0438\u043b\u044c\u043d\u044b\u043c \u0445\u0430\u0440\u0430\u043a\u0442\u0435\u0440\u043e\u043c, \u043a\u043e\u0442\u043e\u0440\u044b\u0439 \u043e\u0436\u0438\u0432\u043b\u044f\u0435\u0442 \u0438\u0441\u0442\u043e\u0440\u0438\u044e \u0432 \u043b\u044e\u0431\u043e\u043c \u043f\u0440\u043e\u0441\u0442\u0440\u0430\u043d\u0441\u0442\u0432\u0435, \u0432 \u043a\u043e\u0442\u043e\u0440\u043e\u043c \u043e\u043d \u0440\u0430\u0441\u043f\u043e\u043b\u043e\u0436\u0435\u043d.<\/p>","protected":false},"featured_media":135,"comment_status":"closed","ping_status":"closed","template":"","meta":{"bwfblock_default_font":"","inline_featured_image":false},"product_cat":[22,317],"product_tag":[],"class_list":{"0":"post-2672","1":"product","2":"type-product","3":"status-publish","4":"has-post-thumbnail","6":"product_cat-caramida-decorativa","7":"product_cat-caramida-si-piatra-decorativa","9":"first","10":"instock","11":"sale","12":"purchasable","13":"product-type-simple"},"acf":[],"yoast_head":"<!-- This site is optimized with the Yoast SEO Premium plugin v22.1 (Yoast SEO v22.1) - https:\/\/yoast.com\/wordpress\/plugins\/seo\/ -->\n<title>C\u0103r\u0103mida decorativ\u0103 Manuc Bei \u2013 Design istoric \u0219i puternic, inspirat din H\u00e2nce\u0219ti<\/title>\n<meta name=\"description\" content=\"Descoper\u0103 c\u0103r\u0103mida decorativ\u0103 Manuc Bei, inspirat\u0103 din modelele istorice ale construc\u021biilor din H\u00e2nce\u0219ti, perfect\u0103 pentru orice proiect de amenajare.\" \/>\n<meta name=\"robots\" content=\"index, follow, max-snippet:-1, max-image-preview:large, max-video-preview:-1\" \/>\n<link rel=\"canonical\" href=\"https:\/\/decorstone.md\/ru\/product\/\u0442\u044b-\u043f\u044c\u0435\u0448\u044c\/\" \/>\n<meta property=\"og:locale\" content=\"ru_RU\" \/>\n<meta property=\"og:type\" content=\"article\" \/>\n<meta property=\"og:title\" content=\"C\u0103r\u0103mida decorativ\u0103 Manuc Bei \u2013 Design istoric \u0219i puternic, inspirat din H\u00e2nce\u0219ti\" \/>\n<meta property=\"og:description\" content=\"Descoper\u0103 c\u0103r\u0103mida decorativ\u0103 Manuc Bei, inspirat\u0103 din modelele istorice ale construc\u021biilor din H\u00e2nce\u0219ti, perfect\u0103 pentru orice proiect de amenajare.\" \/>\n<meta property=\"og:url\" content=\"https:\/\/decorstone.md\/ru\/product\/\u0442\u044b-\u043f\u044c\u0435\u0448\u044c\/\" \/>\n<meta property=\"og:site_name\" content=\"Mobilier urban\" \/>\n<meta property=\"article:publisher\" content=\"https:\/\/www.facebook.com\/DecorStoneMD\/\" \/>\n<meta property=\"article:modified_time\" content=\"2025-09-25T05:35:46+00:00\" \/>\n<meta property=\"og:image\" content=\"https:\/\/decorstone.md\/wp-content\/uploads\/2024\/06\/Manuc-bei-1.jpg\" \/>\n\t<meta property=\"og:image:width\" content=\"800\" \/>\n\t<meta property=\"og:image:height\" content=\"800\" \/>\n\t<meta property=\"og:image:type\" content=\"image\/jpeg\" \/>\n<meta name=\"twitter:card\" content=\"summary_large_image\" \/>\n<meta name=\"twitter:label1\" content=\"\u041f\u0440\u0438\u043c\u0435\u0440\u043d\u043e\u0435 \u0432\u0440\u0435\u043c\u044f \u0434\u043b\u044f \u0447\u0442\u0435\u043d\u0438\u044f\" \/>\n\t<meta name=\"twitter:data1\" content=\"1 \u043c\u0438\u043d\u0443\u0442\u0430\" \/>\n<script type=\"application\/ld+json\" class=\"yoast-schema-graph\">{\"@context\":\"https:\/\/schema.org\",\"@graph\":[{\"@type\":\"WebPage\",\"@id\":\"https:\/\/decorstone.md\/product\/manuc-bei\/\",\"url\":\"https:\/\/decorstone.md\/product\/manuc-bei\/\",\"name\":\"C\u0103r\u0103mida decorativ\u0103 Manuc Bei \u2013 Design istoric \u0219i puternic, inspirat din H\u00e2nce\u0219ti\",\"isPartOf\":{\"@id\":\"https:\/\/decorstone.md\/#website\"},\"datePublished\":\"2022-05-02T18:38:49+00:00\",\"dateModified\":\"2025-09-25T05:35:46+00:00\",\"description\":\"Descoper\u0103 c\u0103r\u0103mida decorativ\u0103 Manuc Bei, inspirat\u0103 din modelele istorice ale construc\u021biilor din H\u00e2nce\u0219ti, perfect\u0103 pentru orice proiect de amenajare.\",\"breadcrumb\":{\"@id\":\"https:\/\/decorstone.md\/product\/manuc-bei\/#breadcrumb\"},\"inLanguage\":\"ru-RU\",\"potentialAction\":[{\"@type\":\"ReadAction\",\"target\":[\"https:\/\/decorstone.md\/product\/manuc-bei\/\"]}]},{\"@type\":\"BreadcrumbList\",\"@id\":\"https:\/\/decorstone.md\/product\/manuc-bei\/#breadcrumb\",\"itemListElement\":[{\"@type\":\"ListItem\",\"position\":1,\"name\":\"Produse\",\"item\":\"https:\/\/decorstone.md\/produse\/\"},{\"@type\":\"ListItem\",\"position\":2,\"name\":\"Manuc Bei\"}]},{\"@type\":\"WebSite\",\"@id\":\"https:\/\/decorstone.md\/#website\",\"url\":\"https:\/\/decorstone.md\/\",\"name\":\"DecorStone - Mobilier Urban \u0219i Pavaje\",\"description\":\"Decorstone\",\"publisher\":{\"@id\":\"https:\/\/decorstone.md\/#organization\"},\"potentialAction\":[{\"@type\":\"SearchAction\",\"target\":{\"@type\":\"EntryPoint\",\"urlTemplate\":\"https:\/\/decorstone.md\/?s={search_term_string}\"},\"query-input\":\"required name=search_term_string\"}],\"inLanguage\":\"ru-RU\"},{\"@type\":\"Organization\",\"@id\":\"https:\/\/decorstone.md\/#organization\",\"name\":\"DecorStone\",\"url\":\"https:\/\/decorstone.md\/\",\"logo\":{\"@type\":\"ImageObject\",\"inLanguage\":\"ru-RU\",\"@id\":\"https:\/\/decorstone.md\/#\/schema\/logo\/image\/\",\"url\":\"https:\/\/decorstone.md\/wp-content\/uploads\/2025\/01\/Design-fara-titlu.png\",\"contentUrl\":\"https:\/\/decorstone.md\/wp-content\/uploads\/2025\/01\/Design-fara-titlu.png\",\"width\":2295,\"height\":2295,\"caption\":\"DecorStone\"},\"image\":{\"@id\":\"https:\/\/decorstone.md\/#\/schema\/logo\/image\/\"},\"sameAs\":[\"https:\/\/www.facebook.com\/DecorStoneMD\/\",\"https:\/\/www.instagram.com\/decorstonemd\/\"]}]}<\/script>\n<!-- \/ Yoast SEO Premium plugin. -->","yoast_head_json":{"title":"C\u0103r\u0103mida decorativ\u0103 Manuc Bei \u2013 Design istoric \u0219i puternic, inspirat din H\u00e2nce\u0219ti","description":"Descoper\u0103 c\u0103r\u0103mida decorativ\u0103 Manuc Bei, inspirat\u0103 din modelele istorice ale construc\u021biilor din H\u00e2nce\u0219ti, perfect\u0103 pentru orice proiect de amenajare.","robots":{"index":"index","follow":"follow","max-snippet":"max-snippet:-1","max-image-preview":"max-image-preview:large","max-video-preview":"max-video-preview:-1"},"canonical":"https:\/\/decorstone.md\/ru\/product\/\u0442\u044b-\u043f\u044c\u0435\u0448\u044c\/","og_locale":"ru_RU","og_type":"article","og_title":"C\u0103r\u0103mida decorativ\u0103 Manuc Bei \u2013 Design istoric \u0219i puternic, inspirat din H\u00e2nce\u0219ti","og_description":"Descoper\u0103 c\u0103r\u0103mida decorativ\u0103 Manuc Bei, inspirat\u0103 din modelele istorice ale construc\u021biilor din H\u00e2nce\u0219ti, perfect\u0103 pentru orice proiect de amenajare.","og_url":"https:\/\/decorstone.md\/ru\/product\/\u0442\u044b-\u043f\u044c\u0435\u0448\u044c\/","og_site_name":"Mobilier urban","article_publisher":"https:\/\/www.facebook.com\/DecorStoneMD\/","article_modified_time":"2025-09-25T05:35:46+00:00","og_image":[{"width":800,"height":800,"url":"https:\/\/decorstone.md\/wp-content\/uploads\/2024\/06\/Manuc-bei-1.jpg","type":"image\/jpeg"}],"twitter_card":"summary_large_image","twitter_misc":{"\u041f\u0440\u0438\u043c\u0435\u0440\u043d\u043e\u0435 \u0432\u0440\u0435\u043c\u044f \u0434\u043b\u044f \u0447\u0442\u0435\u043d\u0438\u044f":"1 \u043c\u0438\u043d\u0443\u0442\u0430"},"schema":{"@context":"https:\/\/schema.org","@graph":[{"@type":"WebPage","@id":"https:\/\/decorstone.md\/product\/manuc-bei\/","url":"https:\/\/decorstone.md\/product\/manuc-bei\/","name":"C\u0103r\u0103mida decorativ\u0103 Manuc Bei \u2013 Design istoric \u0219i puternic, inspirat din H\u00e2nce\u0219ti","isPartOf":{"@id":"https:\/\/decorstone.md\/#website"},"datePublished":"2022-05-02T18:38:49+00:00","dateModified":"2025-09-25T05:35:46+00:00","description":"Descoper\u0103 c\u0103r\u0103mida decorativ\u0103 Manuc Bei, inspirat\u0103 din modelele istorice ale construc\u021biilor din H\u00e2nce\u0219ti, perfect\u0103 pentru orice proiect de amenajare.","breadcrumb":{"@id":"https:\/\/decorstone.md\/product\/manuc-bei\/#breadcrumb"},"inLanguage":"ru-RU","potentialAction":[{"@type":"ReadAction","target":["https:\/\/decorstone.md\/product\/manuc-bei\/"]}]},{"@type":"BreadcrumbList","@id":"https:\/\/decorstone.md\/product\/manuc-bei\/#breadcrumb","itemListElement":[{"@type":"ListItem","position":1,"name":"Produse","item":"https:\/\/decorstone.md\/produse\/"},{"@type":"ListItem","position":2,"name":"Manuc Bei"}]},{"@type":"WebSite","@id":"https:\/\/decorstone.md\/#website","url":"https:\/\/decorstone.md\/","name":"DecorStone - Mobilier Urban \u0219i Pavaje","description":"Decorstone","publisher":{"@id":"https:\/\/decorstone.md\/#organization"},"potentialAction":[{"@type":"SearchAction","target":{"@type":"EntryPoint","urlTemplate":"https:\/\/decorstone.md\/?s={search_term_string}"},"query-input":"required name=search_term_string"}],"inLanguage":"ru-RU"},{"@type":"Organization","@id":"https:\/\/decorstone.md\/#organization","name":"DecorStone","url":"https:\/\/decorstone.md\/","logo":{"@type":"ImageObject","inLanguage":"ru-RU","@id":"https:\/\/decorstone.md\/#\/schema\/logo\/image\/","url":"https:\/\/decorstone.md\/wp-content\/uploads\/2025\/01\/Design-fara-titlu.png","contentUrl":"https:\/\/decorstone.md\/wp-content\/uploads\/2025\/01\/Design-fara-titlu.png","width":2295,"height":2295,"caption":"DecorStone"},"image":{"@id":"https:\/\/decorstone.md\/#\/schema\/logo\/image\/"},"sameAs":["https:\/\/www.facebook.com\/DecorStoneMD\/","https:\/\/www.instagram.com\/decorstonemd\/"]}]}},"_links":{"self":[{"href":"https:\/\/decorstone.md\/ru\/wp-json\/wp\/v2\/product\/2672"}],"collection":[{"href":"https:\/\/decorstone.md\/ru\/wp-json\/wp\/v2\/product"}],"about":[{"href":"https:\/\/decorstone.md\/ru\/wp-json\/wp\/v2\/types\/product"}],"replies":[{"embeddable":true,"href":"https:\/\/decorstone.md\/ru\/wp-json\/wp\/v2\/comments?post=2672"}],"wp:featuredmedia":[{"embeddable":true,"href":"https:\/\/decorstone.md\/ru\/wp-json\/wp\/v2\/media\/135"}],"wp:attachment":[{"href":"https:\/\/decorstone.md\/ru\/wp-json\/wp\/v2\/media?parent=2672"}],"wp:term":[{"taxonomy":"product_cat","embeddable":true,"href":"https:\/\/decorstone.md\/ru\/wp-json\/wp\/v2\/product_cat?post=2672"},{"taxonomy":"product_tag","embeddable":true,"href":"https:\/\/decorstone.md\/ru\/wp-json\/wp\/v2\/product_tag?post=2672"}],"curies":[{"name":"wp","href":"https:\/\/api.w.org\/{rel}","templated":true}]}}