{"id":2680,"date":"2022-05-02T18:38:51","date_gmt":"2022-05-02T18:38:51","guid":{"rendered":"https:\/\/decorstone.md\/product\/noul-neamt-cd-0201\/"},"modified":"2025-09-25T08:51:13","modified_gmt":"2025-09-25T05:51:13","slug":"noul-neamt-cd-0201","status":"publish","type":"product","link":"https:\/\/decorstone.md\/ru\/product\/noul-neamt-cd-0201\/","title":{"rendered":"\u041d\u041e\u0412\u042b\u0419 NEAMT CD-0201"},"content":{"rendered":"","protected":false},"excerpt":{"rendered":"<p><strong>\u0412\u0435\u0441 1 \u043c<sup>2<\/sup>= 21 \u043a\u0433<br \/>\n<\/strong><strong>\u041e\u0434\u043d\u0430 \u043a\u043e\u0440\u043e\u0431\u043a\u0430 = 1 \u043c<sup>2<br \/>\n<\/sup><\/strong><strong>\u041d\u0435\u0442. \u043a\u0430\u043c\u043d\u0435\u0439 \u0432 \u043c<sup>2 <\/sup>= 45 (\u0431\u043e\u043b\u044c\u0448\u043e\u0439), 40 (\u043c\u0430\u043b\u0435\u043d\u044c\u043a\u0438\u0439)<\/strong><\/p>\n<p style=\"text-align: justify;\">\u042d\u0442\u0430 \u0434\u0435\u043a\u043e\u0440\u0430\u0442\u0438\u0432\u043d\u0430\u044f \u043c\u043e\u0434\u0435\u043b\u044c \u0438\u0437 \u043a\u0438\u0440\u043f\u0438\u0447\u0430, \u043d\u0430\u0437\u0432\u0430\u043d\u043d\u0430\u044f \u0432 \u0447\u0435\u0441\u0442\u044c \u043c\u043e\u043d\u0430\u0441\u0442\u044b\u0440\u044f \u041d\u043e\u0443\u043b \u041d\u044f\u043c\u0446, \u043e\u0442\u043b\u0438\u0447\u0430\u0435\u0442\u0441\u044f \u0440\u0430\u0437\u043d\u043e\u043e\u0431\u0440\u0430\u0437\u043d\u044b\u043c \u0432\u043d\u0435\u0448\u043d\u0438\u043c \u0432\u0438\u0434\u043e\u043c \u0438 \u0438\u0433\u0440\u043e\u0439 \u043e\u0442\u0442\u0435\u043d\u043a\u043e\u0432. \u041a\u0430\u0436\u0434\u044b\u0439 \u043a\u0438\u0440\u043f\u0438\u0447 \u0438\u043c\u0435\u0435\u0442 \u0440\u0430\u0437\u043d\u0443\u044e \u0433\u0440\u0430\u043d\u044c \u043d\u0435 \u0442\u043e\u043b\u044c\u043a\u043e \u043f\u043e \u0446\u0432\u0435\u0442\u0443, \u043d\u043e \u0438 \u043f\u043e \u0444\u043e\u0440\u043c\u0435 \u0438\u043b\u0438 \u0444\u0430\u043a\u0442\u0443\u0440\u0435, \u0441\u043e\u043e\u0442\u0432\u0435\u0442\u0441\u0442\u0432\u0443\u044e\u0449\u0430\u044f \u043c\u043e\u0434\u0435\u043b\u044c \u0434\u0435\u043a\u043e\u0440\u0430\u0442\u0438\u0432\u043d\u043e\u0433\u043e \u043a\u0438\u0440\u043f\u0438\u0447\u0430 \u0441\u043e\u0437\u0434\u0430\u0435\u0442\u0441\u044f \u043d\u0430 \u043e\u0441\u043d\u043e\u0432\u0435 \u043f\u0440\u043e\u0442\u043e\u0442\u0438\u043f\u0430 \u043c\u043e\u043d\u0430\u0441\u0442\u044b\u0440\u044f \u041d\u043e\u0443\u043b \u041d\u044f\u043c\u0446 (\u043e\u0434\u0438\u043d \u0438\u0437 \u043a\u0438\u0440\u043f\u0438\u0447\u0435\u0439, \u0438\u0437\u0433\u043e\u0442\u043e\u0432\u043b\u0435\u043d\u043d\u044b\u0445 \u0432\u0440\u0443\u0447\u043d\u0443\u044e \u0438 \u043e\u0431\u043e\u0436\u0436\u0435\u043d\u043d\u044b\u0445 \u043c\u043e\u043d\u0430\u0445\u0430\u043c\u0438 \u0432 \u0440\u0430\u0437\u043d\u044b\u0445 \u043f\u0435\u0447\u0430\u0445). ). \u041f\u0435\u0440\u0432\u044b\u0435 \u0434\u0435\u043a\u043e\u0440\u0430\u0442\u0438\u0432\u043d\u044b\u0435 \u043a\u0438\u0440\u043f\u0438\u0447\u0438 \u00ab\u041d\u043e\u0443\u043b \u041d\u044f\u043c\u0446\u00bb \u043f\u0440\u0435\u0434\u043d\u0430\u0437\u043d\u0430\u0447\u0430\u043b\u0438\u0441\u044c \u0434\u043b\u044f \u0443\u043a\u0440\u0430\u0448\u0435\u043d\u0438\u044f \u0441\u0442\u0435\u043d \u043c\u043e\u043d\u0430\u0441\u0442\u044b\u0440\u044f, \u0430 \u043e\u0440\u0438\u0433\u0438\u043d\u0430\u043b\u044c\u043d\u043e\u0441\u0442\u044c \u0438 \u043d\u0430\u0442\u0443\u0440\u0430\u043b\u044c\u043d\u043e\u0441\u0442\u044c \u043c\u043e\u0434\u0435\u043b\u0438 \u0441\u043f\u043e\u0441\u043e\u0431\u0441\u0442\u0432\u043e\u0432\u0430\u043b\u0438 \u0442\u043e\u043c\u0443, \u0447\u0442\u043e \u044d\u0442\u043e\u0442 \u043a\u0438\u0440\u043f\u0438\u0447 \u0441\u0442\u0430\u043b \u043e\u0434\u043d\u0438\u043c \u0438\u0437 \u043f\u0440\u0435\u0434\u043f\u043e\u0447\u0442\u0435\u043d\u0438\u0439 \u043a\u043b\u0438\u0435\u043d\u0442\u043e\u0432 LuxConstruct. \u0422\u0430\u043a\u0438\u043c \u043e\u0431\u0440\u0430\u0437\u043e\u043c, \u0435\u0441\u0442\u0435\u0441\u0442\u0432\u0435\u043d\u043d\u043e, \u0434\u0435\u043a\u043e\u0440\u0430\u0442\u0438\u0432\u043d\u044b\u0439 \u043a\u0438\u0440\u043f\u0438\u0447 \u00ab\u041d\u043e\u0443\u043b \u041d\u044f\u043c\u0446\u00bb \u0441\u0442\u0430\u043b \u043f\u0440\u0435\u0434\u043c\u0435\u0442\u043e\u043c \u0441\u043e\u043f\u0440\u043e\u0442\u0438\u0432\u043b\u0435\u043d\u0438\u044f \u0432\u043e \u043c\u043d\u043e\u0433\u0438\u0445 \u043e\u0431\u0449\u0435\u0441\u0442\u0432\u0435\u043d\u043d\u044b\u0445 \u0438 \u0447\u0430\u0441\u0442\u043d\u044b\u0445 \u0438\u043d\u0442\u0435\u0440\u044c\u0435\u0440\u0430\u0445, \u043a\u0430\u043a \u043d\u0430 \u0432\u043d\u0443\u0442\u0440\u0435\u043d\u043d\u0438\u0445, \u0442\u0430\u043a \u0438 \u043d\u0430 \u043d\u0430\u0440\u0443\u0436\u043d\u044b\u0445 \u0441\u0442\u0435\u043d\u0430\u0445.<\/p>","protected":false},"featured_media":151,"comment_status":"closed","ping_status":"closed","template":"","meta":{"bwfblock_default_font":"","inline_featured_image":false},"product_cat":[22],"product_tag":[],"class_list":{"0":"post-2680","1":"product","2":"type-product","3":"status-publish","4":"has-post-thumbnail","6":"product_cat-caramida-decorativa","8":"first","9":"instock","10":"purchasable","11":"product-type-simple"},"acf":[],"yoast_head":"<!-- This site is optimized with the Yoast SEO Premium plugin v22.1 (Yoast SEO v22.1) - https:\/\/yoast.com\/wordpress\/plugins\/seo\/ -->\n<title>NOUL NEAMT CD-0201 - Mobilier urban<\/title>\n<meta name=\"robots\" content=\"index, follow, max-snippet:-1, max-image-preview:large, max-video-preview:-1\" \/>\n<link rel=\"canonical\" href=\"https:\/\/decorstone.md\/ru\/product\/noul-neamt-cd-0201\/\" \/>\n<meta property=\"og:locale\" content=\"ru_RU\" \/>\n<meta property=\"og:type\" content=\"article\" \/>\n<meta property=\"og:title\" content=\"NOUL NEAMT CD-0201 - Mobilier urban\" \/>\n<meta property=\"og:description\" content=\"Greutate 1 m2= 21 kg O cutie = 1 m2 Nr. de pietre \u00eentr-un m2 = 45 (mari), 40 (mici) Numit \u00een cinstea M\u0103n\u0103stirii Noul Neam\u021b, acest model de c\u0103r\u0103mid\u0103 decorativ\u0103 se distinge prin aspect divers \u0219i joc de nuan\u021be. Fiecare c\u0103r\u0103mid\u0103 are o fa\u021b\u0103 diferit\u0103 nu doar prin culoare, dar \u0219i prin form\u0103 sau textur\u0103, respectivul model de c\u0103r\u0103mid\u0103 decorativ\u0103 fiind creat \u00een baza prototipului de la M\u0103n\u0103stirea Noul Neam\u021b (una dintre c\u0103r\u0103mizile realizate manual \u0219i arse \u00een cuptoare diferite de c\u0103tre monahi). Primele c\u0103r\u0103mizi decorative \u201eNoul Neam\u021b\u201d au avut ca destina\u021bie decorarea pere\u021biloer m\u0103n\u0103stirii, iar originalitatea \u0219i naturale\u021bea modelului au propulsat aceast\u0103 c\u0103r\u0103mid\u0103 printre preferin\u021bele clien\u021bilor LuxConstruct. Astfel, \u00een mod firesc, c\u0103r\u0103mida decorativ\u0103 \u201eNoul Neam\u021b\u201d a devenit piesa de rezisten\u021b\u0103 \u00een multe interioare publice \u0219i private, at\u00e2t pe pere\u021bi interiori, c\u00e2t \u0219i exteriori.\" \/>\n<meta property=\"og:url\" content=\"https:\/\/decorstone.md\/ru\/product\/noul-neamt-cd-0201\/\" \/>\n<meta property=\"og:site_name\" content=\"Mobilier urban\" \/>\n<meta property=\"article:publisher\" content=\"https:\/\/www.facebook.com\/DecorStoneMD\/\" \/>\n<meta property=\"article:modified_time\" content=\"2025-09-25T05:51:13+00:00\" \/>\n<meta property=\"og:image\" content=\"https:\/\/decorstone.md\/wp-content\/uploads\/2024\/06\/NOUL-NEAMT-CD-0201-NEW.jpg\" \/>\n\t<meta property=\"og:image:width\" content=\"800\" \/>\n\t<meta property=\"og:image:height\" content=\"800\" \/>\n\t<meta property=\"og:image:type\" content=\"image\/jpeg\" \/>\n<meta name=\"twitter:card\" content=\"summary_large_image\" \/>\n<meta name=\"twitter:label1\" content=\"\u041f\u0440\u0438\u043c\u0435\u0440\u043d\u043e\u0435 \u0432\u0440\u0435\u043c\u044f \u0434\u043b\u044f \u0447\u0442\u0435\u043d\u0438\u044f\" \/>\n\t<meta name=\"twitter:data1\" content=\"1 \u043c\u0438\u043d\u0443\u0442\u0430\" \/>\n<script type=\"application\/ld+json\" class=\"yoast-schema-graph\">{\"@context\":\"https:\/\/schema.org\",\"@graph\":[{\"@type\":\"WebPage\",\"@id\":\"https:\/\/decorstone.md\/product\/noul-neamt-cd-0201\/\",\"url\":\"https:\/\/decorstone.md\/product\/noul-neamt-cd-0201\/\",\"name\":\"NOUL NEAMT CD-0201 - Mobilier urban\",\"isPartOf\":{\"@id\":\"https:\/\/decorstone.md\/#website\"},\"datePublished\":\"2022-05-02T18:38:51+00:00\",\"dateModified\":\"2025-09-25T05:51:13+00:00\",\"breadcrumb\":{\"@id\":\"https:\/\/decorstone.md\/product\/noul-neamt-cd-0201\/#breadcrumb\"},\"inLanguage\":\"ru-RU\",\"potentialAction\":[{\"@type\":\"ReadAction\",\"target\":[\"https:\/\/decorstone.md\/product\/noul-neamt-cd-0201\/\"]}]},{\"@type\":\"BreadcrumbList\",\"@id\":\"https:\/\/decorstone.md\/product\/noul-neamt-cd-0201\/#breadcrumb\",\"itemListElement\":[{\"@type\":\"ListItem\",\"position\":1,\"name\":\"Produse\",\"item\":\"https:\/\/decorstone.md\/produse\/\"},{\"@type\":\"ListItem\",\"position\":2,\"name\":\"NOUL NEAMT CD-0201\"}]},{\"@type\":\"WebSite\",\"@id\":\"https:\/\/decorstone.md\/#website\",\"url\":\"https:\/\/decorstone.md\/\",\"name\":\"DecorStone - Mobilier Urban \u0219i Pavaje\",\"description\":\"Decorstone\",\"publisher\":{\"@id\":\"https:\/\/decorstone.md\/#organization\"},\"potentialAction\":[{\"@type\":\"SearchAction\",\"target\":{\"@type\":\"EntryPoint\",\"urlTemplate\":\"https:\/\/decorstone.md\/?s={search_term_string}\"},\"query-input\":\"required name=search_term_string\"}],\"inLanguage\":\"ru-RU\"},{\"@type\":\"Organization\",\"@id\":\"https:\/\/decorstone.md\/#organization\",\"name\":\"DecorStone\",\"url\":\"https:\/\/decorstone.md\/\",\"logo\":{\"@type\":\"ImageObject\",\"inLanguage\":\"ru-RU\",\"@id\":\"https:\/\/decorstone.md\/#\/schema\/logo\/image\/\",\"url\":\"https:\/\/decorstone.md\/wp-content\/uploads\/2025\/01\/Design-fara-titlu.png\",\"contentUrl\":\"https:\/\/decorstone.md\/wp-content\/uploads\/2025\/01\/Design-fara-titlu.png\",\"width\":2295,\"height\":2295,\"caption\":\"DecorStone\"},\"image\":{\"@id\":\"https:\/\/decorstone.md\/#\/schema\/logo\/image\/\"},\"sameAs\":[\"https:\/\/www.facebook.com\/DecorStoneMD\/\",\"https:\/\/www.instagram.com\/decorstonemd\/\"]}]}<\/script>\n<!-- \/ Yoast SEO Premium plugin. -->","yoast_head_json":{"title":"NOUL NEAMT CD-0201 - Mobilier urban","robots":{"index":"index","follow":"follow","max-snippet":"max-snippet:-1","max-image-preview":"max-image-preview:large","max-video-preview":"max-video-preview:-1"},"canonical":"https:\/\/decorstone.md\/ru\/product\/noul-neamt-cd-0201\/","og_locale":"ru_RU","og_type":"article","og_title":"NOUL NEAMT CD-0201 - Mobilier urban","og_description":"Greutate 1 m2= 21 kg O cutie = 1 m2 Nr. de pietre \u00eentr-un m2 = 45 (mari), 40 (mici) Numit \u00een cinstea M\u0103n\u0103stirii Noul Neam\u021b, acest model de c\u0103r\u0103mid\u0103 decorativ\u0103 se distinge prin aspect divers \u0219i joc de nuan\u021be. Fiecare c\u0103r\u0103mid\u0103 are o fa\u021b\u0103 diferit\u0103 nu doar prin culoare, dar \u0219i prin form\u0103 sau textur\u0103, respectivul model de c\u0103r\u0103mid\u0103 decorativ\u0103 fiind creat \u00een baza prototipului de la M\u0103n\u0103stirea Noul Neam\u021b (una dintre c\u0103r\u0103mizile realizate manual \u0219i arse \u00een cuptoare diferite de c\u0103tre monahi). Primele c\u0103r\u0103mizi decorative \u201eNoul Neam\u021b\u201d au avut ca destina\u021bie decorarea pere\u021biloer m\u0103n\u0103stirii, iar originalitatea \u0219i naturale\u021bea modelului au propulsat aceast\u0103 c\u0103r\u0103mid\u0103 printre preferin\u021bele clien\u021bilor LuxConstruct. Astfel, \u00een mod firesc, c\u0103r\u0103mida decorativ\u0103 \u201eNoul Neam\u021b\u201d a devenit piesa de rezisten\u021b\u0103 \u00een multe interioare publice \u0219i private, at\u00e2t pe pere\u021bi interiori, c\u00e2t \u0219i exteriori.","og_url":"https:\/\/decorstone.md\/ru\/product\/noul-neamt-cd-0201\/","og_site_name":"Mobilier urban","article_publisher":"https:\/\/www.facebook.com\/DecorStoneMD\/","article_modified_time":"2025-09-25T05:51:13+00:00","og_image":[{"width":800,"height":800,"url":"https:\/\/decorstone.md\/wp-content\/uploads\/2024\/06\/NOUL-NEAMT-CD-0201-NEW.jpg","type":"image\/jpeg"}],"twitter_card":"summary_large_image","twitter_misc":{"\u041f\u0440\u0438\u043c\u0435\u0440\u043d\u043e\u0435 \u0432\u0440\u0435\u043c\u044f \u0434\u043b\u044f \u0447\u0442\u0435\u043d\u0438\u044f":"1 \u043c\u0438\u043d\u0443\u0442\u0430"},"schema":{"@context":"https:\/\/schema.org","@graph":[{"@type":"WebPage","@id":"https:\/\/decorstone.md\/product\/noul-neamt-cd-0201\/","url":"https:\/\/decorstone.md\/product\/noul-neamt-cd-0201\/","name":"NOUL NEAMT CD-0201 - Mobilier urban","isPartOf":{"@id":"https:\/\/decorstone.md\/#website"},"datePublished":"2022-05-02T18:38:51+00:00","dateModified":"2025-09-25T05:51:13+00:00","breadcrumb":{"@id":"https:\/\/decorstone.md\/product\/noul-neamt-cd-0201\/#breadcrumb"},"inLanguage":"ru-RU","potentialAction":[{"@type":"ReadAction","target":["https:\/\/decorstone.md\/product\/noul-neamt-cd-0201\/"]}]},{"@type":"BreadcrumbList","@id":"https:\/\/decorstone.md\/product\/noul-neamt-cd-0201\/#breadcrumb","itemListElement":[{"@type":"ListItem","position":1,"name":"Produse","item":"https:\/\/decorstone.md\/produse\/"},{"@type":"ListItem","position":2,"name":"NOUL NEAMT CD-0201"}]},{"@type":"WebSite","@id":"https:\/\/decorstone.md\/#website","url":"https:\/\/decorstone.md\/","name":"DecorStone - Mobilier Urban \u0219i Pavaje","description":"Decorstone","publisher":{"@id":"https:\/\/decorstone.md\/#organization"},"potentialAction":[{"@type":"SearchAction","target":{"@type":"EntryPoint","urlTemplate":"https:\/\/decorstone.md\/?s={search_term_string}"},"query-input":"required name=search_term_string"}],"inLanguage":"ru-RU"},{"@type":"Organization","@id":"https:\/\/decorstone.md\/#organization","name":"DecorStone","url":"https:\/\/decorstone.md\/","logo":{"@type":"ImageObject","inLanguage":"ru-RU","@id":"https:\/\/decorstone.md\/#\/schema\/logo\/image\/","url":"https:\/\/decorstone.md\/wp-content\/uploads\/2025\/01\/Design-fara-titlu.png","contentUrl":"https:\/\/decorstone.md\/wp-content\/uploads\/2025\/01\/Design-fara-titlu.png","width":2295,"height":2295,"caption":"DecorStone"},"image":{"@id":"https:\/\/decorstone.md\/#\/schema\/logo\/image\/"},"sameAs":["https:\/\/www.facebook.com\/DecorStoneMD\/","https:\/\/www.instagram.com\/decorstonemd\/"]}]}},"_links":{"self":[{"href":"https:\/\/decorstone.md\/ru\/wp-json\/wp\/v2\/product\/2680"}],"collection":[{"href":"https:\/\/decorstone.md\/ru\/wp-json\/wp\/v2\/product"}],"about":[{"href":"https:\/\/decorstone.md\/ru\/wp-json\/wp\/v2\/types\/product"}],"replies":[{"embeddable":true,"href":"https:\/\/decorstone.md\/ru\/wp-json\/wp\/v2\/comments?post=2680"}],"wp:featuredmedia":[{"embeddable":true,"href":"https:\/\/decorstone.md\/ru\/wp-json\/wp\/v2\/media\/151"}],"wp:attachment":[{"href":"https:\/\/decorstone.md\/ru\/wp-json\/wp\/v2\/media?parent=2680"}],"wp:term":[{"taxonomy":"product_cat","embeddable":true,"href":"https:\/\/decorstone.md\/ru\/wp-json\/wp\/v2\/product_cat?post=2680"},{"taxonomy":"product_tag","embeddable":true,"href":"https:\/\/decorstone.md\/ru\/wp-json\/wp\/v2\/product_tag?post=2680"}],"curies":[{"name":"wp","href":"https:\/\/api.w.org\/{rel}","templated":true}]}}