{"id":2685,"date":"2022-05-02T18:39:14","date_gmt":"2022-05-02T18:39:14","guid":{"rendered":"https:\/\/decorstone.md\/product\/praga-veche-cd-0103\/"},"modified":"2025-09-25T08:40:05","modified_gmt":"2025-09-25T05:40:05","slug":"praga-veche-cd-0103","status":"publish","type":"product","link":"https:\/\/decorstone.md\/ru\/product\/praga-veche-cd-0103\/","title":{"rendered":"PRAGA VECHE CD-0103"},"content":{"rendered":"","protected":false},"excerpt":{"rendered":"<p><strong>\u0412\u0435\u0441 1 \u043c<sup>2<\/sup>= 25 \u043a\u0433<br \/>\n<\/strong><strong>\u041e\u0434\u043d\u0430 \u043a\u043e\u0440\u043e\u0431\u043a\u0430 = 1 \u043c<sup>2<br \/>\n<\/sup><\/strong><strong>\u041d\u0435\u0442. \u043a\u0430\u043c\u043d\u0435\u0439 \u0432 \u043c<sup>2 <\/sup>= 58<\/strong><\/p>\n<p style=\"text-align: justify;\">\u0423\u0437\u043e\u0440 \u00ab\u0421\u0442\u0430\u0440\u0430\u044f \u041f\u0440\u0430\u0433\u0430\u00bb, \u043a\u0430\u043a \u0441\u043b\u0435\u0434\u0443\u0435\u0442 \u0438\u0437 \u043d\u0430\u0437\u0432\u0430\u043d\u0438\u044f, \u043f\u0440\u0435\u0434\u0441\u0442\u0430\u0432\u043b\u044f\u0435\u0442 \u0441\u043e\u0431\u043e\u0439 \u0434\u0435\u043a\u043e\u0440\u0430\u0442\u0438\u0432\u043d\u044b\u0439 \u043a\u0438\u0440\u043f\u0438\u0447, \u0432\u0434\u043e\u0445\u043d\u043e\u0432\u043b\u0435\u043d\u043d\u044b\u0439 \u0447\u0435\u0448\u0441\u043a\u043e\u0439 \u0441\u0442\u043e\u043b\u0438\u0446\u0435\u0439, \u0430 \u0442\u0435\u043c \u0431\u043e\u043b\u0435\u0435 \u0441\u0442\u0430\u0440\u043e\u0439 \u0430\u0440\u0445\u0438\u0442\u0435\u043a\u0442\u0443\u0440\u043e\u0439 \u0433\u043e\u0440\u043e\u0434\u0430. \u041f\u043b\u0430\u0441\u0442\u0438\u043d\u044b \u043d\u0435 \u043f\u043e\u0445\u043e\u0436\u0438 \u0434\u0440\u0443\u0433 \u043d\u0430 \u0434\u0440\u0443\u0433\u0430 \u043d\u0438 \u0444\u043e\u0440\u043c\u043e\u0439, \u043d\u0438 \u0441\u0442\u0440\u0443\u043a\u0442\u0443\u0440\u043e\u0439, \u043d\u0438 \u0442\u043e\u043b\u0449\u0438\u043d\u043e\u0439. \u0426\u0432\u0435\u0442\u0430 \u0440\u0430\u0437\u043d\u044b\u0435, \u0438\u043d\u043e\u0433\u0434\u0430 \u0434\u0430\u0436\u0435 \u043a\u043e\u043d\u0442\u0440\u0430\u0441\u0442\u043d\u044b\u0435, \u0438 \u0432\u0441\u0435 \u044d\u0442\u0438 \u043a\u0430\u0447\u0435\u0441\u0442\u0432\u0430 \u0432 \u0441\u043e\u0432\u043e\u043a\u0443\u043f\u043d\u043e\u0441\u0442\u0438 \u0441\u043e\u0437\u0434\u0430\u044e\u0442 \u0434\u0443\u0445 \u0438\u0441\u0442\u043e\u0440\u0438\u0438 \u0438 \u0442\u0440\u0430\u0434\u0438\u0446\u0438\u0439, \u043a\u043e\u0442\u043e\u0440\u044b\u0439 \u0432\u044b \u043c\u043e\u0436\u0435\u0442\u0435 \u0438\u043d\u0442\u0435\u0433\u0440\u0438\u0440\u043e\u0432\u0430\u0442\u044c \u0432 \u0441\u0432\u043e\u0439 \u0434\u043e\u043c.<\/p>\n<p>&nbsp;<\/p>\n<p>&nbsp;<\/p>","protected":false},"featured_media":161,"comment_status":"closed","ping_status":"closed","template":"","meta":{"bwfblock_default_font":"","inline_featured_image":false},"product_cat":[22],"product_tag":[],"class_list":{"0":"post-2685","1":"product","2":"type-product","3":"status-publish","4":"has-post-thumbnail","6":"product_cat-caramida-decorativa","8":"first","9":"instock","10":"purchasable","11":"product-type-simple"},"acf":[],"yoast_head":"<!-- This site is optimized with the Yoast SEO Premium plugin v22.1 (Yoast SEO v22.1) - https:\/\/yoast.com\/wordpress\/plugins\/seo\/ -->\n<title>PRAGA VECHE CD-0103 - Mobilier urban<\/title>\n<meta name=\"robots\" content=\"index, follow, max-snippet:-1, max-image-preview:large, max-video-preview:-1\" \/>\n<link rel=\"canonical\" href=\"https:\/\/decorstone.md\/ru\/product\/praga-veche-cd-0103\/\" \/>\n<meta property=\"og:locale\" content=\"ru_RU\" \/>\n<meta property=\"og:type\" content=\"article\" \/>\n<meta property=\"og:title\" content=\"PRAGA VECHE CD-0103 - Mobilier urban\" \/>\n<meta property=\"og:description\" content=\"Greutate 1 m2= 25 kg O cutie = 1 m2 Nr. de pietre \u00eentr-un m2 = 58 Modelul \u201ePraga Veche\u201d, precum sugereaz\u0103 \u0219i denumirea lui, este c\u0103r\u0103mida decorativ\u0103 inspirat\u0103 din capitala Cehiei, chiar mai mult, de arhitectura veche a ora\u0219ului. Pl\u0103cile nu se aseam\u0103n\u0103 \u00eentre ele nici prin form\u0103, nici prin structur\u0103 \u0219i nici prin grosime. Culorile sunt toate diferite, pe alocuri contrast\u00e2nd chiar, iar toate aceste calit\u0103\u021bi, \u00eensumate, ofer\u0103 spiritul de istorie \u0219i tradi\u021bie pe care \u00eel po\u021bi integra \u00een casa ta. &nbsp;  &nbsp;\" \/>\n<meta property=\"og:url\" content=\"https:\/\/decorstone.md\/ru\/product\/praga-veche-cd-0103\/\" \/>\n<meta property=\"og:site_name\" content=\"Mobilier urban\" \/>\n<meta property=\"article:publisher\" content=\"https:\/\/www.facebook.com\/DecorStoneMD\/\" \/>\n<meta property=\"article:modified_time\" content=\"2025-09-25T05:40:05+00:00\" \/>\n<meta property=\"og:image\" content=\"https:\/\/decorstone.md\/wp-content\/uploads\/2024\/06\/PRAGA-VECHE-CD-0103.jpg\" \/>\n\t<meta property=\"og:image:width\" content=\"800\" \/>\n\t<meta property=\"og:image:height\" content=\"800\" \/>\n\t<meta property=\"og:image:type\" content=\"image\/jpeg\" \/>\n<meta name=\"twitter:card\" content=\"summary_large_image\" \/>\n<meta name=\"twitter:label1\" content=\"\u041f\u0440\u0438\u043c\u0435\u0440\u043d\u043e\u0435 \u0432\u0440\u0435\u043c\u044f \u0434\u043b\u044f \u0447\u0442\u0435\u043d\u0438\u044f\" \/>\n\t<meta name=\"twitter:data1\" content=\"1 \u043c\u0438\u043d\u0443\u0442\u0430\" \/>\n<script type=\"application\/ld+json\" class=\"yoast-schema-graph\">{\"@context\":\"https:\/\/schema.org\",\"@graph\":[{\"@type\":\"WebPage\",\"@id\":\"https:\/\/decorstone.md\/product\/praga-veche-cd-0103\/\",\"url\":\"https:\/\/decorstone.md\/product\/praga-veche-cd-0103\/\",\"name\":\"PRAGA VECHE CD-0103 - Mobilier urban\",\"isPartOf\":{\"@id\":\"https:\/\/decorstone.md\/#website\"},\"datePublished\":\"2022-05-02T18:39:14+00:00\",\"dateModified\":\"2025-09-25T05:40:05+00:00\",\"breadcrumb\":{\"@id\":\"https:\/\/decorstone.md\/product\/praga-veche-cd-0103\/#breadcrumb\"},\"inLanguage\":\"ru-RU\",\"potentialAction\":[{\"@type\":\"ReadAction\",\"target\":[\"https:\/\/decorstone.md\/product\/praga-veche-cd-0103\/\"]}]},{\"@type\":\"BreadcrumbList\",\"@id\":\"https:\/\/decorstone.md\/product\/praga-veche-cd-0103\/#breadcrumb\",\"itemListElement\":[{\"@type\":\"ListItem\",\"position\":1,\"name\":\"Produse\",\"item\":\"https:\/\/decorstone.md\/produse\/\"},{\"@type\":\"ListItem\",\"position\":2,\"name\":\"PRAGA VECHE CD-0103\"}]},{\"@type\":\"WebSite\",\"@id\":\"https:\/\/decorstone.md\/#website\",\"url\":\"https:\/\/decorstone.md\/\",\"name\":\"DecorStone - Mobilier Urban \u0219i Pavaje\",\"description\":\"Decorstone\",\"publisher\":{\"@id\":\"https:\/\/decorstone.md\/#organization\"},\"potentialAction\":[{\"@type\":\"SearchAction\",\"target\":{\"@type\":\"EntryPoint\",\"urlTemplate\":\"https:\/\/decorstone.md\/?s={search_term_string}\"},\"query-input\":\"required name=search_term_string\"}],\"inLanguage\":\"ru-RU\"},{\"@type\":\"Organization\",\"@id\":\"https:\/\/decorstone.md\/#organization\",\"name\":\"DecorStone\",\"url\":\"https:\/\/decorstone.md\/\",\"logo\":{\"@type\":\"ImageObject\",\"inLanguage\":\"ru-RU\",\"@id\":\"https:\/\/decorstone.md\/#\/schema\/logo\/image\/\",\"url\":\"https:\/\/decorstone.md\/wp-content\/uploads\/2025\/01\/Design-fara-titlu.png\",\"contentUrl\":\"https:\/\/decorstone.md\/wp-content\/uploads\/2025\/01\/Design-fara-titlu.png\",\"width\":2295,\"height\":2295,\"caption\":\"DecorStone\"},\"image\":{\"@id\":\"https:\/\/decorstone.md\/#\/schema\/logo\/image\/\"},\"sameAs\":[\"https:\/\/www.facebook.com\/DecorStoneMD\/\",\"https:\/\/www.instagram.com\/decorstonemd\/\"]}]}<\/script>\n<!-- \/ Yoast SEO Premium plugin. -->","yoast_head_json":{"title":"PRAGA VECHE CD-0103 - Mobilier urban","robots":{"index":"index","follow":"follow","max-snippet":"max-snippet:-1","max-image-preview":"max-image-preview:large","max-video-preview":"max-video-preview:-1"},"canonical":"https:\/\/decorstone.md\/ru\/product\/praga-veche-cd-0103\/","og_locale":"ru_RU","og_type":"article","og_title":"PRAGA VECHE CD-0103 - Mobilier urban","og_description":"Greutate 1 m2= 25 kg O cutie = 1 m2 Nr. de pietre \u00eentr-un m2 = 58 Modelul \u201ePraga Veche\u201d, precum sugereaz\u0103 \u0219i denumirea lui, este c\u0103r\u0103mida decorativ\u0103 inspirat\u0103 din capitala Cehiei, chiar mai mult, de arhitectura veche a ora\u0219ului. Pl\u0103cile nu se aseam\u0103n\u0103 \u00eentre ele nici prin form\u0103, nici prin structur\u0103 \u0219i nici prin grosime. Culorile sunt toate diferite, pe alocuri contrast\u00e2nd chiar, iar toate aceste calit\u0103\u021bi, \u00eensumate, ofer\u0103 spiritul de istorie \u0219i tradi\u021bie pe care \u00eel po\u021bi integra \u00een casa ta. &nbsp;  &nbsp;","og_url":"https:\/\/decorstone.md\/ru\/product\/praga-veche-cd-0103\/","og_site_name":"Mobilier urban","article_publisher":"https:\/\/www.facebook.com\/DecorStoneMD\/","article_modified_time":"2025-09-25T05:40:05+00:00","og_image":[{"width":800,"height":800,"url":"https:\/\/decorstone.md\/wp-content\/uploads\/2024\/06\/PRAGA-VECHE-CD-0103.jpg","type":"image\/jpeg"}],"twitter_card":"summary_large_image","twitter_misc":{"\u041f\u0440\u0438\u043c\u0435\u0440\u043d\u043e\u0435 \u0432\u0440\u0435\u043c\u044f \u0434\u043b\u044f \u0447\u0442\u0435\u043d\u0438\u044f":"1 \u043c\u0438\u043d\u0443\u0442\u0430"},"schema":{"@context":"https:\/\/schema.org","@graph":[{"@type":"WebPage","@id":"https:\/\/decorstone.md\/product\/praga-veche-cd-0103\/","url":"https:\/\/decorstone.md\/product\/praga-veche-cd-0103\/","name":"PRAGA VECHE CD-0103 - Mobilier urban","isPartOf":{"@id":"https:\/\/decorstone.md\/#website"},"datePublished":"2022-05-02T18:39:14+00:00","dateModified":"2025-09-25T05:40:05+00:00","breadcrumb":{"@id":"https:\/\/decorstone.md\/product\/praga-veche-cd-0103\/#breadcrumb"},"inLanguage":"ru-RU","potentialAction":[{"@type":"ReadAction","target":["https:\/\/decorstone.md\/product\/praga-veche-cd-0103\/"]}]},{"@type":"BreadcrumbList","@id":"https:\/\/decorstone.md\/product\/praga-veche-cd-0103\/#breadcrumb","itemListElement":[{"@type":"ListItem","position":1,"name":"Produse","item":"https:\/\/decorstone.md\/produse\/"},{"@type":"ListItem","position":2,"name":"PRAGA VECHE CD-0103"}]},{"@type":"WebSite","@id":"https:\/\/decorstone.md\/#website","url":"https:\/\/decorstone.md\/","name":"DecorStone - Mobilier Urban \u0219i Pavaje","description":"Decorstone","publisher":{"@id":"https:\/\/decorstone.md\/#organization"},"potentialAction":[{"@type":"SearchAction","target":{"@type":"EntryPoint","urlTemplate":"https:\/\/decorstone.md\/?s={search_term_string}"},"query-input":"required name=search_term_string"}],"inLanguage":"ru-RU"},{"@type":"Organization","@id":"https:\/\/decorstone.md\/#organization","name":"DecorStone","url":"https:\/\/decorstone.md\/","logo":{"@type":"ImageObject","inLanguage":"ru-RU","@id":"https:\/\/decorstone.md\/#\/schema\/logo\/image\/","url":"https:\/\/decorstone.md\/wp-content\/uploads\/2025\/01\/Design-fara-titlu.png","contentUrl":"https:\/\/decorstone.md\/wp-content\/uploads\/2025\/01\/Design-fara-titlu.png","width":2295,"height":2295,"caption":"DecorStone"},"image":{"@id":"https:\/\/decorstone.md\/#\/schema\/logo\/image\/"},"sameAs":["https:\/\/www.facebook.com\/DecorStoneMD\/","https:\/\/www.instagram.com\/decorstonemd\/"]}]}},"_links":{"self":[{"href":"https:\/\/decorstone.md\/ru\/wp-json\/wp\/v2\/product\/2685"}],"collection":[{"href":"https:\/\/decorstone.md\/ru\/wp-json\/wp\/v2\/product"}],"about":[{"href":"https:\/\/decorstone.md\/ru\/wp-json\/wp\/v2\/types\/product"}],"replies":[{"embeddable":true,"href":"https:\/\/decorstone.md\/ru\/wp-json\/wp\/v2\/comments?post=2685"}],"wp:featuredmedia":[{"embeddable":true,"href":"https:\/\/decorstone.md\/ru\/wp-json\/wp\/v2\/media\/161"}],"wp:attachment":[{"href":"https:\/\/decorstone.md\/ru\/wp-json\/wp\/v2\/media?parent=2685"}],"wp:term":[{"taxonomy":"product_cat","embeddable":true,"href":"https:\/\/decorstone.md\/ru\/wp-json\/wp\/v2\/product_cat?post=2685"},{"taxonomy":"product_tag","embeddable":true,"href":"https:\/\/decorstone.md\/ru\/wp-json\/wp\/v2\/product_tag?post=2685"}],"curies":[{"name":"wp","href":"https:\/\/api.w.org\/{rel}","templated":true}]}}