{"id":2692,"date":"2022-05-02T18:39:15","date_gmt":"2022-05-02T18:39:15","guid":{"rendered":"https:\/\/decorstone.md\/product\/sofia-cd-0720\/"},"modified":"2025-09-25T11:06:16","modified_gmt":"2025-09-25T08:06:16","slug":"sofia-cd-0720","status":"publish","type":"product","link":"https:\/\/decorstone.md\/ru\/product\/sofia-cd-0720\/","title":{"rendered":"\u0421\u041e\u0424\u0418\u042f CD-0720"},"content":{"rendered":"","protected":false},"excerpt":{"rendered":"<p><strong>\u0412\u0435\u0441 1 \u043c<sup>2<\/sup>= 22 \u043a\u0433<br \/>\n<\/strong><strong>\u041e\u0434\u043d\u0430 \u043a\u043e\u0440\u043e\u0431\u043a\u0430 = 1 \u043c<sup>2<br \/>\n<\/sup><\/strong><strong>\u041d\u0435\u0442. \u043a\u0430\u043c\u043d\u0435\u0439 \u0432 \u043c<sup>2 <\/sup>= 73<\/strong><\/p>\n<p style=\"text-align: justify;\">\u0421\u043e\u0432\u0440\u0435\u043c\u0435\u043d\u043d\u044b\u0435 \u043a\u043e\u043d\u0441\u0442\u0440\u0443\u043a\u0446\u0438\u0438 \u0438 \u0438\u043d\u0442\u0435\u0440\u044c\u0435\u0440\u044b \u2013 \u0438\u0434\u0435\u0430\u043b\u044c\u043d\u043e\u0435 \u043c\u0435\u0441\u0442\u043e \u0434\u043b\u044f \u0434\u0435\u043a\u043e\u0440\u0430\u0442\u0438\u0432\u043d\u043e\u0433\u043e \u043a\u0438\u0440\u043f\u0438\u0447\u0430 \u00ab\u0421\u043e\u0444\u0438\u044f\u00bb. \u041e\u043d \u0434\u043e\u043f\u043e\u043b\u043d\u0438\u0442 \u043b\u044e\u0431\u0443\u044e \u0434\u0438\u0437\u0430\u0439\u043d\u0435\u0440\u0441\u043a\u0443\u044e \u043a\u043e\u043d\u0446\u0435\u043f\u0446\u0438\u044e \u0438 \u043f\u0440\u0438\u0434\u0430\u0441\u0442 \u0434\u043e\u043f\u043e\u043b\u043d\u0438\u0442\u0435\u043b\u044c\u043d\u044b\u0439 \u0448\u0430\u0440\u043c. \u0418\u043c\u0435\u0435\u0442 \u043e\u0434\u043d\u043e\u0440\u043e\u0434\u043d\u044b\u0439, \u0430\u043a\u043a\u0443\u0440\u0430\u0442\u043d\u044b\u0439 \u0438 \u0438\u0437\u044b\u0441\u043a\u0430\u043d\u043d\u044b\u0439 \u0432\u0438\u0434. \u0412\u0441\u0435 \u043a\u0438\u0440\u043f\u0438\u0447\u0438 \u043e\u0434\u043d\u043e\u0433\u043e \u0440\u0430\u0437\u043c\u0435\u0440\u0430, \u043d\u043e \u0441\u043e\u0447\u0435\u0442\u0430\u043d\u0438\u0435 \u0446\u0432\u0435\u0442\u043e\u0432 \u0432\u044b\u0434\u0435\u043b\u044f\u0435\u0442 \u0435\u0433\u043e \u043f\u043e\u043b\u043d\u043e\u0441\u0442\u044c\u044e, \u043f\u043e\u043a\u043e\u0440\u044f\u044f.<\/p>","protected":false},"featured_media":174,"comment_status":"closed","ping_status":"closed","template":"","meta":{"bwfblock_default_font":"","inline_featured_image":false},"product_cat":[22],"product_tag":[],"class_list":{"0":"post-2692","1":"product","2":"type-product","3":"status-publish","4":"has-post-thumbnail","6":"product_cat-caramida-decorativa","8":"first","9":"instock","10":"purchasable","11":"product-type-simple"},"acf":[],"yoast_head":"<!-- This site is optimized with the Yoast SEO Premium plugin v22.1 (Yoast SEO v22.1) - https:\/\/yoast.com\/wordpress\/plugins\/seo\/ -->\n<title>SOFIA CD-0720 - Mobilier urban<\/title>\n<meta name=\"robots\" content=\"index, follow, max-snippet:-1, max-image-preview:large, max-video-preview:-1\" \/>\n<link rel=\"canonical\" href=\"https:\/\/decorstone.md\/ru\/product\/sofia-cd-0720\/\" \/>\n<meta property=\"og:locale\" content=\"ru_RU\" \/>\n<meta property=\"og:type\" content=\"article\" \/>\n<meta property=\"og:title\" content=\"SOFIA CD-0720 - Mobilier urban\" \/>\n<meta property=\"og:description\" content=\"Greutate 1 m2= 22 kg O cutie = 1 m2 Nr. de pietre \u00eentr-un m2 = 73 Construc\u021biile \u0219i interioarele moderne sunt locul perfect pentru c\u0103r\u0103mida decorativ\u0103 \u201eSofia\u201d. Ea vine s\u0103 completeze orice concept de design \u0219i s\u0103 aduc\u0103 un plus de farmec. Are un aspect uniform, cuminte \u0219i rafinat. Toate c\u0103r\u0103mizile sunt de aceea\u0219i m\u0103rime, combina\u021bia de culori \u00eens\u0103 o scoate \u00een totalitate \u00een eviden\u021b\u0103, cucerind cu siguran\u021b\u0103.\" \/>\n<meta property=\"og:url\" content=\"https:\/\/decorstone.md\/ru\/product\/sofia-cd-0720\/\" \/>\n<meta property=\"og:site_name\" content=\"Mobilier urban\" \/>\n<meta property=\"article:publisher\" content=\"https:\/\/www.facebook.com\/DecorStoneMD\/\" \/>\n<meta property=\"article:modified_time\" content=\"2025-09-25T08:06:16+00:00\" \/>\n<meta property=\"og:image\" content=\"https:\/\/decorstone.md\/wp-content\/uploads\/2024\/06\/SOFIA-CD-0720.jpg\" \/>\n\t<meta property=\"og:image:width\" content=\"800\" \/>\n\t<meta property=\"og:image:height\" content=\"800\" \/>\n\t<meta property=\"og:image:type\" content=\"image\/jpeg\" \/>\n<meta name=\"twitter:card\" content=\"summary_large_image\" \/>\n<meta name=\"twitter:label1\" content=\"\u041f\u0440\u0438\u043c\u0435\u0440\u043d\u043e\u0435 \u0432\u0440\u0435\u043c\u044f \u0434\u043b\u044f \u0447\u0442\u0435\u043d\u0438\u044f\" \/>\n\t<meta name=\"twitter:data1\" content=\"1 \u043c\u0438\u043d\u0443\u0442\u0430\" \/>\n<script type=\"application\/ld+json\" class=\"yoast-schema-graph\">{\"@context\":\"https:\/\/schema.org\",\"@graph\":[{\"@type\":\"WebPage\",\"@id\":\"https:\/\/decorstone.md\/product\/sofia-cd-0720\/\",\"url\":\"https:\/\/decorstone.md\/product\/sofia-cd-0720\/\",\"name\":\"SOFIA CD-0720 - Mobilier urban\",\"isPartOf\":{\"@id\":\"https:\/\/decorstone.md\/#website\"},\"datePublished\":\"2022-05-02T18:39:15+00:00\",\"dateModified\":\"2025-09-25T08:06:16+00:00\",\"breadcrumb\":{\"@id\":\"https:\/\/decorstone.md\/product\/sofia-cd-0720\/#breadcrumb\"},\"inLanguage\":\"ru-RU\",\"potentialAction\":[{\"@type\":\"ReadAction\",\"target\":[\"https:\/\/decorstone.md\/product\/sofia-cd-0720\/\"]}]},{\"@type\":\"BreadcrumbList\",\"@id\":\"https:\/\/decorstone.md\/product\/sofia-cd-0720\/#breadcrumb\",\"itemListElement\":[{\"@type\":\"ListItem\",\"position\":1,\"name\":\"Produse\",\"item\":\"https:\/\/decorstone.md\/produse\/\"},{\"@type\":\"ListItem\",\"position\":2,\"name\":\"SOFIA CD-0720\"}]},{\"@type\":\"WebSite\",\"@id\":\"https:\/\/decorstone.md\/#website\",\"url\":\"https:\/\/decorstone.md\/\",\"name\":\"DecorStone - Mobilier Urban \u0219i Pavaje\",\"description\":\"Decorstone\",\"publisher\":{\"@id\":\"https:\/\/decorstone.md\/#organization\"},\"potentialAction\":[{\"@type\":\"SearchAction\",\"target\":{\"@type\":\"EntryPoint\",\"urlTemplate\":\"https:\/\/decorstone.md\/?s={search_term_string}\"},\"query-input\":\"required name=search_term_string\"}],\"inLanguage\":\"ru-RU\"},{\"@type\":\"Organization\",\"@id\":\"https:\/\/decorstone.md\/#organization\",\"name\":\"DecorStone\",\"url\":\"https:\/\/decorstone.md\/\",\"logo\":{\"@type\":\"ImageObject\",\"inLanguage\":\"ru-RU\",\"@id\":\"https:\/\/decorstone.md\/#\/schema\/logo\/image\/\",\"url\":\"https:\/\/decorstone.md\/wp-content\/uploads\/2025\/01\/Design-fara-titlu.png\",\"contentUrl\":\"https:\/\/decorstone.md\/wp-content\/uploads\/2025\/01\/Design-fara-titlu.png\",\"width\":2295,\"height\":2295,\"caption\":\"DecorStone\"},\"image\":{\"@id\":\"https:\/\/decorstone.md\/#\/schema\/logo\/image\/\"},\"sameAs\":[\"https:\/\/www.facebook.com\/DecorStoneMD\/\",\"https:\/\/www.instagram.com\/decorstonemd\/\"]}]}<\/script>\n<!-- \/ Yoast SEO Premium plugin. -->","yoast_head_json":{"title":"SOFIA CD-0720 - Mobilier urban","robots":{"index":"index","follow":"follow","max-snippet":"max-snippet:-1","max-image-preview":"max-image-preview:large","max-video-preview":"max-video-preview:-1"},"canonical":"https:\/\/decorstone.md\/ru\/product\/sofia-cd-0720\/","og_locale":"ru_RU","og_type":"article","og_title":"SOFIA CD-0720 - Mobilier urban","og_description":"Greutate 1 m2= 22 kg O cutie = 1 m2 Nr. de pietre \u00eentr-un m2 = 73 Construc\u021biile \u0219i interioarele moderne sunt locul perfect pentru c\u0103r\u0103mida decorativ\u0103 \u201eSofia\u201d. Ea vine s\u0103 completeze orice concept de design \u0219i s\u0103 aduc\u0103 un plus de farmec. Are un aspect uniform, cuminte \u0219i rafinat. Toate c\u0103r\u0103mizile sunt de aceea\u0219i m\u0103rime, combina\u021bia de culori \u00eens\u0103 o scoate \u00een totalitate \u00een eviden\u021b\u0103, cucerind cu siguran\u021b\u0103.","og_url":"https:\/\/decorstone.md\/ru\/product\/sofia-cd-0720\/","og_site_name":"Mobilier urban","article_publisher":"https:\/\/www.facebook.com\/DecorStoneMD\/","article_modified_time":"2025-09-25T08:06:16+00:00","og_image":[{"width":800,"height":800,"url":"https:\/\/decorstone.md\/wp-content\/uploads\/2024\/06\/SOFIA-CD-0720.jpg","type":"image\/jpeg"}],"twitter_card":"summary_large_image","twitter_misc":{"\u041f\u0440\u0438\u043c\u0435\u0440\u043d\u043e\u0435 \u0432\u0440\u0435\u043c\u044f \u0434\u043b\u044f \u0447\u0442\u0435\u043d\u0438\u044f":"1 \u043c\u0438\u043d\u0443\u0442\u0430"},"schema":{"@context":"https:\/\/schema.org","@graph":[{"@type":"WebPage","@id":"https:\/\/decorstone.md\/product\/sofia-cd-0720\/","url":"https:\/\/decorstone.md\/product\/sofia-cd-0720\/","name":"SOFIA CD-0720 - Mobilier urban","isPartOf":{"@id":"https:\/\/decorstone.md\/#website"},"datePublished":"2022-05-02T18:39:15+00:00","dateModified":"2025-09-25T08:06:16+00:00","breadcrumb":{"@id":"https:\/\/decorstone.md\/product\/sofia-cd-0720\/#breadcrumb"},"inLanguage":"ru-RU","potentialAction":[{"@type":"ReadAction","target":["https:\/\/decorstone.md\/product\/sofia-cd-0720\/"]}]},{"@type":"BreadcrumbList","@id":"https:\/\/decorstone.md\/product\/sofia-cd-0720\/#breadcrumb","itemListElement":[{"@type":"ListItem","position":1,"name":"Produse","item":"https:\/\/decorstone.md\/produse\/"},{"@type":"ListItem","position":2,"name":"SOFIA CD-0720"}]},{"@type":"WebSite","@id":"https:\/\/decorstone.md\/#website","url":"https:\/\/decorstone.md\/","name":"DecorStone - Mobilier Urban \u0219i Pavaje","description":"Decorstone","publisher":{"@id":"https:\/\/decorstone.md\/#organization"},"potentialAction":[{"@type":"SearchAction","target":{"@type":"EntryPoint","urlTemplate":"https:\/\/decorstone.md\/?s={search_term_string}"},"query-input":"required name=search_term_string"}],"inLanguage":"ru-RU"},{"@type":"Organization","@id":"https:\/\/decorstone.md\/#organization","name":"DecorStone","url":"https:\/\/decorstone.md\/","logo":{"@type":"ImageObject","inLanguage":"ru-RU","@id":"https:\/\/decorstone.md\/#\/schema\/logo\/image\/","url":"https:\/\/decorstone.md\/wp-content\/uploads\/2025\/01\/Design-fara-titlu.png","contentUrl":"https:\/\/decorstone.md\/wp-content\/uploads\/2025\/01\/Design-fara-titlu.png","width":2295,"height":2295,"caption":"DecorStone"},"image":{"@id":"https:\/\/decorstone.md\/#\/schema\/logo\/image\/"},"sameAs":["https:\/\/www.facebook.com\/DecorStoneMD\/","https:\/\/www.instagram.com\/decorstonemd\/"]}]}},"_links":{"self":[{"href":"https:\/\/decorstone.md\/ru\/wp-json\/wp\/v2\/product\/2692"}],"collection":[{"href":"https:\/\/decorstone.md\/ru\/wp-json\/wp\/v2\/product"}],"about":[{"href":"https:\/\/decorstone.md\/ru\/wp-json\/wp\/v2\/types\/product"}],"replies":[{"embeddable":true,"href":"https:\/\/decorstone.md\/ru\/wp-json\/wp\/v2\/comments?post=2692"}],"wp:featuredmedia":[{"embeddable":true,"href":"https:\/\/decorstone.md\/ru\/wp-json\/wp\/v2\/media\/174"}],"wp:attachment":[{"href":"https:\/\/decorstone.md\/ru\/wp-json\/wp\/v2\/media?parent=2692"}],"wp:term":[{"taxonomy":"product_cat","embeddable":true,"href":"https:\/\/decorstone.md\/ru\/wp-json\/wp\/v2\/product_cat?post=2692"},{"taxonomy":"product_tag","embeddable":true,"href":"https:\/\/decorstone.md\/ru\/wp-json\/wp\/v2\/product_tag?post=2692"}],"curies":[{"name":"wp","href":"https:\/\/api.w.org\/{rel}","templated":true}]}}