{"id":2704,"date":"2022-05-02T18:40:07","date_gmt":"2022-05-02T18:40:07","guid":{"rendered":"https:\/\/decorstone.md\/product\/texas-cd-0503\/"},"modified":"2025-09-25T08:43:23","modified_gmt":"2025-09-25T05:43:23","slug":"texas-cd-0503","status":"publish","type":"product","link":"https:\/\/decorstone.md\/ru\/product\/texas-cd-0503\/","title":{"rendered":"\u0422\u0415\u0425\u0410\u0421 CD-0503"},"content":{"rendered":"","protected":false},"excerpt":{"rendered":"<p style=\"text-align: justify;\"><strong>\u0412\u0435\u0441 1 \u043c<sup>2<\/sup>= 25 \u043a\u0433<br \/>\n<\/strong><strong>\u041e\u0434\u043d\u0430 \u043a\u043e\u0440\u043e\u0431\u043a\u0430 = 1 \u043c<sup>2<br \/>\n<\/sup><\/strong><strong>\u041d\u0435\u0442. \u043a\u0430\u043c\u043d\u0435\u0439 \u0432 \u043c<sup>2 <\/sup>= 85<\/strong><\/p>\n<p style=\"text-align: justify;\">\u041c\u043e\u0434\u0435\u043b\u044c \u0434\u0435\u043a\u043e\u0440\u0430\u0442\u0438\u0432\u043d\u043e\u0433\u043e \u043a\u0438\u0440\u043f\u0438\u0447\u0430 \u00ab\u0422\u0435\u0445\u0430\u0441\u00bb \u043f\u0440\u0435\u0434\u0441\u0442\u0430\u0432\u043b\u044f\u0435\u0442 \u0441\u043e\u0431\u043e\u0439 \u043a\u043e\u043d\u0446\u0435\u043f\u0446\u0438\u044e \u043a\u0438\u0440\u043f\u0438\u0447\u0430, \u0448\u0438\u0440\u043e\u043a\u043e \u0438\u0441\u043f\u043e\u043b\u044c\u0437\u0443\u0435\u043c\u0443\u044e \u0431\u0440\u0438\u0442\u0430\u043d\u0446\u0430\u043c\u0438 \u0438 \u0438\u0440\u043b\u0430\u043d\u0434\u0446\u0430\u043c\u0438. \u041e\u0431\u043b\u0438\u0446\u043e\u0432\u043a\u0430 \u043a\u0438\u0440\u043f\u0438\u0447\u043e\u043c \u00ab\u0422\u0435\u0445\u0430\u0441\u00bb \u043e\u0442\u043b\u0438\u0447\u0430\u0435\u0442\u0441\u044f \u0441\u0432\u043e\u0438\u043c \u0443\u043d\u0438\u043a\u0430\u043b\u044c\u043d\u044b\u043c \u0432\u043d\u0435\u0448\u043d\u0438\u043c \u0432\u0438\u0434\u043e\u043c, \u043d\u043e \u0442\u0430\u043a\u0436\u0435 \u043f\u0440\u0438\u0434\u0430\u0435\u0442 \u0430\u0440\u0445\u0438\u0442\u0435\u043a\u0442\u0443\u0440\u0435 \u043e\u0431\u044a\u0435\u043a\u0442\u0430 \u0434\u043e\u043f\u043e\u043b\u043d\u0438\u0442\u0435\u043b\u044c\u043d\u0443\u044e \u0446\u0435\u043d\u043d\u043e\u0441\u0442\u044c. \u0421\u043b\u0435\u0433\u043a\u0430 \u0432\u044b\u043f\u0443\u043a\u043b\u0430\u044f \u0444\u043e\u0440\u043c\u0430 \u0438 \u0440\u0430\u0437\u043d\u043e\u043e\u0431\u0440\u0430\u0437\u0438\u0435 \u0441\u0442\u0440\u0443\u043a\u0442\u0443\u0440\u044b \u0434\u043e\u043f\u0443\u0441\u043a\u0430\u044e\u0442 \u043e\u0431\u044a\u0435\u043c\u043d\u0443\u044e \u0432\u0438\u0437\u0443\u0430\u043b\u044c\u043d\u0443\u044e \u0438\u0433\u0440\u0443, \u0441\u043c\u044f\u0433\u0447\u0430\u0435\u043c\u0443\u044e \u0441\u0434\u0435\u0440\u0436\u0430\u043d\u043d\u043e\u0441\u0442\u044c\u044e \u0437\u0430 \u0441\u0447\u0435\u0442 \u043e\u0434\u0438\u043d\u0430\u043a\u043e\u0432\u044b\u0445 \u0440\u0430\u0437\u043c\u0435\u0440\u043e\u0432 \u043f\u043b\u0438\u0442\u043a\u0438 \u0438 \u0431\u043e\u043b\u0435\u0435 \u043e\u0434\u043d\u043e\u0440\u043e\u0434\u043d\u043e\u0433\u043e \u0446\u0432\u0435\u0442\u0430, \u0447\u0435\u043c \u0432 \u0441\u043b\u0443\u0447\u0430\u0435 \u0441 \u0434\u0440\u0443\u0433\u0438\u043c\u0438 \u043c\u043e\u0434\u0435\u043b\u044f\u043c\u0438 Luxconstruct. \u00ab\u0422\u0435\u0445\u0430\u0441\u00bb \u2014 \u044d\u0442\u043e \u043c\u0435\u0445\u0430\u043d\u0438\u0437\u0438\u0440\u043e\u0432\u0430\u043d\u043d\u044b\u0439 \u043a\u0438\u0440\u043f\u0438\u0447, \u043a\u0438\u0440\u043f\u0438\u0447 \u0434\u043b\u044f \u043d\u043e\u0432\u043e\u0433\u043e \u043c\u0438\u0440\u0430, \u0434\u043b\u044f \u043d\u043e\u0432\u044b\u0445 \u0441\u0442\u0438\u043b\u0435\u0439 \u0438 \u043f\u043e\u0434\u0445\u043e\u0434\u043e\u0432 \u043a \u0434\u0438\u0437\u0430\u0439\u043d\u0443 \u0438 \u0430\u0440\u0445\u0438\u0442\u0435\u043a\u0442\u0443\u0440\u0435.<\/p>","protected":false},"featured_media":198,"comment_status":"closed","ping_status":"closed","template":"","meta":{"bwfblock_default_font":"","inline_featured_image":false},"product_cat":[22],"product_tag":[],"class_list":{"0":"post-2704","1":"product","2":"type-product","3":"status-publish","4":"has-post-thumbnail","6":"product_cat-caramida-decorativa","8":"first","9":"instock","10":"purchasable","11":"product-type-simple"},"acf":[],"yoast_head":"<!-- This site is optimized with the Yoast SEO Premium plugin v22.1 (Yoast SEO v22.1) - https:\/\/yoast.com\/wordpress\/plugins\/seo\/ -->\n<title>TEXAS CD-0503 - Mobilier urban<\/title>\n<meta name=\"robots\" content=\"index, follow, max-snippet:-1, max-image-preview:large, max-video-preview:-1\" \/>\n<link rel=\"canonical\" href=\"https:\/\/decorstone.md\/ru\/product\/texas-cd-0503\/\" \/>\n<meta property=\"og:locale\" content=\"ru_RU\" \/>\n<meta property=\"og:type\" content=\"article\" \/>\n<meta property=\"og:title\" content=\"TEXAS CD-0503 - Mobilier urban\" \/>\n<meta property=\"og:description\" content=\"Greutate 1 m2= 25 kg O cutie = 1 m2 Nr. de pietre \u00eentr-un m2 = 85 Modelul de c\u0103r\u0103mid\u0103 decorativ\u0103 \u201eTexas\u201d prezint\u0103 un concept de c\u0103r\u0103mid\u0103 folosit pe larg de britanici \u0219i irlandezi.Placarea cu c\u0103r\u0103mid\u0103 \u201eTexas\u201d se eviden\u021biaz\u0103 prin aspect inedit, dar \u0219i ofer\u0103 un plus de valoare arhitecturii obiectului. Forma u\u0219or bombat\u0103 \u0219i diversitatea structurii \u00eei permite jocului vizual volumetric, moderat prin sobrietatea ce se datoreaz\u0103 m\u0103rimilor identice ale pl\u0103cilor \u0219i culorii mai uniforme dec\u00e2t \u00een cazul celorlalte modele create de Luxconstruct. \u201eTexas\u201d este o c\u0103r\u0103mid\u0103 ob\u021binut\u0103 mecanizat, o c\u0103r\u0103mid\u0103 pentru lumea nou\u0103, pentru noile stiluri \u0219i abord\u0103ri de design \u0219i arhitectur\u0103.\" \/>\n<meta property=\"og:url\" content=\"https:\/\/decorstone.md\/ru\/product\/texas-cd-0503\/\" \/>\n<meta property=\"og:site_name\" content=\"Mobilier urban\" \/>\n<meta property=\"article:publisher\" content=\"https:\/\/www.facebook.com\/DecorStoneMD\/\" \/>\n<meta property=\"article:modified_time\" content=\"2025-09-25T05:43:23+00:00\" \/>\n<meta property=\"og:image\" content=\"https:\/\/decorstone.md\/wp-content\/uploads\/2024\/06\/TEXAS-CD-0503.jpg\" \/>\n\t<meta property=\"og:image:width\" content=\"800\" \/>\n\t<meta property=\"og:image:height\" content=\"800\" \/>\n\t<meta property=\"og:image:type\" content=\"image\/jpeg\" \/>\n<meta name=\"twitter:card\" content=\"summary_large_image\" \/>\n<meta name=\"twitter:label1\" content=\"\u041f\u0440\u0438\u043c\u0435\u0440\u043d\u043e\u0435 \u0432\u0440\u0435\u043c\u044f \u0434\u043b\u044f \u0447\u0442\u0435\u043d\u0438\u044f\" \/>\n\t<meta name=\"twitter:data1\" content=\"1 \u043c\u0438\u043d\u0443\u0442\u0430\" \/>\n<script type=\"application\/ld+json\" class=\"yoast-schema-graph\">{\"@context\":\"https:\/\/schema.org\",\"@graph\":[{\"@type\":\"WebPage\",\"@id\":\"https:\/\/decorstone.md\/product\/texas-cd-0503\/\",\"url\":\"https:\/\/decorstone.md\/product\/texas-cd-0503\/\",\"name\":\"TEXAS CD-0503 - Mobilier urban\",\"isPartOf\":{\"@id\":\"https:\/\/decorstone.md\/#website\"},\"datePublished\":\"2022-05-02T18:40:07+00:00\",\"dateModified\":\"2025-09-25T05:43:23+00:00\",\"breadcrumb\":{\"@id\":\"https:\/\/decorstone.md\/product\/texas-cd-0503\/#breadcrumb\"},\"inLanguage\":\"ru-RU\",\"potentialAction\":[{\"@type\":\"ReadAction\",\"target\":[\"https:\/\/decorstone.md\/product\/texas-cd-0503\/\"]}]},{\"@type\":\"BreadcrumbList\",\"@id\":\"https:\/\/decorstone.md\/product\/texas-cd-0503\/#breadcrumb\",\"itemListElement\":[{\"@type\":\"ListItem\",\"position\":1,\"name\":\"Produse\",\"item\":\"https:\/\/decorstone.md\/produse\/\"},{\"@type\":\"ListItem\",\"position\":2,\"name\":\"TEXAS CD-0503\"}]},{\"@type\":\"WebSite\",\"@id\":\"https:\/\/decorstone.md\/#website\",\"url\":\"https:\/\/decorstone.md\/\",\"name\":\"DecorStone - Mobilier Urban \u0219i Pavaje\",\"description\":\"Decorstone\",\"publisher\":{\"@id\":\"https:\/\/decorstone.md\/#organization\"},\"potentialAction\":[{\"@type\":\"SearchAction\",\"target\":{\"@type\":\"EntryPoint\",\"urlTemplate\":\"https:\/\/decorstone.md\/?s={search_term_string}\"},\"query-input\":\"required name=search_term_string\"}],\"inLanguage\":\"ru-RU\"},{\"@type\":\"Organization\",\"@id\":\"https:\/\/decorstone.md\/#organization\",\"name\":\"DecorStone\",\"url\":\"https:\/\/decorstone.md\/\",\"logo\":{\"@type\":\"ImageObject\",\"inLanguage\":\"ru-RU\",\"@id\":\"https:\/\/decorstone.md\/#\/schema\/logo\/image\/\",\"url\":\"https:\/\/decorstone.md\/wp-content\/uploads\/2025\/01\/Design-fara-titlu.png\",\"contentUrl\":\"https:\/\/decorstone.md\/wp-content\/uploads\/2025\/01\/Design-fara-titlu.png\",\"width\":2295,\"height\":2295,\"caption\":\"DecorStone\"},\"image\":{\"@id\":\"https:\/\/decorstone.md\/#\/schema\/logo\/image\/\"},\"sameAs\":[\"https:\/\/www.facebook.com\/DecorStoneMD\/\",\"https:\/\/www.instagram.com\/decorstonemd\/\"]}]}<\/script>\n<!-- \/ Yoast SEO Premium plugin. -->","yoast_head_json":{"title":"TEXAS CD-0503 - Mobilier urban","robots":{"index":"index","follow":"follow","max-snippet":"max-snippet:-1","max-image-preview":"max-image-preview:large","max-video-preview":"max-video-preview:-1"},"canonical":"https:\/\/decorstone.md\/ru\/product\/texas-cd-0503\/","og_locale":"ru_RU","og_type":"article","og_title":"TEXAS CD-0503 - Mobilier urban","og_description":"Greutate 1 m2= 25 kg O cutie = 1 m2 Nr. de pietre \u00eentr-un m2 = 85 Modelul de c\u0103r\u0103mid\u0103 decorativ\u0103 \u201eTexas\u201d prezint\u0103 un concept de c\u0103r\u0103mid\u0103 folosit pe larg de britanici \u0219i irlandezi.Placarea cu c\u0103r\u0103mid\u0103 \u201eTexas\u201d se eviden\u021biaz\u0103 prin aspect inedit, dar \u0219i ofer\u0103 un plus de valoare arhitecturii obiectului. Forma u\u0219or bombat\u0103 \u0219i diversitatea structurii \u00eei permite jocului vizual volumetric, moderat prin sobrietatea ce se datoreaz\u0103 m\u0103rimilor identice ale pl\u0103cilor \u0219i culorii mai uniforme dec\u00e2t \u00een cazul celorlalte modele create de Luxconstruct. \u201eTexas\u201d este o c\u0103r\u0103mid\u0103 ob\u021binut\u0103 mecanizat, o c\u0103r\u0103mid\u0103 pentru lumea nou\u0103, pentru noile stiluri \u0219i abord\u0103ri de design \u0219i arhitectur\u0103.","og_url":"https:\/\/decorstone.md\/ru\/product\/texas-cd-0503\/","og_site_name":"Mobilier urban","article_publisher":"https:\/\/www.facebook.com\/DecorStoneMD\/","article_modified_time":"2025-09-25T05:43:23+00:00","og_image":[{"width":800,"height":800,"url":"https:\/\/decorstone.md\/wp-content\/uploads\/2024\/06\/TEXAS-CD-0503.jpg","type":"image\/jpeg"}],"twitter_card":"summary_large_image","twitter_misc":{"\u041f\u0440\u0438\u043c\u0435\u0440\u043d\u043e\u0435 \u0432\u0440\u0435\u043c\u044f \u0434\u043b\u044f \u0447\u0442\u0435\u043d\u0438\u044f":"1 \u043c\u0438\u043d\u0443\u0442\u0430"},"schema":{"@context":"https:\/\/schema.org","@graph":[{"@type":"WebPage","@id":"https:\/\/decorstone.md\/product\/texas-cd-0503\/","url":"https:\/\/decorstone.md\/product\/texas-cd-0503\/","name":"TEXAS CD-0503 - Mobilier urban","isPartOf":{"@id":"https:\/\/decorstone.md\/#website"},"datePublished":"2022-05-02T18:40:07+00:00","dateModified":"2025-09-25T05:43:23+00:00","breadcrumb":{"@id":"https:\/\/decorstone.md\/product\/texas-cd-0503\/#breadcrumb"},"inLanguage":"ru-RU","potentialAction":[{"@type":"ReadAction","target":["https:\/\/decorstone.md\/product\/texas-cd-0503\/"]}]},{"@type":"BreadcrumbList","@id":"https:\/\/decorstone.md\/product\/texas-cd-0503\/#breadcrumb","itemListElement":[{"@type":"ListItem","position":1,"name":"Produse","item":"https:\/\/decorstone.md\/produse\/"},{"@type":"ListItem","position":2,"name":"TEXAS CD-0503"}]},{"@type":"WebSite","@id":"https:\/\/decorstone.md\/#website","url":"https:\/\/decorstone.md\/","name":"DecorStone - Mobilier Urban \u0219i Pavaje","description":"Decorstone","publisher":{"@id":"https:\/\/decorstone.md\/#organization"},"potentialAction":[{"@type":"SearchAction","target":{"@type":"EntryPoint","urlTemplate":"https:\/\/decorstone.md\/?s={search_term_string}"},"query-input":"required name=search_term_string"}],"inLanguage":"ru-RU"},{"@type":"Organization","@id":"https:\/\/decorstone.md\/#organization","name":"DecorStone","url":"https:\/\/decorstone.md\/","logo":{"@type":"ImageObject","inLanguage":"ru-RU","@id":"https:\/\/decorstone.md\/#\/schema\/logo\/image\/","url":"https:\/\/decorstone.md\/wp-content\/uploads\/2025\/01\/Design-fara-titlu.png","contentUrl":"https:\/\/decorstone.md\/wp-content\/uploads\/2025\/01\/Design-fara-titlu.png","width":2295,"height":2295,"caption":"DecorStone"},"image":{"@id":"https:\/\/decorstone.md\/#\/schema\/logo\/image\/"},"sameAs":["https:\/\/www.facebook.com\/DecorStoneMD\/","https:\/\/www.instagram.com\/decorstonemd\/"]}]}},"_links":{"self":[{"href":"https:\/\/decorstone.md\/ru\/wp-json\/wp\/v2\/product\/2704"}],"collection":[{"href":"https:\/\/decorstone.md\/ru\/wp-json\/wp\/v2\/product"}],"about":[{"href":"https:\/\/decorstone.md\/ru\/wp-json\/wp\/v2\/types\/product"}],"replies":[{"embeddable":true,"href":"https:\/\/decorstone.md\/ru\/wp-json\/wp\/v2\/comments?post=2704"}],"wp:featuredmedia":[{"embeddable":true,"href":"https:\/\/decorstone.md\/ru\/wp-json\/wp\/v2\/media\/198"}],"wp:attachment":[{"href":"https:\/\/decorstone.md\/ru\/wp-json\/wp\/v2\/media?parent=2704"}],"wp:term":[{"taxonomy":"product_cat","embeddable":true,"href":"https:\/\/decorstone.md\/ru\/wp-json\/wp\/v2\/product_cat?post=2704"},{"taxonomy":"product_tag","embeddable":true,"href":"https:\/\/decorstone.md\/ru\/wp-json\/wp\/v2\/product_tag?post=2704"}],"curies":[{"name":"wp","href":"https:\/\/api.w.org\/{rel}","templated":true}]}}