{"id":2715,"date":"2022-05-25T07:29:18","date_gmt":"2022-05-25T07:29:18","guid":{"rendered":"https:\/\/decorstone.md\/product\/cubbo\/"},"modified":"2026-02-24T16:17:15","modified_gmt":"2026-02-24T14:17:15","slug":"cubbo","status":"publish","type":"product","link":"https:\/\/decorstone.md\/ru\/product\/\u043a\u0443\u0431\u0431\u043e\/","title":{"rendered":"\u041a\u0443\u0431\u0431\u043e"},"content":{"rendered":"","protected":false},"excerpt":{"rendered":"<p><span style=\"font-weight: 400;\">CUBBO \u0432\u0445\u043e\u0434\u0438\u0442 \u0432 \u043a\u043e\u043b\u043b\u0435\u043a\u0446\u0438\u044e \u043a\u0430\u0448\u043f\u043e INDUSTRIAL \u0438 \u0432\u044b\u0434\u0435\u043b\u044f\u0435\u0442\u0441\u044f \u0442\u043e\u0447\u043d\u043e\u0441\u0442\u044c\u044e \u0441\u0442\u043e\u0440\u043e\u043d \u0438, \u043f\u043e-\u0432\u0438\u0434\u0438\u043c\u043e\u043c\u0443, \u043e\u0442\u0441\u0443\u0442\u0441\u0442\u0432\u0438\u0435\u043c \u00ab\u0438\u0441\u0442\u043e\u0440\u0438\u0438\u00bb. \u041f\u0440\u043e\u0441\u0442\u043e \u043a\u043e\u0433\u0434\u0430 \u0432\u044b \u0432\u043d\u043e\u0441\u0438\u0442\u0435 \u044d\u0442\u043e\u0442 \u0433\u043e\u0440\u0448\u043e\u043a \u0432 \u0438\u043d\u0442\u0435\u0440\u044c\u0435\u0440, \u043e\u043d \u0441\u043e\u0437\u0434\u0430\u0435\u0442 \u0438\u0441\u0442\u043e\u0440\u0438\u044e.<\/span><\/p>","protected":false},"featured_media":5327,"comment_status":"closed","ping_status":"closed","template":"","meta":{"bwfblock_default_font":"","inline_featured_image":false},"product_cat":[33,206,36,314],"product_tag":[],"class_list":{"0":"post-2715","1":"product","2":"type-product","3":"status-publish","4":"has-post-thumbnail","6":"product_cat-ghivece","7":"product_cat-ghivece-urban-22","8":"product_cat-urban-22","9":"product_cat-ghivece-urban","10":"pa_culori-antracite","11":"pa_culori-grey","12":"pa_culori-iron-stone","13":"pa_culori-teracota","14":"pa_culori-white-grey","15":"pa_dimensiuni-200mm-x-200mm-x-200mm","16":"pa_dimensiuni-300mm-x-300mm-x-300mm","17":"pa_dimensiuni-400mm-x-400mm-x-400mm","18":"pa_dimensiuni-500mm-x-500mm-x-500mm","19":"pa_dimensiuni-600mm-x-600mm-x-600mm","20":"pa_dimensiuni-800mm-x-800mm-x-800mm","22":"first","23":"instock","24":"purchasable","25":"product-type-variable"},"acf":[],"yoast_head":"<!-- This site is optimized with the Yoast SEO Premium plugin v22.1 (Yoast SEO v22.1) - https:\/\/yoast.com\/wordpress\/plugins\/seo\/ -->\n<title>Cubbo - Mobilier urban<\/title>\n<meta name=\"robots\" content=\"index, follow, max-snippet:-1, max-image-preview:large, max-video-preview:-1\" \/>\n<link rel=\"canonical\" href=\"https:\/\/decorstone.md\/ru\/product\/\u043a\u0443\u0431\u0431\u043e\/\" \/>\n<meta property=\"og:locale\" content=\"ru_RU\" \/>\n<meta property=\"og:type\" content=\"article\" \/>\n<meta property=\"og:title\" content=\"Cubbo - Mobilier urban\" \/>\n<meta property=\"og:description\" content=\"CUBBO face parte din colec\u021bia de ghivece INDUSTRIALE \u0219i se remarc\u0103 prin exactitatea laturilor \u0219i, aparent, prin lipsa unei \u201epove\u0219ti\u201d. Doar c\u0103, atunci c\u00e2nd aduci acest ghiveci \u00eentr-un interior, el creeaz\u0103 povestea.\" \/>\n<meta property=\"og:url\" content=\"https:\/\/decorstone.md\/ru\/product\/\u043a\u0443\u0431\u0431\u043e\/\" \/>\n<meta property=\"og:site_name\" content=\"Mobilier urban\" \/>\n<meta property=\"article:publisher\" content=\"https:\/\/www.facebook.com\/DecorStoneMD\/\" \/>\n<meta property=\"article:modified_time\" content=\"2026-02-24T14:17:15+00:00\" \/>\n<meta property=\"og:image\" content=\"https:\/\/decorstone.md\/wp-content\/uploads\/2022\/05\/3._CUBBO_400_001_0000_Post.jpg\" \/>\n\t<meta property=\"og:image:width\" content=\"1800\" \/>\n\t<meta property=\"og:image:height\" content=\"1440\" \/>\n\t<meta property=\"og:image:type\" content=\"image\/jpeg\" \/>\n<meta name=\"twitter:card\" content=\"summary_large_image\" \/>\n<meta name=\"twitter:label1\" content=\"\u041f\u0440\u0438\u043c\u0435\u0440\u043d\u043e\u0435 \u0432\u0440\u0435\u043c\u044f \u0434\u043b\u044f \u0447\u0442\u0435\u043d\u0438\u044f\" \/>\n\t<meta name=\"twitter:data1\" content=\"1 \u043c\u0438\u043d\u0443\u0442\u0430\" \/>\n<script type=\"application\/ld+json\" class=\"yoast-schema-graph\">{\"@context\":\"https:\/\/schema.org\",\"@graph\":[{\"@type\":\"WebPage\",\"@id\":\"https:\/\/decorstone.md\/product\/cubbo\/\",\"url\":\"https:\/\/decorstone.md\/product\/cubbo\/\",\"name\":\"Cubbo - Mobilier urban\",\"isPartOf\":{\"@id\":\"https:\/\/decorstone.md\/#website\"},\"datePublished\":\"2022-05-25T07:29:18+00:00\",\"dateModified\":\"2026-02-24T14:17:15+00:00\",\"breadcrumb\":{\"@id\":\"https:\/\/decorstone.md\/product\/cubbo\/#breadcrumb\"},\"inLanguage\":\"ru-RU\",\"potentialAction\":[{\"@type\":\"ReadAction\",\"target\":[\"https:\/\/decorstone.md\/product\/cubbo\/\"]}]},{\"@type\":\"BreadcrumbList\",\"@id\":\"https:\/\/decorstone.md\/product\/cubbo\/#breadcrumb\",\"itemListElement\":[{\"@type\":\"ListItem\",\"position\":1,\"name\":\"Produse\",\"item\":\"https:\/\/decorstone.md\/produse\/\"},{\"@type\":\"ListItem\",\"position\":2,\"name\":\"Cubbo\"}]},{\"@type\":\"WebSite\",\"@id\":\"https:\/\/decorstone.md\/#website\",\"url\":\"https:\/\/decorstone.md\/\",\"name\":\"DecorStone - Mobilier Urban \u0219i Pavaje\",\"description\":\"Decorstone\",\"publisher\":{\"@id\":\"https:\/\/decorstone.md\/#organization\"},\"potentialAction\":[{\"@type\":\"SearchAction\",\"target\":{\"@type\":\"EntryPoint\",\"urlTemplate\":\"https:\/\/decorstone.md\/?s={search_term_string}\"},\"query-input\":\"required name=search_term_string\"}],\"inLanguage\":\"ru-RU\"},{\"@type\":\"Organization\",\"@id\":\"https:\/\/decorstone.md\/#organization\",\"name\":\"DecorStone\",\"url\":\"https:\/\/decorstone.md\/\",\"logo\":{\"@type\":\"ImageObject\",\"inLanguage\":\"ru-RU\",\"@id\":\"https:\/\/decorstone.md\/#\/schema\/logo\/image\/\",\"url\":\"https:\/\/decorstone.md\/wp-content\/uploads\/2025\/01\/Design-fara-titlu.png\",\"contentUrl\":\"https:\/\/decorstone.md\/wp-content\/uploads\/2025\/01\/Design-fara-titlu.png\",\"width\":2295,\"height\":2295,\"caption\":\"DecorStone\"},\"image\":{\"@id\":\"https:\/\/decorstone.md\/#\/schema\/logo\/image\/\"},\"sameAs\":[\"https:\/\/www.facebook.com\/DecorStoneMD\/\",\"https:\/\/www.instagram.com\/decorstonemd\/\"]}]}<\/script>\n<!-- \/ Yoast SEO Premium plugin. -->","yoast_head_json":{"title":"Cubbo - Mobilier urban","robots":{"index":"index","follow":"follow","max-snippet":"max-snippet:-1","max-image-preview":"max-image-preview:large","max-video-preview":"max-video-preview:-1"},"canonical":"https:\/\/decorstone.md\/ru\/product\/\u043a\u0443\u0431\u0431\u043e\/","og_locale":"ru_RU","og_type":"article","og_title":"Cubbo - Mobilier urban","og_description":"CUBBO face parte din colec\u021bia de ghivece INDUSTRIALE \u0219i se remarc\u0103 prin exactitatea laturilor \u0219i, aparent, prin lipsa unei \u201epove\u0219ti\u201d. Doar c\u0103, atunci c\u00e2nd aduci acest ghiveci \u00eentr-un interior, el creeaz\u0103 povestea.","og_url":"https:\/\/decorstone.md\/ru\/product\/\u043a\u0443\u0431\u0431\u043e\/","og_site_name":"Mobilier urban","article_publisher":"https:\/\/www.facebook.com\/DecorStoneMD\/","article_modified_time":"2026-02-24T14:17:15+00:00","og_image":[{"width":1800,"height":1440,"url":"https:\/\/decorstone.md\/wp-content\/uploads\/2022\/05\/3._CUBBO_400_001_0000_Post.jpg","type":"image\/jpeg"}],"twitter_card":"summary_large_image","twitter_misc":{"\u041f\u0440\u0438\u043c\u0435\u0440\u043d\u043e\u0435 \u0432\u0440\u0435\u043c\u044f \u0434\u043b\u044f \u0447\u0442\u0435\u043d\u0438\u044f":"1 \u043c\u0438\u043d\u0443\u0442\u0430"},"schema":{"@context":"https:\/\/schema.org","@graph":[{"@type":"WebPage","@id":"https:\/\/decorstone.md\/product\/cubbo\/","url":"https:\/\/decorstone.md\/product\/cubbo\/","name":"Cubbo - Mobilier urban","isPartOf":{"@id":"https:\/\/decorstone.md\/#website"},"datePublished":"2022-05-25T07:29:18+00:00","dateModified":"2026-02-24T14:17:15+00:00","breadcrumb":{"@id":"https:\/\/decorstone.md\/product\/cubbo\/#breadcrumb"},"inLanguage":"ru-RU","potentialAction":[{"@type":"ReadAction","target":["https:\/\/decorstone.md\/product\/cubbo\/"]}]},{"@type":"BreadcrumbList","@id":"https:\/\/decorstone.md\/product\/cubbo\/#breadcrumb","itemListElement":[{"@type":"ListItem","position":1,"name":"Produse","item":"https:\/\/decorstone.md\/produse\/"},{"@type":"ListItem","position":2,"name":"Cubbo"}]},{"@type":"WebSite","@id":"https:\/\/decorstone.md\/#website","url":"https:\/\/decorstone.md\/","name":"DecorStone - Mobilier Urban \u0219i Pavaje","description":"Decorstone","publisher":{"@id":"https:\/\/decorstone.md\/#organization"},"potentialAction":[{"@type":"SearchAction","target":{"@type":"EntryPoint","urlTemplate":"https:\/\/decorstone.md\/?s={search_term_string}"},"query-input":"required name=search_term_string"}],"inLanguage":"ru-RU"},{"@type":"Organization","@id":"https:\/\/decorstone.md\/#organization","name":"DecorStone","url":"https:\/\/decorstone.md\/","logo":{"@type":"ImageObject","inLanguage":"ru-RU","@id":"https:\/\/decorstone.md\/#\/schema\/logo\/image\/","url":"https:\/\/decorstone.md\/wp-content\/uploads\/2025\/01\/Design-fara-titlu.png","contentUrl":"https:\/\/decorstone.md\/wp-content\/uploads\/2025\/01\/Design-fara-titlu.png","width":2295,"height":2295,"caption":"DecorStone"},"image":{"@id":"https:\/\/decorstone.md\/#\/schema\/logo\/image\/"},"sameAs":["https:\/\/www.facebook.com\/DecorStoneMD\/","https:\/\/www.instagram.com\/decorstonemd\/"]}]}},"_links":{"self":[{"href":"https:\/\/decorstone.md\/ru\/wp-json\/wp\/v2\/product\/2715"}],"collection":[{"href":"https:\/\/decorstone.md\/ru\/wp-json\/wp\/v2\/product"}],"about":[{"href":"https:\/\/decorstone.md\/ru\/wp-json\/wp\/v2\/types\/product"}],"replies":[{"embeddable":true,"href":"https:\/\/decorstone.md\/ru\/wp-json\/wp\/v2\/comments?post=2715"}],"wp:featuredmedia":[{"embeddable":true,"href":"https:\/\/decorstone.md\/ru\/wp-json\/wp\/v2\/media\/5327"}],"wp:attachment":[{"href":"https:\/\/decorstone.md\/ru\/wp-json\/wp\/v2\/media?parent=2715"}],"wp:term":[{"taxonomy":"product_cat","embeddable":true,"href":"https:\/\/decorstone.md\/ru\/wp-json\/wp\/v2\/product_cat?post=2715"},{"taxonomy":"product_tag","embeddable":true,"href":"https:\/\/decorstone.md\/ru\/wp-json\/wp\/v2\/product_tag?post=2715"}],"curies":[{"name":"wp","href":"https:\/\/api.w.org\/{rel}","templated":true}]}}