{"id":2758,"date":"2022-05-27T10:51:32","date_gmt":"2022-05-27T10:51:32","guid":{"rendered":"https:\/\/decorstone.md\/product\/cilindru\/"},"modified":"2025-06-19T16:27:42","modified_gmt":"2025-06-19T13:27:42","slug":"cilindru","status":"publish","type":"product","link":"https:\/\/decorstone.md\/ru\/product\/\u0446\u0438\u043b\u0438\u043d\u0434\u0440\/","title":{"rendered":"\u0426\u0438\u043b\u0438\u043d\u0434\u0440"},"content":{"rendered":"","protected":false},"excerpt":{"rendered":"<p style=\"text-align: justify;\"><span style=\"font-weight: 400;\">\u0418\u043c\u0435\u044f \u0441\u043b\u0435\u0433\u043a\u0430 \u043d\u0435\u043e\u0431\u0440\u0430\u0431\u043e\u0442\u0430\u043d\u043d\u0443\u044e \u0442\u0435\u043a\u0441\u0442\u0443\u0440\u0443, \u0447\u0442\u043e\u0431\u044b \u043f\u0440\u043e\u0441\u043c\u0430\u0442\u0440\u0438\u0432\u0430\u043b\u0430\u0441\u044c \u043f\u043e\u0440\u0438\u0441\u0442\u043e\u0441\u0442\u044c \u043c\u0430\u0442\u0435\u0440\u0438\u0430\u043b\u0430 \u0438\u043b\u0438 \u0438\u0433\u0440\u0430 \u043e\u0442\u0442\u0435\u043d\u043a\u043e\u0432, \u044d\u0442\u0438 \u0433\u043e\u0440\u0448\u043a\u0438 \u043f\u0440\u0435\u043a\u0440\u0430\u0441\u043d\u043e \u0432\u043f\u0438\u0441\u044b\u0432\u0430\u044e\u0442\u0441\u044f \u0432 \u041b\u041e\u0424\u0422-\u0438\u043d\u0442\u0435\u0440\u044c\u0435\u0440\u044b, \u00ab\u043e\u0431\u0449\u0430\u044f\u0441\u044c\u00bb \u043a\u0430\u043a \u0441 \u0442\u0435\u043f\u043b\u044b\u043c\u0438 \u043e\u0442\u0442\u0435\u043d\u043a\u0430\u043c\u0438 \u0441\u0435\u0440\u043e\u0433\u043e, \u0442\u0430\u043a \u0438 \u0441 \u0434\u0435\u0440\u0435\u0432\u044f\u043d\u043d\u043e\u0439 \u0444\u0430\u043a\u0442\u0443\u0440\u043e\u0439 \u0438\u043b\u0438 \u0432\u043d\u0435\u0448\u043d\u0438\u043c \u0432\u0438\u0434\u043e\u043c \u043a\u0438\u0440\u043f\u0438\u0447\u0430.<\/span><\/p>","protected":false},"featured_media":3816,"comment_status":"closed","ping_status":"closed","template":"","meta":{"bwfblock_default_font":"","inline_featured_image":false},"product_cat":[33,206,36,314],"product_tag":[],"class_list":{"0":"post-2758","1":"product","2":"type-product","3":"status-publish","4":"has-post-thumbnail","6":"product_cat-ghivece","7":"product_cat-ghivece-urban-22","8":"product_cat-urban-22","9":"product_cat-ghivece-urban","10":"pa_culori-antracite","11":"pa_culori-grey","12":"pa_culori-iron-stone","13":"pa_culori-teracota","14":"pa_culori-white-grey","15":"pa_dimensiuni-d1200mm-x-h500mm","16":"pa_dimensiuni-d150mm-x-h300mm","17":"pa_dimensiuni-d200mm-x-h200mm","18":"pa_dimensiuni-d300mm-x-h300mm","19":"pa_dimensiuni-d400mm-x-h450mm","20":"pa_dimensiuni-d450mm-x-h690mm","21":"pa_dimensiuni-d500mm-x-h500mm","22":"pa_dimensiuni-d500mm-x-h700mm","24":"first","25":"instock","26":"purchasable","27":"product-type-variable"},"acf":[],"yoast_head":"<!-- This site is optimized with the Yoast SEO Premium plugin v22.1 (Yoast SEO v22.1) - https:\/\/yoast.com\/wordpress\/plugins\/seo\/ -->\n<title>Cilindru - Mobilier urban<\/title>\n<meta name=\"robots\" content=\"index, follow, max-snippet:-1, max-image-preview:large, max-video-preview:-1\" \/>\n<link rel=\"canonical\" href=\"https:\/\/decorstone.md\/ru\/product\/\u0446\u0438\u043b\u0438\u043d\u0434\u0440\/\" \/>\n<meta property=\"og:locale\" content=\"ru_RU\" \/>\n<meta property=\"og:type\" content=\"article\" \/>\n<meta property=\"og:title\" content=\"Cilindru - Mobilier urban\" \/>\n<meta property=\"og:description\" content=\"Cu textur\u0103 u\u0219or nefinisat\u0103,astfel \u00eenc\u00e2t s\u0103 se observe porozitarea materialului sau jocul de nuan\u021b\u0103, aceste ghivece se potrivesc perfect \u00een interioare tip LOFT, \u201ecomunic\u00e2nd\u201d at\u00e2t cu nuan\u021bele calde de gri, c\u00e2t \u0219i cu textura lemnoas\u0103 sau aspectul de c\u0103r\u0103mid\u0103.\" \/>\n<meta property=\"og:url\" content=\"https:\/\/decorstone.md\/ru\/product\/\u0446\u0438\u043b\u0438\u043d\u0434\u0440\/\" \/>\n<meta property=\"og:site_name\" content=\"Mobilier urban\" \/>\n<meta property=\"article:publisher\" content=\"https:\/\/www.facebook.com\/DecorStoneMD\/\" \/>\n<meta property=\"article:modified_time\" content=\"2025-06-19T13:27:42+00:00\" \/>\n<meta property=\"og:image\" content=\"https:\/\/decorstone.md\/wp-content\/uploads\/2022\/05\/galerie3-1-scaled.jpg\" \/>\n\t<meta property=\"og:image:width\" content=\"1707\" \/>\n\t<meta property=\"og:image:height\" content=\"2560\" \/>\n\t<meta property=\"og:image:type\" content=\"image\/jpeg\" \/>\n<meta name=\"twitter:card\" content=\"summary_large_image\" \/>\n<meta name=\"twitter:label1\" content=\"\u041f\u0440\u0438\u043c\u0435\u0440\u043d\u043e\u0435 \u0432\u0440\u0435\u043c\u044f \u0434\u043b\u044f \u0447\u0442\u0435\u043d\u0438\u044f\" \/>\n\t<meta name=\"twitter:data1\" content=\"1 \u043c\u0438\u043d\u0443\u0442\u0430\" \/>\n<script type=\"application\/ld+json\" class=\"yoast-schema-graph\">{\"@context\":\"https:\/\/schema.org\",\"@graph\":[{\"@type\":\"WebPage\",\"@id\":\"https:\/\/decorstone.md\/product\/cilindru\/\",\"url\":\"https:\/\/decorstone.md\/product\/cilindru\/\",\"name\":\"Cilindru - Mobilier urban\",\"isPartOf\":{\"@id\":\"https:\/\/decorstone.md\/#website\"},\"datePublished\":\"2022-05-27T10:51:32+00:00\",\"dateModified\":\"2025-06-19T13:27:42+00:00\",\"breadcrumb\":{\"@id\":\"https:\/\/decorstone.md\/product\/cilindru\/#breadcrumb\"},\"inLanguage\":\"ru-RU\",\"potentialAction\":[{\"@type\":\"ReadAction\",\"target\":[\"https:\/\/decorstone.md\/product\/cilindru\/\"]}]},{\"@type\":\"BreadcrumbList\",\"@id\":\"https:\/\/decorstone.md\/product\/cilindru\/#breadcrumb\",\"itemListElement\":[{\"@type\":\"ListItem\",\"position\":1,\"name\":\"Produse\",\"item\":\"https:\/\/decorstone.md\/produse\/\"},{\"@type\":\"ListItem\",\"position\":2,\"name\":\"Cilindru\"}]},{\"@type\":\"WebSite\",\"@id\":\"https:\/\/decorstone.md\/#website\",\"url\":\"https:\/\/decorstone.md\/\",\"name\":\"DecorStone - Mobilier Urban \u0219i Pavaje\",\"description\":\"Decorstone\",\"publisher\":{\"@id\":\"https:\/\/decorstone.md\/#organization\"},\"potentialAction\":[{\"@type\":\"SearchAction\",\"target\":{\"@type\":\"EntryPoint\",\"urlTemplate\":\"https:\/\/decorstone.md\/?s={search_term_string}\"},\"query-input\":\"required name=search_term_string\"}],\"inLanguage\":\"ru-RU\"},{\"@type\":\"Organization\",\"@id\":\"https:\/\/decorstone.md\/#organization\",\"name\":\"DecorStone\",\"url\":\"https:\/\/decorstone.md\/\",\"logo\":{\"@type\":\"ImageObject\",\"inLanguage\":\"ru-RU\",\"@id\":\"https:\/\/decorstone.md\/#\/schema\/logo\/image\/\",\"url\":\"https:\/\/decorstone.md\/wp-content\/uploads\/2025\/01\/Design-fara-titlu.png\",\"contentUrl\":\"https:\/\/decorstone.md\/wp-content\/uploads\/2025\/01\/Design-fara-titlu.png\",\"width\":2295,\"height\":2295,\"caption\":\"DecorStone\"},\"image\":{\"@id\":\"https:\/\/decorstone.md\/#\/schema\/logo\/image\/\"},\"sameAs\":[\"https:\/\/www.facebook.com\/DecorStoneMD\/\",\"https:\/\/www.instagram.com\/decorstonemd\/\"]}]}<\/script>\n<!-- \/ Yoast SEO Premium plugin. -->","yoast_head_json":{"title":"Cilindru - Mobilier urban","robots":{"index":"index","follow":"follow","max-snippet":"max-snippet:-1","max-image-preview":"max-image-preview:large","max-video-preview":"max-video-preview:-1"},"canonical":"https:\/\/decorstone.md\/ru\/product\/\u0446\u0438\u043b\u0438\u043d\u0434\u0440\/","og_locale":"ru_RU","og_type":"article","og_title":"Cilindru - Mobilier urban","og_description":"Cu textur\u0103 u\u0219or nefinisat\u0103,astfel \u00eenc\u00e2t s\u0103 se observe porozitarea materialului sau jocul de nuan\u021b\u0103, aceste ghivece se potrivesc perfect \u00een interioare tip LOFT, \u201ecomunic\u00e2nd\u201d at\u00e2t cu nuan\u021bele calde de gri, c\u00e2t \u0219i cu textura lemnoas\u0103 sau aspectul de c\u0103r\u0103mid\u0103.","og_url":"https:\/\/decorstone.md\/ru\/product\/\u0446\u0438\u043b\u0438\u043d\u0434\u0440\/","og_site_name":"Mobilier urban","article_publisher":"https:\/\/www.facebook.com\/DecorStoneMD\/","article_modified_time":"2025-06-19T13:27:42+00:00","og_image":[{"width":1707,"height":2560,"url":"https:\/\/decorstone.md\/wp-content\/uploads\/2022\/05\/galerie3-1-scaled.jpg","type":"image\/jpeg"}],"twitter_card":"summary_large_image","twitter_misc":{"\u041f\u0440\u0438\u043c\u0435\u0440\u043d\u043e\u0435 \u0432\u0440\u0435\u043c\u044f \u0434\u043b\u044f \u0447\u0442\u0435\u043d\u0438\u044f":"1 \u043c\u0438\u043d\u0443\u0442\u0430"},"schema":{"@context":"https:\/\/schema.org","@graph":[{"@type":"WebPage","@id":"https:\/\/decorstone.md\/product\/cilindru\/","url":"https:\/\/decorstone.md\/product\/cilindru\/","name":"Cilindru - Mobilier urban","isPartOf":{"@id":"https:\/\/decorstone.md\/#website"},"datePublished":"2022-05-27T10:51:32+00:00","dateModified":"2025-06-19T13:27:42+00:00","breadcrumb":{"@id":"https:\/\/decorstone.md\/product\/cilindru\/#breadcrumb"},"inLanguage":"ru-RU","potentialAction":[{"@type":"ReadAction","target":["https:\/\/decorstone.md\/product\/cilindru\/"]}]},{"@type":"BreadcrumbList","@id":"https:\/\/decorstone.md\/product\/cilindru\/#breadcrumb","itemListElement":[{"@type":"ListItem","position":1,"name":"Produse","item":"https:\/\/decorstone.md\/produse\/"},{"@type":"ListItem","position":2,"name":"Cilindru"}]},{"@type":"WebSite","@id":"https:\/\/decorstone.md\/#website","url":"https:\/\/decorstone.md\/","name":"DecorStone - Mobilier Urban \u0219i Pavaje","description":"Decorstone","publisher":{"@id":"https:\/\/decorstone.md\/#organization"},"potentialAction":[{"@type":"SearchAction","target":{"@type":"EntryPoint","urlTemplate":"https:\/\/decorstone.md\/?s={search_term_string}"},"query-input":"required name=search_term_string"}],"inLanguage":"ru-RU"},{"@type":"Organization","@id":"https:\/\/decorstone.md\/#organization","name":"DecorStone","url":"https:\/\/decorstone.md\/","logo":{"@type":"ImageObject","inLanguage":"ru-RU","@id":"https:\/\/decorstone.md\/#\/schema\/logo\/image\/","url":"https:\/\/decorstone.md\/wp-content\/uploads\/2025\/01\/Design-fara-titlu.png","contentUrl":"https:\/\/decorstone.md\/wp-content\/uploads\/2025\/01\/Design-fara-titlu.png","width":2295,"height":2295,"caption":"DecorStone"},"image":{"@id":"https:\/\/decorstone.md\/#\/schema\/logo\/image\/"},"sameAs":["https:\/\/www.facebook.com\/DecorStoneMD\/","https:\/\/www.instagram.com\/decorstonemd\/"]}]}},"_links":{"self":[{"href":"https:\/\/decorstone.md\/ru\/wp-json\/wp\/v2\/product\/2758"}],"collection":[{"href":"https:\/\/decorstone.md\/ru\/wp-json\/wp\/v2\/product"}],"about":[{"href":"https:\/\/decorstone.md\/ru\/wp-json\/wp\/v2\/types\/product"}],"replies":[{"embeddable":true,"href":"https:\/\/decorstone.md\/ru\/wp-json\/wp\/v2\/comments?post=2758"}],"wp:featuredmedia":[{"embeddable":true,"href":"https:\/\/decorstone.md\/ru\/wp-json\/wp\/v2\/media\/3816"}],"wp:attachment":[{"href":"https:\/\/decorstone.md\/ru\/wp-json\/wp\/v2\/media?parent=2758"}],"wp:term":[{"taxonomy":"product_cat","embeddable":true,"href":"https:\/\/decorstone.md\/ru\/wp-json\/wp\/v2\/product_cat?post=2758"},{"taxonomy":"product_tag","embeddable":true,"href":"https:\/\/decorstone.md\/ru\/wp-json\/wp\/v2\/product_tag?post=2758"}],"curies":[{"name":"wp","href":"https:\/\/api.w.org\/{rel}","templated":true}]}}