{"id":2827,"date":"2022-05-31T21:48:30","date_gmt":"2022-05-31T21:48:30","guid":{"rendered":"https:\/\/decorstone.md\/product\/banca-de-beton-cu-speteaza-din-lemn-si-ghiveci\/"},"modified":"2026-02-06T15:37:02","modified_gmt":"2026-02-06T13:37:02","slug":"banca-de-beton-cu-speteaza-din-lemn-si-ghiveci","status":"publish","type":"product","link":"https:\/\/decorstone.md\/ru\/product\/\u0431\u0435\u0442\u043e\u043d\u043d\u0430\u044f-\u0441\u043a\u0430\u043c\u0435\u0439\u043a\u0430-\u0441-\u0434\u0435\u0440\u0435\u0432\u044f\u043d\u043d\u044b\u043c\u0438-\u0441\u043f\u0438\u043d\/","title":{"rendered":"\u0411\u0435\u0442\u043e\u043d\u043d\u0430\u044f \u0441\u043a\u0430\u043c\u0435\u0439\u043a\u0430 \u0441 \u0434\u0435\u0440\u0435\u0432\u044f\u043d\u043d\u044b\u043c\u0438 \u0441\u043f\u0438\u043d\u043a\u0430\u043c\u0438 \u0438 \u0433\u043e\u0440\u0448\u043a\u0430\u043c\u0438"},"content":{"rendered":"","protected":false},"excerpt":{"rendered":"<p><span style=\"font-weight: 400;\">\u0421\u043a\u0430\u043c\u0435\u0439\u043a\u0438 \u0438\u0437 \u0444\u0438\u0431\u0440\u043e\u0446\u0435\u043c\u0435\u043d\u0442\u0430 \u0441\u043e \u0441\u043f\u0438\u043d\u043a\u043e\u0439 \u044f\u0432\u043b\u044f\u044e\u0442\u0441\u044f \u043e\u043f\u0442\u0438\u043c\u0430\u043b\u044c\u043d\u044b\u043c \u0432\u0430\u0440\u0438\u0430\u043d\u0442\u043e\u043c \u0434\u043b\u044f \u043e\u0431\u0449\u0435\u0441\u0442\u0432\u0435\u043d\u043d\u044b\u0445 \u043c\u0435\u0441\u0442 \u0431\u043b\u0430\u0433\u043e\u0434\u0430\u0440\u044f \u0443\u0434\u043e\u0431\u0441\u0442\u0432\u0443 \u0434\u0435\u0440\u0435\u0432\u044f\u043d\u043d\u044b\u0445 \u0441\u043f\u0438\u043d\u043e\u043a. \u041f\u0440\u0438 \u0438\u0445 \u0441\u0431\u043e\u0440\u043a\u0435 \u0438\u0441\u043f\u043e\u043b\u044c\u0437\u0443\u0435\u0442\u0441\u044f \u0434\u0440\u0435\u0432\u0435\u0441\u0438\u043d\u0430 \u0442\u043e\u043b\u0449\u0438\u043d\u043e\u0439 40 \u043c\u043c, \u0447\u0442\u043e \u043e\u0431\u0435\u0441\u043f\u0435\u0447\u0438\u0432\u0430\u0435\u0442 \u0434\u043e\u043b\u0433\u043e\u0432\u0435\u0447\u043d\u043e\u0441\u0442\u044c \u0438\u0437\u0434\u0435\u043b\u0438\u044f \u0441 \u0442\u0435\u0447\u0435\u043d\u0438\u0435\u043c \u0432\u0440\u0435\u043c\u0435\u043d\u0438. \u042d\u0440\u0433\u043e\u043d\u043e\u043c\u0438\u0447\u043d\u0430\u044f \u0441\u043f\u0438\u043d\u043a\u0430 \u043e\u0431\u0435\u0441\u043f\u0435\u0447\u0438\u0432\u0430\u0435\u0442 \u043e\u043f\u0442\u0438\u043c\u0430\u043b\u044c\u043d\u0443\u044e \u043f\u043e\u0434\u0434\u0435\u0440\u0436\u043a\u0443 \u0441\u043f\u0438\u043d\u044b, \u0433\u0430\u0440\u0430\u043d\u0442\u0438\u0440\u0443\u044f \u043f\u043e\u043b\u043d\u043e\u0435 \u0440\u0430\u0441\u0441\u043b\u0430\u0431\u043b\u0435\u043d\u0438\u0435. <\/span><span style=\"font-weight: 400;\">\u0413\u043e\u0440\u0448\u043e\u043a \u0440\u0430\u0437\u043c\u0435\u0440\u043e\u043c 400x400x400H\/\u043c\u043c \u0434\u043e\u0431\u0430\u0432\u043b\u044f\u0435\u0442 \u0441\u043a\u0430\u043c\u0435\u0439\u043a\u0435 \u0434\u043e\u043f\u043e\u043b\u043d\u0438\u0442\u0435\u043b\u044c\u043d\u0443\u044e \u043f\u0440\u0430\u043a\u0442\u0438\u0447\u043d\u043e\u0441\u0442\u044c, \u043f\u043e\u0441\u043a\u043e\u043b\u044c\u043a\u0443 \u043f\u043e\u0437\u0432\u043e\u043b\u044f\u0435\u0442 \u0441\u0430\u0436\u0430\u0442\u044c \u0446\u0432\u0435\u0442\u044b \u0438\u043b\u0438 \u0434\u0435\u043a\u043e\u0440\u0430\u0442\u0438\u0432\u043d\u044b\u0435 \u043a\u0443\u0441\u0442\u0430\u0440\u043d\u0438\u043a\u0438, \u043f\u0440\u0438\u0432\u043d\u043e\u0441\u044f \u043f\u0440\u0438\u0440\u043e\u0434\u0443 \u0438 \u0446\u0432\u0435\u0442 \u0432 \u0433\u043e\u0440\u043e\u0434\u0441\u043a\u0438\u0435 \u043f\u0440\u043e\u0441\u0442\u0440\u0430\u043d\u0441\u0442\u0432\u0430.<\/span><\/p>","protected":false},"featured_media":343,"comment_status":"closed","ping_status":"closed","template":"","meta":{"bwfblock_default_font":"","inline_featured_image":false},"product_cat":[37,36],"product_tag":[],"class_list":{"0":"post-2827","1":"product","2":"type-product","3":"status-publish","4":"has-post-thumbnail","6":"product_cat-banci","7":"product_cat-urban-22","8":"pa_culori-graphite","9":"pa_culori-natural","10":"pa_dimensiuni-2000mm-x-450mm-x-450mm","12":"first","13":"instock","14":"purchasable","15":"product-type-variable"},"acf":[],"yoast_head":"<!-- This site is optimized with the Yoast SEO Premium plugin v22.1 (Yoast SEO v22.1) - https:\/\/yoast.com\/wordpress\/plugins\/seo\/ -->\n<title>Banc\u0103 de beton cu speteaz\u0103 din lemn \u015fi ghiveci - Mobilier urban<\/title>\n<meta name=\"robots\" content=\"index, follow, max-snippet:-1, max-image-preview:large, max-video-preview:-1\" \/>\n<link rel=\"canonical\" href=\"https:\/\/decorstone.md\/ru\/product\/\u0431\u0435\u0442\u043e\u043d\u043d\u0430\u044f-\u0441\u043a\u0430\u043c\u0435\u0439\u043a\u0430-\u0441-\u0434\u0435\u0440\u0435\u0432\u044f\u043d\u043d\u044b\u043c\u0438-\u0441\u043f\u0438\u043d\/\" \/>\n<meta property=\"og:locale\" content=\"ru_RU\" \/>\n<meta property=\"og:type\" content=\"article\" \/>\n<meta property=\"og:title\" content=\"Banc\u0103 de beton cu speteaz\u0103 din lemn \u015fi ghiveci - Mobilier urban\" \/>\n<meta property=\"og:description\" content=\"B\u0102NCILE DIN FIBROCIMENT CU SPETEAZ\u0102 reprezint\u0103 varianta optim\u0103 pentru spa\u021biul public, datorit\u0103 comodit\u0103\u021bii oferite de speteaza de lemn. La ansamblarea acestora se utilizeaz\u0103 lemn cu grosimea de 40mm, care asigur\u0103 rezisten\u021ba \u00een timp a produsului. Speteaza ergonomic\u0103 ofer\u0103 suport optim pentru spate, garant\u00e2nd relaxare deplin\u0103. Ghiveciul de dimensiunea 400x400x400H\/mm adaug\u0103 un plus de utilitate pentru banc\u0103, \u00eentruc\u00e2t permite plantarea de flori sau arbu\u0219ti ornamentali, aduc\u00e2nd natur\u0103 \u0219i culoare \u00een spa\u021biile urbane.\" \/>\n<meta property=\"og:url\" content=\"https:\/\/decorstone.md\/ru\/product\/\u0431\u0435\u0442\u043e\u043d\u043d\u0430\u044f-\u0441\u043a\u0430\u043c\u0435\u0439\u043a\u0430-\u0441-\u0434\u0435\u0440\u0435\u0432\u044f\u043d\u043d\u044b\u043c\u0438-\u0441\u043f\u0438\u043d\/\" \/>\n<meta property=\"og:site_name\" content=\"Mobilier urban\" \/>\n<meta property=\"article:publisher\" content=\"https:\/\/www.facebook.com\/DecorStoneMD\/\" \/>\n<meta property=\"article:modified_time\" content=\"2026-02-06T13:37:02+00:00\" \/>\n<meta property=\"og:image\" content=\"https:\/\/decorstone.md\/wp-content\/uploads\/2024\/06\/Banca-de-beton-cu-lemn-si-ghiveci.jpg\" \/>\n\t<meta property=\"og:image:width\" content=\"600\" \/>\n\t<meta property=\"og:image:height\" content=\"600\" \/>\n\t<meta property=\"og:image:type\" content=\"image\/jpeg\" \/>\n<meta name=\"twitter:card\" content=\"summary_large_image\" \/>\n<meta name=\"twitter:label1\" content=\"\u041f\u0440\u0438\u043c\u0435\u0440\u043d\u043e\u0435 \u0432\u0440\u0435\u043c\u044f \u0434\u043b\u044f \u0447\u0442\u0435\u043d\u0438\u044f\" \/>\n\t<meta name=\"twitter:data1\" content=\"1 \u043c\u0438\u043d\u0443\u0442\u0430\" \/>\n<script type=\"application\/ld+json\" class=\"yoast-schema-graph\">{\"@context\":\"https:\/\/schema.org\",\"@graph\":[{\"@type\":\"WebPage\",\"@id\":\"https:\/\/decorstone.md\/product\/banca-de-beton-cu-speteaza-din-lemn-si-ghiveci\/\",\"url\":\"https:\/\/decorstone.md\/product\/banca-de-beton-cu-speteaza-din-lemn-si-ghiveci\/\",\"name\":\"Banc\u0103 de beton cu speteaz\u0103 din lemn \u015fi ghiveci - Mobilier urban\",\"isPartOf\":{\"@id\":\"https:\/\/decorstone.md\/#website\"},\"datePublished\":\"2022-05-31T21:48:30+00:00\",\"dateModified\":\"2026-02-06T13:37:02+00:00\",\"breadcrumb\":{\"@id\":\"https:\/\/decorstone.md\/product\/banca-de-beton-cu-speteaza-din-lemn-si-ghiveci\/#breadcrumb\"},\"inLanguage\":\"ru-RU\",\"potentialAction\":[{\"@type\":\"ReadAction\",\"target\":[\"https:\/\/decorstone.md\/product\/banca-de-beton-cu-speteaza-din-lemn-si-ghiveci\/\"]}]},{\"@type\":\"BreadcrumbList\",\"@id\":\"https:\/\/decorstone.md\/product\/banca-de-beton-cu-speteaza-din-lemn-si-ghiveci\/#breadcrumb\",\"itemListElement\":[{\"@type\":\"ListItem\",\"position\":1,\"name\":\"Produse\",\"item\":\"https:\/\/decorstone.md\/produse\/\"},{\"@type\":\"ListItem\",\"position\":2,\"name\":\"Banc\u0103 de beton cu speteaz\u0103 din lemn \u015fi ghiveci\"}]},{\"@type\":\"WebSite\",\"@id\":\"https:\/\/decorstone.md\/#website\",\"url\":\"https:\/\/decorstone.md\/\",\"name\":\"DecorStone - Mobilier Urban \u0219i Pavaje\",\"description\":\"Decorstone\",\"publisher\":{\"@id\":\"https:\/\/decorstone.md\/#organization\"},\"potentialAction\":[{\"@type\":\"SearchAction\",\"target\":{\"@type\":\"EntryPoint\",\"urlTemplate\":\"https:\/\/decorstone.md\/?s={search_term_string}\"},\"query-input\":\"required name=search_term_string\"}],\"inLanguage\":\"ru-RU\"},{\"@type\":\"Organization\",\"@id\":\"https:\/\/decorstone.md\/#organization\",\"name\":\"DecorStone\",\"url\":\"https:\/\/decorstone.md\/\",\"logo\":{\"@type\":\"ImageObject\",\"inLanguage\":\"ru-RU\",\"@id\":\"https:\/\/decorstone.md\/#\/schema\/logo\/image\/\",\"url\":\"https:\/\/decorstone.md\/wp-content\/uploads\/2025\/01\/Design-fara-titlu.png\",\"contentUrl\":\"https:\/\/decorstone.md\/wp-content\/uploads\/2025\/01\/Design-fara-titlu.png\",\"width\":2295,\"height\":2295,\"caption\":\"DecorStone\"},\"image\":{\"@id\":\"https:\/\/decorstone.md\/#\/schema\/logo\/image\/\"},\"sameAs\":[\"https:\/\/www.facebook.com\/DecorStoneMD\/\",\"https:\/\/www.instagram.com\/decorstonemd\/\"]}]}<\/script>\n<!-- \/ Yoast SEO Premium plugin. -->","yoast_head_json":{"title":"Banc\u0103 de beton cu speteaz\u0103 din lemn \u015fi ghiveci - Mobilier urban","robots":{"index":"index","follow":"follow","max-snippet":"max-snippet:-1","max-image-preview":"max-image-preview:large","max-video-preview":"max-video-preview:-1"},"canonical":"https:\/\/decorstone.md\/ru\/product\/\u0431\u0435\u0442\u043e\u043d\u043d\u0430\u044f-\u0441\u043a\u0430\u043c\u0435\u0439\u043a\u0430-\u0441-\u0434\u0435\u0440\u0435\u0432\u044f\u043d\u043d\u044b\u043c\u0438-\u0441\u043f\u0438\u043d\/","og_locale":"ru_RU","og_type":"article","og_title":"Banc\u0103 de beton cu speteaz\u0103 din lemn \u015fi ghiveci - Mobilier urban","og_description":"B\u0102NCILE DIN FIBROCIMENT CU SPETEAZ\u0102 reprezint\u0103 varianta optim\u0103 pentru spa\u021biul public, datorit\u0103 comodit\u0103\u021bii oferite de speteaza de lemn. La ansamblarea acestora se utilizeaz\u0103 lemn cu grosimea de 40mm, care asigur\u0103 rezisten\u021ba \u00een timp a produsului. Speteaza ergonomic\u0103 ofer\u0103 suport optim pentru spate, garant\u00e2nd relaxare deplin\u0103. Ghiveciul de dimensiunea 400x400x400H\/mm adaug\u0103 un plus de utilitate pentru banc\u0103, \u00eentruc\u00e2t permite plantarea de flori sau arbu\u0219ti ornamentali, aduc\u00e2nd natur\u0103 \u0219i culoare \u00een spa\u021biile urbane.","og_url":"https:\/\/decorstone.md\/ru\/product\/\u0431\u0435\u0442\u043e\u043d\u043d\u0430\u044f-\u0441\u043a\u0430\u043c\u0435\u0439\u043a\u0430-\u0441-\u0434\u0435\u0440\u0435\u0432\u044f\u043d\u043d\u044b\u043c\u0438-\u0441\u043f\u0438\u043d\/","og_site_name":"Mobilier urban","article_publisher":"https:\/\/www.facebook.com\/DecorStoneMD\/","article_modified_time":"2026-02-06T13:37:02+00:00","og_image":[{"width":600,"height":600,"url":"https:\/\/decorstone.md\/wp-content\/uploads\/2024\/06\/Banca-de-beton-cu-lemn-si-ghiveci.jpg","type":"image\/jpeg"}],"twitter_card":"summary_large_image","twitter_misc":{"\u041f\u0440\u0438\u043c\u0435\u0440\u043d\u043e\u0435 \u0432\u0440\u0435\u043c\u044f \u0434\u043b\u044f \u0447\u0442\u0435\u043d\u0438\u044f":"1 \u043c\u0438\u043d\u0443\u0442\u0430"},"schema":{"@context":"https:\/\/schema.org","@graph":[{"@type":"WebPage","@id":"https:\/\/decorstone.md\/product\/banca-de-beton-cu-speteaza-din-lemn-si-ghiveci\/","url":"https:\/\/decorstone.md\/product\/banca-de-beton-cu-speteaza-din-lemn-si-ghiveci\/","name":"Banc\u0103 de beton cu speteaz\u0103 din lemn \u015fi ghiveci - Mobilier urban","isPartOf":{"@id":"https:\/\/decorstone.md\/#website"},"datePublished":"2022-05-31T21:48:30+00:00","dateModified":"2026-02-06T13:37:02+00:00","breadcrumb":{"@id":"https:\/\/decorstone.md\/product\/banca-de-beton-cu-speteaza-din-lemn-si-ghiveci\/#breadcrumb"},"inLanguage":"ru-RU","potentialAction":[{"@type":"ReadAction","target":["https:\/\/decorstone.md\/product\/banca-de-beton-cu-speteaza-din-lemn-si-ghiveci\/"]}]},{"@type":"BreadcrumbList","@id":"https:\/\/decorstone.md\/product\/banca-de-beton-cu-speteaza-din-lemn-si-ghiveci\/#breadcrumb","itemListElement":[{"@type":"ListItem","position":1,"name":"Produse","item":"https:\/\/decorstone.md\/produse\/"},{"@type":"ListItem","position":2,"name":"Banc\u0103 de beton cu speteaz\u0103 din lemn \u015fi ghiveci"}]},{"@type":"WebSite","@id":"https:\/\/decorstone.md\/#website","url":"https:\/\/decorstone.md\/","name":"DecorStone - Mobilier Urban \u0219i Pavaje","description":"Decorstone","publisher":{"@id":"https:\/\/decorstone.md\/#organization"},"potentialAction":[{"@type":"SearchAction","target":{"@type":"EntryPoint","urlTemplate":"https:\/\/decorstone.md\/?s={search_term_string}"},"query-input":"required name=search_term_string"}],"inLanguage":"ru-RU"},{"@type":"Organization","@id":"https:\/\/decorstone.md\/#organization","name":"DecorStone","url":"https:\/\/decorstone.md\/","logo":{"@type":"ImageObject","inLanguage":"ru-RU","@id":"https:\/\/decorstone.md\/#\/schema\/logo\/image\/","url":"https:\/\/decorstone.md\/wp-content\/uploads\/2025\/01\/Design-fara-titlu.png","contentUrl":"https:\/\/decorstone.md\/wp-content\/uploads\/2025\/01\/Design-fara-titlu.png","width":2295,"height":2295,"caption":"DecorStone"},"image":{"@id":"https:\/\/decorstone.md\/#\/schema\/logo\/image\/"},"sameAs":["https:\/\/www.facebook.com\/DecorStoneMD\/","https:\/\/www.instagram.com\/decorstonemd\/"]}]}},"_links":{"self":[{"href":"https:\/\/decorstone.md\/ru\/wp-json\/wp\/v2\/product\/2827"}],"collection":[{"href":"https:\/\/decorstone.md\/ru\/wp-json\/wp\/v2\/product"}],"about":[{"href":"https:\/\/decorstone.md\/ru\/wp-json\/wp\/v2\/types\/product"}],"replies":[{"embeddable":true,"href":"https:\/\/decorstone.md\/ru\/wp-json\/wp\/v2\/comments?post=2827"}],"wp:featuredmedia":[{"embeddable":true,"href":"https:\/\/decorstone.md\/ru\/wp-json\/wp\/v2\/media\/343"}],"wp:attachment":[{"href":"https:\/\/decorstone.md\/ru\/wp-json\/wp\/v2\/media?parent=2827"}],"wp:term":[{"taxonomy":"product_cat","embeddable":true,"href":"https:\/\/decorstone.md\/ru\/wp-json\/wp\/v2\/product_cat?post=2827"},{"taxonomy":"product_tag","embeddable":true,"href":"https:\/\/decorstone.md\/ru\/wp-json\/wp\/v2\/product_tag?post=2827"}],"curies":[{"name":"wp","href":"https:\/\/api.w.org\/{rel}","templated":true}]}}