{"id":3093,"date":"2023-06-15T12:27:13","date_gmt":"2023-06-15T12:27:13","guid":{"rendered":"https:\/\/decorstone.md\/product\/solutie-curatire-suprafete-de-beton-5l\/"},"modified":"2024-07-17T01:03:02","modified_gmt":"2024-07-16T22:03:02","slug":"solutie-curatire-suprafete-de-beton-5l","status":"publish","type":"product","link":"https:\/\/decorstone.md\/ru\/product\/\u0440\u0430\u0441\u0442\u0432\u043e\u0440-\u0434\u043b\u044f-\u043e\u0447\u0438\u0441\u0442\u043a\u0438-\u0431\u0435\u0442\u043e\u043d\u043d\u044b\u0445-\u043f\u043e\u0432\u0435\u0440\u0445\u043d\/","title":{"rendered":"\u0420\u0430\u0441\u0442\u0432\u043e\u0440 \u0434\u043b\u044f \u043e\u0447\u0438\u0441\u0442\u043a\u0438 \u0431\u0435\u0442\u043e\u043d\u043d\u044b\u0445 \u043f\u043e\u0432\u0435\u0440\u0445\u043d\u043e\u0441\u0442\u0435\u0439 DUTY HARD PLUS, 5\u043b"},"content":{"rendered":"<p>\u0429\u0435\u043b\u043e\u0447\u043d\u043e\u0439 \u043a\u043e\u043d\u0446\u0435\u043d\u0442\u0440\u0430\u0442 \u0441 \u043d\u0438\u0437\u043a\u0438\u043c \u043f\u0435\u043d\u043e\u043e\u0431\u0440\u0430\u0437\u043e\u0432\u0430\u043d\u0438\u0435\u043c \u0434\u043b\u044f \u043e\u0447\u0438\u0441\u0442\u043a\u0438 \u0444\u0430\u0441\u0430\u0434\u043e\u0432 \u0437\u0434\u0430\u043d\u0438\u0439 \u0438 \u0441\u043e\u043e\u0440\u0443\u0436\u0435\u043d\u0438\u0439, \u0440\u0430\u0437\u043b\u0438\u0447\u043d\u044b\u0445 \u0441\u0442\u0440\u043e\u0438\u0442\u0435\u043b\u044c\u043d\u044b\u0445 \u043a\u043e\u043d\u0441\u0442\u0440\u0443\u043a\u0446\u0438\u0439, \u043f\u043e\u0434\u0437\u0435\u043c\u043d\u044b\u0445 \u043f\u0435\u0440\u0435\u0445\u043e\u0434\u043e\u0432, \u0434\u043e\u0440\u043e\u0436\u043d\u044b\u0445 \u043f\u043e\u043a\u0440\u044b\u0442\u0438\u0439 \u0438 \u0442.\u043f. \u0411\u044b\u0441\u0442\u0440\u043e \u0440\u0430\u0441\u0442\u0432\u043e\u0440\u044f\u0435\u0442\u0441\u044f \u0432 \u0432\u043e\u0434\u0435, \u0445\u043e\u0440\u043e\u0448\u043e \u043e\u0431\u0435\u0437\u0436\u0438\u0440\u0438\u0432\u0430\u0435\u0442 \u0438 \u043e\u0447\u0438\u0449\u0430\u0435\u0442 \u043f\u043e\u0432\u0435\u0440\u0445\u043d\u043e\u0441\u0442\u0438. \u0423\u0434\u0430\u043b\u044f\u0435\u0442 \u043a\u043e\u043f\u043e\u0442\u044c, \u043a\u043e\u043f\u043e\u0442\u044c, \u043f\u044b\u043b\u044c, \u043c\u0430\u0441\u043b\u044f\u043d\u044b\u0435 \u043f\u044f\u0442\u043d\u0430, \u0430 \u0442\u0430\u043a\u0436\u0435 \u0430\u0442\u043c\u043e\u0441\u0444\u0435\u0440\u043d\u044b\u0435 \u0438 \u043f\u043e\u0447\u0432\u0435\u043d\u043d\u044b\u0435 \u0437\u0430\u0433\u0440\u044f\u0437\u043d\u0435\u043d\u0438\u044f \u0441 \u043b\u044e\u0431\u044b\u0445 \u0442\u0438\u043f\u043e\u0432 \u043f\u043e\u0432\u0435\u0440\u0445\u043d\u043e\u0441\u0442\u0435\u0439. \u042d\u0444\u0444\u0435\u043a\u0442\u0438\u0432\u0435\u043d \u0432 \u0432\u043e\u0434\u0435 \u043b\u044e\u0431\u043e\u0439 \u0436\u0435\u0441\u0442\u043a\u043e\u0441\u0442\u0438 \u0438 \u0442\u0435\u043c\u043f\u0435\u0440\u0430\u0442\u0443\u0440\u044b.<\/p>\n<p><strong>\u041e\u0431\u043b\u0430\u0441\u0442\u044c \u043f\u0440\u0438\u043c\u0435\u043d\u0435\u043d\u0438\u044f:<\/strong> \u0441\u0440\u0435\u0434\u0441\u0442\u0432\u043e \u043f\u0440\u0438\u043c\u0435\u043d\u044f\u0435\u0442\u0441\u044f \u0434\u043b\u044f \u043c\u044b\u0442\u044c\u044f \u0444\u0430\u0441\u0430\u0434\u043e\u0432 \u0437\u0434\u0430\u043d\u0438\u0439 \u0438 \u0441\u043e\u043e\u0440\u0443\u0436\u0435\u043d\u0438\u0439 \u0442\u043e\u0440\u0433\u043e\u0432\u044b\u0445 \u0438 \u0434\u0435\u043b\u043e\u0432\u044b\u0445 \u0446\u0435\u043d\u0442\u0440\u043e\u0432, \u043e\u0440\u0433\u0430\u043d\u0438\u0437\u0430\u0446\u0438\u0439 \u043e\u0431\u0449\u0435\u0441\u0442\u0432\u0435\u043d\u043d\u043e\u0433\u043e \u043f\u0438\u0442\u0430\u043d\u0438\u044f, \u043c\u0435\u0434\u0438\u0446\u0438\u043d\u0441\u043a\u0438\u0445, \u043e\u0431\u0440\u0430\u0437\u043e\u0432\u0430\u0442\u0435\u043b\u044c\u043d\u044b\u0445 \u0438 \u0434\u0440\u0443\u0433\u0438\u0445 \u0443\u0447\u0440\u0435\u0436\u0434\u0435\u043d\u0438\u0439, \u0441\u043f\u043e\u0440\u0442\u0438\u0432\u043d\u043e-\u043e\u0437\u0434\u043e\u0440\u043e\u0432\u0438\u0442\u0435\u043b\u044c\u043d\u044b\u0445 \u0438 \u043a\u0443\u043b\u044c\u0442\u0443\u0440\u043d\u043e-\u0434\u043e\u0441\u0443\u0433\u043e\u0432\u044b\u0445 \u043e\u0431\u044a\u0435\u043a\u0442\u043e\u0432, \u043f\u0440\u043e\u043c\u044b\u0448\u043b\u0435\u043d\u043d\u044b\u0445 \u043f\u0440\u0435\u0434\u043f\u0440\u0438\u044f\u0442\u0438\u0439, \u0433\u043e\u0441\u0442\u0438\u043d\u0438\u0446 \u0438 \u0432\u043e\u043a\u0437\u0430\u043b\u043e\u0432, \u043d\u0430 \u0432\u0441\u0435\u0445 \u0432\u0438\u0434\u0430\u0445 \u0442\u0440\u0430\u043d\u0441\u043f\u043e\u0440\u0442\u0430. , \u0440\u0430\u0437\u043b\u0438\u0447\u043d\u044b\u0445 \u0434\u043e\u0440\u043e\u0436\u043d\u044b\u0445 \u043f\u043e\u043a\u0440\u044b\u0442\u0438\u044f\u0445 \u0438 \u0432 \u043f\u043e\u0432\u0441\u0435\u0434\u043d\u0435\u0432\u043d\u043e\u0439 \u0436\u0438\u0437\u043d\u0438.<\/p>","protected":false},"excerpt":{"rendered":"<p>Concentrat alcalin cu spum\u0103 sc\u0103zut\u0103 pentru cur\u0103\u021barea fa\u021badelor cl\u0103dirilor \u0219i structurilor, diferitelor structuri de cl\u0103diri, pasaje subterane, suprafe\u021be de drum etc. Se dizolv\u0103 rapid \u00een ap\u0103, degreseaz\u0103 \u0219i cur\u0103\u021b\u0103 bine suprafe\u021bele. \u00cendep\u0103rteaz\u0103 funinginea, funinginea, praful, petele de ulei, precum \u0219i poluarea atmosferic\u0103 \u0219i a solului de pe orice tip de suprafa\u021b\u0103. Eficient \u00een ap\u0103 de [&hellip;]<\/p>","protected":false},"featured_media":727,"comment_status":"closed","ping_status":"closed","template":"","meta":{"bwfblock_default_font":"","inline_featured_image":false},"product_cat":[341,53],"product_tag":[70,72,58,73,68],"class_list":{"0":"post-3093","1":"product","2":"type-product","3":"status-publish","4":"has-post-thumbnail","6":"product_cat-altele","7":"product_cat-recomandari-pentru-fatade","8":"product_tag-concentrat","9":"product_tag-curatire","10":"product_tag-prosept","11":"product_tag-solutie","12":"product_tag-solutie-curatare","14":"first","15":"instock","16":"purchasable","17":"product-type-simple"},"acf":[],"yoast_head":"<!-- This site is optimized with the Yoast SEO Premium plugin v22.1 (Yoast SEO v22.1) - https:\/\/yoast.com\/wordpress\/plugins\/seo\/ -->\n<title>Solu\u021bie cur\u0103\u021bire suprafe\u021be de beton DUTY HARD PLUS, 5L - Mobilier urban<\/title>\n<meta name=\"robots\" content=\"index, follow, max-snippet:-1, max-image-preview:large, max-video-preview:-1\" \/>\n<link rel=\"canonical\" href=\"https:\/\/decorstone.md\/ru\/product\/\u0440\u0430\u0441\u0442\u0432\u043e\u0440-\u0434\u043b\u044f-\u043e\u0447\u0438\u0441\u0442\u043a\u0438-\u0431\u0435\u0442\u043e\u043d\u043d\u044b\u0445-\u043f\u043e\u0432\u0435\u0440\u0445\u043d\/\" \/>\n<meta property=\"og:locale\" content=\"ru_RU\" \/>\n<meta property=\"og:type\" content=\"article\" \/>\n<meta property=\"og:title\" content=\"Solu\u021bie cur\u0103\u021bire suprafe\u021be de beton DUTY HARD PLUS, 5L - Mobilier urban\" \/>\n<meta property=\"og:description\" content=\"Concentrat alcalin cu spum\u0103 sc\u0103zut\u0103 pentru cur\u0103\u021barea fa\u021badelor cl\u0103dirilor \u0219i structurilor, diferitelor structuri de cl\u0103diri, pasaje subterane, suprafe\u021be de drum etc. Se dizolv\u0103 rapid \u00een ap\u0103, degreseaz\u0103 \u0219i cur\u0103\u021b\u0103 bine suprafe\u021bele. \u00cendep\u0103rteaz\u0103 funinginea, funinginea, praful, petele de ulei, precum \u0219i poluarea atmosferic\u0103 \u0219i a solului de pe orice tip de suprafa\u021b\u0103. Eficient \u00een ap\u0103 de [&hellip;]\" \/>\n<meta property=\"og:url\" content=\"https:\/\/decorstone.md\/ru\/product\/\u0440\u0430\u0441\u0442\u0432\u043e\u0440-\u0434\u043b\u044f-\u043e\u0447\u0438\u0441\u0442\u043a\u0438-\u0431\u0435\u0442\u043e\u043d\u043d\u044b\u0445-\u043f\u043e\u0432\u0435\u0440\u0445\u043d\/\" \/>\n<meta property=\"og:site_name\" content=\"Mobilier urban\" \/>\n<meta property=\"article:publisher\" content=\"https:\/\/www.facebook.com\/DecorStoneMD\/\" \/>\n<meta property=\"article:modified_time\" content=\"2024-07-16T22:03:02+00:00\" \/>\n<meta property=\"og:image\" content=\"https:\/\/decorstone.md\/wp-content\/uploads\/2024\/06\/duty-hard-plus-prosept.png\" \/>\n\t<meta property=\"og:image:width\" content=\"1000\" \/>\n\t<meta property=\"og:image:height\" content=\"1000\" \/>\n\t<meta property=\"og:image:type\" content=\"image\/png\" \/>\n<meta name=\"twitter:card\" content=\"summary_large_image\" \/>\n<meta name=\"twitter:label1\" content=\"\u041f\u0440\u0438\u043c\u0435\u0440\u043d\u043e\u0435 \u0432\u0440\u0435\u043c\u044f \u0434\u043b\u044f \u0447\u0442\u0435\u043d\u0438\u044f\" \/>\n\t<meta name=\"twitter:data1\" content=\"1 \u043c\u0438\u043d\u0443\u0442\u0430\" \/>\n<script type=\"application\/ld+json\" class=\"yoast-schema-graph\">{\"@context\":\"https:\/\/schema.org\",\"@graph\":[{\"@type\":\"WebPage\",\"@id\":\"https:\/\/decorstone.md\/product\/solutie-curatire-suprafete-de-beton-5l\/\",\"url\":\"https:\/\/decorstone.md\/product\/solutie-curatire-suprafete-de-beton-5l\/\",\"name\":\"Solu\u021bie cur\u0103\u021bire suprafe\u021be de beton DUTY HARD PLUS, 5L - Mobilier urban\",\"isPartOf\":{\"@id\":\"https:\/\/decorstone.md\/#website\"},\"datePublished\":\"2023-06-15T12:27:13+00:00\",\"dateModified\":\"2024-07-16T22:03:02+00:00\",\"breadcrumb\":{\"@id\":\"https:\/\/decorstone.md\/product\/solutie-curatire-suprafete-de-beton-5l\/#breadcrumb\"},\"inLanguage\":\"ru-RU\",\"potentialAction\":[{\"@type\":\"ReadAction\",\"target\":[\"https:\/\/decorstone.md\/product\/solutie-curatire-suprafete-de-beton-5l\/\"]}]},{\"@type\":\"BreadcrumbList\",\"@id\":\"https:\/\/decorstone.md\/product\/solutie-curatire-suprafete-de-beton-5l\/#breadcrumb\",\"itemListElement\":[{\"@type\":\"ListItem\",\"position\":1,\"name\":\"Produse\",\"item\":\"https:\/\/decorstone.md\/produse\/\"},{\"@type\":\"ListItem\",\"position\":2,\"name\":\"Solu\u021bie cur\u0103\u021bire suprafe\u021be de beton DUTY HARD PLUS, 5L\"}]},{\"@type\":\"WebSite\",\"@id\":\"https:\/\/decorstone.md\/#website\",\"url\":\"https:\/\/decorstone.md\/\",\"name\":\"DecorStone - Mobilier Urban \u0219i Pavaje\",\"description\":\"Decorstone\",\"publisher\":{\"@id\":\"https:\/\/decorstone.md\/#organization\"},\"potentialAction\":[{\"@type\":\"SearchAction\",\"target\":{\"@type\":\"EntryPoint\",\"urlTemplate\":\"https:\/\/decorstone.md\/?s={search_term_string}\"},\"query-input\":\"required name=search_term_string\"}],\"inLanguage\":\"ru-RU\"},{\"@type\":\"Organization\",\"@id\":\"https:\/\/decorstone.md\/#organization\",\"name\":\"DecorStone\",\"url\":\"https:\/\/decorstone.md\/\",\"logo\":{\"@type\":\"ImageObject\",\"inLanguage\":\"ru-RU\",\"@id\":\"https:\/\/decorstone.md\/#\/schema\/logo\/image\/\",\"url\":\"https:\/\/decorstone.md\/wp-content\/uploads\/2025\/01\/Design-fara-titlu.png\",\"contentUrl\":\"https:\/\/decorstone.md\/wp-content\/uploads\/2025\/01\/Design-fara-titlu.png\",\"width\":2295,\"height\":2295,\"caption\":\"DecorStone\"},\"image\":{\"@id\":\"https:\/\/decorstone.md\/#\/schema\/logo\/image\/\"},\"sameAs\":[\"https:\/\/www.facebook.com\/DecorStoneMD\/\",\"https:\/\/www.instagram.com\/decorstonemd\/\"]}]}<\/script>\n<!-- \/ Yoast SEO Premium plugin. -->","yoast_head_json":{"title":"Solu\u021bie cur\u0103\u021bire suprafe\u021be de beton DUTY HARD PLUS, 5L - Mobilier urban","robots":{"index":"index","follow":"follow","max-snippet":"max-snippet:-1","max-image-preview":"max-image-preview:large","max-video-preview":"max-video-preview:-1"},"canonical":"https:\/\/decorstone.md\/ru\/product\/\u0440\u0430\u0441\u0442\u0432\u043e\u0440-\u0434\u043b\u044f-\u043e\u0447\u0438\u0441\u0442\u043a\u0438-\u0431\u0435\u0442\u043e\u043d\u043d\u044b\u0445-\u043f\u043e\u0432\u0435\u0440\u0445\u043d\/","og_locale":"ru_RU","og_type":"article","og_title":"Solu\u021bie cur\u0103\u021bire suprafe\u021be de beton DUTY HARD PLUS, 5L - Mobilier urban","og_description":"Concentrat alcalin cu spum\u0103 sc\u0103zut\u0103 pentru cur\u0103\u021barea fa\u021badelor cl\u0103dirilor \u0219i structurilor, diferitelor structuri de cl\u0103diri, pasaje subterane, suprafe\u021be de drum etc. Se dizolv\u0103 rapid \u00een ap\u0103, degreseaz\u0103 \u0219i cur\u0103\u021b\u0103 bine suprafe\u021bele. \u00cendep\u0103rteaz\u0103 funinginea, funinginea, praful, petele de ulei, precum \u0219i poluarea atmosferic\u0103 \u0219i a solului de pe orice tip de suprafa\u021b\u0103. Eficient \u00een ap\u0103 de [&hellip;]","og_url":"https:\/\/decorstone.md\/ru\/product\/\u0440\u0430\u0441\u0442\u0432\u043e\u0440-\u0434\u043b\u044f-\u043e\u0447\u0438\u0441\u0442\u043a\u0438-\u0431\u0435\u0442\u043e\u043d\u043d\u044b\u0445-\u043f\u043e\u0432\u0435\u0440\u0445\u043d\/","og_site_name":"Mobilier urban","article_publisher":"https:\/\/www.facebook.com\/DecorStoneMD\/","article_modified_time":"2024-07-16T22:03:02+00:00","og_image":[{"width":1000,"height":1000,"url":"https:\/\/decorstone.md\/wp-content\/uploads\/2024\/06\/duty-hard-plus-prosept.png","type":"image\/png"}],"twitter_card":"summary_large_image","twitter_misc":{"\u041f\u0440\u0438\u043c\u0435\u0440\u043d\u043e\u0435 \u0432\u0440\u0435\u043c\u044f \u0434\u043b\u044f \u0447\u0442\u0435\u043d\u0438\u044f":"1 \u043c\u0438\u043d\u0443\u0442\u0430"},"schema":{"@context":"https:\/\/schema.org","@graph":[{"@type":"WebPage","@id":"https:\/\/decorstone.md\/product\/solutie-curatire-suprafete-de-beton-5l\/","url":"https:\/\/decorstone.md\/product\/solutie-curatire-suprafete-de-beton-5l\/","name":"Solu\u021bie cur\u0103\u021bire suprafe\u021be de beton DUTY HARD PLUS, 5L - Mobilier urban","isPartOf":{"@id":"https:\/\/decorstone.md\/#website"},"datePublished":"2023-06-15T12:27:13+00:00","dateModified":"2024-07-16T22:03:02+00:00","breadcrumb":{"@id":"https:\/\/decorstone.md\/product\/solutie-curatire-suprafete-de-beton-5l\/#breadcrumb"},"inLanguage":"ru-RU","potentialAction":[{"@type":"ReadAction","target":["https:\/\/decorstone.md\/product\/solutie-curatire-suprafete-de-beton-5l\/"]}]},{"@type":"BreadcrumbList","@id":"https:\/\/decorstone.md\/product\/solutie-curatire-suprafete-de-beton-5l\/#breadcrumb","itemListElement":[{"@type":"ListItem","position":1,"name":"Produse","item":"https:\/\/decorstone.md\/produse\/"},{"@type":"ListItem","position":2,"name":"Solu\u021bie cur\u0103\u021bire suprafe\u021be de beton DUTY HARD PLUS, 5L"}]},{"@type":"WebSite","@id":"https:\/\/decorstone.md\/#website","url":"https:\/\/decorstone.md\/","name":"DecorStone - Mobilier Urban \u0219i Pavaje","description":"Decorstone","publisher":{"@id":"https:\/\/decorstone.md\/#organization"},"potentialAction":[{"@type":"SearchAction","target":{"@type":"EntryPoint","urlTemplate":"https:\/\/decorstone.md\/?s={search_term_string}"},"query-input":"required name=search_term_string"}],"inLanguage":"ru-RU"},{"@type":"Organization","@id":"https:\/\/decorstone.md\/#organization","name":"DecorStone","url":"https:\/\/decorstone.md\/","logo":{"@type":"ImageObject","inLanguage":"ru-RU","@id":"https:\/\/decorstone.md\/#\/schema\/logo\/image\/","url":"https:\/\/decorstone.md\/wp-content\/uploads\/2025\/01\/Design-fara-titlu.png","contentUrl":"https:\/\/decorstone.md\/wp-content\/uploads\/2025\/01\/Design-fara-titlu.png","width":2295,"height":2295,"caption":"DecorStone"},"image":{"@id":"https:\/\/decorstone.md\/#\/schema\/logo\/image\/"},"sameAs":["https:\/\/www.facebook.com\/DecorStoneMD\/","https:\/\/www.instagram.com\/decorstonemd\/"]}]}},"_links":{"self":[{"href":"https:\/\/decorstone.md\/ru\/wp-json\/wp\/v2\/product\/3093"}],"collection":[{"href":"https:\/\/decorstone.md\/ru\/wp-json\/wp\/v2\/product"}],"about":[{"href":"https:\/\/decorstone.md\/ru\/wp-json\/wp\/v2\/types\/product"}],"replies":[{"embeddable":true,"href":"https:\/\/decorstone.md\/ru\/wp-json\/wp\/v2\/comments?post=3093"}],"wp:featuredmedia":[{"embeddable":true,"href":"https:\/\/decorstone.md\/ru\/wp-json\/wp\/v2\/media\/727"}],"wp:attachment":[{"href":"https:\/\/decorstone.md\/ru\/wp-json\/wp\/v2\/media?parent=3093"}],"wp:term":[{"taxonomy":"product_cat","embeddable":true,"href":"https:\/\/decorstone.md\/ru\/wp-json\/wp\/v2\/product_cat?post=3093"},{"taxonomy":"product_tag","embeddable":true,"href":"https:\/\/decorstone.md\/ru\/wp-json\/wp\/v2\/product_tag?post=3093"}],"curies":[{"name":"wp","href":"https:\/\/api.w.org\/{rel}","templated":true}]}}