{"id":3112,"date":"2023-07-04T14:04:14","date_gmt":"2023-07-04T14:04:14","guid":{"rendered":"https:\/\/decorstone.md\/product\/city-brick-cd-1525\/"},"modified":"2026-01-16T12:35:11","modified_gmt":"2026-01-16T10:35:11","slug":"city-brick-cd-1525","status":"publish","type":"product","link":"https:\/\/decorstone.md\/ru\/product\/city-brick-cd-1525\/","title":{"rendered":"\u0413\u041e\u0420\u041e\u0414\u0421\u041a\u041e\u0419 \u041a\u0418\u0420\u041f\u0418\u0427 CD-1525"},"content":{"rendered":"<p data-start=\"327\" data-end=\"625\">Descoper\u0103 <strong data-start=\"337\" data-end=\"379\">C\u0103r\u0103mid\u0103 decorativ\u0103 City Brick <\/strong>\u00a0de la <strong data-start=\"386\" data-end=\"400\">DECORSTONE<\/strong>, un model ultramodern inspirat din stilul scandinav. Designul s\u0103u minimalist, dar impun\u0103tor, este perfect pentru <strong data-start=\"514\" data-end=\"562\">fa\u021bade mari, pere\u021bi interiori sau exterioare<\/strong>, oferind un aspect elegant \u0219i contemporan spa\u021biilor moderne.<\/p>\n<p data-start=\"627\" data-end=\"653\"><strong data-start=\"627\" data-end=\"651\">Avantaje principale:<\/strong><\/p>\n<ul data-start=\"654\" data-end=\"887\">\n<li data-start=\"654\" data-end=\"701\">\n<p data-start=\"656\" data-end=\"701\">Model modern, inspirat din stilul scandinav<\/p>\n<\/li>\n<li data-start=\"702\" data-end=\"751\">\n<p data-start=\"704\" data-end=\"751\">Ideal pentru fa\u021bade mari \u0219i pere\u021bi decorativi<\/p>\n<\/li>\n<li data-start=\"752\" data-end=\"798\">\n<p data-start=\"754\" data-end=\"798\">Design minimalist cu efect vizual puternic<\/p>\n<\/li>\n<li data-start=\"799\" data-end=\"833\">\n<p data-start=\"801\" data-end=\"833\">U\u0219or de instalat \u0219i \u00eentre\u021binut<\/p>\n<\/li>\n<li data-start=\"834\" data-end=\"887\">\n<p data-start=\"836\" data-end=\"887\">Perfect pentru amenaj\u0103ri interioare \u0219i exterioare<\/p>\n<\/li>\n<\/ul>\n<p data-start=\"889\" data-end=\"1065\">\u0414\u0435\u043a\u043e\u0440\u0430\u0442\u0438\u0432\u043d\u044b\u0439 \u043a\u0438\u0440\u043f\u0438\u0447 <strong data-start=\"909\" data-end=\"942\">City Brick,<\/strong>\u00a0combin\u0103 estetica sofisticat\u0103 cu durabilitatea, oferind un produs premium pentru proiecte de design \u0219i amenaj\u0103ri moderne.<\/p>\n<p>&nbsp;<\/p>","protected":false},"excerpt":{"rendered":"<p><strong data-start=\"1109\" data-end=\"1162\">C\u0103r\u0103mid\u0103 decorativ\u0103 City Brick, marca DECORSTONE<\/strong> \u2013 design scandinav modern, ideal\u0103 pentru fa\u021bade \u0219i pere\u021bi interni sau externi, cu efect minimalist \u0219i elegant.<\/p>","protected":false},"featured_media":765,"comment_status":"closed","ping_status":"closed","template":"","meta":{"bwfblock_default_font":"","inline_featured_image":false},"product_cat":[22],"product_tag":[54,513,503,512,511],"class_list":{"0":"post-3112","1":"product","2":"type-product","3":"status-publish","4":"has-post-thumbnail","6":"product_cat-caramida-decorativa","7":"product_tag-caramida-decorativa","8":"product_tag-design-exterior","9":"product_tag-design-functionabil","10":"product_tag-design-interior","11":"product_tag-fatade","13":"first","14":"instock","15":"purchasable","16":"product-type-simple"},"acf":[],"yoast_head":"<!-- This site is optimized with the Yoast SEO Premium plugin v22.1 (Yoast SEO v22.1) - https:\/\/yoast.com\/wordpress\/plugins\/seo\/ -->\n<title>CITY BRICK CD-1525 - Mobilier urban<\/title>\n<meta name=\"description\" content=\"C\u0103r\u0103mid\u0103 decorativ\u0103 City Brick, DECORSTONE \u2013 model modern inspirat din stilul scandinav, perfect pentru fa\u021bade, pere\u021bi interiori \u0219i exteriori.\" \/>\n<meta name=\"robots\" content=\"index, follow, max-snippet:-1, max-image-preview:large, max-video-preview:-1\" \/>\n<link rel=\"canonical\" href=\"https:\/\/decorstone.md\/ru\/product\/city-brick-cd-1525\/\" \/>\n<meta property=\"og:locale\" content=\"ru_RU\" \/>\n<meta property=\"og:type\" content=\"article\" \/>\n<meta property=\"og:title\" content=\"CITY BRICK CD-1525 - Mobilier urban\" \/>\n<meta property=\"og:description\" content=\"C\u0103r\u0103mid\u0103 decorativ\u0103 City Brick, DECORSTONE \u2013 model modern inspirat din stilul scandinav, perfect pentru fa\u021bade, pere\u021bi interiori \u0219i exteriori.\" \/>\n<meta property=\"og:url\" content=\"https:\/\/decorstone.md\/ru\/product\/city-brick-cd-1525\/\" \/>\n<meta property=\"og:site_name\" content=\"Mobilier urban\" \/>\n<meta property=\"article:publisher\" content=\"https:\/\/www.facebook.com\/DecorStoneMD\/\" \/>\n<meta property=\"article:modified_time\" content=\"2026-01-16T10:35:11+00:00\" \/>\n<meta property=\"og:image\" content=\"https:\/\/decorstone.md\/wp-content\/uploads\/2024\/06\/city-brick-cd-1525-scaled-1.jpg\" \/>\n\t<meta property=\"og:image:width\" content=\"1703\" \/>\n\t<meta property=\"og:image:height\" content=\"2560\" \/>\n\t<meta property=\"og:image:type\" content=\"image\/jpeg\" \/>\n<meta name=\"twitter:card\" content=\"summary_large_image\" \/>\n<meta name=\"twitter:label1\" content=\"\u041f\u0440\u0438\u043c\u0435\u0440\u043d\u043e\u0435 \u0432\u0440\u0435\u043c\u044f \u0434\u043b\u044f \u0447\u0442\u0435\u043d\u0438\u044f\" \/>\n\t<meta name=\"twitter:data1\" content=\"1 \u043c\u0438\u043d\u0443\u0442\u0430\" \/>\n<script type=\"application\/ld+json\" class=\"yoast-schema-graph\">{\"@context\":\"https:\/\/schema.org\",\"@graph\":[{\"@type\":\"WebPage\",\"@id\":\"https:\/\/decorstone.md\/product\/city-brick-cd-1525\/\",\"url\":\"https:\/\/decorstone.md\/product\/city-brick-cd-1525\/\",\"name\":\"CITY BRICK CD-1525 - Mobilier urban\",\"isPartOf\":{\"@id\":\"https:\/\/decorstone.md\/#website\"},\"datePublished\":\"2023-07-04T14:04:14+00:00\",\"dateModified\":\"2026-01-16T10:35:11+00:00\",\"description\":\"C\u0103r\u0103mid\u0103 decorativ\u0103 City Brick, DECORSTONE \u2013 model modern inspirat din stilul scandinav, perfect pentru fa\u021bade, pere\u021bi interiori \u0219i exteriori.\",\"breadcrumb\":{\"@id\":\"https:\/\/decorstone.md\/product\/city-brick-cd-1525\/#breadcrumb\"},\"inLanguage\":\"ru-RU\",\"potentialAction\":[{\"@type\":\"ReadAction\",\"target\":[\"https:\/\/decorstone.md\/product\/city-brick-cd-1525\/\"]}]},{\"@type\":\"BreadcrumbList\",\"@id\":\"https:\/\/decorstone.md\/product\/city-brick-cd-1525\/#breadcrumb\",\"itemListElement\":[{\"@type\":\"ListItem\",\"position\":1,\"name\":\"Produse\",\"item\":\"https:\/\/decorstone.md\/produse\/\"},{\"@type\":\"ListItem\",\"position\":2,\"name\":\"CITY BRICK CD-1525\"}]},{\"@type\":\"WebSite\",\"@id\":\"https:\/\/decorstone.md\/#website\",\"url\":\"https:\/\/decorstone.md\/\",\"name\":\"DecorStone - Mobilier Urban \u0219i Pavaje\",\"description\":\"Decorstone\",\"publisher\":{\"@id\":\"https:\/\/decorstone.md\/#organization\"},\"potentialAction\":[{\"@type\":\"SearchAction\",\"target\":{\"@type\":\"EntryPoint\",\"urlTemplate\":\"https:\/\/decorstone.md\/?s={search_term_string}\"},\"query-input\":\"required name=search_term_string\"}],\"inLanguage\":\"ru-RU\"},{\"@type\":\"Organization\",\"@id\":\"https:\/\/decorstone.md\/#organization\",\"name\":\"DecorStone\",\"url\":\"https:\/\/decorstone.md\/\",\"logo\":{\"@type\":\"ImageObject\",\"inLanguage\":\"ru-RU\",\"@id\":\"https:\/\/decorstone.md\/#\/schema\/logo\/image\/\",\"url\":\"https:\/\/decorstone.md\/wp-content\/uploads\/2025\/01\/Design-fara-titlu.png\",\"contentUrl\":\"https:\/\/decorstone.md\/wp-content\/uploads\/2025\/01\/Design-fara-titlu.png\",\"width\":2295,\"height\":2295,\"caption\":\"DecorStone\"},\"image\":{\"@id\":\"https:\/\/decorstone.md\/#\/schema\/logo\/image\/\"},\"sameAs\":[\"https:\/\/www.facebook.com\/DecorStoneMD\/\",\"https:\/\/www.instagram.com\/decorstonemd\/\"]}]}<\/script>\n<!-- \/ Yoast SEO Premium plugin. -->","yoast_head_json":{"title":"CITY BRICK CD-1525 - Mobilier urban","description":"C\u0103r\u0103mid\u0103 decorativ\u0103 City Brick, DECORSTONE \u2013 model modern inspirat din stilul scandinav, perfect pentru fa\u021bade, pere\u021bi interiori \u0219i exteriori.","robots":{"index":"index","follow":"follow","max-snippet":"max-snippet:-1","max-image-preview":"max-image-preview:large","max-video-preview":"max-video-preview:-1"},"canonical":"https:\/\/decorstone.md\/ru\/product\/city-brick-cd-1525\/","og_locale":"ru_RU","og_type":"article","og_title":"CITY BRICK CD-1525 - Mobilier urban","og_description":"C\u0103r\u0103mid\u0103 decorativ\u0103 City Brick, DECORSTONE \u2013 model modern inspirat din stilul scandinav, perfect pentru fa\u021bade, pere\u021bi interiori \u0219i exteriori.","og_url":"https:\/\/decorstone.md\/ru\/product\/city-brick-cd-1525\/","og_site_name":"Mobilier urban","article_publisher":"https:\/\/www.facebook.com\/DecorStoneMD\/","article_modified_time":"2026-01-16T10:35:11+00:00","og_image":[{"width":1703,"height":2560,"url":"https:\/\/decorstone.md\/wp-content\/uploads\/2024\/06\/city-brick-cd-1525-scaled-1.jpg","type":"image\/jpeg"}],"twitter_card":"summary_large_image","twitter_misc":{"\u041f\u0440\u0438\u043c\u0435\u0440\u043d\u043e\u0435 \u0432\u0440\u0435\u043c\u044f \u0434\u043b\u044f \u0447\u0442\u0435\u043d\u0438\u044f":"1 \u043c\u0438\u043d\u0443\u0442\u0430"},"schema":{"@context":"https:\/\/schema.org","@graph":[{"@type":"WebPage","@id":"https:\/\/decorstone.md\/product\/city-brick-cd-1525\/","url":"https:\/\/decorstone.md\/product\/city-brick-cd-1525\/","name":"CITY BRICK CD-1525 - Mobilier urban","isPartOf":{"@id":"https:\/\/decorstone.md\/#website"},"datePublished":"2023-07-04T14:04:14+00:00","dateModified":"2026-01-16T10:35:11+00:00","description":"C\u0103r\u0103mid\u0103 decorativ\u0103 City Brick, DECORSTONE \u2013 model modern inspirat din stilul scandinav, perfect pentru fa\u021bade, pere\u021bi interiori \u0219i exteriori.","breadcrumb":{"@id":"https:\/\/decorstone.md\/product\/city-brick-cd-1525\/#breadcrumb"},"inLanguage":"ru-RU","potentialAction":[{"@type":"ReadAction","target":["https:\/\/decorstone.md\/product\/city-brick-cd-1525\/"]}]},{"@type":"BreadcrumbList","@id":"https:\/\/decorstone.md\/product\/city-brick-cd-1525\/#breadcrumb","itemListElement":[{"@type":"ListItem","position":1,"name":"Produse","item":"https:\/\/decorstone.md\/produse\/"},{"@type":"ListItem","position":2,"name":"CITY BRICK CD-1525"}]},{"@type":"WebSite","@id":"https:\/\/decorstone.md\/#website","url":"https:\/\/decorstone.md\/","name":"DecorStone - Mobilier Urban \u0219i Pavaje","description":"Decorstone","publisher":{"@id":"https:\/\/decorstone.md\/#organization"},"potentialAction":[{"@type":"SearchAction","target":{"@type":"EntryPoint","urlTemplate":"https:\/\/decorstone.md\/?s={search_term_string}"},"query-input":"required name=search_term_string"}],"inLanguage":"ru-RU"},{"@type":"Organization","@id":"https:\/\/decorstone.md\/#organization","name":"DecorStone","url":"https:\/\/decorstone.md\/","logo":{"@type":"ImageObject","inLanguage":"ru-RU","@id":"https:\/\/decorstone.md\/#\/schema\/logo\/image\/","url":"https:\/\/decorstone.md\/wp-content\/uploads\/2025\/01\/Design-fara-titlu.png","contentUrl":"https:\/\/decorstone.md\/wp-content\/uploads\/2025\/01\/Design-fara-titlu.png","width":2295,"height":2295,"caption":"DecorStone"},"image":{"@id":"https:\/\/decorstone.md\/#\/schema\/logo\/image\/"},"sameAs":["https:\/\/www.facebook.com\/DecorStoneMD\/","https:\/\/www.instagram.com\/decorstonemd\/"]}]}},"_links":{"self":[{"href":"https:\/\/decorstone.md\/ru\/wp-json\/wp\/v2\/product\/3112"}],"collection":[{"href":"https:\/\/decorstone.md\/ru\/wp-json\/wp\/v2\/product"}],"about":[{"href":"https:\/\/decorstone.md\/ru\/wp-json\/wp\/v2\/types\/product"}],"replies":[{"embeddable":true,"href":"https:\/\/decorstone.md\/ru\/wp-json\/wp\/v2\/comments?post=3112"}],"wp:featuredmedia":[{"embeddable":true,"href":"https:\/\/decorstone.md\/ru\/wp-json\/wp\/v2\/media\/765"}],"wp:attachment":[{"href":"https:\/\/decorstone.md\/ru\/wp-json\/wp\/v2\/media?parent=3112"}],"wp:term":[{"taxonomy":"product_cat","embeddable":true,"href":"https:\/\/decorstone.md\/ru\/wp-json\/wp\/v2\/product_cat?post=3112"},{"taxonomy":"product_tag","embeddable":true,"href":"https:\/\/decorstone.md\/ru\/wp-json\/wp\/v2\/product_tag?post=3112"}],"curies":[{"name":"wp","href":"https:\/\/api.w.org\/{rel}","templated":true}]}}