{"id":3686,"date":"2024-07-11T18:28:51","date_gmt":"2024-07-11T15:28:51","guid":{"rendered":"https:\/\/decorstone.md\/?post_type=product&#038;p=3686"},"modified":"2025-09-12T17:29:28","modified_gmt":"2025-09-12T14:29:28","slug":"jardiniera","status":"publish","type":"product","link":"https:\/\/decorstone.md\/ru\/product\/\u0441\u0430\u0434\u043e\u0432\u043d\u0438\u043a\/","title":{"rendered":"\u0421\u0410\u0414\u041e\u0412\u0410\u042f \u0421\u041a\u0410\u041c\u042c\u042f &quot;\u041a\u0412\u0410\u0414\u0420\u0410\u0422&quot;"},"content":{"rendered":"","protected":false},"excerpt":{"rendered":"<p><span style=\"font-weight: 400;\">\u0421\u043a\u0430\u043c\u0435\u0439\u043a\u0430 \u0434\u043b\u044f \u0446\u0432\u0435\u0442\u043e\u0432 \u2014 \u044d\u0442\u043e \u0438\u043d\u043d\u043e\u0432\u0430\u0446\u0438\u043e\u043d\u043d\u044b\u0439 \u0438 \u043f\u0440\u0430\u043a\u0442\u0438\u0447\u043d\u044b\u0439 \u043f\u0440\u043e\u0434\u0443\u043a\u0442 \u0434\u043b\u044f \u043e\u0431\u0449\u0435\u0441\u0442\u0432\u0435\u043d\u043d\u044b\u0445 \u043c\u0435\u0441\u0442. \u041e\u043d \u0441\u043f\u043e\u0441\u043e\u0431\u0441\u0442\u0432\u0443\u0435\u0442 \u043e\u0437\u0435\u043b\u0435\u043d\u0435\u043d\u0438\u044e \u0442\u0435\u0440\u0440\u0438\u0442\u043e\u0440\u0438\u0439, \u0430 \u0442\u0430\u043a\u0436\u0435 \u044f\u0432\u043b\u044f\u0435\u0442\u0441\u044f \u043c\u0435\u0441\u0442\u043e\u043c \u043e\u0442\u0434\u044b\u0445\u0430 \u0434\u043b\u044f \u043b\u044e\u0434\u0435\u0439. \u041e\u043d \u0438\u0434\u0435\u0430\u043b\u044c\u043d\u043e \u0438\u043d\u0442\u0435\u0433\u0440\u0438\u0440\u0443\u0435\u0442\u0441\u044f \u0432 \u043f\u0430\u0440\u043a\u0438, \u0441\u043a\u0432\u0435\u0440\u044b \u0438 \u0442\u0435\u0440\u0440\u0430\u0441\u044b.<\/span><\/p>","protected":false},"featured_media":3687,"comment_status":"closed","ping_status":"closed","template":"","meta":{"bwfblock_default_font":"","inline_featured_image":false},"product_cat":[37,36],"product_tag":[],"class_list":{"0":"post-3686","1":"product","2":"type-product","3":"status-publish","4":"has-post-thumbnail","6":"product_cat-banci","7":"product_cat-urban-22","8":"pa_culori-alb","9":"pa_culori-dark-grey","10":"pa_dimensiuni-l-1750mm-b-1750mm-h650mm","12":"first","13":"instock","14":"shipping-taxable","15":"purchasable","16":"product-type-variable"},"acf":[],"yoast_head":"<!-- This site is optimized with the Yoast SEO Premium plugin v22.1 (Yoast SEO v22.1) - https:\/\/yoast.com\/wordpress\/plugins\/seo\/ -->\n<title>BANC\u0102-JARDINIER\u0102 \u201eSQUARE\u201d - Mobilier urban<\/title>\n<meta name=\"robots\" content=\"index, follow, max-snippet:-1, max-image-preview:large, max-video-preview:-1\" \/>\n<link rel=\"canonical\" href=\"https:\/\/decorstone.md\/ru\/product\/\u0441\u0430\u0434\u043e\u0432\u043d\u0438\u043a\/\" \/>\n<meta property=\"og:locale\" content=\"ru_RU\" \/>\n<meta property=\"og:type\" content=\"article\" \/>\n<meta property=\"og:title\" content=\"BANC\u0102-JARDINIER\u0102 \u201eSQUARE\u201d - Mobilier urban\" \/>\n<meta property=\"og:description\" content=\"Banca-jardinier\u0103 este un produs inovativ \u0219i practic pentru spa\u021biile publice. Contribuie la \u00eenverzirea spa\u021biilor \u0219i totodat\u0103 este un punct de relaxare pentru oameni. Se integreaz\u0103 perfect \u00een parcuri, scuare \u0219i terase.\" \/>\n<meta property=\"og:url\" content=\"https:\/\/decorstone.md\/ru\/product\/\u0441\u0430\u0434\u043e\u0432\u043d\u0438\u043a\/\" \/>\n<meta property=\"og:site_name\" content=\"Mobilier urban\" \/>\n<meta property=\"article:publisher\" content=\"https:\/\/www.facebook.com\/DecorStoneMD\/\" \/>\n<meta property=\"article:modified_time\" content=\"2025-09-12T14:29:28+00:00\" \/>\n<meta property=\"og:image\" content=\"https:\/\/decorstone.md\/wp-content\/uploads\/2024\/07\/marmura-2.jpg\" \/>\n\t<meta property=\"og:image:width\" content=\"2560\" \/>\n\t<meta property=\"og:image:height\" content=\"2560\" \/>\n\t<meta property=\"og:image:type\" content=\"image\/jpeg\" \/>\n<meta name=\"twitter:card\" content=\"summary_large_image\" \/>\n<meta name=\"twitter:label1\" content=\"\u041f\u0440\u0438\u043c\u0435\u0440\u043d\u043e\u0435 \u0432\u0440\u0435\u043c\u044f \u0434\u043b\u044f \u0447\u0442\u0435\u043d\u0438\u044f\" \/>\n\t<meta name=\"twitter:data1\" content=\"1 \u043c\u0438\u043d\u0443\u0442\u0430\" \/>\n<script type=\"application\/ld+json\" class=\"yoast-schema-graph\">{\"@context\":\"https:\/\/schema.org\",\"@graph\":[{\"@type\":\"WebPage\",\"@id\":\"https:\/\/decorstone.md\/product\/jardiniera\/\",\"url\":\"https:\/\/decorstone.md\/product\/jardiniera\/\",\"name\":\"BANC\u0102-JARDINIER\u0102 \u201eSQUARE\u201d - Mobilier urban\",\"isPartOf\":{\"@id\":\"https:\/\/decorstone.md\/#website\"},\"datePublished\":\"2024-07-11T15:28:51+00:00\",\"dateModified\":\"2025-09-12T14:29:28+00:00\",\"breadcrumb\":{\"@id\":\"https:\/\/decorstone.md\/product\/jardiniera\/#breadcrumb\"},\"inLanguage\":\"ru-RU\",\"potentialAction\":[{\"@type\":\"ReadAction\",\"target\":[\"https:\/\/decorstone.md\/product\/jardiniera\/\"]}]},{\"@type\":\"BreadcrumbList\",\"@id\":\"https:\/\/decorstone.md\/product\/jardiniera\/#breadcrumb\",\"itemListElement\":[{\"@type\":\"ListItem\",\"position\":1,\"name\":\"Produse\",\"item\":\"https:\/\/decorstone.md\/produse\/\"},{\"@type\":\"ListItem\",\"position\":2,\"name\":\"BANC\u0102-JARDINIER\u0102 \u201eSQUARE\u201d\"}]},{\"@type\":\"WebSite\",\"@id\":\"https:\/\/decorstone.md\/#website\",\"url\":\"https:\/\/decorstone.md\/\",\"name\":\"DecorStone - Mobilier Urban \u0219i Pavaje\",\"description\":\"Decorstone\",\"publisher\":{\"@id\":\"https:\/\/decorstone.md\/#organization\"},\"potentialAction\":[{\"@type\":\"SearchAction\",\"target\":{\"@type\":\"EntryPoint\",\"urlTemplate\":\"https:\/\/decorstone.md\/?s={search_term_string}\"},\"query-input\":\"required name=search_term_string\"}],\"inLanguage\":\"ru-RU\"},{\"@type\":\"Organization\",\"@id\":\"https:\/\/decorstone.md\/#organization\",\"name\":\"DecorStone\",\"url\":\"https:\/\/decorstone.md\/\",\"logo\":{\"@type\":\"ImageObject\",\"inLanguage\":\"ru-RU\",\"@id\":\"https:\/\/decorstone.md\/#\/schema\/logo\/image\/\",\"url\":\"https:\/\/decorstone.md\/wp-content\/uploads\/2025\/01\/Design-fara-titlu.png\",\"contentUrl\":\"https:\/\/decorstone.md\/wp-content\/uploads\/2025\/01\/Design-fara-titlu.png\",\"width\":2295,\"height\":2295,\"caption\":\"DecorStone\"},\"image\":{\"@id\":\"https:\/\/decorstone.md\/#\/schema\/logo\/image\/\"},\"sameAs\":[\"https:\/\/www.facebook.com\/DecorStoneMD\/\",\"https:\/\/www.instagram.com\/decorstonemd\/\"]}]}<\/script>\n<!-- \/ Yoast SEO Premium plugin. -->","yoast_head_json":{"title":"BANC\u0102-JARDINIER\u0102 \u201eSQUARE\u201d - Mobilier urban","robots":{"index":"index","follow":"follow","max-snippet":"max-snippet:-1","max-image-preview":"max-image-preview:large","max-video-preview":"max-video-preview:-1"},"canonical":"https:\/\/decorstone.md\/ru\/product\/\u0441\u0430\u0434\u043e\u0432\u043d\u0438\u043a\/","og_locale":"ru_RU","og_type":"article","og_title":"BANC\u0102-JARDINIER\u0102 \u201eSQUARE\u201d - Mobilier urban","og_description":"Banca-jardinier\u0103 este un produs inovativ \u0219i practic pentru spa\u021biile publice. Contribuie la \u00eenverzirea spa\u021biilor \u0219i totodat\u0103 este un punct de relaxare pentru oameni. Se integreaz\u0103 perfect \u00een parcuri, scuare \u0219i terase.","og_url":"https:\/\/decorstone.md\/ru\/product\/\u0441\u0430\u0434\u043e\u0432\u043d\u0438\u043a\/","og_site_name":"Mobilier urban","article_publisher":"https:\/\/www.facebook.com\/DecorStoneMD\/","article_modified_time":"2025-09-12T14:29:28+00:00","og_image":[{"width":2560,"height":2560,"url":"https:\/\/decorstone.md\/wp-content\/uploads\/2024\/07\/marmura-2.jpg","type":"image\/jpeg"}],"twitter_card":"summary_large_image","twitter_misc":{"\u041f\u0440\u0438\u043c\u0435\u0440\u043d\u043e\u0435 \u0432\u0440\u0435\u043c\u044f \u0434\u043b\u044f \u0447\u0442\u0435\u043d\u0438\u044f":"1 \u043c\u0438\u043d\u0443\u0442\u0430"},"schema":{"@context":"https:\/\/schema.org","@graph":[{"@type":"WebPage","@id":"https:\/\/decorstone.md\/product\/jardiniera\/","url":"https:\/\/decorstone.md\/product\/jardiniera\/","name":"BANC\u0102-JARDINIER\u0102 \u201eSQUARE\u201d - Mobilier urban","isPartOf":{"@id":"https:\/\/decorstone.md\/#website"},"datePublished":"2024-07-11T15:28:51+00:00","dateModified":"2025-09-12T14:29:28+00:00","breadcrumb":{"@id":"https:\/\/decorstone.md\/product\/jardiniera\/#breadcrumb"},"inLanguage":"ru-RU","potentialAction":[{"@type":"ReadAction","target":["https:\/\/decorstone.md\/product\/jardiniera\/"]}]},{"@type":"BreadcrumbList","@id":"https:\/\/decorstone.md\/product\/jardiniera\/#breadcrumb","itemListElement":[{"@type":"ListItem","position":1,"name":"Produse","item":"https:\/\/decorstone.md\/produse\/"},{"@type":"ListItem","position":2,"name":"BANC\u0102-JARDINIER\u0102 \u201eSQUARE\u201d"}]},{"@type":"WebSite","@id":"https:\/\/decorstone.md\/#website","url":"https:\/\/decorstone.md\/","name":"DecorStone - Mobilier Urban \u0219i Pavaje","description":"Decorstone","publisher":{"@id":"https:\/\/decorstone.md\/#organization"},"potentialAction":[{"@type":"SearchAction","target":{"@type":"EntryPoint","urlTemplate":"https:\/\/decorstone.md\/?s={search_term_string}"},"query-input":"required name=search_term_string"}],"inLanguage":"ru-RU"},{"@type":"Organization","@id":"https:\/\/decorstone.md\/#organization","name":"DecorStone","url":"https:\/\/decorstone.md\/","logo":{"@type":"ImageObject","inLanguage":"ru-RU","@id":"https:\/\/decorstone.md\/#\/schema\/logo\/image\/","url":"https:\/\/decorstone.md\/wp-content\/uploads\/2025\/01\/Design-fara-titlu.png","contentUrl":"https:\/\/decorstone.md\/wp-content\/uploads\/2025\/01\/Design-fara-titlu.png","width":2295,"height":2295,"caption":"DecorStone"},"image":{"@id":"https:\/\/decorstone.md\/#\/schema\/logo\/image\/"},"sameAs":["https:\/\/www.facebook.com\/DecorStoneMD\/","https:\/\/www.instagram.com\/decorstonemd\/"]}]}},"_links":{"self":[{"href":"https:\/\/decorstone.md\/ru\/wp-json\/wp\/v2\/product\/3686"}],"collection":[{"href":"https:\/\/decorstone.md\/ru\/wp-json\/wp\/v2\/product"}],"about":[{"href":"https:\/\/decorstone.md\/ru\/wp-json\/wp\/v2\/types\/product"}],"replies":[{"embeddable":true,"href":"https:\/\/decorstone.md\/ru\/wp-json\/wp\/v2\/comments?post=3686"}],"wp:featuredmedia":[{"embeddable":true,"href":"https:\/\/decorstone.md\/ru\/wp-json\/wp\/v2\/media\/3687"}],"wp:attachment":[{"href":"https:\/\/decorstone.md\/ru\/wp-json\/wp\/v2\/media?parent=3686"}],"wp:term":[{"taxonomy":"product_cat","embeddable":true,"href":"https:\/\/decorstone.md\/ru\/wp-json\/wp\/v2\/product_cat?post=3686"},{"taxonomy":"product_tag","embeddable":true,"href":"https:\/\/decorstone.md\/ru\/wp-json\/wp\/v2\/product_tag?post=3686"}],"curies":[{"name":"wp","href":"https:\/\/api.w.org\/{rel}","templated":true}]}}