{"id":3777,"date":"2024-07-12T16:42:42","date_gmt":"2024-07-12T13:42:42","guid":{"rendered":"https:\/\/decorstone.md\/?post_type=product&#038;p=3777"},"modified":"2026-01-15T12:06:10","modified_gmt":"2026-01-15T10:06:10","slug":"ghiveci-din-beton-giga-cilindru","status":"publish","type":"product","link":"https:\/\/decorstone.md\/ru\/product\/\u0433\u0438\u0433\u0430\u043d\u0442\u0441\u043a\u0438\u0439-\u0446\u0438\u043b\u0438\u043d\u0434\u0440\/","title":{"rendered":"Giga Cilindru"},"content":{"rendered":"<h3 data-start=\"131\" data-end=\"174\"><strong data-start=\"135\" data-end=\"172\">Ghiveci din Beton \u2013 Giga Cilindru<\/strong><\/h3>\n<p data-start=\"176\" data-end=\"635\">Ghiveciul <strong data-start=\"186\" data-end=\"203\">Giga Cilindru<\/strong> combin\u0103 <strong data-start=\"212\" data-end=\"242\">designul modern \u0219i elegant<\/strong> cu <strong data-start=\"246\" data-end=\"270\">rezisten\u021ba betonului<\/strong>, oferind un vas decorativ perfect pentru gr\u0103dini, terase, spa\u021bii comerciale sau interioare. Forma cilindric\u0103 \u00eel face ideal pentru plante ornamentale \u0219i arbu\u0219ti, oferind stabilitate \u0219i un impact vizual deosebit. Fabricat din beton de \u00eenalt\u0103 calitate, Giga Cilindru rezist\u0103 la intemperii, raze UV \u0219i temperaturi variabile, men\u021bin\u00e2ndu-\u0219i aspectul impecabil \u00een timp.<\/p>\n<h3 data-start=\"642\" data-end=\"675\"><strong data-start=\"646\" data-end=\"675\">Caracteristici principale<\/strong><\/h3>\n<ul data-start=\"676\" data-end=\"1087\">\n<li data-start=\"676\" data-end=\"732\">\n<p data-start=\"678\" data-end=\"732\"><strong data-start=\"678\" data-end=\"691\">Material:<\/strong> beton durabil \u0219i rezistent la exterior<\/p>\n<\/li>\n<li data-start=\"733\" data-end=\"778\">\n<p data-start=\"735\" data-end=\"778\"><strong data-start=\"735\" data-end=\"745\">Form\u0103:<\/strong> cilindric\u0103, stabil\u0103 \u0219i modern\u0103<\/p>\n<\/li>\n<li data-start=\"779\" data-end=\"855\">\n<p data-start=\"781\" data-end=\"855\"><strong data-start=\"781\" data-end=\"795\">Utilizare:<\/strong> interior \u0219i exterior (gr\u0103dini, terase, spa\u021bii comerciale)<\/p>\n<\/li>\n<li data-start=\"856\" data-end=\"916\">\n<p data-start=\"858\" data-end=\"916\"><strong data-start=\"858\" data-end=\"869\">Design:<\/strong> minimalist, elegant, potrivit \u00een orice decor<\/p>\n<\/li>\n<li data-start=\"917\" data-end=\"989\">\n<p data-start=\"919\" data-end=\"989\"><strong data-start=\"919\" data-end=\"934\">\u0420\u0430\u0437\u043c\u0435\u0440\u044b:<\/strong> mai multe variante disponibile pentru nevoi diferite<\/p>\n<\/li>\n<li data-start=\"990\" data-end=\"1040\">\n<p data-start=\"992\" data-end=\"1040\"><strong data-start=\"992\" data-end=\"1008\">\u00centre\u021binere:<\/strong> u\u0219or de cur\u0103\u021bat \u0219i \u00eentre\u021binut<\/p>\n<\/li>\n<li data-start=\"1041\" data-end=\"1087\">\n<p data-start=\"1043\" data-end=\"1087\"><strong data-start=\"1043\" data-end=\"1053\">Marc\u0103:<\/strong> Decorstone, seria Giga Cilindru<\/p>\n<\/li>\n<\/ul>","protected":false},"excerpt":{"rendered":"<p><span style=\"font-weight: 400;\">Ghiveci din beton Giga Cilindru pentru gr\u0103dini \u0219i terase moderne, numita \u0219i Colec\u021bia JUMBO este creat\u0103 pentru a moderniza spa\u021biul urban. Cilindru este caracterizat\u0103 prin forme stricte \u0219i clasice, destinate scuarurilor, parcurilor sau zonelor de odihn\u0103. Greutatea \u0219i materialele din care sunt fabricate exclud posibilitatea de a fi\u00a0 vandalizate, totodat\u0103 oferindu-i o durabilitate \u00eendelungat\u0103 \u00een timp.<\/span><\/p>","protected":false},"featured_media":4749,"comment_status":"closed","ping_status":"closed","template":"","meta":{"bwfblock_default_font":"","inline_featured_image":false},"product_cat":[206,36,273],"product_tag":[],"class_list":{"0":"post-3777","1":"product","2":"type-product","3":"status-publish","4":"has-post-thumbnail","6":"product_cat-ghivece-urban-22","7":"product_cat-urban-22","8":"product_cat-jumbo","9":"pa_culori-antracite","10":"pa_culori-grey","11":"pa_culori-white-grey","12":"pa_dimensiuni-d1000mm-h700mm","13":"pa_dimensiuni-d1200mm-h500mm","14":"pa_dimensiuni-d1200mm-h800mm","15":"pa_dimensiuni-d1400mm-h900mm","16":"pa_dimensiuni-d600mm-h550mm","17":"pa_dimensiuni-d800mm-h600mm","19":"first","20":"instock","21":"sale","22":"shipping-taxable","23":"purchasable","24":"product-type-variable"},"acf":[],"yoast_head":"<!-- This site is optimized with the Yoast SEO Premium plugin v22.1 (Yoast SEO v22.1) - https:\/\/yoast.com\/wordpress\/plugins\/seo\/ -->\n<title>Giga Cilindru - Mobilier urban<\/title>\n<meta name=\"description\" content=\"Giga Cilindru \u2013 ghiveci decorativ din beton, durabil \u0219i stabil, ideal pentru plante mari \u0219i amenaj\u0103ri exterioare sau interioare.\" \/>\n<meta name=\"robots\" content=\"index, follow, max-snippet:-1, max-image-preview:large, max-video-preview:-1\" \/>\n<link rel=\"canonical\" href=\"https:\/\/decorstone.md\/ru\/product\/\u0433\u0438\u0433\u0430\u043d\u0442\u0441\u043a\u0438\u0439-\u0446\u0438\u043b\u0438\u043d\u0434\u0440\/\" \/>\n<meta property=\"og:locale\" content=\"ru_RU\" \/>\n<meta property=\"og:type\" content=\"article\" \/>\n<meta property=\"og:title\" content=\"Giga Cilindru - Mobilier urban\" \/>\n<meta property=\"og:description\" content=\"Giga Cilindru \u2013 ghiveci decorativ din beton, durabil \u0219i stabil, ideal pentru plante mari \u0219i amenaj\u0103ri exterioare sau interioare.\" \/>\n<meta property=\"og:url\" content=\"https:\/\/decorstone.md\/ru\/product\/\u0433\u0438\u0433\u0430\u043d\u0442\u0441\u043a\u0438\u0439-\u0446\u0438\u043b\u0438\u043d\u0434\u0440\/\" \/>\n<meta property=\"og:site_name\" content=\"Mobilier urban\" \/>\n<meta property=\"article:publisher\" content=\"https:\/\/www.facebook.com\/DecorStoneMD\/\" \/>\n<meta property=\"article:modified_time\" content=\"2026-01-15T10:06:10+00:00\" \/>\n<meta property=\"og:image\" content=\"https:\/\/decorstone.md\/wp-content\/uploads\/2024\/07\/JPG_6730-2.jpg\" \/>\n\t<meta property=\"og:image:width\" content=\"640\" \/>\n\t<meta property=\"og:image:height\" content=\"800\" \/>\n\t<meta property=\"og:image:type\" content=\"image\/jpeg\" \/>\n<meta name=\"twitter:card\" content=\"summary_large_image\" \/>\n<meta name=\"twitter:label1\" content=\"\u041f\u0440\u0438\u043c\u0435\u0440\u043d\u043e\u0435 \u0432\u0440\u0435\u043c\u044f \u0434\u043b\u044f \u0447\u0442\u0435\u043d\u0438\u044f\" \/>\n\t<meta name=\"twitter:data1\" content=\"1 \u043c\u0438\u043d\u0443\u0442\u0430\" \/>\n<script type=\"application\/ld+json\" class=\"yoast-schema-graph\">{\"@context\":\"https:\/\/schema.org\",\"@graph\":[{\"@type\":\"WebPage\",\"@id\":\"https:\/\/decorstone.md\/product\/ghiveci-din-beton-giga-cilindru\/\",\"url\":\"https:\/\/decorstone.md\/product\/ghiveci-din-beton-giga-cilindru\/\",\"name\":\"Giga Cilindru - Mobilier urban\",\"isPartOf\":{\"@id\":\"https:\/\/decorstone.md\/#website\"},\"datePublished\":\"2024-07-12T13:42:42+00:00\",\"dateModified\":\"2026-01-15T10:06:10+00:00\",\"description\":\"Giga Cilindru \u2013 ghiveci decorativ din beton, durabil \u0219i stabil, ideal pentru plante mari \u0219i amenaj\u0103ri exterioare sau interioare.\",\"breadcrumb\":{\"@id\":\"https:\/\/decorstone.md\/product\/ghiveci-din-beton-giga-cilindru\/#breadcrumb\"},\"inLanguage\":\"ru-RU\",\"potentialAction\":[{\"@type\":\"ReadAction\",\"target\":[\"https:\/\/decorstone.md\/product\/ghiveci-din-beton-giga-cilindru\/\"]}]},{\"@type\":\"BreadcrumbList\",\"@id\":\"https:\/\/decorstone.md\/product\/ghiveci-din-beton-giga-cilindru\/#breadcrumb\",\"itemListElement\":[{\"@type\":\"ListItem\",\"position\":1,\"name\":\"Produse\",\"item\":\"https:\/\/decorstone.md\/produse\/\"},{\"@type\":\"ListItem\",\"position\":2,\"name\":\"Giga Cilindru\"}]},{\"@type\":\"WebSite\",\"@id\":\"https:\/\/decorstone.md\/#website\",\"url\":\"https:\/\/decorstone.md\/\",\"name\":\"DecorStone - Mobilier Urban \u0219i Pavaje\",\"description\":\"Decorstone\",\"publisher\":{\"@id\":\"https:\/\/decorstone.md\/#organization\"},\"potentialAction\":[{\"@type\":\"SearchAction\",\"target\":{\"@type\":\"EntryPoint\",\"urlTemplate\":\"https:\/\/decorstone.md\/?s={search_term_string}\"},\"query-input\":\"required name=search_term_string\"}],\"inLanguage\":\"ru-RU\"},{\"@type\":\"Organization\",\"@id\":\"https:\/\/decorstone.md\/#organization\",\"name\":\"DecorStone\",\"url\":\"https:\/\/decorstone.md\/\",\"logo\":{\"@type\":\"ImageObject\",\"inLanguage\":\"ru-RU\",\"@id\":\"https:\/\/decorstone.md\/#\/schema\/logo\/image\/\",\"url\":\"https:\/\/decorstone.md\/wp-content\/uploads\/2025\/01\/Design-fara-titlu.png\",\"contentUrl\":\"https:\/\/decorstone.md\/wp-content\/uploads\/2025\/01\/Design-fara-titlu.png\",\"width\":2295,\"height\":2295,\"caption\":\"DecorStone\"},\"image\":{\"@id\":\"https:\/\/decorstone.md\/#\/schema\/logo\/image\/\"},\"sameAs\":[\"https:\/\/www.facebook.com\/DecorStoneMD\/\",\"https:\/\/www.instagram.com\/decorstonemd\/\"]}]}<\/script>\n<!-- \/ Yoast SEO Premium plugin. -->","yoast_head_json":{"title":"Giga Cilindru - Mobilier urban","description":"Giga Cilindru \u2013 ghiveci decorativ din beton, durabil \u0219i stabil, ideal pentru plante mari \u0219i amenaj\u0103ri exterioare sau interioare.","robots":{"index":"index","follow":"follow","max-snippet":"max-snippet:-1","max-image-preview":"max-image-preview:large","max-video-preview":"max-video-preview:-1"},"canonical":"https:\/\/decorstone.md\/ru\/product\/\u0433\u0438\u0433\u0430\u043d\u0442\u0441\u043a\u0438\u0439-\u0446\u0438\u043b\u0438\u043d\u0434\u0440\/","og_locale":"ru_RU","og_type":"article","og_title":"Giga Cilindru - Mobilier urban","og_description":"Giga Cilindru \u2013 ghiveci decorativ din beton, durabil \u0219i stabil, ideal pentru plante mari \u0219i amenaj\u0103ri exterioare sau interioare.","og_url":"https:\/\/decorstone.md\/ru\/product\/\u0433\u0438\u0433\u0430\u043d\u0442\u0441\u043a\u0438\u0439-\u0446\u0438\u043b\u0438\u043d\u0434\u0440\/","og_site_name":"Mobilier urban","article_publisher":"https:\/\/www.facebook.com\/DecorStoneMD\/","article_modified_time":"2026-01-15T10:06:10+00:00","og_image":[{"url":"https:\/\/decorstone.md\/wp-content\/uploads\/2024\/07\/JPG_6730-2.jpg","width":640,"height":800,"type":"image\/jpeg"}],"twitter_card":"summary_large_image","twitter_misc":{"\u041f\u0440\u0438\u043c\u0435\u0440\u043d\u043e\u0435 \u0432\u0440\u0435\u043c\u044f \u0434\u043b\u044f \u0447\u0442\u0435\u043d\u0438\u044f":"1 \u043c\u0438\u043d\u0443\u0442\u0430"},"schema":{"@context":"https:\/\/schema.org","@graph":[{"@type":"WebPage","@id":"https:\/\/decorstone.md\/product\/ghiveci-din-beton-giga-cilindru\/","url":"https:\/\/decorstone.md\/product\/ghiveci-din-beton-giga-cilindru\/","name":"Giga Cilindru - Mobilier urban","isPartOf":{"@id":"https:\/\/decorstone.md\/#website"},"datePublished":"2024-07-12T13:42:42+00:00","dateModified":"2026-01-15T10:06:10+00:00","description":"Giga Cilindru \u2013 ghiveci decorativ din beton, durabil \u0219i stabil, ideal pentru plante mari \u0219i amenaj\u0103ri exterioare sau interioare.","breadcrumb":{"@id":"https:\/\/decorstone.md\/product\/ghiveci-din-beton-giga-cilindru\/#breadcrumb"},"inLanguage":"ru-RU","potentialAction":[{"@type":"ReadAction","target":["https:\/\/decorstone.md\/product\/ghiveci-din-beton-giga-cilindru\/"]}]},{"@type":"BreadcrumbList","@id":"https:\/\/decorstone.md\/product\/ghiveci-din-beton-giga-cilindru\/#breadcrumb","itemListElement":[{"@type":"ListItem","position":1,"name":"Produse","item":"https:\/\/decorstone.md\/produse\/"},{"@type":"ListItem","position":2,"name":"Giga Cilindru"}]},{"@type":"WebSite","@id":"https:\/\/decorstone.md\/#website","url":"https:\/\/decorstone.md\/","name":"DecorStone - Mobilier Urban \u0219i Pavaje","description":"Decorstone","publisher":{"@id":"https:\/\/decorstone.md\/#organization"},"potentialAction":[{"@type":"SearchAction","target":{"@type":"EntryPoint","urlTemplate":"https:\/\/decorstone.md\/?s={search_term_string}"},"query-input":"required name=search_term_string"}],"inLanguage":"ru-RU"},{"@type":"Organization","@id":"https:\/\/decorstone.md\/#organization","name":"DecorStone","url":"https:\/\/decorstone.md\/","logo":{"@type":"ImageObject","inLanguage":"ru-RU","@id":"https:\/\/decorstone.md\/#\/schema\/logo\/image\/","url":"https:\/\/decorstone.md\/wp-content\/uploads\/2025\/01\/Design-fara-titlu.png","contentUrl":"https:\/\/decorstone.md\/wp-content\/uploads\/2025\/01\/Design-fara-titlu.png","width":2295,"height":2295,"caption":"DecorStone"},"image":{"@id":"https:\/\/decorstone.md\/#\/schema\/logo\/image\/"},"sameAs":["https:\/\/www.facebook.com\/DecorStoneMD\/","https:\/\/www.instagram.com\/decorstonemd\/"]}]}},"_links":{"self":[{"href":"https:\/\/decorstone.md\/ru\/wp-json\/wp\/v2\/product\/3777"}],"collection":[{"href":"https:\/\/decorstone.md\/ru\/wp-json\/wp\/v2\/product"}],"about":[{"href":"https:\/\/decorstone.md\/ru\/wp-json\/wp\/v2\/types\/product"}],"replies":[{"embeddable":true,"href":"https:\/\/decorstone.md\/ru\/wp-json\/wp\/v2\/comments?post=3777"}],"wp:featuredmedia":[{"embeddable":true,"href":"https:\/\/decorstone.md\/ru\/wp-json\/wp\/v2\/media\/4749"}],"wp:attachment":[{"href":"https:\/\/decorstone.md\/ru\/wp-json\/wp\/v2\/media?parent=3777"}],"wp:term":[{"taxonomy":"product_cat","embeddable":true,"href":"https:\/\/decorstone.md\/ru\/wp-json\/wp\/v2\/product_cat?post=3777"},{"taxonomy":"product_tag","embeddable":true,"href":"https:\/\/decorstone.md\/ru\/wp-json\/wp\/v2\/product_tag?post=3777"}],"curies":[{"name":"wp","href":"https:\/\/api.w.org\/{rel}","templated":true}]}}