{"id":3823,"date":"2024-07-16T11:55:30","date_gmt":"2024-07-16T08:55:30","guid":{"rendered":"https:\/\/decorstone.md\/?post_type=product&#038;p=3823"},"modified":"2026-01-19T11:58:49","modified_gmt":"2026-01-19T09:58:49","slug":"bolard","status":"publish","type":"product","link":"https:\/\/decorstone.md\/ru\/product\/\u0441\u0442\u043e\u043b\u0431\u0438\u043a\/","title":{"rendered":"Bolard din beton"},"content":{"rendered":"<p><strong data-start=\"265\" data-end=\"287\">Bolardul din beton<\/strong> este un produs multifunc\u021bional, conceput pentru organizarea \u0219i amenajarea eficient\u0103 a spa\u021biilor publice. Acesta poate fi utilizat at\u00e2t ca delimitator de acces pentru parc\u0103ri. Datorit\u0103 designului robust \u0219i func\u021bional, bolardul este ideal pentru utilizare \u00een parcuri, scuaruri, zone pietonale, terase \u0219i alte spa\u021bii urbane. Materialele durabile asigur\u0103 rezisten\u021b\u0103 sporit\u0103 la factorii externi, trafic intens \u0219i varia\u021bii de temperatur\u0103, garant\u00e2nd o utilizare \u00eendelungat\u0103.<\/p>","protected":false},"excerpt":{"rendered":"<p><span style=\"font-weight: 400;\">\u0411\u0435\u0442\u043e\u043d\u043d\u044b\u0439 \u0441\u0442\u043e\u043b\u0431\u0438\u043a \u2013 \u043c\u043d\u043e\u0433\u043e\u0444\u0443\u043d\u043a\u0446\u0438\u043e\u043d\u0430\u043b\u044c\u043d\u043e\u0435 \u0438\u0437\u0434\u0435\u043b\u0438\u0435. \u0415\u0433\u043e \u043c\u043e\u0436\u043d\u043e \u0438\u0441\u043f\u043e\u043b\u044c\u0437\u043e\u0432\u0430\u0442\u044c \u043a\u0430\u043a \u0432 \u043a\u0430\u0447\u0435\u0441\u0442\u0432\u0435 \u043e\u0433\u0440\u0430\u043d\u0438\u0447\u0438\u0442\u0435\u043b\u044f \u0434\u043e\u0441\u0442\u0443\u043f\u0430 \u043a \u043f\u0430\u0440\u043a\u043e\u0432\u043a\u0430\u043c, \u0442\u0430\u043a \u0438 \u0432 \u043a\u0430\u0447\u0435\u0441\u0442\u0432\u0435 \u0441\u043a\u0430\u043c\u0435\u0439\u043a\u0438 \u0434\u043b\u044f \u0441\u0438\u0434\u0435\u043d\u0438\u044f. \u042d\u0442\u043e\u0442 \u0444\u0430\u043a\u0442 \u0434\u0435\u043b\u0430\u0435\u0442 \u0435\u0433\u043e \u0438\u0434\u0435\u0430\u043b\u044c\u043d\u044b\u043c \u0434\u043b\u044f \u043e\u0431\u0449\u0435\u0441\u0442\u0432\u0435\u043d\u043d\u044b\u0445 \u043f\u043e\u043c\u0435\u0449\u0435\u043d\u0438\u0439: \u043f\u0430\u0440\u043a\u043e\u0432, \u0441\u043a\u0432\u0435\u0440\u043e\u0432, \u0442\u0435\u0440\u0440\u0430\u0441 \u0438 \u0442. \u0434.<\/span><\/p>","protected":false},"featured_media":3824,"comment_status":"closed","ping_status":"closed","template":"","meta":{"bwfblock_default_font":"","inline_featured_image":false},"product_cat":[36,274],"product_tag":[523,497,520,521,524,522],"class_list":{"0":"post-3823","1":"product","2":"type-product","3":"status-publish","4":"has-post-thumbnail","6":"product_cat-urban-22","7":"product_cat-delimitatoare-de-acces","8":"product_tag-amenajari-exterioare","9":"product_tag-beton","10":"product_tag-bolard","11":"product_tag-delimitator-de-acces","12":"product_tag-parcare","13":"product_tag-spatii-publice","14":"pa_culori-antracite","15":"pa_culori-pietris-de-marmura","16":"pa_dimensiuni-450x450x500h-mm","18":"first","19":"instock","20":"shipping-taxable","21":"purchasable","22":"product-type-variable"},"acf":[],"yoast_head":"<!-- This site is optimized with the Yoast SEO Premium plugin v22.1 (Yoast SEO v22.1) - https:\/\/yoast.com\/wordpress\/plugins\/seo\/ -->\n<title>Bolard din beton - Mobilier urban<\/title>\n<meta name=\"description\" content=\"Bolard din beton multifunc\u021bional, utilizat ca delimitator acces sau banc\u0103. Ideal pentru parcuri, parc\u0103ri \u0219i spa\u021bii publice.\" \/>\n<meta name=\"robots\" content=\"index, follow, max-snippet:-1, max-image-preview:large, max-video-preview:-1\" \/>\n<link rel=\"canonical\" href=\"https:\/\/decorstone.md\/ru\/product\/\u0441\u0442\u043e\u043b\u0431\u0438\u043a\/\" \/>\n<meta property=\"og:locale\" content=\"ru_RU\" \/>\n<meta property=\"og:type\" content=\"article\" \/>\n<meta property=\"og:title\" content=\"Bolard din beton - Mobilier urban\" \/>\n<meta property=\"og:description\" content=\"Bolard din beton multifunc\u021bional, utilizat ca delimitator acces sau banc\u0103. Ideal pentru parcuri, parc\u0103ri \u0219i spa\u021bii publice.\" \/>\n<meta property=\"og:url\" content=\"https:\/\/decorstone.md\/ru\/product\/\u0441\u0442\u043e\u043b\u0431\u0438\u043a\/\" \/>\n<meta property=\"og:site_name\" content=\"Mobilier urban\" \/>\n<meta property=\"article:publisher\" content=\"https:\/\/www.facebook.com\/DecorStoneMD\/\" \/>\n<meta property=\"article:modified_time\" content=\"2026-01-19T09:58:49+00:00\" \/>\n<meta property=\"og:image\" content=\"https:\/\/decorstone.md\/wp-content\/uploads\/2024\/07\/1jpg-1.jpg\" \/>\n\t<meta property=\"og:image:width\" content=\"1920\" \/>\n\t<meta property=\"og:image:height\" content=\"1920\" \/>\n\t<meta property=\"og:image:type\" content=\"image\/jpeg\" \/>\n<meta name=\"twitter:card\" content=\"summary_large_image\" \/>\n<meta name=\"twitter:label1\" content=\"\u041f\u0440\u0438\u043c\u0435\u0440\u043d\u043e\u0435 \u0432\u0440\u0435\u043c\u044f \u0434\u043b\u044f \u0447\u0442\u0435\u043d\u0438\u044f\" \/>\n\t<meta name=\"twitter:data1\" content=\"1 \u043c\u0438\u043d\u0443\u0442\u0430\" \/>\n<script type=\"application\/ld+json\" class=\"yoast-schema-graph\">{\"@context\":\"https:\/\/schema.org\",\"@graph\":[{\"@type\":\"WebPage\",\"@id\":\"https:\/\/decorstone.md\/product\/bolard\/\",\"url\":\"https:\/\/decorstone.md\/product\/bolard\/\",\"name\":\"Bolard din beton - Mobilier urban\",\"isPartOf\":{\"@id\":\"https:\/\/decorstone.md\/#website\"},\"datePublished\":\"2024-07-16T08:55:30+00:00\",\"dateModified\":\"2026-01-19T09:58:49+00:00\",\"description\":\"Bolard din beton multifunc\u021bional, utilizat ca delimitator acces sau banc\u0103. Ideal pentru parcuri, parc\u0103ri \u0219i spa\u021bii publice.\",\"breadcrumb\":{\"@id\":\"https:\/\/decorstone.md\/product\/bolard\/#breadcrumb\"},\"inLanguage\":\"ru-RU\",\"potentialAction\":[{\"@type\":\"ReadAction\",\"target\":[\"https:\/\/decorstone.md\/product\/bolard\/\"]}]},{\"@type\":\"BreadcrumbList\",\"@id\":\"https:\/\/decorstone.md\/product\/bolard\/#breadcrumb\",\"itemListElement\":[{\"@type\":\"ListItem\",\"position\":1,\"name\":\"Produse\",\"item\":\"https:\/\/decorstone.md\/produse\/\"},{\"@type\":\"ListItem\",\"position\":2,\"name\":\"Bolard din beton\"}]},{\"@type\":\"WebSite\",\"@id\":\"https:\/\/decorstone.md\/#website\",\"url\":\"https:\/\/decorstone.md\/\",\"name\":\"DecorStone - Mobilier Urban \u0219i Pavaje\",\"description\":\"Decorstone\",\"publisher\":{\"@id\":\"https:\/\/decorstone.md\/#organization\"},\"potentialAction\":[{\"@type\":\"SearchAction\",\"target\":{\"@type\":\"EntryPoint\",\"urlTemplate\":\"https:\/\/decorstone.md\/?s={search_term_string}\"},\"query-input\":\"required name=search_term_string\"}],\"inLanguage\":\"ru-RU\"},{\"@type\":\"Organization\",\"@id\":\"https:\/\/decorstone.md\/#organization\",\"name\":\"DecorStone\",\"url\":\"https:\/\/decorstone.md\/\",\"logo\":{\"@type\":\"ImageObject\",\"inLanguage\":\"ru-RU\",\"@id\":\"https:\/\/decorstone.md\/#\/schema\/logo\/image\/\",\"url\":\"https:\/\/decorstone.md\/wp-content\/uploads\/2025\/01\/Design-fara-titlu.png\",\"contentUrl\":\"https:\/\/decorstone.md\/wp-content\/uploads\/2025\/01\/Design-fara-titlu.png\",\"width\":2295,\"height\":2295,\"caption\":\"DecorStone\"},\"image\":{\"@id\":\"https:\/\/decorstone.md\/#\/schema\/logo\/image\/\"},\"sameAs\":[\"https:\/\/www.facebook.com\/DecorStoneMD\/\",\"https:\/\/www.instagram.com\/decorstonemd\/\"]}]}<\/script>\n<!-- \/ Yoast SEO Premium plugin. -->","yoast_head_json":{"title":"Bolard din beton - Mobilier urban","description":"Bolard din beton multifunc\u021bional, utilizat ca delimitator acces sau banc\u0103. Ideal pentru parcuri, parc\u0103ri \u0219i spa\u021bii publice.","robots":{"index":"index","follow":"follow","max-snippet":"max-snippet:-1","max-image-preview":"max-image-preview:large","max-video-preview":"max-video-preview:-1"},"canonical":"https:\/\/decorstone.md\/ru\/product\/\u0441\u0442\u043e\u043b\u0431\u0438\u043a\/","og_locale":"ru_RU","og_type":"article","og_title":"Bolard din beton - Mobilier urban","og_description":"Bolard din beton multifunc\u021bional, utilizat ca delimitator acces sau banc\u0103. Ideal pentru parcuri, parc\u0103ri \u0219i spa\u021bii publice.","og_url":"https:\/\/decorstone.md\/ru\/product\/\u0441\u0442\u043e\u043b\u0431\u0438\u043a\/","og_site_name":"Mobilier urban","article_publisher":"https:\/\/www.facebook.com\/DecorStoneMD\/","article_modified_time":"2026-01-19T09:58:49+00:00","og_image":[{"width":1920,"height":1920,"url":"https:\/\/decorstone.md\/wp-content\/uploads\/2024\/07\/1jpg-1.jpg","type":"image\/jpeg"}],"twitter_card":"summary_large_image","twitter_misc":{"\u041f\u0440\u0438\u043c\u0435\u0440\u043d\u043e\u0435 \u0432\u0440\u0435\u043c\u044f \u0434\u043b\u044f \u0447\u0442\u0435\u043d\u0438\u044f":"1 \u043c\u0438\u043d\u0443\u0442\u0430"},"schema":{"@context":"https:\/\/schema.org","@graph":[{"@type":"WebPage","@id":"https:\/\/decorstone.md\/product\/bolard\/","url":"https:\/\/decorstone.md\/product\/bolard\/","name":"Bolard din beton - Mobilier urban","isPartOf":{"@id":"https:\/\/decorstone.md\/#website"},"datePublished":"2024-07-16T08:55:30+00:00","dateModified":"2026-01-19T09:58:49+00:00","description":"Bolard din beton multifunc\u021bional, utilizat ca delimitator acces sau banc\u0103. Ideal pentru parcuri, parc\u0103ri \u0219i spa\u021bii publice.","breadcrumb":{"@id":"https:\/\/decorstone.md\/product\/bolard\/#breadcrumb"},"inLanguage":"ru-RU","potentialAction":[{"@type":"ReadAction","target":["https:\/\/decorstone.md\/product\/bolard\/"]}]},{"@type":"BreadcrumbList","@id":"https:\/\/decorstone.md\/product\/bolard\/#breadcrumb","itemListElement":[{"@type":"ListItem","position":1,"name":"Produse","item":"https:\/\/decorstone.md\/produse\/"},{"@type":"ListItem","position":2,"name":"Bolard din beton"}]},{"@type":"WebSite","@id":"https:\/\/decorstone.md\/#website","url":"https:\/\/decorstone.md\/","name":"DecorStone - Mobilier Urban \u0219i Pavaje","description":"Decorstone","publisher":{"@id":"https:\/\/decorstone.md\/#organization"},"potentialAction":[{"@type":"SearchAction","target":{"@type":"EntryPoint","urlTemplate":"https:\/\/decorstone.md\/?s={search_term_string}"},"query-input":"required name=search_term_string"}],"inLanguage":"ru-RU"},{"@type":"Organization","@id":"https:\/\/decorstone.md\/#organization","name":"DecorStone","url":"https:\/\/decorstone.md\/","logo":{"@type":"ImageObject","inLanguage":"ru-RU","@id":"https:\/\/decorstone.md\/#\/schema\/logo\/image\/","url":"https:\/\/decorstone.md\/wp-content\/uploads\/2025\/01\/Design-fara-titlu.png","contentUrl":"https:\/\/decorstone.md\/wp-content\/uploads\/2025\/01\/Design-fara-titlu.png","width":2295,"height":2295,"caption":"DecorStone"},"image":{"@id":"https:\/\/decorstone.md\/#\/schema\/logo\/image\/"},"sameAs":["https:\/\/www.facebook.com\/DecorStoneMD\/","https:\/\/www.instagram.com\/decorstonemd\/"]}]}},"_links":{"self":[{"href":"https:\/\/decorstone.md\/ru\/wp-json\/wp\/v2\/product\/3823"}],"collection":[{"href":"https:\/\/decorstone.md\/ru\/wp-json\/wp\/v2\/product"}],"about":[{"href":"https:\/\/decorstone.md\/ru\/wp-json\/wp\/v2\/types\/product"}],"replies":[{"embeddable":true,"href":"https:\/\/decorstone.md\/ru\/wp-json\/wp\/v2\/comments?post=3823"}],"wp:featuredmedia":[{"embeddable":true,"href":"https:\/\/decorstone.md\/ru\/wp-json\/wp\/v2\/media\/3824"}],"wp:attachment":[{"href":"https:\/\/decorstone.md\/ru\/wp-json\/wp\/v2\/media?parent=3823"}],"wp:term":[{"taxonomy":"product_cat","embeddable":true,"href":"https:\/\/decorstone.md\/ru\/wp-json\/wp\/v2\/product_cat?post=3823"},{"taxonomy":"product_tag","embeddable":true,"href":"https:\/\/decorstone.md\/ru\/wp-json\/wp\/v2\/product_tag?post=3823"}],"curies":[{"name":"wp","href":"https:\/\/api.w.org\/{rel}","templated":true}]}}