{"id":4303,"date":"2024-07-18T10:18:54","date_gmt":"2024-07-18T07:18:54","guid":{"rendered":"https:\/\/decorstone.md\/?post_type=product&#038;p=4303"},"modified":"2026-01-16T11:53:42","modified_gmt":"2026-01-16T09:53:42","slug":"argila-expandata","status":"publish","type":"product","link":"https:\/\/decorstone.md\/ru\/product\/\u043a\u0435\u0440\u0430\u043c\u0437\u0438\u0442\/","title":{"rendered":"\u041a\u0435\u0440\u0430\u043c\u0437\u0438\u0442"},"content":{"rendered":"<h3 data-start=\"129\" data-end=\"162\">Argil\u0103 expandat\u0103 \u2013 DECORSTONE<\/h3>\n<p data-start=\"164\" data-end=\"506\">Argila expandat\u0103 \u00a0este o solu\u021bie practic\u0103 \u0219i versatil\u0103 pentru gr\u0103din\u0103rit, amenaj\u0103ri interioare \u0219i exterioare, precum \u0219i pentru construc\u021bii. U\u0219oar\u0103, rezistent\u0103 \u0219i ecologic\u0103, argila expandat\u0103 asigur\u0103 drenaj optim, stabilitate \u0219i izola\u021bie termic\u0103, fiind ideal\u0103 pentru ghivece, jardiniere, terase verzi \u0219i proiecte de construc\u021bii.<\/p>\n<p data-start=\"508\" data-end=\"534\"><strong data-start=\"508\" data-end=\"532\">Avantaje principale:<\/strong><\/p>\n<ul data-start=\"535\" data-end=\"726\">\n<li data-start=\"535\" data-end=\"565\">\n<p data-start=\"537\" data-end=\"565\">U\u0219oar\u0103 \u0219i u\u0219or de manevrat<\/p>\n<\/li>\n<li data-start=\"566\" data-end=\"592\">\n<p data-start=\"568\" data-end=\"592\">Rezistent\u0103 \u0219i durabil\u0103<\/p>\n<\/li>\n<li data-start=\"593\" data-end=\"618\">\n<p data-start=\"595\" data-end=\"618\">Ecologic\u0103, nepoluant\u0103<\/p>\n<\/li>\n<li data-start=\"619\" data-end=\"668\">\n<p data-start=\"621\" data-end=\"668\">Asigur\u0103 drenaj \u0219i aerare optim\u0103 pentru plante<\/p>\n<\/li>\n<li data-start=\"669\" data-end=\"726\">\n<p data-start=\"671\" data-end=\"726\">Potrivit\u0103 pentru gr\u0103din\u0103rit, amenaj\u0103ri \u0219i construc\u021bii<\/p>\n<\/li>\n<\/ul>\n<p data-start=\"728\" data-end=\"920\">Argila expandat\u0103,\u00a0ofer\u0103 un produs de calitate, garant\u00e2nd func\u021bionalitate, estetic\u0103 \u0219i durabilitate pentru orice proiect, fie c\u0103 este vorba de plante decorative sau construc\u021bii.<\/p>","protected":false},"excerpt":{"rendered":"<p><strong data-start=\"124\" data-end=\"155\">\u041a\u0435\u0440\u0430\u043c\u0437\u0438\u0442 <\/strong>\u2013 u\u0219oar\u0103, rezistent\u0103 \u0219i ecologic\u0103, ideal\u0103 pentru gr\u0103din\u0103rit, amenaj\u0103ri \u0219i construc\u021bii. Asigur\u0103 drenaj \u0219i stabilitate plantelor.<\/p>","protected":false},"featured_media":4304,"comment_status":"closed","ping_status":"closed","template":"","meta":{"bwfblock_default_font":"","inline_featured_image":false},"product_cat":[341,344],"product_tag":[505,506,507],"class_list":{"0":"post-4303","1":"product","2":"type-product","3":"status-publish","4":"has-post-thumbnail","6":"product_cat-altele","7":"product_cat-recomandari-pentru-ghivece","8":"product_tag-argila","9":"product_tag-plante","10":"product_tag-vazoane","11":"pa_dimensiuni-25-l","12":"pa_dimensiuni-50-l","14":"first","15":"instock","16":"shipping-taxable","17":"purchasable","18":"product-type-variable"},"acf":[],"yoast_head":"<!-- This site is optimized with the Yoast SEO Premium plugin v22.1 (Yoast SEO v22.1) - https:\/\/yoast.com\/wordpress\/plugins\/seo\/ -->\n<title>Argil\u0103 expandat\u0103 - Mobilier urban<\/title>\n<meta name=\"description\" content=\"Argil\u0103 expandat\u0103 \u2013 solu\u021bia practic\u0103 pentru gr\u0103din\u0103rit, amenaj\u0103ri \u0219i construc\u021bii. U\u0219oar\u0103, rezistent\u0103 \u0219i ecologic\u0103. Calitate garantat\u0103 Decorstone.\" \/>\n<meta name=\"robots\" content=\"index, follow, max-snippet:-1, max-image-preview:large, max-video-preview:-1\" \/>\n<link rel=\"canonical\" href=\"https:\/\/decorstone.md\/ru\/product\/\u043a\u0435\u0440\u0430\u043c\u0437\u0438\u0442\/\" \/>\n<meta property=\"og:locale\" content=\"ru_RU\" \/>\n<meta property=\"og:type\" content=\"article\" \/>\n<meta property=\"og:title\" content=\"Argil\u0103 expandat\u0103 - Mobilier urban\" \/>\n<meta property=\"og:description\" content=\"Argil\u0103 expandat\u0103 \u2013 solu\u021bia practic\u0103 pentru gr\u0103din\u0103rit, amenaj\u0103ri \u0219i construc\u021bii. U\u0219oar\u0103, rezistent\u0103 \u0219i ecologic\u0103. Calitate garantat\u0103 Decorstone.\" \/>\n<meta property=\"og:url\" content=\"https:\/\/decorstone.md\/ru\/product\/\u043a\u0435\u0440\u0430\u043c\u0437\u0438\u0442\/\" \/>\n<meta property=\"og:site_name\" content=\"Mobilier urban\" \/>\n<meta property=\"article:publisher\" content=\"https:\/\/www.facebook.com\/DecorStoneMD\/\" \/>\n<meta property=\"article:modified_time\" content=\"2026-01-16T09:53:42+00:00\" \/>\n<meta property=\"og:image\" content=\"https:\/\/decorstone.md\/wp-content\/uploads\/2024\/07\/image.jpeg\" \/>\n\t<meta property=\"og:image:width\" content=\"384\" \/>\n\t<meta property=\"og:image:height\" content=\"384\" \/>\n\t<meta property=\"og:image:type\" content=\"image\/jpeg\" \/>\n<meta name=\"twitter:card\" content=\"summary_large_image\" \/>\n<meta name=\"twitter:label1\" content=\"\u041f\u0440\u0438\u043c\u0435\u0440\u043d\u043e\u0435 \u0432\u0440\u0435\u043c\u044f \u0434\u043b\u044f \u0447\u0442\u0435\u043d\u0438\u044f\" \/>\n\t<meta name=\"twitter:data1\" content=\"1 \u043c\u0438\u043d\u0443\u0442\u0430\" \/>\n<script type=\"application\/ld+json\" class=\"yoast-schema-graph\">{\"@context\":\"https:\/\/schema.org\",\"@graph\":[{\"@type\":\"WebPage\",\"@id\":\"https:\/\/decorstone.md\/product\/argila-expandata\/\",\"url\":\"https:\/\/decorstone.md\/product\/argila-expandata\/\",\"name\":\"Argil\u0103 expandat\u0103 - Mobilier urban\",\"isPartOf\":{\"@id\":\"https:\/\/decorstone.md\/#website\"},\"datePublished\":\"2024-07-18T07:18:54+00:00\",\"dateModified\":\"2026-01-16T09:53:42+00:00\",\"description\":\"Argil\u0103 expandat\u0103 \u2013 solu\u021bia practic\u0103 pentru gr\u0103din\u0103rit, amenaj\u0103ri \u0219i construc\u021bii. U\u0219oar\u0103, rezistent\u0103 \u0219i ecologic\u0103. Calitate garantat\u0103 Decorstone.\",\"breadcrumb\":{\"@id\":\"https:\/\/decorstone.md\/product\/argila-expandata\/#breadcrumb\"},\"inLanguage\":\"ru-RU\",\"potentialAction\":[{\"@type\":\"ReadAction\",\"target\":[\"https:\/\/decorstone.md\/product\/argila-expandata\/\"]}]},{\"@type\":\"BreadcrumbList\",\"@id\":\"https:\/\/decorstone.md\/product\/argila-expandata\/#breadcrumb\",\"itemListElement\":[{\"@type\":\"ListItem\",\"position\":1,\"name\":\"Produse\",\"item\":\"https:\/\/decorstone.md\/produse\/\"},{\"@type\":\"ListItem\",\"position\":2,\"name\":\"Argil\u0103 expandat\u0103\"}]},{\"@type\":\"WebSite\",\"@id\":\"https:\/\/decorstone.md\/#website\",\"url\":\"https:\/\/decorstone.md\/\",\"name\":\"DecorStone - Mobilier Urban \u0219i Pavaje\",\"description\":\"Decorstone\",\"publisher\":{\"@id\":\"https:\/\/decorstone.md\/#organization\"},\"potentialAction\":[{\"@type\":\"SearchAction\",\"target\":{\"@type\":\"EntryPoint\",\"urlTemplate\":\"https:\/\/decorstone.md\/?s={search_term_string}\"},\"query-input\":\"required name=search_term_string\"}],\"inLanguage\":\"ru-RU\"},{\"@type\":\"Organization\",\"@id\":\"https:\/\/decorstone.md\/#organization\",\"name\":\"DecorStone\",\"url\":\"https:\/\/decorstone.md\/\",\"logo\":{\"@type\":\"ImageObject\",\"inLanguage\":\"ru-RU\",\"@id\":\"https:\/\/decorstone.md\/#\/schema\/logo\/image\/\",\"url\":\"https:\/\/decorstone.md\/wp-content\/uploads\/2025\/01\/Design-fara-titlu.png\",\"contentUrl\":\"https:\/\/decorstone.md\/wp-content\/uploads\/2025\/01\/Design-fara-titlu.png\",\"width\":2295,\"height\":2295,\"caption\":\"DecorStone\"},\"image\":{\"@id\":\"https:\/\/decorstone.md\/#\/schema\/logo\/image\/\"},\"sameAs\":[\"https:\/\/www.facebook.com\/DecorStoneMD\/\",\"https:\/\/www.instagram.com\/decorstonemd\/\"]}]}<\/script>\n<!-- \/ Yoast SEO Premium plugin. -->","yoast_head_json":{"title":"Argil\u0103 expandat\u0103 - Mobilier urban","description":"Argil\u0103 expandat\u0103 \u2013 solu\u021bia practic\u0103 pentru gr\u0103din\u0103rit, amenaj\u0103ri \u0219i construc\u021bii. U\u0219oar\u0103, rezistent\u0103 \u0219i ecologic\u0103. Calitate garantat\u0103 Decorstone.","robots":{"index":"index","follow":"follow","max-snippet":"max-snippet:-1","max-image-preview":"max-image-preview:large","max-video-preview":"max-video-preview:-1"},"canonical":"https:\/\/decorstone.md\/ru\/product\/\u043a\u0435\u0440\u0430\u043c\u0437\u0438\u0442\/","og_locale":"ru_RU","og_type":"article","og_title":"Argil\u0103 expandat\u0103 - Mobilier urban","og_description":"Argil\u0103 expandat\u0103 \u2013 solu\u021bia practic\u0103 pentru gr\u0103din\u0103rit, amenaj\u0103ri \u0219i construc\u021bii. U\u0219oar\u0103, rezistent\u0103 \u0219i ecologic\u0103. Calitate garantat\u0103 Decorstone.","og_url":"https:\/\/decorstone.md\/ru\/product\/\u043a\u0435\u0440\u0430\u043c\u0437\u0438\u0442\/","og_site_name":"Mobilier urban","article_publisher":"https:\/\/www.facebook.com\/DecorStoneMD\/","article_modified_time":"2026-01-16T09:53:42+00:00","og_image":[{"width":384,"height":384,"url":"https:\/\/decorstone.md\/wp-content\/uploads\/2024\/07\/image.jpeg","type":"image\/jpeg"}],"twitter_card":"summary_large_image","twitter_misc":{"\u041f\u0440\u0438\u043c\u0435\u0440\u043d\u043e\u0435 \u0432\u0440\u0435\u043c\u044f \u0434\u043b\u044f \u0447\u0442\u0435\u043d\u0438\u044f":"1 \u043c\u0438\u043d\u0443\u0442\u0430"},"schema":{"@context":"https:\/\/schema.org","@graph":[{"@type":"WebPage","@id":"https:\/\/decorstone.md\/product\/argila-expandata\/","url":"https:\/\/decorstone.md\/product\/argila-expandata\/","name":"Argil\u0103 expandat\u0103 - Mobilier urban","isPartOf":{"@id":"https:\/\/decorstone.md\/#website"},"datePublished":"2024-07-18T07:18:54+00:00","dateModified":"2026-01-16T09:53:42+00:00","description":"Argil\u0103 expandat\u0103 \u2013 solu\u021bia practic\u0103 pentru gr\u0103din\u0103rit, amenaj\u0103ri \u0219i construc\u021bii. U\u0219oar\u0103, rezistent\u0103 \u0219i ecologic\u0103. Calitate garantat\u0103 Decorstone.","breadcrumb":{"@id":"https:\/\/decorstone.md\/product\/argila-expandata\/#breadcrumb"},"inLanguage":"ru-RU","potentialAction":[{"@type":"ReadAction","target":["https:\/\/decorstone.md\/product\/argila-expandata\/"]}]},{"@type":"BreadcrumbList","@id":"https:\/\/decorstone.md\/product\/argila-expandata\/#breadcrumb","itemListElement":[{"@type":"ListItem","position":1,"name":"Produse","item":"https:\/\/decorstone.md\/produse\/"},{"@type":"ListItem","position":2,"name":"Argil\u0103 expandat\u0103"}]},{"@type":"WebSite","@id":"https:\/\/decorstone.md\/#website","url":"https:\/\/decorstone.md\/","name":"DecorStone - Mobilier Urban \u0219i Pavaje","description":"Decorstone","publisher":{"@id":"https:\/\/decorstone.md\/#organization"},"potentialAction":[{"@type":"SearchAction","target":{"@type":"EntryPoint","urlTemplate":"https:\/\/decorstone.md\/?s={search_term_string}"},"query-input":"required name=search_term_string"}],"inLanguage":"ru-RU"},{"@type":"Organization","@id":"https:\/\/decorstone.md\/#organization","name":"DecorStone","url":"https:\/\/decorstone.md\/","logo":{"@type":"ImageObject","inLanguage":"ru-RU","@id":"https:\/\/decorstone.md\/#\/schema\/logo\/image\/","url":"https:\/\/decorstone.md\/wp-content\/uploads\/2025\/01\/Design-fara-titlu.png","contentUrl":"https:\/\/decorstone.md\/wp-content\/uploads\/2025\/01\/Design-fara-titlu.png","width":2295,"height":2295,"caption":"DecorStone"},"image":{"@id":"https:\/\/decorstone.md\/#\/schema\/logo\/image\/"},"sameAs":["https:\/\/www.facebook.com\/DecorStoneMD\/","https:\/\/www.instagram.com\/decorstonemd\/"]}]}},"_links":{"self":[{"href":"https:\/\/decorstone.md\/ru\/wp-json\/wp\/v2\/product\/4303"}],"collection":[{"href":"https:\/\/decorstone.md\/ru\/wp-json\/wp\/v2\/product"}],"about":[{"href":"https:\/\/decorstone.md\/ru\/wp-json\/wp\/v2\/types\/product"}],"replies":[{"embeddable":true,"href":"https:\/\/decorstone.md\/ru\/wp-json\/wp\/v2\/comments?post=4303"}],"wp:featuredmedia":[{"embeddable":true,"href":"https:\/\/decorstone.md\/ru\/wp-json\/wp\/v2\/media\/4304"}],"wp:attachment":[{"href":"https:\/\/decorstone.md\/ru\/wp-json\/wp\/v2\/media?parent=4303"}],"wp:term":[{"taxonomy":"product_cat","embeddable":true,"href":"https:\/\/decorstone.md\/ru\/wp-json\/wp\/v2\/product_cat?post=4303"},{"taxonomy":"product_tag","embeddable":true,"href":"https:\/\/decorstone.md\/ru\/wp-json\/wp\/v2\/product_tag?post=4303"}],"curies":[{"name":"wp","href":"https:\/\/api.w.org\/{rel}","templated":true}]}}