{"id":4351,"date":"2024-07-18T17:06:17","date_gmt":"2024-07-18T14:06:17","guid":{"rendered":"https:\/\/decorstone.md\/?post_type=product&#038;p=4351"},"modified":"2026-01-15T14:34:34","modified_gmt":"2026-01-15T12:34:34","slug":"urban-24-exclusiv","status":"publish","type":"product","link":"https:\/\/decorstone.md\/ru\/product\/\u0438\u0441\u043a\u043b\u044e\u0447\u0438\u0442\u0435\u043b\u044c\u043d\u043e-\u0433\u043e\u0440\u043e\u0434\u0441\u043a\u043e\u0439-24\/","title":{"rendered":"URBAN 24 Exclusiv"},"content":{"rendered":"<p><span style=\"font-weight: 400;\">URBAN 24 este cel mai nou model elaborat, ca urmare a studiului tendin\u021belor europene. Este disponibil\u0103 at\u00e2t din pietri\u0219 de marmur\u0103, pentru proiecte exclusiviste.<\/span><\/p>","protected":false},"excerpt":{"rendered":"<p><span style=\"font-weight: 400;\">URBAN 24 este cel mai nou model elaborat, ca urmare a studiului tendin\u021belor europene. Este disponibil\u0103 at\u00e2t din pietri\u0219 de marmur\u0103, pentru proiecte exclusiviste.<\/span><\/p>\n<p><strong>\u041f\u043e\u0447\u0435\u043c\u0443 \u0443\u0440\u043d\u044b DECORSTONE \u2014 \u0438\u0434\u0435\u0430\u043b\u044c\u043d\u044b\u0439 \u0432\u0430\u0440\u0438\u0430\u043d\u0442 \u0434\u043b\u044f \u043e\u0431\u0449\u0435\u0441\u0442\u0432\u0435\u043d\u043d\u044b\u0445 \u043c\u0435\u0441\u0442?<\/strong><\/p>\n<ul>\n<li style=\"font-weight: 400;\" aria-level=\"1\"><span style=\"font-weight: 400;\">\u041b\u0443\u0447\u0448\u0435\u0435 \u0441\u043e\u043e\u0442\u043d\u043e\u0448\u0435\u043d\u0438\u0435 \u0446\u0435\u043d\u044b \u0438 \u043a\u0430\u0447\u0435\u0441\u0442\u0432\u0430;<\/span><\/li>\n<li style=\"font-weight: 400;\" aria-level=\"1\"><span style=\"font-weight: 400;\">\u0423\u0441\u0442\u043e\u0439\u0447\u0438\u0432\u043e\u0441\u0442\u044c \u043a \u0432\u043d\u0435\u0448\u043d\u0438\u043c \u0444\u0430\u043a\u0442\u043e\u0440\u0430\u043c;<\/span><\/li>\n<li style=\"font-weight: 400;\" aria-level=\"1\"><span style=\"font-weight: 400;\">\u041f\u0440\u0435\u0434\u043d\u0430\u0437\u043d\u0430\u0447\u0435\u043d \u0434\u043b\u044f \u043f\u0440\u043e\u0442\u0438\u0432\u043e\u0434\u0435\u0439\u0441\u0442\u0432\u0438\u044f \u0445\u0443\u043b\u0438\u0433\u0430\u043d\u0441\u0442\u0432\u0443;<\/span><\/li>\n<li style=\"font-weight: 400;\" aria-level=\"1\"><span style=\"font-weight: 400;\">\u041f\u0440\u043e\u0441\u0442\u043e\u0442\u0430 \u043e\u0431\u0441\u043b\u0443\u0436\u0438\u0432\u0430\u043d\u0438\u044f;<\/span><\/li>\n<li style=\"font-weight: 400;\" aria-level=\"1\"><span style=\"font-weight: 400;\">\u041c\u0430\u0442\u0435\u0440\u0438\u0430\u043b\u044b \u0432\u044b\u0441\u043e\u0447\u0430\u0439\u0448\u0435\u0433\u043e \u043a\u0430\u0447\u0435\u0441\u0442\u0432\u0430;<\/span><\/li>\n<li style=\"font-weight: 400;\" aria-level=\"1\"><span style=\"font-weight: 400;\">\u0423\u043d\u0438\u043a\u0430\u043b\u044c\u043d\u044b\u0439 \u043f\u0440\u043e\u0434\u0443\u043a\u0442 \u043d\u0430 \u0440\u044b\u043d\u043a\u0435;<\/span><\/li>\n<li style=\"font-weight: 400;\" aria-level=\"1\"><span style=\"font-weight: 400;\">\u0424\u0443\u043d\u043a\u0446\u0438\u043e\u043d\u0430\u043b\u044c\u043d\u044b\u0439 \u0434\u0438\u0437\u0430\u0439\u043d.<\/span><\/li>\n<\/ul>","protected":false},"featured_media":5297,"comment_status":"closed","ping_status":"closed","template":"","meta":{"bwfblock_default_font":"","inline_featured_image":false},"product_cat":[36,38],"product_tag":[503,501,502,500,499],"class_list":{"0":"post-4351","1":"product","2":"type-product","3":"status-publish","4":"has-post-thumbnail","6":"product_cat-urban-22","7":"product_cat-urne","8":"product_tag-design-functionabil","9":"product_tag-produs-unic-pe-piata","10":"product_tag-rezistenta-la-factorii-externi","11":"product_tag-urban","12":"product_tag-urna","13":"pa_culori-white-grey","14":"pa_dimensiuni-400x400x850h-mm-50l","16":"first","17":"instock","18":"shipping-taxable","19":"purchasable","20":"product-type-variable","21":"has-default-attributes"},"acf":[],"yoast_head":"<!-- This site is optimized with the Yoast SEO Premium plugin v22.1 (Yoast SEO v22.1) - https:\/\/yoast.com\/wordpress\/plugins\/seo\/ -->\n<title>URBAN 24 Exclusiv - Mobilier urban<\/title>\n<meta name=\"description\" content=\"URBAN 24 \u2013 urn\u0103 urban\u0103 , inspirat\u0103 din tendin\u021bele europene, realizat\u0103 din pietri\u0219 de marmur\u0103 sau fibrociment. Rezistent\u0103, antivandal \u0219i u\u0219or de \u00eentre\u021binut.\" \/>\n<meta name=\"robots\" content=\"index, follow, max-snippet:-1, max-image-preview:large, max-video-preview:-1\" \/>\n<link rel=\"canonical\" href=\"https:\/\/decorstone.md\/ru\/product\/\u0438\u0441\u043a\u043b\u044e\u0447\u0438\u0442\u0435\u043b\u044c\u043d\u043e-\u0433\u043e\u0440\u043e\u0434\u0441\u043a\u043e\u0439-24\/\" \/>\n<meta property=\"og:locale\" content=\"ru_RU\" \/>\n<meta property=\"og:type\" content=\"article\" \/>\n<meta property=\"og:title\" content=\"URBAN 24 Exclusiv - Mobilier urban\" \/>\n<meta property=\"og:description\" content=\"URBAN 24 \u2013 urn\u0103 urban\u0103 , inspirat\u0103 din tendin\u021bele europene, realizat\u0103 din pietri\u0219 de marmur\u0103 sau fibrociment. Rezistent\u0103, antivandal \u0219i u\u0219or de \u00eentre\u021binut.\" \/>\n<meta property=\"og:url\" content=\"https:\/\/decorstone.md\/ru\/product\/\u0438\u0441\u043a\u043b\u044e\u0447\u0438\u0442\u0435\u043b\u044c\u043d\u043e-\u0433\u043e\u0440\u043e\u0434\u0441\u043a\u043e\u0439-24\/\" \/>\n<meta property=\"og:site_name\" content=\"Mobilier urban\" \/>\n<meta property=\"article:publisher\" content=\"https:\/\/www.facebook.com\/DecorStoneMD\/\" \/>\n<meta property=\"article:modified_time\" content=\"2026-01-15T12:34:34+00:00\" \/>\n<meta property=\"og:image\" content=\"https:\/\/decorstone.md\/wp-content\/uploads\/2024\/07\/3._UBRAN_24_001_0000.jpg\" \/>\n\t<meta property=\"og:image:width\" content=\"1800\" \/>\n\t<meta property=\"og:image:height\" content=\"1440\" \/>\n\t<meta property=\"og:image:type\" content=\"image\/jpeg\" \/>\n<meta name=\"twitter:card\" content=\"summary_large_image\" \/>\n<meta name=\"twitter:label1\" content=\"\u041f\u0440\u0438\u043c\u0435\u0440\u043d\u043e\u0435 \u0432\u0440\u0435\u043c\u044f \u0434\u043b\u044f \u0447\u0442\u0435\u043d\u0438\u044f\" \/>\n\t<meta name=\"twitter:data1\" content=\"1 \u043c\u0438\u043d\u0443\u0442\u0430\" \/>\n<script type=\"application\/ld+json\" class=\"yoast-schema-graph\">{\"@context\":\"https:\/\/schema.org\",\"@graph\":[{\"@type\":\"WebPage\",\"@id\":\"https:\/\/decorstone.md\/product\/urban-24-exclusiv\/\",\"url\":\"https:\/\/decorstone.md\/product\/urban-24-exclusiv\/\",\"name\":\"URBAN 24 Exclusiv - Mobilier urban\",\"isPartOf\":{\"@id\":\"https:\/\/decorstone.md\/#website\"},\"datePublished\":\"2024-07-18T14:06:17+00:00\",\"dateModified\":\"2026-01-15T12:34:34+00:00\",\"description\":\"URBAN 24 \u2013 urn\u0103 urban\u0103 , inspirat\u0103 din tendin\u021bele europene, realizat\u0103 din pietri\u0219 de marmur\u0103 sau fibrociment. Rezistent\u0103, antivandal \u0219i u\u0219or de \u00eentre\u021binut.\",\"breadcrumb\":{\"@id\":\"https:\/\/decorstone.md\/product\/urban-24-exclusiv\/#breadcrumb\"},\"inLanguage\":\"ru-RU\",\"potentialAction\":[{\"@type\":\"ReadAction\",\"target\":[\"https:\/\/decorstone.md\/product\/urban-24-exclusiv\/\"]}]},{\"@type\":\"BreadcrumbList\",\"@id\":\"https:\/\/decorstone.md\/product\/urban-24-exclusiv\/#breadcrumb\",\"itemListElement\":[{\"@type\":\"ListItem\",\"position\":1,\"name\":\"Produse\",\"item\":\"https:\/\/decorstone.md\/produse\/\"},{\"@type\":\"ListItem\",\"position\":2,\"name\":\"URBAN 24 Exclusiv\"}]},{\"@type\":\"WebSite\",\"@id\":\"https:\/\/decorstone.md\/#website\",\"url\":\"https:\/\/decorstone.md\/\",\"name\":\"DecorStone - Mobilier Urban \u0219i Pavaje\",\"description\":\"Decorstone\",\"publisher\":{\"@id\":\"https:\/\/decorstone.md\/#organization\"},\"potentialAction\":[{\"@type\":\"SearchAction\",\"target\":{\"@type\":\"EntryPoint\",\"urlTemplate\":\"https:\/\/decorstone.md\/?s={search_term_string}\"},\"query-input\":\"required name=search_term_string\"}],\"inLanguage\":\"ru-RU\"},{\"@type\":\"Organization\",\"@id\":\"https:\/\/decorstone.md\/#organization\",\"name\":\"DecorStone\",\"url\":\"https:\/\/decorstone.md\/\",\"logo\":{\"@type\":\"ImageObject\",\"inLanguage\":\"ru-RU\",\"@id\":\"https:\/\/decorstone.md\/#\/schema\/logo\/image\/\",\"url\":\"https:\/\/decorstone.md\/wp-content\/uploads\/2025\/01\/Design-fara-titlu.png\",\"contentUrl\":\"https:\/\/decorstone.md\/wp-content\/uploads\/2025\/01\/Design-fara-titlu.png\",\"width\":2295,\"height\":2295,\"caption\":\"DecorStone\"},\"image\":{\"@id\":\"https:\/\/decorstone.md\/#\/schema\/logo\/image\/\"},\"sameAs\":[\"https:\/\/www.facebook.com\/DecorStoneMD\/\",\"https:\/\/www.instagram.com\/decorstonemd\/\"]}]}<\/script>\n<!-- \/ Yoast SEO Premium plugin. -->","yoast_head_json":{"title":"URBAN 24 Exclusiv - Mobilier urban","description":"URBAN 24 \u2013 urn\u0103 urban\u0103 , inspirat\u0103 din tendin\u021bele europene, realizat\u0103 din pietri\u0219 de marmur\u0103 sau fibrociment. Rezistent\u0103, antivandal \u0219i u\u0219or de \u00eentre\u021binut.","robots":{"index":"index","follow":"follow","max-snippet":"max-snippet:-1","max-image-preview":"max-image-preview:large","max-video-preview":"max-video-preview:-1"},"canonical":"https:\/\/decorstone.md\/ru\/product\/\u0438\u0441\u043a\u043b\u044e\u0447\u0438\u0442\u0435\u043b\u044c\u043d\u043e-\u0433\u043e\u0440\u043e\u0434\u0441\u043a\u043e\u0439-24\/","og_locale":"ru_RU","og_type":"article","og_title":"URBAN 24 Exclusiv - Mobilier urban","og_description":"URBAN 24 \u2013 urn\u0103 urban\u0103 , inspirat\u0103 din tendin\u021bele europene, realizat\u0103 din pietri\u0219 de marmur\u0103 sau fibrociment. Rezistent\u0103, antivandal \u0219i u\u0219or de \u00eentre\u021binut.","og_url":"https:\/\/decorstone.md\/ru\/product\/\u0438\u0441\u043a\u043b\u044e\u0447\u0438\u0442\u0435\u043b\u044c\u043d\u043e-\u0433\u043e\u0440\u043e\u0434\u0441\u043a\u043e\u0439-24\/","og_site_name":"Mobilier urban","article_publisher":"https:\/\/www.facebook.com\/DecorStoneMD\/","article_modified_time":"2026-01-15T12:34:34+00:00","og_image":[{"width":1800,"height":1440,"url":"https:\/\/decorstone.md\/wp-content\/uploads\/2024\/07\/3._UBRAN_24_001_0000.jpg","type":"image\/jpeg"}],"twitter_card":"summary_large_image","twitter_misc":{"\u041f\u0440\u0438\u043c\u0435\u0440\u043d\u043e\u0435 \u0432\u0440\u0435\u043c\u044f \u0434\u043b\u044f \u0447\u0442\u0435\u043d\u0438\u044f":"1 \u043c\u0438\u043d\u0443\u0442\u0430"},"schema":{"@context":"https:\/\/schema.org","@graph":[{"@type":"WebPage","@id":"https:\/\/decorstone.md\/product\/urban-24-exclusiv\/","url":"https:\/\/decorstone.md\/product\/urban-24-exclusiv\/","name":"URBAN 24 Exclusiv - Mobilier urban","isPartOf":{"@id":"https:\/\/decorstone.md\/#website"},"datePublished":"2024-07-18T14:06:17+00:00","dateModified":"2026-01-15T12:34:34+00:00","description":"URBAN 24 \u2013 urn\u0103 urban\u0103 , inspirat\u0103 din tendin\u021bele europene, realizat\u0103 din pietri\u0219 de marmur\u0103 sau fibrociment. Rezistent\u0103, antivandal \u0219i u\u0219or de \u00eentre\u021binut.","breadcrumb":{"@id":"https:\/\/decorstone.md\/product\/urban-24-exclusiv\/#breadcrumb"},"inLanguage":"ru-RU","potentialAction":[{"@type":"ReadAction","target":["https:\/\/decorstone.md\/product\/urban-24-exclusiv\/"]}]},{"@type":"BreadcrumbList","@id":"https:\/\/decorstone.md\/product\/urban-24-exclusiv\/#breadcrumb","itemListElement":[{"@type":"ListItem","position":1,"name":"Produse","item":"https:\/\/decorstone.md\/produse\/"},{"@type":"ListItem","position":2,"name":"URBAN 24 Exclusiv"}]},{"@type":"WebSite","@id":"https:\/\/decorstone.md\/#website","url":"https:\/\/decorstone.md\/","name":"DecorStone - Mobilier Urban \u0219i Pavaje","description":"Decorstone","publisher":{"@id":"https:\/\/decorstone.md\/#organization"},"potentialAction":[{"@type":"SearchAction","target":{"@type":"EntryPoint","urlTemplate":"https:\/\/decorstone.md\/?s={search_term_string}"},"query-input":"required name=search_term_string"}],"inLanguage":"ru-RU"},{"@type":"Organization","@id":"https:\/\/decorstone.md\/#organization","name":"DecorStone","url":"https:\/\/decorstone.md\/","logo":{"@type":"ImageObject","inLanguage":"ru-RU","@id":"https:\/\/decorstone.md\/#\/schema\/logo\/image\/","url":"https:\/\/decorstone.md\/wp-content\/uploads\/2025\/01\/Design-fara-titlu.png","contentUrl":"https:\/\/decorstone.md\/wp-content\/uploads\/2025\/01\/Design-fara-titlu.png","width":2295,"height":2295,"caption":"DecorStone"},"image":{"@id":"https:\/\/decorstone.md\/#\/schema\/logo\/image\/"},"sameAs":["https:\/\/www.facebook.com\/DecorStoneMD\/","https:\/\/www.instagram.com\/decorstonemd\/"]}]}},"_links":{"self":[{"href":"https:\/\/decorstone.md\/ru\/wp-json\/wp\/v2\/product\/4351"}],"collection":[{"href":"https:\/\/decorstone.md\/ru\/wp-json\/wp\/v2\/product"}],"about":[{"href":"https:\/\/decorstone.md\/ru\/wp-json\/wp\/v2\/types\/product"}],"replies":[{"embeddable":true,"href":"https:\/\/decorstone.md\/ru\/wp-json\/wp\/v2\/comments?post=4351"}],"wp:featuredmedia":[{"embeddable":true,"href":"https:\/\/decorstone.md\/ru\/wp-json\/wp\/v2\/media\/5297"}],"wp:attachment":[{"href":"https:\/\/decorstone.md\/ru\/wp-json\/wp\/v2\/media?parent=4351"}],"wp:term":[{"taxonomy":"product_cat","embeddable":true,"href":"https:\/\/decorstone.md\/ru\/wp-json\/wp\/v2\/product_cat?post=4351"},{"taxonomy":"product_tag","embeddable":true,"href":"https:\/\/decorstone.md\/ru\/wp-json\/wp\/v2\/product_tag?post=4351"}],"curies":[{"name":"wp","href":"https:\/\/api.w.org\/{rel}","templated":true}]}}